{"id":408,"date":"2014-11-12T10:54:14","date_gmt":"2014-11-12T09:54:14","guid":{"rendered":"http:\/\/lausitzer-museenland.de\/?page_id=408"},"modified":"2014-12-17T17:40:08","modified_gmt":"2014-12-17T16:40:08","slug":"historische-puppen-und-spielzeuge","status":"publish","type":"page","link":"https:\/\/www.lausitzer-museenland.de\/cs\/sluzba\/kobi\/historicke-panenky-a-hracky\/","title":{"rendered":"Historick\u00e9 panenky a hra\u010dky v Muzeu hra\u010dek Kackrow"},"content":{"rendered":"<p>Na v\u00fdstav\u011b jsou k vid\u011bn\u00ed ko\u010d\u00e1rky a dome\u010dky pro panenky, kuchy\u0148ky, obch\u016fdky, panenky a hra\u010dky - v podstat\u011b z obdob\u00ed p\u0159ibli\u017en\u011b od roku 1880 do roku 1960. P\u0159edstaveny jsou panenky Schildkr\u00f6t, panenky K\u00e4the Kruse, porcel\u00e1nov\u00e9 hlavi\u010dky a masov\u00e9 panenky, medv\u00eddci a tak\u00e9 figur\u00edny. N\u00e1v\u0161t\u011bvn\u00edci by si v\u0161ak m\u011bli vz\u00edt s sebou \u010das a klid, proto\u017ee mnoho v\u011bc\u00ed ve vitr\u00edn\u00e1ch lze vid\u011bt a\u017e p\u0159i druh\u00e9 prohl\u00eddce.<\/p>\n<p>Nab\u00eddka prob\u00edh\u00e1 v interi\u00e9ru a je ur\u010dena p\u0159ed\u0161koln\u00edm d\u011btem a prv\u0148\u00e1\u010dk\u016fm.<br \/>\nTerm\u00edny: dle dohody<br \/>\nP\u0159edb\u011b\u017en\u00e1 registrace: nejpozd\u011bji 2 t\u00fddny p\u0159edem<br \/>\nVelikost skupiny: 10 osob<br \/>\nVstupn\u00e9 na osobu: 1,00 \u20ac<\/p>\n<p><a title=\"Muzeum hra\u010dek Kackrow \/ Muzej grajkow Kokrjow\" href=\"\/museen\/spielzeugmuseum-kackrow\/\">Muzeum hra\u010dek Kackrow<\/a><\/p>","protected":false},"excerpt":{"rendered":"<p>Na v\u00fdstav\u011b jsou k vid\u011bn\u00ed ko\u010d\u00e1rky a dome\u010dky pro panenky, kuchy\u0148ky, obch\u016fdky, panenky a hra\u010dky - v podstat\u011b z obdob\u00ed p\u0159ibli\u017en\u011b od roku 1880 do roku 1960. P\u0159edstaveny jsou panenky Schildkr\u00f6t, panenky K\u00e4the Kruse, porcel\u00e1nov\u00e9 hlavi\u010dky a masov\u00e9 panenky, medv\u00eddci a tak\u00e9 figur\u00edny. N\u00e1v\u0161t\u011bvn\u00edci by si v\u0161ak s sebou m\u011bli vz\u00edt \u010das a klid, proto\u017ee mnoho v\u011bc\u00ed ve vitr\u00edn\u00e1ch je mo\u017en\u00e9 vid\u011bt pouze tehdy, kdy\u017e jsou v klidu.<\/p>","protected":false},"author":13,"featured_media":0,"parent":380,"menu_order":0,"comment_status":"closed","ping_status":"closed","template":"","meta":[],"_links":{"self":[{"href":"https:\/\/www.lausitzer-museenland.de\/cs\/wp-json\/wp\/v2\/pages\/408"}],"collection":[{"href":"https:\/\/www.lausitzer-museenland.de\/cs\/wp-json\/wp\/v2\/pages"}],"about":[{"href":"https:\/\/www.lausitzer-museenland.de\/cs\/wp-json\/wp\/v2\/types\/page"}],"author":[{"embeddable":true,"href":"https:\/\/www.lausitzer-museenland.de\/cs\/wp-json\/wp\/v2\/users\/13"}],"replies":[{"embeddable":true,"href":"https:\/\/www.lausitzer-museenland.de\/cs\/wp-json\/wp\/v2\/comments?post=408"}],"version-history":[{"count":5,"href":"https:\/\/www.lausitzer-museenland.de\/cs\/wp-json\/wp\/v2\/pages\/408\/revisions"}],"predecessor-version":[{"id":3643,"href":"https:\/\/www.lausitzer-museenland.de\/cs\/wp-json\/wp\/v2\/pages\/408\/revisions\/3643"}],"up":[{"embeddable":true,"href":"https:\/\/www.lausitzer-museenland.de\/cs\/wp-json\/wp\/v2\/pages\/380"}],"wp:attachment":[{"href":"https:\/\/www.lausitzer-museenland.de\/cs\/wp-json\/wp\/v2\/media?parent=408"}],"curies":[{"name":"wp","href":"https:\/\/api.w.org\/{rel}","templated":true}]}}