{"id":4087,"date":"2015-05-20T15:20:37","date_gmt":"2015-05-20T14:20:37","guid":{"rendered":"http:\/\/lausitzer-museenland.de\/?page_id=4087"},"modified":"2024-09-19T12:24:20","modified_gmt":"2024-09-19T10:24:20","slug":"slawenburg-raddusch","status":"publish","type":"page","link":"https:\/\/www.lausitzer-museenland.de\/cs\/muzea\/slawenburg-raddusch\/","title":{"rendered":"Slawenburg Raddusch \/ S\u0142owja\u0144ske gro\u017ai\u0161\u0107o Radu\u0161"},"content":{"rendered":"<p><a href=\"#galerie_raddusch\">Galerie<\/a> | <a href=\"#ausstellung_raddusch\">V\u00fdstavy<\/a> | <a href=\"#kinderangebot_raddusch\">Nab\u00eddky pro d\u011bti<\/a><br \/>\n<a href=\"https:\/\/www.lausitzer-museenland.de\/wp-content\/uploads\/2020\/10\/SlawenburgRaddusch_skaliert.png\"><img loading=\"lazy\" class=\"aligncenter size-full wp-image-53131\" src=\"https:\/\/www.lausitzer-museenland.de\/wp-content\/uploads\/2020\/10\/SlawenburgRaddusch_skaliert.png\" alt=\"\" width=\"750\" height=\"373\" srcset=\"https:\/\/www.lausitzer-museenland.de\/wp-content\/uploads\/2020\/10\/SlawenburgRaddusch_skaliert.png 750w, https:\/\/www.lausitzer-museenland.de\/wp-content\/uploads\/2020\/10\/SlawenburgRaddusch_skaliert-300x149.png 300w\" sizes=\"(max-width: 750px) 100vw, 750px\" \/><span style=\"font-size: 8pt; color: #008000;\">SlawenburgRaddusch\u00a9Oe_Grafik_sk<\/span><\/a><\/p>\n\n<p><strong>130 000 let historie Doln\u00ed Lu\u017eice<br \/>\n<\/strong><\/p>\n<h3>Situace budovy \/ pozemku<\/h3>\n<p>Archeologick\u00e9 n\u00e1lezy dokazuj\u00ed, \u017ee slovansk\u00e9 os\u00eddlen\u00ed zde existovalo ji\u017e v ran\u00e9m st\u0159edov\u011bku, od 9. stolet\u00ed. Kmen Lu\u017ei\u010dan\u016f vybudoval na okraji Spreewaldu velk\u00e9 mno\u017estv\u00ed \u00fato\u010di\u0161tn\u00fdch a skladi\u0161tn\u00edch hrad\u016f, celkem jich bylo asi 30. Raddu\u0161sk\u00e1 okru\u017en\u00ed hradba m\u011bla pr\u016fm\u011br 57 metr\u016f, \u0161\u00ed\u0159ku p\u0159es 10 metr\u016f a v\u00fd\u0161ku a\u017e 9 metr\u016f.<\/p>\n<p>Dne\u0161n\u00ed \"Slawenburg Raddusch\" je p\u0159ipom\u00ednkou kultury Slovan\u016f ve Spreewaldu. Vznikl jako vn\u011bj\u0161\u00ed ide\u00e1ln\u00ed rekonstrukce slovansk\u00e9ho hradu z 9.-10. stolet\u00ed. V \u00favahu byly vzaty nejen v\u00fdsledky vykop\u00e1vek ze samotn\u00e9ho Raddusche, ale tak\u00e9 v\u00fdsledky v\u00fdzkum\u016f dal\u0161\u00edch val\u016f v Doln\u00ed Lu\u017eici, Sasku a Polsku. Stavba se skl\u00e1d\u00e1 z dut\u00e9ho betonov\u00e9ho prstence, do kter\u00e9ho se vejdou v\u0161echny pot\u0159ebn\u00e9 m\u00edstnosti, od expozice se z\u00e1meck\u00fdm obchodem a\u017e po kav\u00e1rnu, a z obkladu z dubov\u00e9ho d\u0159eva a hl\u00edny, kter\u00fd imituje p\u0159edpokl\u00e1dan\u00fd p\u016fvodn\u00ed exteri\u00e9r.<\/p>\n<p>Prostorn\u00fd venkovn\u00ed are\u00e1l nab\u00edz\u00ed spoustu m\u00edsta k objevov\u00e1n\u00ed a dov\u00e1d\u011bn\u00ed. \"Zeitsteg\" se sv\u00fdmi krajinn\u00fdmi ostrovy provede n\u00e1v\u0161t\u011bvn\u00edka 12 000 lety \u017eivota rostlin.<br \/>\nPiknikov\u00e1 m\u00edsta vyb\u00edzej\u00ed k zastaven\u00ed a pokoch\u00e1n\u00ed se druhov\u011b bohat\u00fdmi loukami s mnoha bylinami a stromy. H\u0159i\u0161t\u011b na okraji hlavn\u00ed cesty charakterizuje monument\u00e1ln\u00ed d\u0159ev\u011bn\u00fd b\u00fdk. B\u00fdk t\u00e1hne siln\u00fd dubov\u00fd kmen sm\u011brem k hradu. Sochy a dal\u0161\u00ed instalace vyb\u00edzej\u00ed n\u00e1v\u0161t\u011bvn\u00edky ke h\u0159e a setrv\u00e1n\u00ed.<\/p>\n<h3>Charakteristika<\/h3>\n<p>Uvnit\u0159 hradn\u00ed zdi se nach\u00e1z\u00ed jedna z nejmodern\u011bj\u0161\u00edch archeologick\u00fdch expozic v N\u011bmecku, kter\u00e1 zahrnuje oblouk od nejstar\u0161\u00edho os\u00eddlen\u00ed v dob\u011b kamenn\u00e9 a\u017e po slovansk\u00fd st\u0159edov\u011bk. St\u00e1l\u00e1 expozice p\u0159edstavuje p\u0159edev\u0161\u00edm v\u00fdsledky a n\u00e1lezy z rozmanit\u00fdch archeologick\u00fdch v\u00fdzkum\u016f, kter\u00e9 prob\u00edhaly v dolnolu\u017eick\u00fdch povrchov\u00fdch dolech p\u0159ed t\u011b\u017ebou hn\u011bd\u00e9ho uhl\u00ed. V\u00fdznamn\u00e9 origin\u00e1ln\u00ed n\u00e1lezy - zap\u016fj\u010den\u00e9 z r\u016fzn\u00fdch muze\u00ed a instituc\u00ed v Braniborsku, Berl\u00edn\u011b a Meklenbursku-P\u0159edn\u00edm Pomo\u0159ansku - vypr\u00e1v\u011bj\u00ed p\u0159\u00edb\u011bh Doln\u00ed Lu\u017eice.<\/p>\n<h3>Speci\u00e1ln\u00ed v\u00fdstavy \/ doprovodn\u00e9 nab\u00eddky<a id=\"ausstellung_raddusch\"><\/a><\/h3>\n<p>Prohl\u00eddky vhodn\u00e9 pro d\u011bti a rodiny s d\u011btmi, ale tak\u00e9 kur\u00e1torsk\u00e9 prohl\u00eddky s mno\u017estv\u00edm z\u00e1kladn\u00edch informac\u00ed a praktick\u00fdch \u010dinnost\u00ed nab\u00edzej\u00ed n\u00e1v\u0161t\u011bvn\u00edk\u016fm vhled do ka\u017edodenn\u00edho \u017eivota Slovan\u016f ve st\u0159edov\u011bku.<\/p>\n<h3>Nab\u00eddky pro d\u011bti<a id=\"kinderangebot_raddusch\"><\/a><\/h3>\n<div class=\"j-module n j-text\">\n<p>Na\u0161e zku\u0161enosti nab\u00edzej\u00ed:<\/p>\n<ul>\n<li>Historie Doln\u00ed Lu\u017eice<\/li>\n<li>Sv\u011bt rostlin za posledn\u00edch 12 000 let<\/li>\n<li>D\u011btsk\u00e9 hry ve st\u0159edov\u011bku<\/li>\n<li>Lukost\u0159elba jako u Slovan\u016f<\/li>\n<li>Slovansk\u00fd kv\u00edz se skv\u011bl\u00fdmi cenami<\/li>\n<li>R\u016fzn\u00e9 discipl\u00edny, hod o\u0161t\u011bpem a slovansk\u00e1 olympi\u00e1da<\/li>\n<\/ul>\n<p>Nab\u00eddky v r\u00e1mci: <a title=\"Muzejn\u00ed vzd\u011bl\u00e1v\u00e1n\u00ed\" href=\"http:\/\/www.slawenburg-raddusch.de\/\" target=\"_blank\" rel=\"noopener noreferrer\">www.slawenburg-raddusch.de<\/a><\/p>\n<\/div>\n<h3>Galerie<a id=\"galerie_raddusch\"><\/a><\/h3>\n<div id=\"envira-gallery-wrap-53136\" class=\"envira-gallery-wrap envira-gallery-theme-base envira-lightbox-theme-base\" itemscope itemtype=\"https:\/\/schema.org\/ImageGallery\"><div data-row-height=\"150\" data-gallery-theme=\"normal\" id=\"envira-gallery-53136\" class=\"envira-gallery-public envira-gallery-justified-public envira-gallery-0-columns envira-clear enviratope envira-gallery-css-animations\" data-envira-columns=\"0\"><div id=\"envira-gallery-item-53137\" class=\"envira-gallery-item enviratope-item envira-gallery-item-1 envira-lazy-load\" style=\"padding-left: 5px; padding-bottom: 10px; padding-right: 5px;\"  itemscope itemtype=\"https:\/\/schema.org\/ImageObject\"><div class=\"envira-gallery-item-inner\"><div class=\"envira-gallery-position-overlay  envira-gallery-top-left\"><\/div><div class=\"envira-gallery-position-overlay  envira-gallery-top-right\"><\/div><div class=\"envira-gallery-position-overlay  envira-gallery-bottom-left\"><\/div><div class=\"envira-gallery-position-overlay  envira-gallery-bottom-right\"><\/div><a href=\"https:\/\/www.lausitzer-museenland.de\/wp-content\/uploads\/2020\/10\/Holzstier\u00a9Oe_Grafik_sk.jpg\" class=\"envira-gallery-53136 envira-gallery-link\" rel=\"enviragallery53136\" title=\"D\u0159ev\u011bn\u00fd b\u00fdk\u00a9Oe_Grafik_sk\" data-envira-caption=\"Holzstier&copy;Oe_Grafik_sk\" data-envira-retina=\"\" data-thumbnail=\"\"  itemprop=\"contentUrl\"><img id=\"envira-gallery-image-53137\" class=\"envira-gallery-image envira-gallery-image-1 envira-normal envira-lazy\" data-envira-index=\"1\" src=\"https:\/\/www.lausitzer-museenland.de\/wp-content\/uploads\/2020\/10\/Holzstier\u00a9Oe_Grafik_sk-1024x683.jpg\" data-envira-src=\"https:\/\/www.lausitzer-museenland.de\/wp-content\/uploads\/2020\/10\/Holzstier\u00a9Oe_Grafik_sk-1024x683.jpg\" data-envira-gallery-id=\"53136\" data-envira-item-id=\"53137\" data-envira-caption=\"Holzstier&copy;Oe_Grafik_sk\" alt=\"\" title=\"D\u0159ev\u011bn\u00fd b\u00fdk\u00a9Oe_Grafik_sk\"  itemprop=\"thumbnailUrl\" data-envira-srcset=\"https:\/\/www.lausitzer-museenland.de\/wp-content\/uploads\/2020\/10\/Holzstier\u00a9Oe_Grafik_sk-1024x683.jpg 400w,https:\/\/www.lausitzer-museenland.de\/wp-content\/uploads\/2020\/10\/Holzstier\u00a9Oe_Grafik_sk-1024x683.jpg 2x\" data-envira-width=\"300\" data-envira-height=\"200\" srcset=\"data:image\/gif;base64,R0lGODlhAQABAIAAAP\/\/\/\/\/\/\/yH5BAEKAAEALAAAAAABAAEAAAICTAEAOw==\" data-safe-src=\"data:image\/gif;base64,R0lGODlhAQABAIAAAP\/\/\/\/\/\/\/yH5BAEKAAEALAAAAAABAAEAAAICTAEAOw==\" \/><\/a><\/div><\/div><div id=\"envira-gallery-item-53138\" class=\"envira-gallery-item enviratope-item envira-gallery-item-2 envira-lazy-load\" style=\"padding-left: 5px; padding-bottom: 10px; padding-right: 5px;\"  itemscope itemtype=\"https:\/\/schema.org\/ImageObject\"><div class=\"envira-gallery-item-inner\"><div class=\"envira-gallery-position-overlay  envira-gallery-top-left\"><\/div><div class=\"envira-gallery-position-overlay  envira-gallery-top-right\"><\/div><div class=\"envira-gallery-position-overlay  envira-gallery-bottom-left\"><\/div><div class=\"envira-gallery-position-overlay  envira-gallery-bottom-right\"><\/div><a href=\"https:\/\/www.lausitzer-museenland.de\/wp-content\/uploads\/2020\/10\/Keramikdepot\u00a9FotoBritze.jpg\" class=\"envira-gallery-53136 envira-gallery-link\" rel=\"enviragallery53136\" title=\"Keramick\u00fd sklad\u00a9FotoBritze\" data-envira-caption=\"Keramikdepot&copy;FotoBritze\" data-envira-retina=\"\" data-thumbnail=\"\"  itemprop=\"contentUrl\"><img id=\"envira-gallery-image-53138\" class=\"envira-gallery-image envira-gallery-image-2 envira-normal envira-lazy\" data-envira-index=\"2\" src=\"https:\/\/www.lausitzer-museenland.de\/wp-content\/uploads\/2020\/10\/Keramikdepot\u00a9FotoBritze-1024x683.jpg\" data-envira-src=\"https:\/\/www.lausitzer-museenland.de\/wp-content\/uploads\/2020\/10\/Keramikdepot\u00a9FotoBritze-1024x683.jpg\" data-envira-gallery-id=\"53136\" data-envira-item-id=\"53138\" data-envira-caption=\"Keramikdepot&copy;FotoBritze\" alt=\"\" title=\"Keramick\u00fd sklad\u00a9FotoBritze\"  itemprop=\"thumbnailUrl\" data-envira-srcset=\"https:\/\/www.lausitzer-museenland.de\/wp-content\/uploads\/2020\/10\/Keramikdepot\u00a9FotoBritze-1024x683.jpg 400w,https:\/\/www.lausitzer-museenland.de\/wp-content\/uploads\/2020\/10\/Keramikdepot\u00a9FotoBritze-1024x683.jpg 2x\" data-envira-width=\"300\" data-envira-height=\"200\" srcset=\"data:image\/gif;base64,R0lGODlhAQABAIAAAP\/\/\/\/\/\/\/yH5BAEKAAEALAAAAAABAAEAAAICTAEAOw==\" data-safe-src=\"data:image\/gif;base64,R0lGODlhAQABAIAAAP\/\/\/\/\/\/\/yH5BAEKAAEALAAAAAABAAEAAAICTAEAOw==\" \/><\/a><\/div><\/div><div id=\"envira-gallery-item-53139\" class=\"envira-gallery-item enviratope-item envira-gallery-item-3 envira-lazy-load\" style=\"padding-left: 5px; padding-bottom: 10px; padding-right: 5px;\"  itemscope itemtype=\"https:\/\/schema.org\/ImageObject\"><div class=\"envira-gallery-item-inner\"><div class=\"envira-gallery-position-overlay  envira-gallery-top-left\"><\/div><div class=\"envira-gallery-position-overlay  envira-gallery-top-right\"><\/div><div class=\"envira-gallery-position-overlay  envira-gallery-bottom-left\"><\/div><div class=\"envira-gallery-position-overlay  envira-gallery-bottom-right\"><\/div><a href=\"https:\/\/www.lausitzer-museenland.de\/wp-content\/uploads\/2020\/10\/Vogelvitrine\u00a9FotoBritze.jpg\" class=\"envira-gallery-53136 envira-gallery-link\" rel=\"enviragallery53136\" title=\"Pta\u010d\u00ed vitr\u00edna\u00a9FotoBritze\" data-envira-caption=\"Vogelvitrine&copy;FotoBritze\" data-envira-retina=\"\" data-thumbnail=\"\"  itemprop=\"contentUrl\"><img id=\"envira-gallery-image-53139\" class=\"envira-gallery-image envira-gallery-image-3 envira-normal envira-lazy\" data-envira-index=\"3\" src=\"https:\/\/www.lausitzer-museenland.de\/wp-content\/uploads\/2020\/10\/Vogelvitrine\u00a9FotoBritze-1024x683.jpg\" data-envira-src=\"https:\/\/www.lausitzer-museenland.de\/wp-content\/uploads\/2020\/10\/Vogelvitrine\u00a9FotoBritze-1024x683.jpg\" data-envira-gallery-id=\"53136\" data-envira-item-id=\"53139\" data-envira-caption=\"Vogelvitrine&copy;FotoBritze\" alt=\"\" title=\"Pta\u010d\u00ed vitr\u00edna\u00a9FotoBritze\"  itemprop=\"thumbnailUrl\" data-envira-srcset=\"https:\/\/www.lausitzer-museenland.de\/wp-content\/uploads\/2020\/10\/Vogelvitrine\u00a9FotoBritze-1024x683.jpg 400w,https:\/\/www.lausitzer-museenland.de\/wp-content\/uploads\/2020\/10\/Vogelvitrine\u00a9FotoBritze-1024x683.jpg 2x\" data-envira-width=\"300\" data-envira-height=\"200\" srcset=\"data:image\/gif;base64,R0lGODlhAQABAIAAAP\/\/\/\/\/\/\/yH5BAEKAAEALAAAAAABAAEAAAICTAEAOw==\" data-safe-src=\"data:image\/gif;base64,R0lGODlhAQABAIAAAP\/\/\/\/\/\/\/yH5BAEKAAEALAAAAAABAAEAAAICTAEAOw==\" \/><\/a><\/div><\/div><\/div><\/div><noscript><img src=\"https:\/\/www.lausitzer-museenland.de\/wp-content\/uploads\/2020\/10\/Holzstier\u00a9Oe_Grafik_sk.jpg\" alt=\"\" \/><img src=\"https:\/\/www.lausitzer-museenland.de\/wp-content\/uploads\/2020\/10\/Keramikdepot\u00a9FotoBritze-e1633423869193.jpg\" alt=\"\" \/><img src=\"https:\/\/www.lausitzer-museenland.de\/wp-content\/uploads\/2020\/10\/Vogelvitrine\u00a9FotoBritze.jpg\" alt=\"\" \/><\/noscript>","protected":false},"excerpt":{"rendered":"<p>Galerie | Ausstellungen | Angebote f\u00fcr Kinder SlawenburgRaddusch\u00a9Oe_Grafik_sk 130.000 Jahre Geschichte in der Niederlausitz Geb\u00e4ude- \/ Grundst\u00fcckssituation Arch\u00e4ologische Funde belegen, dass bereits im fr\u00fchen Mittelalter, ab dem 9. Jahrhundert, slawische Siedlungen an diesem Ort existierten. Der Stamm der Lusizi errichtete am Rande des Spreewaldes eine Vielzahl von Flucht- und Speicherburgen, deren Anzahl sich auf rund<\/p>","protected":false},"author":13,"featured_media":0,"parent":113,"menu_order":0,"comment_status":"closed","ping_status":"closed","template":"","meta":[],"_links":{"self":[{"href":"https:\/\/www.lausitzer-museenland.de\/cs\/wp-json\/wp\/v2\/pages\/4087"}],"collection":[{"href":"https:\/\/www.lausitzer-museenland.de\/cs\/wp-json\/wp\/v2\/pages"}],"about":[{"href":"https:\/\/www.lausitzer-museenland.de\/cs\/wp-json\/wp\/v2\/types\/page"}],"author":[{"embeddable":true,"href":"https:\/\/www.lausitzer-museenland.de\/cs\/wp-json\/wp\/v2\/users\/13"}],"replies":[{"embeddable":true,"href":"https:\/\/www.lausitzer-museenland.de\/cs\/wp-json\/wp\/v2\/comments?post=4087"}],"version-history":[{"count":41,"href":"https:\/\/www.lausitzer-museenland.de\/cs\/wp-json\/wp\/v2\/pages\/4087\/revisions"}],"predecessor-version":[{"id":55326,"href":"https:\/\/www.lausitzer-museenland.de\/cs\/wp-json\/wp\/v2\/pages\/4087\/revisions\/55326"}],"up":[{"embeddable":true,"href":"https:\/\/www.lausitzer-museenland.de\/cs\/wp-json\/wp\/v2\/pages\/113"}],"wp:attachment":[{"href":"https:\/\/www.lausitzer-museenland.de\/cs\/wp-json\/wp\/v2\/media?parent=4087"}],"curies":[{"name":"wp","href":"https:\/\/api.w.org\/{rel}","templated":true}]}}