{"id":4099,"date":"2016-06-15T10:21:16","date_gmt":"2016-06-15T09:21:16","guid":{"rendered":"http:\/\/lausitzer-museenland.de\/?page_id=4099"},"modified":"2025-03-11T09:38:24","modified_gmt":"2025-03-11T08:38:24","slug":"ausstellung-gubener-tuche-und-chemiefasern","status":"publish","type":"page","link":"https:\/\/www.lausitzer-museenland.de\/cs\/muzea\/exhibition-gubener-tuch-und-chemiefasern\/","title":{"rendered":"V\u00fdstava Gubener Tuch und Chemiefasern \/ Gubinske sukna a chemiske nitki"},"content":{"rendered":"<p>V\u00fdstavy |<a href=\"#kinderangebot_museumsrallye\"> Nab\u00eddky pro d\u011bti<\/a><a href=\"https:\/\/www.lausitzer-museenland.de\/wp-content\/uploads\/2016\/06\/Tuche-Guben-B\u00fcro_skaliert.png\"><img loading=\"lazy\" class=\"aligncenter size-full wp-image-44439\" src=\"https:\/\/www.lausitzer-museenland.de\/wp-content\/uploads\/2016\/06\/Tuche-Guben-B\u00fcro_skaliert.png\" alt=\"L\u00e1tka Guben Office_Scaled\" width=\"750\" height=\"498\" srcset=\"https:\/\/www.lausitzer-museenland.de\/wp-content\/uploads\/2016\/06\/Tuche-Guben-B\u00fcro_skaliert.png 750w, https:\/\/www.lausitzer-museenland.de\/wp-content\/uploads\/2016\/06\/Tuche-Guben-B\u00fcro_skaliert-300x199.png 300w\" sizes=\"(max-width: 750px) 100vw, 750px\" \/><\/a><\/p>\n\n<p>Historie firmy Guben Clothiers a b\u00fdval\u00e9 tov\u00e1rny na um\u011bl\u00e1 vl\u00e1kna<\/p>\n<h3>Situace budovy \/ pozemku<\/h3>\n<p>V\u00fdstava \"Gubener Tuche\" se nach\u00e1z\u00ed v pam\u00e1tkov\u011b chr\u00e1n\u011bn\u00e9 tov\u00e1rn\u00ed budov\u011b hned vedle M\u011bstsk\u00e9ho a pr\u016fmyslov\u00e9ho muzea v Gubenu. Je um\u00edst\u011bna v druh\u00e9m k\u0159\u00eddle budovy a nach\u00e1z\u00ed se na n\u00e1m\u011bst\u00ed Friedrich-Wilke-Platz, kam byla po p\u011bti letech v roce 2013 p\u0159est\u011bhov\u00e1na na sv\u00e9 sou\u010dasn\u00e9 m\u00edsto.<\/p>\n<h3>Charakteristika<\/h3>\n<p>V\u00fdstava \"Gubener Tuche\" vznikla d\u00edky anga\u017eovanosti spolku \"Gubener Tuche und Chemiefasern e.V.\" a za podpory m\u011bsta Guben. P\u0159edstavuje d\u016fle\u017eit\u00fd kus pr\u016fmyslov\u00e9 historie a osv\u011btluje hospod\u00e1\u0159sk\u00fd rozvoj m\u011bsta.<br \/>\nZam\u011b\u0159uje se na dv\u011b hlavn\u00ed t\u00e9mata: historii z\u00e1vodu na v\u00fdrobu um\u011bl\u00fdch vl\u00e1ken v Gubenu a tradici soukenictv\u00ed v regionu. Vystaveny jsou historick\u00e9 n\u00e1stroje, dokumenty, knihy a \u010detn\u00e9 p\u0159edm\u011bty denn\u00ed pot\u0159eby z v\u00fdroby v tov\u00e1rn\u011b na um\u011bl\u00e1 vl\u00e1kna. V oblasti soukenictv\u00ed je kladen d\u016fraz na m\u00f3dn\u00ed a l\u00e1tkov\u00e9 vzorky, v\u010detn\u011b kompletn\u00ed sb\u00edrky z let 1873 a\u017e 1990.<br \/>\nExpozice nab\u00edz\u00ed praktick\u00e9 sezn\u00e1men\u00ed s pr\u016fmyslovou histori\u00ed a zprost\u0159edkov\u00e1v\u00e1 poznatky o soukenick\u00e9m \u0159emesle od 11.\/12. stolet\u00ed a\u017e do jeho \u00fapadku v roce 1997. Z p\u016fvodn\u011b pl\u00e1novan\u00e9 kroniky vzniklo z mnoha shrom\u00e1\u017ed\u011bn\u00fdch expon\u00e1t\u016f komplexn\u00ed muzeum, kter\u00e9 bylo poprv\u00e9 otev\u0159eno v roce 2008.<\/p>\n<h3>Speci\u00e1ln\u00ed v\u00fdstavy \/ doprovodn\u00e9 nab\u00eddky<a id=\"austellung_mili_kolkwitz\"><\/a><\/h3>\n<p>Aktivn\u00ed v\u00fdvojov\u00e1 \u010dinnost spolku \"Gubener Tuche und Chemiefasern e.V.\" neust\u00e1le otev\u00edr\u00e1 novinky na v\u00fdstav\u011b, kter\u00e9 jsou n\u00e1v\u0161t\u011bvn\u00edk\u016fm prezentov\u00e1ny mimo jin\u00e9 na speci\u00e1ln\u00edch v\u00fdstav\u00e1ch. K vrchol\u016fm \u010dinnosti muzea pat\u0159\u00ed speci\u00e1ln\u00ed akce a v\u00fdro\u010d\u00ed s tematicky slad\u011bn\u00fdmi programy, stejn\u011b jako setk\u00e1n\u00ed b\u00fdval\u00fdch textiln\u00edch d\u011bln\u00edk\u016f a d\u011bln\u00edk\u016f z um\u011bl\u00fdch vl\u00e1ken.<\/p>\n<h3>Nab\u00eddky pro d\u011bti - S Kobim do muzea<a id=\"kinderangebot_mili_kolkwitz\"><\/a><\/h3>\n<p align=\"left\">Kobi - duch mal\u00e9ho domu - je v muzeu jako doma. Bydl\u00ed tam v ba\u010dkor\u00e1ch pod kamny. O p\u016flnoci odposlouch\u00e1v\u00e1 star\u00e9 muzejn\u00ed expon\u00e1ty, kdy\u017e si vypr\u00e1v\u011bj\u00ed p\u0159\u00edb\u011bhy z minulosti. Tyto vzru\u0161uj\u00edc\u00ed p\u0159\u00edb\u011bhy vypr\u00e1v\u00ed pracovn\u00edk\u016fm muzea, kte\u0159\u00ed je pak p\u0159ed\u00e1vaj\u00ed d\u011btem - p\u0159\u00edb\u011bhy ze star\u00fdch, d\u00e1vn\u00fdch \u010das\u016f.<\/p>\n<p>Nab\u00eddka Kobi:<\/p>\n<h5>Muzejn\u00ed rallye (pozn\u00e1v\u00e1n\u00ed muzea hravou formou)<\/h5>\n<div class=\"insert-page insert-page-museumsrallye\" data-post-id=\"museumsrallye\">\n<p>Muzejn\u00ed rallye je navr\u017eena tak, aby se n\u00e1v\u0161t\u011bva v\u00fdstavy Guben Cloth and Man-Made Fibres stala pro d\u011bti a ml\u00e1de\u017e mimo\u0159\u00e1dn\u00fdm z\u00e1\u017eitkem. Po sezn\u00e1men\u00ed s histori\u00ed gubensk\u00fdch souken\u00edk\u016f a b\u00fdval\u00e9 tov\u00e1rny na um\u011bl\u00e1 vl\u00e1kna dostanou \u017e\u00e1ci dotazn\u00edky a mohou si v\u00fdstavu prohl\u00e9dnout samostatn\u011b. D\u00edky pozorn\u00e9 n\u00e1v\u0161t\u011bv\u011b lze vy\u0159e\u0161it v\u0161echny ot\u00e1zky a podpo\u0159it udr\u017eitelnost n\u00e1v\u0161t\u011bvy.<br \/>\nPot\u00e9 budou dotazn\u00edky spole\u010dn\u011b s pracovn\u00edky muzea vyhodnoceny a n\u00e1sledovat bude mal\u00e9 \"slavnostn\u00ed p\u0159ed\u00e1n\u00ed cen\" (ceny a certifik\u00e1ty zajist\u00ed muzeum). Pot\u00e9 prob\u011bhne mal\u00e9 focen\u00ed s kab\u00e1ty z vlny Guben. Dopravn\u00ed prost\u0159edek CFG, je\u0161t\u011brka, je tak\u00e9 ochotn\u011b pou\u017eit pro p\u011bknou fotografii.<\/p>\n<p>Nab\u00eddka prob\u00edh\u00e1 v interi\u00e9ru a je ur\u010dena \u017e\u00e1k\u016fm 5. a\u017e 7. t\u0159\u00edd.<br \/>\nTerm\u00edny: dle dohody<br \/>\nP\u0159edb\u011b\u017en\u00e1 registrace: alespo\u0148 2 t\u00fddny p\u0159edem<br \/>\nDoba trv\u00e1n\u00ed: p\u0159ibli\u017en\u011b 1,5 a\u017e 2 hodiny<br \/>\nVelikost skupiny: 5 a\u017e 20 osob<\/p>\n<h3>Galerie<\/h3>\n<div id=\"envira-gallery-wrap-53210\" class=\"envira-gallery-wrap envira-gallery-theme-base envira-lightbox-theme-base\" itemscope itemtype=\"https:\/\/schema.org\/ImageGallery\"><div data-row-height=\"150\" data-gallery-theme=\"normal\" id=\"envira-gallery-53210\" class=\"envira-gallery-public envira-gallery-justified-public envira-gallery-0-columns envira-clear enviratope envira-gallery-css-animations\" data-envira-columns=\"0\"><div id=\"envira-gallery-item-53211\" class=\"envira-gallery-item enviratope-item envira-gallery-item-1 envira-lazy-load\" style=\"padding-left: 5px; padding-bottom: 10px; padding-right: 5px;\"  itemscope itemtype=\"https:\/\/schema.org\/ImageObject\"><div class=\"envira-gallery-item-inner\"><div class=\"envira-gallery-position-overlay  envira-gallery-top-left\"><\/div><div class=\"envira-gallery-position-overlay  envira-gallery-top-right\"><\/div><div class=\"envira-gallery-position-overlay  envira-gallery-bottom-left\"><\/div><div class=\"envira-gallery-position-overlay  envira-gallery-bottom-right\"><\/div><a href=\"https:\/\/www.lausitzer-museenland.de\/wp-content\/uploads\/2020\/11\/Textilmuseum-Guben2020-8.jpg\" class=\"envira-gallery-53210 envira-gallery-link\" rel=\"enviragallery53210\" title=\"CFT-Guben, v\u00fdstava 01 Foto: Bernd Choritz\" data-envira-caption=\"CFT-Guben, Ausstellung 01 Foto: Bernd Choritz\" data-envira-retina=\"\" data-thumbnail=\"\"  itemprop=\"contentUrl\"><img id=\"envira-gallery-image-53211\" class=\"envira-gallery-image envira-gallery-image-1 envira-normal envira-lazy\" data-envira-index=\"1\" src=\"https:\/\/www.lausitzer-museenland.de\/wp-content\/uploads\/2020\/11\/Textilmuseum-Guben2020-8-1024x683.jpg\" data-envira-src=\"https:\/\/www.lausitzer-museenland.de\/wp-content\/uploads\/2020\/11\/Textilmuseum-Guben2020-8-1024x683.jpg\" data-envira-gallery-id=\"53210\" data-envira-item-id=\"53211\" data-envira-caption=\"CFT-Guben, Ausstellung 01 Foto: Bernd Choritz\" alt=\"\" title=\"CFT-Guben, v\u00fdstava 01 Foto: Bernd Choritz\"  itemprop=\"thumbnailUrl\" data-envira-srcset=\"https:\/\/www.lausitzer-museenland.de\/wp-content\/uploads\/2020\/11\/Textilmuseum-Guben2020-8-1024x683.jpg 400w,https:\/\/www.lausitzer-museenland.de\/wp-content\/uploads\/2020\/11\/Textilmuseum-Guben2020-8-1024x683.jpg 2x\" data-envira-width=\"300\" data-envira-height=\"200\" srcset=\"data:image\/gif;base64,R0lGODlhAQABAIAAAP\/\/\/\/\/\/\/yH5BAEKAAEALAAAAAABAAEAAAICTAEAOw==\" data-safe-src=\"data:image\/gif;base64,R0lGODlhAQABAIAAAP\/\/\/\/\/\/\/yH5BAEKAAEALAAAAAABAAEAAAICTAEAOw==\" \/><\/a><\/div><\/div><div id=\"envira-gallery-item-53212\" class=\"envira-gallery-item enviratope-item envira-gallery-item-2 envira-lazy-load\" style=\"padding-left: 5px; padding-bottom: 10px; padding-right: 5px;\"  itemscope itemtype=\"https:\/\/schema.org\/ImageObject\"><div class=\"envira-gallery-item-inner\"><div class=\"envira-gallery-position-overlay  envira-gallery-top-left\"><\/div><div class=\"envira-gallery-position-overlay  envira-gallery-top-right\"><\/div><div class=\"envira-gallery-position-overlay  envira-gallery-bottom-left\"><\/div><div class=\"envira-gallery-position-overlay  envira-gallery-bottom-right\"><\/div><a href=\"https:\/\/www.lausitzer-museenland.de\/wp-content\/uploads\/2020\/11\/Textilmuseum-Guben2020-27.jpg\" class=\"envira-gallery-53210 envira-gallery-link\" rel=\"enviragallery53210\" title=\"CFT-Guben, uk\u00e1zkov\u00e1 kniha Foto: Bernd Choritz\" data-envira-caption=\"CFT-Guben, Musterbuch Foto: Bernd Choritz\" data-envira-retina=\"\" data-thumbnail=\"\"  itemprop=\"contentUrl\"><img id=\"envira-gallery-image-53212\" class=\"envira-gallery-image envira-gallery-image-2 envira-normal envira-lazy\" data-envira-index=\"2\" src=\"https:\/\/www.lausitzer-museenland.de\/wp-content\/uploads\/2020\/11\/Textilmuseum-Guben2020-27-1024x683.jpg\" data-envira-src=\"https:\/\/www.lausitzer-museenland.de\/wp-content\/uploads\/2020\/11\/Textilmuseum-Guben2020-27-1024x683.jpg\" data-envira-gallery-id=\"53210\" data-envira-item-id=\"53212\" data-envira-caption=\"CFT-Guben, Musterbuch Foto: Bernd Choritz\" alt=\"\" title=\"CFT-Guben, uk\u00e1zkov\u00e1 kniha Foto: Bernd Choritz\"  itemprop=\"thumbnailUrl\" data-envira-srcset=\"https:\/\/www.lausitzer-museenland.de\/wp-content\/uploads\/2020\/11\/Textilmuseum-Guben2020-27-1024x683.jpg 400w,https:\/\/www.lausitzer-museenland.de\/wp-content\/uploads\/2020\/11\/Textilmuseum-Guben2020-27-1024x683.jpg 2x\" data-envira-width=\"300\" data-envira-height=\"200\" srcset=\"data:image\/gif;base64,R0lGODlhAQABAIAAAP\/\/\/\/\/\/\/yH5BAEKAAEALAAAAAABAAEAAAICTAEAOw==\" data-safe-src=\"data:image\/gif;base64,R0lGODlhAQABAIAAAP\/\/\/\/\/\/\/yH5BAEKAAEALAAAAAABAAEAAAICTAEAOw==\" \/><\/a><\/div><\/div><div id=\"envira-gallery-item-53213\" class=\"envira-gallery-item enviratope-item envira-gallery-item-3 envira-lazy-load\" style=\"padding-left: 5px; padding-bottom: 10px; padding-right: 5px;\"  itemscope itemtype=\"https:\/\/schema.org\/ImageObject\"><div class=\"envira-gallery-item-inner\"><div class=\"envira-gallery-position-overlay  envira-gallery-top-left\"><\/div><div class=\"envira-gallery-position-overlay  envira-gallery-top-right\"><\/div><div class=\"envira-gallery-position-overlay  envira-gallery-bottom-left\"><\/div><div class=\"envira-gallery-position-overlay  envira-gallery-bottom-right\"><\/div><a href=\"https:\/\/www.lausitzer-museenland.de\/wp-content\/uploads\/2020\/11\/Textilmuseum-Guben2020-65.jpg\" class=\"envira-gallery-53210 envira-gallery-link\" rel=\"enviragallery53210\" title=\"CFT-Guben, v\u00fdstava Kops Foto: Bernd Choritz\" data-envira-caption=\"CFT-Guben, Ausstellung Kops Foto: Bernd Choritz\" data-envira-retina=\"\" data-thumbnail=\"\"  itemprop=\"contentUrl\"><img id=\"envira-gallery-image-53213\" class=\"envira-gallery-image envira-gallery-image-3 envira-normal envira-lazy\" data-envira-index=\"3\" src=\"https:\/\/www.lausitzer-museenland.de\/wp-content\/uploads\/2020\/11\/Textilmuseum-Guben2020-65-1024x683.jpg\" data-envira-src=\"https:\/\/www.lausitzer-museenland.de\/wp-content\/uploads\/2020\/11\/Textilmuseum-Guben2020-65-1024x683.jpg\" data-envira-gallery-id=\"53210\" data-envira-item-id=\"53213\" data-envira-caption=\"CFT-Guben, Ausstellung Kops Foto: Bernd Choritz\" alt=\"\" title=\"CFT-Guben, v\u00fdstava Kops Foto: Bernd Choritz\"  itemprop=\"thumbnailUrl\" data-envira-srcset=\"https:\/\/www.lausitzer-museenland.de\/wp-content\/uploads\/2020\/11\/Textilmuseum-Guben2020-65-1024x683.jpg 400w,https:\/\/www.lausitzer-museenland.de\/wp-content\/uploads\/2020\/11\/Textilmuseum-Guben2020-65-1024x683.jpg 2x\" data-envira-width=\"300\" data-envira-height=\"200\" srcset=\"data:image\/gif;base64,R0lGODlhAQABAIAAAP\/\/\/\/\/\/\/yH5BAEKAAEALAAAAAABAAEAAAICTAEAOw==\" data-safe-src=\"data:image\/gif;base64,R0lGODlhAQABAIAAAP\/\/\/\/\/\/\/yH5BAEKAAEALAAAAAABAAEAAAICTAEAOw==\" \/><\/a><\/div><\/div><div id=\"envira-gallery-item-53214\" class=\"envira-gallery-item enviratope-item envira-gallery-item-4 envira-lazy-load\" style=\"padding-left: 5px; padding-bottom: 10px; padding-right: 5px;\"  itemscope itemtype=\"https:\/\/schema.org\/ImageObject\"><div class=\"envira-gallery-item-inner\"><div class=\"envira-gallery-position-overlay  envira-gallery-top-left\"><\/div><div class=\"envira-gallery-position-overlay  envira-gallery-top-right\"><\/div><div class=\"envira-gallery-position-overlay  envira-gallery-bottom-left\"><\/div><div class=\"envira-gallery-position-overlay  envira-gallery-bottom-right\"><\/div><a href=\"https:\/\/www.lausitzer-museenland.de\/wp-content\/uploads\/2020\/11\/Textilmuseum-Guben2020-62.jpg\" class=\"envira-gallery-53210 envira-gallery-link\" rel=\"enviragallery53210\" title=\"CFT-Guben, Kopsinchen Foto: Bernd Choritz\" data-envira-caption=\"CFT-Guben, Kopsinchen Foto: Bernd Choritz\" data-envira-retina=\"\" data-thumbnail=\"\"  itemprop=\"contentUrl\"><img id=\"envira-gallery-image-53214\" class=\"envira-gallery-image envira-gallery-image-4 envira-normal envira-lazy\" data-envira-index=\"4\" src=\"https:\/\/www.lausitzer-museenland.de\/wp-content\/uploads\/2020\/11\/Textilmuseum-Guben2020-62-1024x683.jpg\" data-envira-src=\"https:\/\/www.lausitzer-museenland.de\/wp-content\/uploads\/2020\/11\/Textilmuseum-Guben2020-62-1024x683.jpg\" data-envira-gallery-id=\"53210\" data-envira-item-id=\"53214\" data-envira-caption=\"CFT-Guben, Kopsinchen Foto: Bernd Choritz\" alt=\"\" title=\"CFT-Guben, Kopsinchen Foto: Bernd Choritz\"  itemprop=\"thumbnailUrl\" data-envira-srcset=\"https:\/\/www.lausitzer-museenland.de\/wp-content\/uploads\/2020\/11\/Textilmuseum-Guben2020-62-1024x683.jpg 400w,https:\/\/www.lausitzer-museenland.de\/wp-content\/uploads\/2020\/11\/Textilmuseum-Guben2020-62-1024x683.jpg 2x\" data-envira-width=\"300\" data-envira-height=\"200\" srcset=\"data:image\/gif;base64,R0lGODlhAQABAIAAAP\/\/\/\/\/\/\/yH5BAEKAAEALAAAAAABAAEAAAICTAEAOw==\" data-safe-src=\"data:image\/gif;base64,R0lGODlhAQABAIAAAP\/\/\/\/\/\/\/yH5BAEKAAEALAAAAAABAAEAAAICTAEAOw==\" \/><\/a><\/div><\/div><\/div><\/div><noscript><img src=\"https:\/\/www.lausitzer-museenland.de\/wp-content\/uploads\/2020\/11\/Textilmuseum-Guben2020-8.jpg\" alt=\"\" \/><img src=\"https:\/\/www.lausitzer-museenland.de\/wp-content\/uploads\/2020\/11\/Textilmuseum-Guben2020-27.jpg\" alt=\"\" \/><img src=\"https:\/\/www.lausitzer-museenland.de\/wp-content\/uploads\/2020\/11\/Textilmuseum-Guben2020-65.jpg\" alt=\"\" \/><img src=\"https:\/\/www.lausitzer-museenland.de\/wp-content\/uploads\/2020\/11\/Textilmuseum-Guben2020-62.jpg\" alt=\"\" \/><\/noscript>\n<\/div>","protected":false},"excerpt":{"rendered":"<p>Ausstellungen\u00a0| Angebote f\u00fcr Kinder Geschichte der Gubener Tuchmacher und des ehemaligen Chemiefaserwerkes Geb\u00e4ude- \/ Grundst\u00fcckssituation Die Ausstellung \u201eGubener Tuche\u201c befindet sich in einem denkmalgesch\u00fctzten Fabrikgeb\u00e4ude direkt neben dem Stadt- und Industriemuseum in Guben. Sie ist im anderen Fl\u00fcgel des Geb\u00e4udes untergebracht und liegt am Friedrich-Wilke-Platz, wo sie 2013 nach f\u00fcnf Jahren an ihren heutigen Standort<\/p>","protected":false},"author":13,"featured_media":0,"parent":113,"menu_order":0,"comment_status":"closed","ping_status":"closed","template":"","meta":[],"_links":{"self":[{"href":"https:\/\/www.lausitzer-museenland.de\/cs\/wp-json\/wp\/v2\/pages\/4099"}],"collection":[{"href":"https:\/\/www.lausitzer-museenland.de\/cs\/wp-json\/wp\/v2\/pages"}],"about":[{"href":"https:\/\/www.lausitzer-museenland.de\/cs\/wp-json\/wp\/v2\/types\/page"}],"author":[{"embeddable":true,"href":"https:\/\/www.lausitzer-museenland.de\/cs\/wp-json\/wp\/v2\/users\/13"}],"replies":[{"embeddable":true,"href":"https:\/\/www.lausitzer-museenland.de\/cs\/wp-json\/wp\/v2\/comments?post=4099"}],"version-history":[{"count":29,"href":"https:\/\/www.lausitzer-museenland.de\/cs\/wp-json\/wp\/v2\/pages\/4099\/revisions"}],"predecessor-version":[{"id":55525,"href":"https:\/\/www.lausitzer-museenland.de\/cs\/wp-json\/wp\/v2\/pages\/4099\/revisions\/55525"}],"up":[{"embeddable":true,"href":"https:\/\/www.lausitzer-museenland.de\/cs\/wp-json\/wp\/v2\/pages\/113"}],"wp:attachment":[{"href":"https:\/\/www.lausitzer-museenland.de\/cs\/wp-json\/wp\/v2\/media?parent=4099"}],"curies":[{"name":"wp","href":"https:\/\/api.w.org\/{rel}","templated":true}]}}