{"id":410,"date":"2014-11-12T10:56:21","date_gmt":"2014-11-12T09:56:21","guid":{"rendered":"http:\/\/lausitzer-museenland.de\/?page_id=410"},"modified":"2014-12-17T17:41:57","modified_gmt":"2014-12-17T16:41:57","slug":"verlorene-heimat-im-dachstuhl-der-kirche","status":"publish","type":"page","link":"https:\/\/www.lausitzer-museenland.de\/cs\/sluzba\/kobi\/ztraceny-domov-na-podkrovi-kostelu\/","title":{"rendered":"\"Ztracen\u00fd domov\" v krovu kostela - vzpom\u00ednky na zni\u010den\u00e9 kostely - Horno"},"content":{"rendered":"<p>V d\u0159\u00edv\u011bj\u0161\u00edch desetilet\u00edch se p\u0159i t\u011b\u017eb\u011b uhl\u00ed nebral ohled na budouc\u00ed krajinu. Po\u010d\u00edtala se m\u00edra t\u011b\u017eby a ot\u00e1zky \u017eivotn\u00edho prost\u0159ed\u00ed se t\u00e9m\u011b\u0159 nebraly v \u00favahu. Osud obyvatel a c\u00edrkevn\u00edch obc\u00ed byl poznamen\u00e1n ekonomick\u00fdmi omezen\u00edmi a nedostate\u010dn\u00fdm od\u0161kodn\u011bn\u00edm. T\u00e9ma ilustruje 27 model\u016f zaminovan\u00fdch kostel\u016f, 4 filmov\u00e9 stanice s kr\u00e1tk\u00fdmi filmy o komunit\u00e1ch, v nich\u017e posti\u017een\u00ed popisuj\u00ed sv\u016fj p\u016fvod a osudy, 18 map ji\u017e neexistuj\u00edc\u00edch oblast\u00ed a origin\u00e1ln\u00ed expon\u00e1ty zni\u010den\u00fdch kostel\u016f. Pro potomky jsou zdokumentov\u00e1na historick\u00e1 fakta, posledn\u00ed bohoslu\u017eby, poh\u0159by, m\u00edsto, kde se nach\u00e1z\u00ed c\u00edrkevn\u00ed majetek, p\u0159es\u00eddlovac\u00ed postupy, n\u00e1hradn\u00ed v\u00fdstavba kostela, p\u0159em\u00edst\u011bn\u00ed kostela, zachr\u00e1n\u011bn\u00e9 sbory, ohro\u017een\u00e1 m\u00edsta.<\/p>\n<p>Nab\u00eddka se kon\u00e1 v interi\u00e9ru i exteri\u00e9ru a je zam\u011b\u0159ena na.<br \/>\n\u017d\u00e1ci 6. a\u017e 12. t\u0159\u00edd.<br \/>\nTerm\u00edny: dle dohody<br \/>\nP\u0159edb\u011b\u017en\u00e1 registrace: nejpozd\u011bji 2 t\u00fddny p\u0159edem<br \/>\nVstup zdarma \/ dary jsou v\u00edt\u00e1ny<\/p>\n<p><a title=\"Hornokosteleck\u00e9 informa\u010dn\u00ed a setk\u00e1vac\u00ed centrum \/ Cerkwiny informaciski a zmaka\u0144ski centrum\" href=\"\/museen\/kirchliches-informations-und-begegnungszentrum-horno\/\">Informa\u010dn\u00ed a setk\u00e1vac\u00ed centrum kostela Horno<\/a><\/p>","protected":false},"excerpt":{"rendered":"<p>V d\u0159\u00edv\u011bj\u0161\u00edch desetilet\u00edch se p\u0159i t\u011b\u017eb\u011b uhl\u00ed nebral ohled na budouc\u00ed krajinu. Po\u010d\u00edtala se m\u00edra t\u011b\u017eby a ot\u00e1zky \u017eivotn\u00edho prost\u0159ed\u00ed se t\u00e9m\u011b\u0159 nebraly v \u00favahu. Osud obyvatel a c\u00edrkevn\u00edch obc\u00ed byl poznamen\u00e1n ekonomick\u00fdmi omezen\u00edmi a nedostate\u010dn\u00fdm od\u0161kodn\u011bn\u00edm. T\u00e9ma ilustruje 27 model\u016f vykop\u00e1vek kostel\u016f, 4 filmov\u00e9 stanice s kr\u00e1tk\u00fdmi filmy o komunit\u00e1ch, v nich\u017e \u017eij\u00ed.<\/p>","protected":false},"author":13,"featured_media":0,"parent":380,"menu_order":0,"comment_status":"closed","ping_status":"closed","template":"","meta":[],"_links":{"self":[{"href":"https:\/\/www.lausitzer-museenland.de\/cs\/wp-json\/wp\/v2\/pages\/410"}],"collection":[{"href":"https:\/\/www.lausitzer-museenland.de\/cs\/wp-json\/wp\/v2\/pages"}],"about":[{"href":"https:\/\/www.lausitzer-museenland.de\/cs\/wp-json\/wp\/v2\/types\/page"}],"author":[{"embeddable":true,"href":"https:\/\/www.lausitzer-museenland.de\/cs\/wp-json\/wp\/v2\/users\/13"}],"replies":[{"embeddable":true,"href":"https:\/\/www.lausitzer-museenland.de\/cs\/wp-json\/wp\/v2\/comments?post=410"}],"version-history":[{"count":5,"href":"https:\/\/www.lausitzer-museenland.de\/cs\/wp-json\/wp\/v2\/pages\/410\/revisions"}],"predecessor-version":[{"id":3645,"href":"https:\/\/www.lausitzer-museenland.de\/cs\/wp-json\/wp\/v2\/pages\/410\/revisions\/3645"}],"up":[{"embeddable":true,"href":"https:\/\/www.lausitzer-museenland.de\/cs\/wp-json\/wp\/v2\/pages\/380"}],"wp:attachment":[{"href":"https:\/\/www.lausitzer-museenland.de\/cs\/wp-json\/wp\/v2\/media?parent=410"}],"curies":[{"name":"wp","href":"https:\/\/api.w.org\/{rel}","templated":true}]}}