{"id":412,"date":"2014-11-12T10:57:47","date_gmt":"2014-11-12T09:57:47","guid":{"rendered":"http:\/\/lausitzer-museenland.de\/?page_id=412"},"modified":"2014-12-17T17:43:02","modified_gmt":"2014-12-17T16:43:02","slug":"sorbische-osterbraeuche","status":"publish","type":"page","link":"https:\/\/www.lausitzer-museenland.de\/cs\/sluzba\/kobi\/sorbian-eastern-brooks\/","title":{"rendered":"Lu\u017eickosrbsk\u00e9 velikono\u010dn\u00ed zvyky ve Vendon\u011bmeck\u00e9m vlastiv\u011bdn\u00e9m muzeu v J\u00e4nschwalde"},"content":{"rendered":"<p>Projektov\u00fd den je v\u011bnov\u00e1n velikono\u010dn\u00edm zvyk\u016fm lu\u017eickosrbsk\u00e9ho\/vendsk\u00e9ho obyvatelstva v Doln\u00ed Lu\u017eici. V z\u00e1vislosti na p\u0159\u00e1n\u00ed se bude malovat velikono\u010dn\u00ed vaj\u00ed\u010dka nebo se budou vyr\u00e1b\u011bt velikono\u010dn\u00ed velryby. D\u011bti mohou prok\u00e1zat svou \u0161ikovnost p\u0159i z\u00e1vodech s vaj\u00ed\u010dky a o nad\u0161en\u00ed se postar\u00e1 tak\u00e9 tradi\u010dn\u00ed velikono\u010dn\u00ed t\u00e1bor\u00e1k.<br \/>\nNab\u00eddka se kon\u00e1 v interi\u00e9ru i exteri\u00e9ru a je zam\u011b\u0159ena na.<br \/>\nP\u0159ed\u0161koln\u00ed d\u011bti a\u017e do 6. t\u0159\u00eddy.<br \/>\nTerm\u00edny: dle dohody v obdob\u00ed Velikonoc<br \/>\nP\u0159edb\u011b\u017en\u00e1 registrace: nejpozd\u011bji 2 t\u00fddny p\u0159edem<br \/>\nVelikost skupiny: 2 a\u017e 25 osob<br \/>\nVstupn\u00e9 na osobu: 1,50 \u20ac<br \/>\nP\u0159\u00edsp\u011bvek na n\u00e1klady na osobu (na materi\u00e1l atd.): dle dohody<\/p>\n<p><a title=\"Vendon\u011bmeck\u00e9 vlastiv\u011bdn\u00e9 muzeum J\u00e4nschwalde \/ Serbsko-nimski domowniski muzej Jan\u0161ojce\" href=\"\/museen\/wendisch-deutsches-heimatmuseum-jaenschwalde\/\">Vendon\u011bmeck\u00e9 vlastiv\u011bdn\u00e9 muzeum J\u00e4nschwalde<\/a><\/p>","protected":false},"excerpt":{"rendered":"<p>Projektov\u00fd den je v\u011bnov\u00e1n velikono\u010dn\u00edm zvyk\u016fm lu\u017eickosrbsk\u00e9ho\/vendsk\u00e9ho obyvatelstva v Doln\u00ed Lu\u017eici. Podle p\u0159\u00e1n\u00ed si d\u011bti samy vyzkou\u0161\u00ed malov\u00e1n\u00ed velikono\u010dn\u00edch vaj\u00ed\u010dek nebo pleten\u00ed velikono\u010dn\u00edch velryb. D\u011bti mohou prok\u00e1zat svou \u0161ikovnost p\u0159i z\u00e1vodech s vaj\u00ed\u010dky a o z\u00e1bavu se postar\u00e1 tak\u00e9 tradi\u010dn\u00ed velikono\u010dn\u00ed t\u00e1bor\u00e1k. Aktivity prob\u00edhaj\u00ed uvnit\u0159 i venku a jsou ur\u010deny d\u011btem p\u0159ed\u0161koln\u00edho v\u011bku.<\/p>","protected":false},"author":13,"featured_media":0,"parent":380,"menu_order":0,"comment_status":"closed","ping_status":"closed","template":"","meta":[],"_links":{"self":[{"href":"https:\/\/www.lausitzer-museenland.de\/cs\/wp-json\/wp\/v2\/pages\/412"}],"collection":[{"href":"https:\/\/www.lausitzer-museenland.de\/cs\/wp-json\/wp\/v2\/pages"}],"about":[{"href":"https:\/\/www.lausitzer-museenland.de\/cs\/wp-json\/wp\/v2\/types\/page"}],"author":[{"embeddable":true,"href":"https:\/\/www.lausitzer-museenland.de\/cs\/wp-json\/wp\/v2\/users\/13"}],"replies":[{"embeddable":true,"href":"https:\/\/www.lausitzer-museenland.de\/cs\/wp-json\/wp\/v2\/comments?post=412"}],"version-history":[{"count":5,"href":"https:\/\/www.lausitzer-museenland.de\/cs\/wp-json\/wp\/v2\/pages\/412\/revisions"}],"predecessor-version":[{"id":3646,"href":"https:\/\/www.lausitzer-museenland.de\/cs\/wp-json\/wp\/v2\/pages\/412\/revisions\/3646"}],"up":[{"embeddable":true,"href":"https:\/\/www.lausitzer-museenland.de\/cs\/wp-json\/wp\/v2\/pages\/380"}],"wp:attachment":[{"href":"https:\/\/www.lausitzer-museenland.de\/cs\/wp-json\/wp\/v2\/media?parent=412"}],"curies":[{"name":"wp","href":"https:\/\/api.w.org\/{rel}","templated":true}]}}