{"id":422,"date":"2014-11-12T11:07:20","date_gmt":"2014-11-12T10:07:20","guid":{"rendered":"http:\/\/lausitzer-museenland.de\/?page_id=422"},"modified":"2014-12-17T17:52:22","modified_gmt":"2014-12-17T16:52:22","slug":"ausstellung-ueber-johann-friedrich-fritze","status":"publish","type":"page","link":"https:\/\/www.lausitzer-museenland.de\/cs\/sluzba\/kobi\/vystava-o-johannu-friedrichu-fritzem\/","title":{"rendered":"V\u00fdstava o Johannu Friedrichu Fritzem v evangelick\u00e9m kostele v Kolkwitzu"},"content":{"rendered":"<p>V\u00fdstava textem, obrazem a zvukem vzd\u00e1v\u00e1 hold \u017eivotu a d\u00edlu kolkwitzsk\u00e9ho far\u00e1\u0159e, spisovatele a demografa Johanna Friedricha Fritzeho (20.9.1747 - 15.1.1819). Jako prvn\u00ed p\u0159elo\u017eil Star\u00fd z\u00e1kon do dolnolu\u017eick\u00e9 srb\u0161tiny a nechal jej vytisknout p\u0159ev\u00e1\u017en\u011b na vlastn\u00ed n\u00e1klady. V\u00fdstavu dopl\u0148uj\u00ed portr\u00e9ty v\u00fdznamn\u00fdch sou\u010dasn\u00edk\u016f. Vlevo od vchodu jsou hroby pastora Fritzese a jeho snachy Eleonory Augusty, rozen\u00e9 Elsasserov\u00e9. Origin\u00e1l n\u00e1hrobku far\u00e1\u0159e Fritzeho ve vend\u0161tin\u011b je um\u00edst\u011bn ve v\u00fdstavn\u00ed m\u00edstnosti. V kostele jsou pod prav\u00fdm ochozem dva d\u0159ev\u011bn\u00e9 panely s informacemi o historii Niedersorben \/ Wends.<\/p>\n<p>Nab\u00eddka prob\u00edh\u00e1 v interi\u00e9ru a je ur\u010dena \u017e\u00e1k\u016fm 1. a\u017e 10. t\u0159\u00eddy.<br \/>\nTerm\u00edny: dle dohody<br \/>\nP\u0159edb\u011b\u017en\u00e1 registrace: nejpozd\u011bji 2 t\u00fddny p\u0159edem<br \/>\nDoba trv\u00e1n\u00ed: p\u0159ibli\u017en\u011b 45 minut<br \/>\nVstup zdarma \/ dary jsou v\u00edt\u00e1ny<\/p>\n<p>Kostel je otev\u0159en denn\u011b, ale b\u011bhem c\u00edrkevn\u00edch akc\u00ed nen\u00ed mo\u017en\u00e9 v\u00fdstavu nav\u0161t\u00edvit.<\/p>\n<p><a title=\"Johann Friedrich Fritze V\u00fdstava - Evangelick\u00fd kostel Kolkwitz \/ Wustaje\u0144ca Jana Bjedricha Fryca\" href=\"\/museen\/johann-friedrich-fritze-ausstellung\/\">Fritzeho muzeum Evangelick\u00fd kostel Kolkwitz<\/a><\/p>","protected":false},"excerpt":{"rendered":"<p>V\u00fdstava textem, obrazem a zvukem vzd\u00e1v\u00e1 hold \u017eivotu a d\u00edlu kolkwitzsk\u00e9ho far\u00e1\u0159e, spisovatele a demografa Johanna Friedricha Fritzeho (20.9.1747 - 15.1.1819). Jako prvn\u00ed p\u0159elo\u017eil Star\u00fd z\u00e1kon do dolnolu\u017eick\u00e9 srb\u0161tiny a nechal jej vytisknout p\u0159ev\u00e1\u017en\u011b na vlastn\u00ed n\u00e1klady. Na v\u00fdstav\u011b jsou tak\u00e9 portr\u00e9ty v\u00fdznamn\u00fdch sou\u010dasn\u00edk\u016f. Vlevo vp\u0159edu<\/p>","protected":false},"author":13,"featured_media":0,"parent":380,"menu_order":0,"comment_status":"closed","ping_status":"closed","template":"","meta":[],"_links":{"self":[{"href":"https:\/\/www.lausitzer-museenland.de\/cs\/wp-json\/wp\/v2\/pages\/422"}],"collection":[{"href":"https:\/\/www.lausitzer-museenland.de\/cs\/wp-json\/wp\/v2\/pages"}],"about":[{"href":"https:\/\/www.lausitzer-museenland.de\/cs\/wp-json\/wp\/v2\/types\/page"}],"author":[{"embeddable":true,"href":"https:\/\/www.lausitzer-museenland.de\/cs\/wp-json\/wp\/v2\/users\/13"}],"replies":[{"embeddable":true,"href":"https:\/\/www.lausitzer-museenland.de\/cs\/wp-json\/wp\/v2\/comments?post=422"}],"version-history":[{"count":8,"href":"https:\/\/www.lausitzer-museenland.de\/cs\/wp-json\/wp\/v2\/pages\/422\/revisions"}],"predecessor-version":[{"id":3657,"href":"https:\/\/www.lausitzer-museenland.de\/cs\/wp-json\/wp\/v2\/pages\/422\/revisions\/3657"}],"up":[{"embeddable":true,"href":"https:\/\/www.lausitzer-museenland.de\/cs\/wp-json\/wp\/v2\/pages\/380"}],"wp:attachment":[{"href":"https:\/\/www.lausitzer-museenland.de\/cs\/wp-json\/wp\/v2\/media?parent=422"}],"curies":[{"name":"wp","href":"https:\/\/api.w.org\/{rel}","templated":true}]}}