{"id":426,"date":"2014-11-12T11:10:37","date_gmt":"2014-11-12T10:10:37","guid":{"rendered":"http:\/\/lausitzer-museenland.de\/?page_id=426"},"modified":"2014-12-17T17:54:58","modified_gmt":"2014-12-17T16:54:58","slug":"leben-frueher-und-heute","status":"publish","type":"page","link":"https:\/\/www.lausitzer-museenland.de\/cs\/sluzba\/kobi\/zivot-vetsi-a-dnesni\/","title":{"rendered":"\u017divot v minulosti a dnes v Muzeu Dolnolu\u017eick\u00e9ho v\u0159esovi\u0161t\u011b Spremberg"},"content":{"rendered":"<p>Porovn\u00e1me den, kter\u00fd pro\u017eili prad\u011bde\u010dkov\u00e9 a prababi\u010dky, s dne\u0161kem. Sezn\u00e1m\u00edte se s tehdej\u0161\u00edm skladov\u00e1n\u00edm potravin, jejich v\u00fd\u017eivou, z\u00edsk\u00e1v\u00e1n\u00edm a uchov\u00e1v\u00e1n\u00edm.<\/p>\n<p>Kr\u00e1tk\u00fd film ukazuje historick\u00e1 \u0159emesla. Historie se tak st\u00e1v\u00e1 vzru\u0161uj\u00edc\u00edm z\u00e1\u017eitkem.<br \/>\nPot\u00e9 si \"prohl\u00e9dneme\" r\u016fzn\u00e1 za\u0159\u00edzen\u00ed a n\u011bkter\u00e1 z nich si vyzkou\u0161\u00edme.<\/p>\n<p>Program prob\u00edh\u00e1 v interi\u00e9ru i exteri\u00e9ru a je ur\u010den pro \u017e\u00e1ky 1. a\u017e 6. t\u0159\u00eddy.<br \/>\nVelikost skupiny: 5 a\u017e 20 osob<br \/>\nTerm\u00edny: dle dohody<br \/>\nP\u0159edb\u011b\u017en\u00e1 registrace: nejpozd\u011bji 5 dn\u00ed p\u0159edem<br \/>\nDoba trv\u00e1n\u00ed: p\u0159ibli\u017en\u011b 1,5 hodiny<br \/>\nVstupn\u00e9 na osobu: 2,00 \u20ac<\/p>\n<p>Pozn\u00e1mky:<br \/>\nPokud je t\u0159\u00edda v\u011bt\u0161\u00ed, je nutn\u00e9 ji rozd\u011blit.<\/p>\n<div>\n<p>Proto si pros\u00edm vyhra\u010fte o 1\/2 hodiny v\u00edce \u010dasu.<\/p>\n<p><a title=\"Niederlausitzer Heidemuseum Spremberg \/ Dolno\u0142u\u017eyski g\u00f3la\u0144ski muzej Grodk\" href=\"\/museen\/niederlausitzer-heidemuseum-spremberg\/\">Muzeum Dolnolu\u017eick\u00e9ho v\u0159esovi\u0161t\u011b Spremberg<\/a><\/p>\n<\/div>","protected":false},"excerpt":{"rendered":"<p>Porovn\u00e1me den, kter\u00fd pro\u017eili prad\u011bde\u010dkov\u00e9 a prababi\u010dky, s dne\u0161kem. Dozv\u00edte se, jak se v t\u00e9 dob\u011b skladovaly potraviny, jak se krmily, obstar\u00e1valy a uchov\u00e1valy. Kr\u00e1tk\u00fd film ukazuje historick\u00e1 \u0159emesla. Historie se tak st\u00e1v\u00e1 vzru\u0161uj\u00edc\u00edm z\u00e1\u017eitkem. Pot\u00e9 budeme \"zkoumat\" r\u016fzn\u00e9 n\u00e1stroje a n\u011bkter\u00e9 z nich si vyzkou\u0161\u00edme. Program prob\u00edh\u00e1 v interi\u00e9ru a<\/p>","protected":false},"author":13,"featured_media":0,"parent":380,"menu_order":0,"comment_status":"closed","ping_status":"closed","template":"","meta":[],"_links":{"self":[{"href":"https:\/\/www.lausitzer-museenland.de\/cs\/wp-json\/wp\/v2\/pages\/426"}],"collection":[{"href":"https:\/\/www.lausitzer-museenland.de\/cs\/wp-json\/wp\/v2\/pages"}],"about":[{"href":"https:\/\/www.lausitzer-museenland.de\/cs\/wp-json\/wp\/v2\/types\/page"}],"author":[{"embeddable":true,"href":"https:\/\/www.lausitzer-museenland.de\/cs\/wp-json\/wp\/v2\/users\/13"}],"replies":[{"embeddable":true,"href":"https:\/\/www.lausitzer-museenland.de\/cs\/wp-json\/wp\/v2\/comments?post=426"}],"version-history":[{"count":6,"href":"https:\/\/www.lausitzer-museenland.de\/cs\/wp-json\/wp\/v2\/pages\/426\/revisions"}],"predecessor-version":[{"id":3661,"href":"https:\/\/www.lausitzer-museenland.de\/cs\/wp-json\/wp\/v2\/pages\/426\/revisions\/3661"}],"up":[{"embeddable":true,"href":"https:\/\/www.lausitzer-museenland.de\/cs\/wp-json\/wp\/v2\/pages\/380"}],"wp:attachment":[{"href":"https:\/\/www.lausitzer-museenland.de\/cs\/wp-json\/wp\/v2\/media?parent=426"}],"curies":[{"name":"wp","href":"https:\/\/api.w.org\/{rel}","templated":true}]}}