{"id":428,"date":"2014-11-12T11:11:51","date_gmt":"2014-11-12T10:11:51","guid":{"rendered":"http:\/\/lausitzer-museenland.de\/?page_id=428"},"modified":"2014-12-17T17:56:48","modified_gmt":"2014-12-17T16:56:48","slug":"schlossspiel","status":"publish","type":"page","link":"https:\/\/www.lausitzer-museenland.de\/cs\/sluzba\/kobi\/hra-castle-play\/","title":{"rendered":"Hradn\u00ed hra v Muzeu Dolnolu\u017eick\u00e9ho v\u0159esovi\u0161t\u011b Spremberg"},"content":{"rendered":"<p>Hra na hrad je p\u00e1trac\u00ed a orienta\u010dn\u00ed hra v muzeu. P\u0159evle\u010deni do st\u0159edov\u011bk\u00fdch kost\u00fdm\u016f se vyd\u00e1v\u00e1me hledat d\u0159\u00edve vyfotografovan\u00e9 expon\u00e1ty. Pokud je v\u0161echny najdeme, v\u010detn\u011b star\u00e9ho kl\u00ed\u010de, m\u016f\u017eeme j\u00edm truhlu otev\u0159\u00edt. O nalezen\u00fdch p\u0159edm\u011btech jsou uvedeny stru\u010dn\u00e9 informace. T\u00edmto zp\u016fsobem jsou osv\u011btleny v\u0161echny prostory domu a vysv\u011btlen \u00fa\u010del muzea.<\/p>\n<p>Podle v\u011bku \u00fa\u010dastn\u00edk\u016f je t\u0159eba \u0159e\u0161it r\u016fzn\u00e9 \u00fakoly.<\/p>\n<p>Nab\u00eddka prob\u00edh\u00e1 v interi\u00e9ru a je ur\u010dena \u017e\u00e1k\u016fm 1. a\u017e 7. t\u0159\u00eddy.<br \/>\nVelikost skupiny: 5 a\u017e 20 osob<br \/>\nTerm\u00edny: dle dohody<br \/>\nP\u0159edb\u011b\u017en\u00e1 registrace: nejpozd\u011bji 5 dn\u00ed p\u0159edem<br \/>\nDoba trv\u00e1n\u00ed: p\u0159ibli\u017en\u011b 1,5 hodiny<br \/>\nVstupn\u00e9 na osobu: 2,00 \u20ac<\/p>\n<p>Pozn\u00e1mky:<br \/>\nV p\u0159\u00edpad\u011b v\u011bt\u0161\u00edho po\u010dtu \u017e\u00e1k\u016f je nutn\u00e9 t\u0159\u00eddu rozd\u011blit. Proto si pros\u00edm vyhra\u010fte o 1\/2 hodiny v\u00edce \u010dasu.<\/p>\n<p><a title=\"Niederlausitzer Heidemuseum Spremberg \/ Dolno\u0142u\u017eyski g\u00f3la\u0144ski muzej Grodk\" href=\"\/museen\/niederlausitzer-heidemuseum-spremberg\/\">Muzeum Dolnolu\u017eick\u00e9ho v\u0159esovi\u0161t\u011b Spremberg<\/a><\/p>","protected":false},"excerpt":{"rendered":"<p>Hra na hrad je p\u00e1trac\u00ed a orienta\u010dn\u00ed hra v muzeu. P\u0159evle\u010deni do st\u0159edov\u011bk\u00fdch kost\u00fdm\u016f se vyd\u00e1v\u00e1me hledat d\u0159\u00edve vyfotografovan\u00e9 expon\u00e1ty. Pokud je v\u0161echny najdeme, v\u010detn\u011b star\u00e9ho kl\u00ed\u010de, m\u016f\u017eeme j\u00edm truhlu otev\u0159\u00edt. O nalezen\u00fdch p\u0159edm\u011btech jsou uvedeny stru\u010dn\u00e9 informace. T\u00edmto zp\u016fsobem jsou osv\u011btleny v\u0161echny prostory domu a vysv\u011btlen v\u00fdznam muzea.<\/p>","protected":false},"author":13,"featured_media":0,"parent":380,"menu_order":0,"comment_status":"closed","ping_status":"closed","template":"","meta":[],"_links":{"self":[{"href":"https:\/\/www.lausitzer-museenland.de\/cs\/wp-json\/wp\/v2\/pages\/428"}],"collection":[{"href":"https:\/\/www.lausitzer-museenland.de\/cs\/wp-json\/wp\/v2\/pages"}],"about":[{"href":"https:\/\/www.lausitzer-museenland.de\/cs\/wp-json\/wp\/v2\/types\/page"}],"author":[{"embeddable":true,"href":"https:\/\/www.lausitzer-museenland.de\/cs\/wp-json\/wp\/v2\/users\/13"}],"replies":[{"embeddable":true,"href":"https:\/\/www.lausitzer-museenland.de\/cs\/wp-json\/wp\/v2\/comments?post=428"}],"version-history":[{"count":6,"href":"https:\/\/www.lausitzer-museenland.de\/cs\/wp-json\/wp\/v2\/pages\/428\/revisions"}],"predecessor-version":[{"id":3664,"href":"https:\/\/www.lausitzer-museenland.de\/cs\/wp-json\/wp\/v2\/pages\/428\/revisions\/3664"}],"up":[{"embeddable":true,"href":"https:\/\/www.lausitzer-museenland.de\/cs\/wp-json\/wp\/v2\/pages\/380"}],"wp:attachment":[{"href":"https:\/\/www.lausitzer-museenland.de\/cs\/wp-json\/wp\/v2\/media?parent=428"}],"curies":[{"name":"wp","href":"https:\/\/api.w.org\/{rel}","templated":true}]}}