{"id":441,"date":"2014-11-12T11:20:56","date_gmt":"2014-11-12T10:20:56","guid":{"rendered":"http:\/\/lausitzer-museenland.de\/?page_id=441"},"modified":"2014-12-17T18:03:02","modified_gmt":"2014-12-17T17:03:02","slug":"fuehrung-durch-eisenhuetten-peitz","status":"publish","type":"page","link":"https:\/\/www.lausitzer-museenland.de\/cs\/sluzba\/kobi\/prohlidka-zeleznych-domu-peitz\/","title":{"rendered":"Prohl\u00eddka \u017eelez\u00e1ren a ryb\u00e1\u0159sk\u00e9ho muzea Peitz s pr\u016fvodcem"},"content":{"rendered":"<p>Historick\u00e1 \u017eelez\u00e1rna Peitz, kter\u00e1 se nach\u00e1z\u00ed p\u0159\u00edmo na Peitzsk\u00fdch rybn\u00edc\u00edch, je jednou z nejv\u00fdznamn\u011bj\u0161\u00edch technick\u00fdch pam\u00e1tek v Braniborsku. V hale vysok\u00e9 pece a sl\u00e9v\u00e1rny z roku 1810 se nach\u00e1z\u00ed \u010d\u00e1ste\u010dn\u011b funk\u010dn\u00ed sl\u00e9v\u00e1rna z prvn\u00ed poloviny 19. stolet\u00ed.<\/p>\n<p>B\u011bhem prohl\u00eddky se n\u00e1v\u0161t\u011bvn\u00edci dozv\u011bd\u00ed mnoho zaj\u00edmavost\u00ed o samotn\u00e9 sl\u00e9v\u00e1rn\u011b, historii tov\u00e1rny a regionu. Dost\u00e1vaj\u00ed tak\u00e9 zaj\u00edmav\u00e9 informace o rybolovu.<\/p>\n<p>Nab\u00eddka prob\u00edh\u00e1 v interi\u00e9ru a je ur\u010dena \u017e\u00e1k\u016fm 1. a\u017e 13. t\u0159\u00eddy.<br \/>\nTerm\u00edny: dle dohody<br \/>\nDoba trv\u00e1n\u00ed: p\u0159ibli\u017en\u011b 1 a\u017e 1,5 hodiny<br \/>\nP\u0159edb\u011b\u017en\u00e1 registrace: nejpozd\u011bji t\u00fdden p\u0159edem<br \/>\nVstupn\u00e9 na osobu: 2,00 \u20ac<\/p>\n<p><a title=\"Muzeum \u017eelez\u00e1\u0159stv\u00ed a ryb\u00e1\u0159stv\u00ed Peitz \/ Hutowy a rybarski muzej Picnjo\" href=\"\/museen\/eisenhuetten-und-fischereimuseum-peitz\/\">Peitzovy \u017eelez\u00e1rny a muzeum ryb\u00e1\u0159stv\u00ed<\/a><\/p>","protected":false},"excerpt":{"rendered":"<p>Historick\u00e1 \u017eelez\u00e1rna Peitz, kter\u00e1 se nach\u00e1z\u00ed p\u0159\u00edmo na Peitzsk\u00fdch rybn\u00edc\u00edch, je jednou z nejv\u00fdznamn\u011bj\u0161\u00edch technick\u00fdch pam\u00e1tek v Braniborsku. V hale vysok\u00e9 pece a sl\u00e9v\u00e1rny z roku 1810 se nach\u00e1z\u00ed \u010d\u00e1ste\u010dn\u011b funk\u010dn\u00ed sl\u00e9v\u00e1rna z prvn\u00ed poloviny 19. stolet\u00ed. B\u011bhem prohl\u00eddky se n\u00e1v\u0161t\u011bvn\u00edci dozv\u011bd\u00ed mnoho zaj\u00edmavost\u00ed o samotn\u00e9 sl\u00e9v\u00e1rn\u011b, historii z\u00e1vodu a regionu.<\/p>","protected":false},"author":13,"featured_media":0,"parent":380,"menu_order":0,"comment_status":"closed","ping_status":"closed","template":"","meta":[],"_links":{"self":[{"href":"https:\/\/www.lausitzer-museenland.de\/cs\/wp-json\/wp\/v2\/pages\/441"}],"collection":[{"href":"https:\/\/www.lausitzer-museenland.de\/cs\/wp-json\/wp\/v2\/pages"}],"about":[{"href":"https:\/\/www.lausitzer-museenland.de\/cs\/wp-json\/wp\/v2\/types\/page"}],"author":[{"embeddable":true,"href":"https:\/\/www.lausitzer-museenland.de\/cs\/wp-json\/wp\/v2\/users\/13"}],"replies":[{"embeddable":true,"href":"https:\/\/www.lausitzer-museenland.de\/cs\/wp-json\/wp\/v2\/comments?post=441"}],"version-history":[{"count":5,"href":"https:\/\/www.lausitzer-museenland.de\/cs\/wp-json\/wp\/v2\/pages\/441\/revisions"}],"predecessor-version":[{"id":3672,"href":"https:\/\/www.lausitzer-museenland.de\/cs\/wp-json\/wp\/v2\/pages\/441\/revisions\/3672"}],"up":[{"embeddable":true,"href":"https:\/\/www.lausitzer-museenland.de\/cs\/wp-json\/wp\/v2\/pages\/380"}],"wp:attachment":[{"href":"https:\/\/www.lausitzer-museenland.de\/cs\/wp-json\/wp\/v2\/media?parent=441"}],"curies":[{"name":"wp","href":"https:\/\/api.w.org\/{rel}","templated":true}]}}