{"id":443,"date":"2014-11-12T11:22:16","date_gmt":"2014-11-12T10:22:16","guid":{"rendered":"http:\/\/lausitzer-museenland.de\/?page_id=443"},"modified":"2014-12-17T18:04:03","modified_gmt":"2014-12-17T17:04:03","slug":"aluminiumschaugiessen","status":"publish","type":"page","link":"https:\/\/www.lausitzer-museenland.de\/cs\/sluzba\/kobi\/vystavni-odlitek-z-hliniku\/","title":{"rendered":"V\u00fdstavn\u00ed odl\u00e9v\u00e1n\u00ed hlin\u00edku ve sl\u00e9v\u00e1rn\u011b \u017eelez\u00e1ren Peitz"},"content":{"rendered":"<p>V historick\u00e9 hale vysok\u00fdch pec\u00ed Muzea \u017eelez\u00e1\u0159stv\u00ed a ryb\u00e1\u0159stv\u00ed se prov\u00e1d\u00ed p\u0159edv\u00e1d\u011bn\u00ed odl\u00e9v\u00e1n\u00ed hlin\u00edku tradi\u010dn\u00edm \"ru\u010dn\u00edm lit\u00edm\". B\u011bhem uk\u00e1zky se na\u0161im host\u016fm dostane odborn\u00e9ho v\u00fdkladu od zku\u0161en\u00e9ho form\u00ed\u0159e a odl\u00e9va\u010de.<\/p>\n<p>Nab\u00eddka prob\u00edh\u00e1 v interi\u00e9ru a je ur\u010dena \u017e\u00e1k\u016fm 5. a\u017e 13. t\u0159\u00edd.<br \/>\nTerm\u00edny: dle dohody<br \/>\nDoba trv\u00e1n\u00ed: p\u0159ibli\u017en\u011b 1 hodina<br \/>\nP\u0159edb\u011b\u017en\u00e1 registrace: nejpozd\u011bji t\u0159i t\u00fddny p\u0159edem<br \/>\nCena pro skupinu: 120,00 \u20ac<\/p>\n<p><a title=\"Muzeum \u017eelez\u00e1\u0159stv\u00ed a ryb\u00e1\u0159stv\u00ed Peitz \/ Hutowy a rybarski muzej Picnjo\" href=\"\/museen\/eisenhuetten-und-fischereimuseum-peitz\/\">Peitzovy \u017eelez\u00e1rny a muzeum ryb\u00e1\u0159stv\u00ed<\/a><\/p>","protected":false},"excerpt":{"rendered":"<p>V historick\u00e9 hale vysok\u00fdch pec\u00ed Muzea \u017eelez\u00e1\u0159stv\u00ed a ryb\u00e1\u0159stv\u00ed se prov\u00e1d\u00ed p\u0159edv\u00e1d\u011bn\u00ed odl\u00e9v\u00e1n\u00ed hlin\u00edku tradi\u010dn\u00edm \"ru\u010dn\u00edm lit\u00edm\". B\u011bhem p\u0159edv\u00e1d\u011bc\u00ed akce se host\u016fm dostane odborn\u00e9ho v\u00fdkladu od zku\u0161en\u00e9ho form\u00ed\u0159e a odl\u00e9va\u010de. Nab\u00eddka prob\u00edh\u00e1 v interi\u00e9ru a je ur\u010dena \u017e\u00e1k\u016fm 5. a\u017e 13. t\u0159\u00edd Term\u00edn: dle dohody Doba trv\u00e1n\u00ed: cca 1 hodina P\u0159edb\u011b\u017en\u00e1 registrace: nejpozd\u011bji do t\u0159\u00ed t\u00fddn\u016f.<\/p>","protected":false},"author":13,"featured_media":0,"parent":380,"menu_order":0,"comment_status":"closed","ping_status":"closed","template":"","meta":[],"_links":{"self":[{"href":"https:\/\/www.lausitzer-museenland.de\/cs\/wp-json\/wp\/v2\/pages\/443"}],"collection":[{"href":"https:\/\/www.lausitzer-museenland.de\/cs\/wp-json\/wp\/v2\/pages"}],"about":[{"href":"https:\/\/www.lausitzer-museenland.de\/cs\/wp-json\/wp\/v2\/types\/page"}],"author":[{"embeddable":true,"href":"https:\/\/www.lausitzer-museenland.de\/cs\/wp-json\/wp\/v2\/users\/13"}],"replies":[{"embeddable":true,"href":"https:\/\/www.lausitzer-museenland.de\/cs\/wp-json\/wp\/v2\/comments?post=443"}],"version-history":[{"count":6,"href":"https:\/\/www.lausitzer-museenland.de\/cs\/wp-json\/wp\/v2\/pages\/443\/revisions"}],"predecessor-version":[{"id":3673,"href":"https:\/\/www.lausitzer-museenland.de\/cs\/wp-json\/wp\/v2\/pages\/443\/revisions\/3673"}],"up":[{"embeddable":true,"href":"https:\/\/www.lausitzer-museenland.de\/cs\/wp-json\/wp\/v2\/pages\/380"}],"wp:attachment":[{"href":"https:\/\/www.lausitzer-museenland.de\/cs\/wp-json\/wp\/v2\/media?parent=443"}],"curies":[{"name":"wp","href":"https:\/\/api.w.org\/{rel}","templated":true}]}}