{"id":445,"date":"2014-11-12T11:22:45","date_gmt":"2014-11-12T10:22:45","guid":{"rendered":"http:\/\/lausitzer-museenland.de\/?page_id=445"},"modified":"2014-12-17T18:05:57","modified_gmt":"2014-12-17T17:05:57","slug":"fossilien-hautnah","status":"publish","type":"page","link":"https:\/\/www.lausitzer-museenland.de\/cs\/sluzba\/kobi\/zkameneliny-zblizka\/","title":{"rendered":"Zkamen\u011bliny zbl\u00edzka - zvl\u00e1\u0161tn\u00ed skok v \u010dase zp\u011bt do tepl\u00e9ho obdob\u00ed Eemian ve skanzenu \"Zeitsprung\" Klinge"},"content":{"rendered":"<p>Ve skanzenu je velmi zvl\u00e1\u0161tn\u00edm zp\u016fsobem zobrazen obr\u00e1zkov\u00fd sled vrstev z posledn\u00edch dvou dob ledov\u00fdch a z mezidob\u00ed eemsk\u00e9ho tepl\u00e9ho obdob\u00ed. Od roku 1891 proslavilo tuto oblast mnoho n\u00e1lez\u016f zkamen\u011blin \u017eivo\u010dich\u016f a rostlin. V pr\u016fchoz\u00ed archeologick\u00e9 pam\u00e1tce, na okru\u017en\u00ed stezce, na z\u00e1\u017eitkov\u00e9 stezce a v budov\u011b kopule m\u016f\u017eete na vlastn\u00ed k\u016f\u017ei za\u017e\u00edt historii a p\u0159en\u00e9st se do doby p\u0159ed 128 000-115 000 lety, do obdob\u00ed eemsk\u00e9ho tepl\u00e9ho obdob\u00ed. M\u016f\u017eete si prohl\u00e9dnout mnoho informa\u010dn\u00edch tabul\u00ed a ve \"Fossiliu\" - na\u0161\u00ed vykop\u00e1vkov\u00e9 d\u00edln\u011b - m\u016f\u017eete pod veden\u00edm instruktor\u016f hledat zkamen\u011bliny. Stejn\u011b jako skute\u010dn\u00ed geologov\u00e9 jsou v\u0161echny n\u00e1lezy nalepeny, identifikov\u00e1ny a ozna\u010deny ve zpr\u00e1v\u011b o vykop\u00e1vk\u00e1ch.<\/p>\n<p>Dal\u0161\u00ed informace o nab\u00eddce:<br \/>\nPo prohl\u00eddce skanzenu n\u00e1sleduje pr\u00e1ce ve \"Fossiliu\". V z\u00e1vislosti na velikosti t\u0159\u00eddy lze pracovat ve dvou a\u017e t\u0159ech skupin\u00e1ch, viz \"Dopl\u0148kov\u00e9 nab\u00eddky\" (doba trv\u00e1n\u00ed cca 2 hod.).<\/p>\n<p>Program prob\u00edh\u00e1 venku a je ur\u010den pro \u017e\u00e1ky 5. a\u017e 12. t\u0159\u00edd.<br \/>\nTerm\u00edny: po dohod\u011b od b\u0159ezna do \u0159\u00edjna od 9 do 18 hodin.<br \/>\nP\u0159edb\u011b\u017en\u00e1 registrace: nejpozd\u011bji t\u00fdden p\u0159edem<br \/>\nVstupn\u00e9 na osobu: 2,00 \u20ac<\/p>\n<p>Dopl\u0148kov\u00e9 nab\u00eddky:<br \/>\nV z\u00e1vislosti na \u00farovni t\u0159\u00eddy skl\u00e1d\u00e1n\u00ed puzzle, odl\u00e9v\u00e1n\u00ed a malov\u00e1n\u00ed zkamen\u011blin, informace o vzniku hn\u011bd\u00e9ho uhl\u00ed.<\/p>\n<p><a title=\"Skanzen &quot;Zeitsprung&quot; Klinge \/ Muzeum p\u00f3d go\u0142ym njebjom &quot;Casowy skok&quot; Klinka\" href=\"\/museen\/freilichtmuseum-zeitsprung-klinge\/\">Skanzen \"Zeitsprung\" Klinge<\/a><\/p>","protected":false},"excerpt":{"rendered":"<p>Ve skanzenu je velmi zvl\u00e1\u0161tn\u00edm zp\u016fsobem zobrazen obr\u00e1zkov\u00fd sled vrstev z posledn\u00edch dvou dob ledov\u00fdch a z mezidob\u00ed eemsk\u00e9ho tepl\u00e9ho obdob\u00ed. Od roku 1891 proslavilo tuto oblast mnoho n\u00e1lez\u016f zkamen\u011blin \u017eivo\u010dich\u016f a rostlin. V archeologick\u00e9 pam\u00e1tce, na okru\u017en\u00ed stezce, na dobrodru\u017en\u00e9 stezce a v budov\u011b kopule m\u016f\u017eete za\u017e\u00edt historii zbl\u00edzka a vr\u00e1tit se v \u010dase a\u017e do tepl\u00e9ho obdob\u00ed Eemian.<\/p>","protected":false},"author":13,"featured_media":0,"parent":380,"menu_order":0,"comment_status":"closed","ping_status":"closed","template":"","meta":[],"_links":{"self":[{"href":"https:\/\/www.lausitzer-museenland.de\/cs\/wp-json\/wp\/v2\/pages\/445"}],"collection":[{"href":"https:\/\/www.lausitzer-museenland.de\/cs\/wp-json\/wp\/v2\/pages"}],"about":[{"href":"https:\/\/www.lausitzer-museenland.de\/cs\/wp-json\/wp\/v2\/types\/page"}],"author":[{"embeddable":true,"href":"https:\/\/www.lausitzer-museenland.de\/cs\/wp-json\/wp\/v2\/users\/13"}],"replies":[{"embeddable":true,"href":"https:\/\/www.lausitzer-museenland.de\/cs\/wp-json\/wp\/v2\/comments?post=445"}],"version-history":[{"count":8,"href":"https:\/\/www.lausitzer-museenland.de\/cs\/wp-json\/wp\/v2\/pages\/445\/revisions"}],"predecessor-version":[{"id":3674,"href":"https:\/\/www.lausitzer-museenland.de\/cs\/wp-json\/wp\/v2\/pages\/445\/revisions\/3674"}],"up":[{"embeddable":true,"href":"https:\/\/www.lausitzer-museenland.de\/cs\/wp-json\/wp\/v2\/pages\/380"}],"wp:attachment":[{"href":"https:\/\/www.lausitzer-museenland.de\/cs\/wp-json\/wp\/v2\/media?parent=445"}],"curies":[{"name":"wp","href":"https:\/\/api.w.org\/{rel}","templated":true}]}}