{"id":452,"date":"2014-11-12T11:25:57","date_gmt":"2014-11-12T10:25:57","guid":{"rendered":"http:\/\/lausitzer-museenland.de\/?page_id=452"},"modified":"2014-12-17T18:07:45","modified_gmt":"2014-12-17T17:07:45","slug":"woher-wir-wissen-was-frueher-geschah","status":"publish","type":"page","link":"https:\/\/www.lausitzer-museenland.de\/cs\/sluzba\/kobi\/jak-jsme-vedeli-co-se-stalo-drive\/","title":{"rendered":"Jak v\u00edme, co se stalo v minulosti - V m\u00edstnosti historie obce Gro\u00df K\u00f6lzig"},"content":{"rendered":"<p>Sv\u011bdectv\u00ed o minulosti ukazuj\u00ed v p\u00edsemn\u00e9 podob\u011b, na fotografi\u00edch a p\u0159edm\u011btech, jak lid\u00e9 d\u0159\u00edve \u017eili a pracovali.<\/p>\n<p>Program prob\u00edh\u00e1 v interi\u00e9ru i exteri\u00e9ru a je ur\u010den pro \u017e\u00e1ky 4. a\u017e 6. t\u0159\u00eddy.<br \/>\nTerm\u00edny: dle dohody<br \/>\nP\u0159edb\u011b\u017en\u00e1 registrace: nejpozd\u011bji 5 dn\u00ed p\u0159edem<br \/>\nVelikost skupiny: 5 a\u017e 30 osob<br \/>\nVstupn\u00e9 na osobu: po dohod\u011b<\/p>\n<p><a title=\"Heimatstube Gro\u00df K\u00f6lzig \/ Domowniska \u015bpa Wjeliki K\u00f3lsk\" href=\"\/museen\/heimatstube-gross-koelzig\/\">M\u00edstnost m\u00edstn\u00ed historie Gro\u00df K\u00f6lzig<\/a><\/p>","protected":false},"excerpt":{"rendered":"<p>Sv\u011bdectv\u00ed o minulosti ukazuj\u00ed v p\u00edsemn\u00e9 podob\u011b, na fotografi\u00edch a p\u0159edm\u011btech, jak lid\u00e9 d\u0159\u00edve \u017eili a pracovali. Nab\u00eddka prob\u00edh\u00e1 v interi\u00e9ru i exteri\u00e9ru a je ur\u010dena \u017e\u00e1k\u016fm 4. a\u017e 6. t\u0159\u00edd. Term\u00edny: dle dohody P\u0159edb\u011b\u017en\u00e9 p\u0159ihl\u00e1\u0161en\u00ed: alespo\u0148 5 dn\u00ed p\u0159edem Velikost skupiny: 5 a\u017e 30 osob Vstupn\u00e9 na osobu: dle dohody Heimatstube Gro\u00df<\/p>","protected":false},"author":13,"featured_media":0,"parent":380,"menu_order":0,"comment_status":"closed","ping_status":"closed","template":"","meta":[],"_links":{"self":[{"href":"https:\/\/www.lausitzer-museenland.de\/cs\/wp-json\/wp\/v2\/pages\/452"}],"collection":[{"href":"https:\/\/www.lausitzer-museenland.de\/cs\/wp-json\/wp\/v2\/pages"}],"about":[{"href":"https:\/\/www.lausitzer-museenland.de\/cs\/wp-json\/wp\/v2\/types\/page"}],"author":[{"embeddable":true,"href":"https:\/\/www.lausitzer-museenland.de\/cs\/wp-json\/wp\/v2\/users\/13"}],"replies":[{"embeddable":true,"href":"https:\/\/www.lausitzer-museenland.de\/cs\/wp-json\/wp\/v2\/comments?post=452"}],"version-history":[{"count":5,"href":"https:\/\/www.lausitzer-museenland.de\/cs\/wp-json\/wp\/v2\/pages\/452\/revisions"}],"predecessor-version":[{"id":3676,"href":"https:\/\/www.lausitzer-museenland.de\/cs\/wp-json\/wp\/v2\/pages\/452\/revisions\/3676"}],"up":[{"embeddable":true,"href":"https:\/\/www.lausitzer-museenland.de\/cs\/wp-json\/wp\/v2\/pages\/380"}],"wp:attachment":[{"href":"https:\/\/www.lausitzer-museenland.de\/cs\/wp-json\/wp\/v2\/media?parent=452"}],"curies":[{"name":"wp","href":"https:\/\/api.w.org\/{rel}","templated":true}]}}