{"id":46503,"date":"2019-05-14T08:55:52","date_gmt":"2019-05-14T07:55:52","guid":{"rendered":"http:\/\/lausitzer-museenland.de\/?page_id=46503"},"modified":"2023-11-30T13:16:35","modified_gmt":"2023-11-30T12:16:35","slug":"museum-am-pulverturm-peitz-muzej-psi-pulbjerowem-tormje-picnjo","status":"publish","type":"page","link":"https:\/\/www.lausitzer-museenland.de\/cs\/muzea\/museum-am-pulverturm-peitz-muzej-psi-pulbjerowem-tormje-picnjo\/","title":{"rendered":"Muzeum \"Am Pulverturm\" Peitz \/ Muzej \"P\u015bi pulbjerowem tormje\" Picnjo"},"content":{"rendered":"<p><a href=\"#galerie_peitz\">Galerie<\/a> | <a href=\"#austellungen_peitz\">V\u00fdstavy<\/a> | <a href=\"#kinderangebot_peitz\">Nab\u00eddky pro d\u011bti<\/a><br \/>\n<img loading=\"lazy\" class=\"enigma_img_responsive alignnone wp-image-49564\" src=\"https:\/\/www.lausitzer-museenland.de\/wp-content\/uploads\/2019\/05\/DSC04779_skaliert.png\" alt=\" DSC04779_scaled\" width=\"402\" height=\"301\" \/><\/p>\n\n<p><strong>Prohl\u00eddka historie m\u011bsta a pevnosti Peitz<\/strong><\/p>\n<h3>Situace budovy \/ pozemku<\/h3>\n<p>Muzeum, m\u011b\u0161\u0165ansk\u00fd d\u016fm postaven\u00fd na po\u010d\u00e1tku 19. stolet\u00ed, se nach\u00e1z\u00ed v historick\u00e9m centru m\u011bsta Peitz. Tato oblast zahrnuje ter\u00e9n b\u00fdval\u00e9 citadely a b\u00fdval\u00fd p\u0159\u00edkop a val m\u011bstsk\u00e9ho opevn\u011bn\u00ed. V posledn\u00edch letech \u010dlenov\u00e9 Historick\u00e9ho spolku Peitz budovu zrekonstruovali, aby se stala pam\u00e1tkov\u011b chr\u00e1n\u011bn\u00fdm objektem, a z\u0159\u00eddili zde muzeum historie m\u011bsta a pevnosti Peitz.<\/p>\n<h3>Charakteristika<\/h3>\n<p>Prezentace je v z\u00e1sad\u011b rozd\u011blena do p\u011bti tematick\u00fdch oblast\u00ed:<\/p>\n<ul>\n<li>Doba bronzov\u00e1: N\u00e1v\u0161t\u011bvn\u00edci se dozv\u011bd\u00ed, jak \u017eili lid\u00e9 v Lu\u017eici p\u0159ed 4000 lety.<\/li>\n<li>Germ\u00e1nsk\u00e9 obdob\u00ed: M\u00e1lokdo v\u00ed, \u017ee v oblasti Lu\u017eick\u00e9 Nisy kdysi s\u00eddlil germ\u00e1nsk\u00fd kmen Burgund\u016f.<\/li>\n<li>St\u0159edov\u011bk: Host\u00e9 si zde mohou prohl\u00e9dnout, jak \u017eili lid\u00e9 v Peitzu ve st\u0159edov\u011bku a jak\u00e9 metody mu\u010den\u00ed byly v t\u00e9 dob\u011b b\u011b\u017en\u00e9.<\/li>\n<li>Str\u00e1\u017en\u00ed m\u00edstnost: Zde m\u016f\u017eete z\u00edskat zaj\u00edmav\u00e9 informace o lansquenet str\u00e1\u017enice 30let\u00e9 v\u00e1lky.<\/li>\n<li>Doba pevnosti: Z\u00e1jemci se p\u0159enesou do 16. stolet\u00ed, kdy byla v letech 1559 a\u017e 1562 postavena pevnost Peitz. Obdivovat m\u016f\u017eete model pevnosti o rozm\u011brech 2 x 2 metry z roku 1758, kter\u00fd je v\u011brn\u00fd origin\u00e1lu.<\/li>\n<\/ul>\n<h3>Speci\u00e1ln\u00ed v\u00fdstavy \/ doprovodn\u00e9 nab\u00eddky<a id=\"austellungen_peitz\"><\/a><\/h3>\n<ul>\n<li>Na po\u017e\u00e1d\u00e1n\u00ed nab\u00edz\u00edme \u0161kol\u00e1k\u016fm muzejn\u00ed vzd\u011bl\u00e1vac\u00ed programy s nejr\u016fzn\u011bj\u0161\u00edmi t\u00e9maty.<\/li>\n<li>\u010clenov\u00e9 spolku v historick\u00e9m od\u011bvu provedou sv\u00e9 hosty nap\u00ednavou a z\u00e1bavnou prohl\u00eddkou historie m\u011bsta a pevnosti Peitz.<\/li>\n<\/ul>\n<h3>Nab\u00eddky pro d\u011bti - S Kobim do muzea<a id=\"kinderangebot_peitz\"><\/a><\/h3>\n<p>Kobi - duch mal\u00e9ho domu - je v muzeu jako doma. \u017dije v ba\u010dkor\u00e1ch pod kamny. O p\u016flnoci odposlouch\u00e1v\u00e1 star\u00e9 muzejn\u00ed expon\u00e1ty, kdy\u017e vypr\u00e1v\u011bj\u00ed p\u0159\u00edb\u011bhy z minulosti. Vypr\u00e1v\u00ed tyto vzru\u0161uj\u00edc\u00ed p\u0159\u00edb\u011bhy pracovn\u00edk\u016fm muzea, kte\u0159\u00ed je pak vypr\u00e1v\u011bj\u00ed d\u011btem - p\u0159\u00edb\u011bhy ze star\u00fdch \u010das\u016f.<\/p>\n<p class=\"entry-title post-title\">Kobi nab\u00edz\u00ed: \u017e\u00e1dn\u00e9<\/p>\n<h3>Galerie<a id=\"galerie_peitz\"><\/a><\/h3>\n<p><span style=\"font-size: 10pt; color: #008000;\">Fotografie: Christoph Malcherowitz<\/span><\/p>\n<div id=\"envira-gallery-wrap-46503\" class=\"envira-gallery-wrap envira-gallery-theme-base envira-lightbox-theme-base\" itemscope itemtype=\"https:\/\/schema.org\/ImageGallery\"><div data-row-height=\"\" data-gallery-theme=\"\" id=\"envira-gallery-46503\" class=\"envira-gallery-public  envira-gallery-1-columns envira-clear enviratope envira-gallery-css-animations\" data-envira-columns=\"1\"><div id=\"envira-gallery-item-50247\" class=\"envira-gallery-item enviratope-item envira-gallery-item-1\" style=\"padding-left: 5px; padding-bottom: 10px; padding-right: 5px;\"  itemscope itemtype=\"https:\/\/schema.org\/ImageObject\"><div class=\"envira-gallery-item-inner\"><div class=\"envira-gallery-position-overlay  envira-gallery-top-left\"><\/div><div class=\"envira-gallery-position-overlay  envira-gallery-top-right\"><\/div><div class=\"envira-gallery-position-overlay  envira-gallery-bottom-left\"><\/div><div class=\"envira-gallery-position-overlay  envira-gallery-bottom-right\"><\/div><a href=\"https:\/\/www.lausitzer-museenland.de\/wp-content\/uploads\/2019\/05\/Bronzezeit.jpg\" class=\"envira-gallery-46503 envira-gallery-link\" rel=\"enviragallery46503\" title=\"Doba bronzov\u00e1\" data-envira-caption=\"Bronzezeit\" data-envira-retina=\"\" data-thumbnail=\"\"  itemprop=\"contentUrl\"><div class=\"envira-lazy\" data-test-width=\"960\" data-test-height=\"300\" style=\"padding-bottom:31.25%;\"><img id=\"envira-gallery-image-50247\" class=\"envira-gallery-image envira-gallery-image-1\" data-envira-index=\"1\" src=\"https:\/\/www.lausitzer-museenland.de\/wp-content\/uploads\/2019\/05\/Bronzezeit-1024x579.jpg\" data-envira-src=\"https:\/\/www.lausitzer-museenland.de\/wp-content\/uploads\/2019\/05\/Bronzezeit-1024x579.jpg\" data-envira-gallery-id=\"46503\" data-envira-item-id=\"50247\" data-envira-caption=\"Bronzezeit\" alt=\"\" title=\"Doba bronzov\u00e1\"  itemprop=\"thumbnailUrl\" data-envira-srcset=\"https:\/\/www.lausitzer-museenland.de\/wp-content\/uploads\/2019\/05\/Bronzezeit-1024x579.jpg 400w,https:\/\/www.lausitzer-museenland.de\/wp-content\/uploads\/2019\/05\/Bronzezeit-1024x579.jpg 2x\" srcset=\"data:image\/gif;base64,R0lGODlhAQABAIAAAP\/\/\/\/\/\/\/yH5BAEKAAEALAAAAAABAAEAAAICTAEAOw==\" \/><\/div><\/a><\/div><\/div><div id=\"envira-gallery-item-50248\" class=\"envira-gallery-item enviratope-item envira-gallery-item-2\" style=\"padding-left: 5px; padding-bottom: 10px; padding-right: 5px;\"  itemscope itemtype=\"https:\/\/schema.org\/ImageObject\"><div class=\"envira-gallery-item-inner\"><div class=\"envira-gallery-position-overlay  envira-gallery-top-left\"><\/div><div class=\"envira-gallery-position-overlay  envira-gallery-top-right\"><\/div><div class=\"envira-gallery-position-overlay  envira-gallery-bottom-left\"><\/div><div class=\"envira-gallery-position-overlay  envira-gallery-bottom-right\"><\/div><a href=\"https:\/\/www.lausitzer-museenland.de\/wp-content\/uploads\/2019\/05\/Festungszeit.jpg\" class=\"envira-gallery-46503 envira-gallery-link\" rel=\"enviragallery46503\" title=\"\u010cas pevnosti\" data-envira-caption=\"Festungszeit\" data-envira-retina=\"\" data-thumbnail=\"\"  itemprop=\"contentUrl\"><div class=\"envira-lazy\" data-test-width=\"960\" data-test-height=\"300\" style=\"padding-bottom:31.25%;\"><img id=\"envira-gallery-image-50248\" class=\"envira-gallery-image envira-gallery-image-2\" data-envira-index=\"2\" src=\"https:\/\/www.lausitzer-museenland.de\/wp-content\/uploads\/2019\/05\/Festungszeit-1024x768.jpg\" data-envira-src=\"https:\/\/www.lausitzer-museenland.de\/wp-content\/uploads\/2019\/05\/Festungszeit-1024x768.jpg\" data-envira-gallery-id=\"46503\" data-envira-item-id=\"50248\" data-envira-caption=\"Festungszeit\" alt=\"\" title=\"\u010cas pevnosti\"  itemprop=\"thumbnailUrl\" data-envira-srcset=\"https:\/\/www.lausitzer-museenland.de\/wp-content\/uploads\/2019\/05\/Festungszeit-1024x768.jpg 400w,https:\/\/www.lausitzer-museenland.de\/wp-content\/uploads\/2019\/05\/Festungszeit-1024x768.jpg 2x\" srcset=\"data:image\/gif;base64,R0lGODlhAQABAIAAAP\/\/\/\/\/\/\/yH5BAEKAAEALAAAAAABAAEAAAICTAEAOw==\" \/><\/div><\/a><\/div><\/div><div id=\"envira-gallery-item-50249\" class=\"envira-gallery-item enviratope-item envira-gallery-item-3\" style=\"padding-left: 5px; padding-bottom: 10px; padding-right: 5px;\"  itemscope itemtype=\"https:\/\/schema.org\/ImageObject\"><div class=\"envira-gallery-item-inner\"><div class=\"envira-gallery-position-overlay  envira-gallery-top-left\"><\/div><div class=\"envira-gallery-position-overlay  envira-gallery-top-right\"><\/div><div class=\"envira-gallery-position-overlay  envira-gallery-bottom-left\"><\/div><div class=\"envira-gallery-position-overlay  envira-gallery-bottom-right\"><\/div><a href=\"https:\/\/www.lausitzer-museenland.de\/wp-content\/uploads\/2019\/05\/Folterkammer1.jpg\" class=\"envira-gallery-46503 envira-gallery-link\" rel=\"enviragallery46503\" title=\"Mu\u010d\u00edrna(1)\" data-envira-caption=\"Folterkammer(1)\" data-envira-retina=\"\" data-thumbnail=\"\"  itemprop=\"contentUrl\"><div class=\"envira-lazy\" data-test-width=\"960\" data-test-height=\"300\" style=\"padding-bottom:31.25%;\"><img id=\"envira-gallery-image-50249\" class=\"envira-gallery-image envira-gallery-image-3\" data-envira-index=\"3\" src=\"https:\/\/www.lausitzer-museenland.de\/wp-content\/uploads\/2019\/05\/Folterkammer1-1024x768.jpg\" data-envira-src=\"https:\/\/www.lausitzer-museenland.de\/wp-content\/uploads\/2019\/05\/Folterkammer1-1024x768.jpg\" data-envira-gallery-id=\"46503\" data-envira-item-id=\"50249\" data-envira-caption=\"Folterkammer(1)\" alt=\"\" title=\"Mu\u010d\u00edrna(1)\"  itemprop=\"thumbnailUrl\" data-envira-srcset=\"https:\/\/www.lausitzer-museenland.de\/wp-content\/uploads\/2019\/05\/Folterkammer1-1024x768.jpg 400w,https:\/\/www.lausitzer-museenland.de\/wp-content\/uploads\/2019\/05\/Folterkammer1-1024x768.jpg 2x\" srcset=\"data:image\/gif;base64,R0lGODlhAQABAIAAAP\/\/\/\/\/\/\/yH5BAEKAAEALAAAAAABAAEAAAICTAEAOw==\" \/><\/div><\/a><\/div><\/div><div id=\"envira-gallery-item-50250\" class=\"envira-gallery-item enviratope-item envira-gallery-item-4\" style=\"padding-left: 5px; padding-bottom: 10px; padding-right: 5px;\"  itemscope itemtype=\"https:\/\/schema.org\/ImageObject\"><div class=\"envira-gallery-item-inner\"><div class=\"envira-gallery-position-overlay  envira-gallery-top-left\"><\/div><div class=\"envira-gallery-position-overlay  envira-gallery-top-right\"><\/div><div class=\"envira-gallery-position-overlay  envira-gallery-bottom-left\"><\/div><div class=\"envira-gallery-position-overlay  envira-gallery-bottom-right\"><\/div><a href=\"https:\/\/www.lausitzer-museenland.de\/wp-content\/uploads\/2019\/05\/Mittelalter.jpg\" class=\"envira-gallery-46503 envira-gallery-link\" rel=\"enviragallery46503\" title=\"St\u0159edov\u011bk\" data-envira-caption=\"Mittelalter\" data-envira-retina=\"\" data-thumbnail=\"\"  itemprop=\"contentUrl\"><div class=\"envira-lazy\" data-test-width=\"960\" data-test-height=\"300\" style=\"padding-bottom:31.25%;\"><img id=\"envira-gallery-image-50250\" class=\"envira-gallery-image envira-gallery-image-4\" data-envira-index=\"4\" src=\"https:\/\/www.lausitzer-museenland.de\/wp-content\/uploads\/2019\/05\/Mittelalter-1024x768.jpg\" data-envira-src=\"https:\/\/www.lausitzer-museenland.de\/wp-content\/uploads\/2019\/05\/Mittelalter-1024x768.jpg\" data-envira-gallery-id=\"46503\" data-envira-item-id=\"50250\" data-envira-caption=\"Mittelalter\" alt=\"\" title=\"St\u0159edov\u011bk\"  itemprop=\"thumbnailUrl\" data-envira-srcset=\"https:\/\/www.lausitzer-museenland.de\/wp-content\/uploads\/2019\/05\/Mittelalter-1024x768.jpg 400w,https:\/\/www.lausitzer-museenland.de\/wp-content\/uploads\/2019\/05\/Mittelalter-1024x768.jpg 2x\" srcset=\"data:image\/gif;base64,R0lGODlhAQABAIAAAP\/\/\/\/\/\/\/yH5BAEKAAEALAAAAAABAAEAAAICTAEAOw==\" \/><\/div><\/a><\/div><\/div><div id=\"envira-gallery-item-50251\" class=\"envira-gallery-item enviratope-item envira-gallery-item-5\" style=\"padding-left: 5px; padding-bottom: 10px; padding-right: 5px;\"  itemscope itemtype=\"https:\/\/schema.org\/ImageObject\"><div class=\"envira-gallery-item-inner\"><div class=\"envira-gallery-position-overlay  envira-gallery-top-left\"><\/div><div class=\"envira-gallery-position-overlay  envira-gallery-top-right\"><\/div><div class=\"envira-gallery-position-overlay  envira-gallery-bottom-left\"><\/div><div class=\"envira-gallery-position-overlay  envira-gallery-bottom-right\"><\/div><a href=\"https:\/\/www.lausitzer-museenland.de\/wp-content\/uploads\/2019\/05\/Wachstube.jpg\" class=\"envira-gallery-46503 envira-gallery-link\" rel=\"enviragallery46503\" title=\"Guardroom\" data-envira-caption=\"Wachstube\" data-envira-retina=\"\" data-thumbnail=\"\"  itemprop=\"contentUrl\"><div class=\"envira-lazy\" data-test-width=\"960\" data-test-height=\"300\" style=\"padding-bottom:31.25%;\"><img id=\"envira-gallery-image-50251\" class=\"envira-gallery-image envira-gallery-image-5\" data-envira-index=\"5\" src=\"https:\/\/www.lausitzer-museenland.de\/wp-content\/uploads\/2019\/05\/Wachstube-1024x768.jpg\" data-envira-src=\"https:\/\/www.lausitzer-museenland.de\/wp-content\/uploads\/2019\/05\/Wachstube-1024x768.jpg\" data-envira-gallery-id=\"46503\" data-envira-item-id=\"50251\" data-envira-caption=\"Wachstube\" alt=\"\" title=\"Guardroom\"  itemprop=\"thumbnailUrl\" data-envira-srcset=\"https:\/\/www.lausitzer-museenland.de\/wp-content\/uploads\/2019\/05\/Wachstube-1024x768.jpg 400w,https:\/\/www.lausitzer-museenland.de\/wp-content\/uploads\/2019\/05\/Wachstube-1024x768.jpg 2x\" srcset=\"data:image\/gif;base64,R0lGODlhAQABAIAAAP\/\/\/\/\/\/\/yH5BAEKAAEALAAAAAABAAEAAAICTAEAOw==\" \/><\/div><\/a><\/div><\/div><\/div><\/div><noscript><img src=\"https:\/\/www.lausitzer-museenland.de\/wp-content\/uploads\/2019\/05\/Bronzezeit.jpg\" alt=\"\" \/><img src=\"https:\/\/www.lausitzer-museenland.de\/wp-content\/uploads\/2019\/05\/Festungszeit.jpg\" alt=\"\" \/><img src=\"https:\/\/www.lausitzer-museenland.de\/wp-content\/uploads\/2019\/05\/Folterkammer1.jpg\" alt=\"\" \/><img src=\"https:\/\/www.lausitzer-museenland.de\/wp-content\/uploads\/2019\/05\/Mittelalter.jpg\" alt=\"\" \/><img src=\"https:\/\/www.lausitzer-museenland.de\/wp-content\/uploads\/2019\/05\/Wachstube.jpg\" alt=\"\" \/><\/noscript>","protected":false},"excerpt":{"rendered":"<p>Galerie | V\u00fdstavy | Nab\u00eddka pro d\u011bti Proch\u00e1zka histori\u00ed m\u011bsta a pevnosti Peitz Situace v budov\u011b \/ are\u00e1lu Muzeum, m\u011b\u0161\u0165ansk\u00fd d\u016fm postaven\u00fd na po\u010d\u00e1tku 19. stolet\u00ed, se nach\u00e1z\u00ed v historick\u00e9m centru m\u011bsta Peitz. Tato oblast zahrnuje ter\u00e9n b\u00fdval\u00e9 citadely a b\u00fdval\u00fd p\u0159\u00edkop a val m\u011bstsk\u00e9ho opevn\u011bn\u00ed. \u010clenov\u00e9 Historick\u00e9 spole\u010dnosti<\/p>","protected":false},"author":13,"featured_media":0,"parent":113,"menu_order":0,"comment_status":"closed","ping_status":"closed","template":"","meta":[],"_links":{"self":[{"href":"https:\/\/www.lausitzer-museenland.de\/cs\/wp-json\/wp\/v2\/pages\/46503"}],"collection":[{"href":"https:\/\/www.lausitzer-museenland.de\/cs\/wp-json\/wp\/v2\/pages"}],"about":[{"href":"https:\/\/www.lausitzer-museenland.de\/cs\/wp-json\/wp\/v2\/types\/page"}],"author":[{"embeddable":true,"href":"https:\/\/www.lausitzer-museenland.de\/cs\/wp-json\/wp\/v2\/users\/13"}],"replies":[{"embeddable":true,"href":"https:\/\/www.lausitzer-museenland.de\/cs\/wp-json\/wp\/v2\/comments?post=46503"}],"version-history":[{"count":21,"href":"https:\/\/www.lausitzer-museenland.de\/cs\/wp-json\/wp\/v2\/pages\/46503\/revisions"}],"predecessor-version":[{"id":53950,"href":"https:\/\/www.lausitzer-museenland.de\/cs\/wp-json\/wp\/v2\/pages\/46503\/revisions\/53950"}],"up":[{"embeddable":true,"href":"https:\/\/www.lausitzer-museenland.de\/cs\/wp-json\/wp\/v2\/pages\/113"}],"wp:attachment":[{"href":"https:\/\/www.lausitzer-museenland.de\/cs\/wp-json\/wp\/v2\/media?parent=46503"}],"curies":[{"name":"wp","href":"https:\/\/api.w.org\/{rel}","templated":true}]}}