{"id":469,"date":"2014-11-12T11:38:27","date_gmt":"2014-11-12T10:38:27","guid":{"rendered":"http:\/\/lausitzer-museenland.de\/?page_id=469"},"modified":"2017-09-26T12:49:56","modified_gmt":"2017-09-26T11:49:56","slug":"kunsthandwerk-und-dorfgeschichte","status":"publish","type":"page","link":"https:\/\/www.lausitzer-museenland.de\/cs\/sluzba\/kobi\/remesla-a-historie-vesnice\/","title":{"rendered":"Um\u011bleck\u00e1 \u0159emesla a historie obce v muzeu Klein K\u00f6lzig"},"content":{"rendered":"<p>V m\u00edstnosti historie jsou shrom\u00e1\u017ed\u011bny expon\u00e1ty, dokumenty a fotografie o historii obce, o \u017eivot\u011b v obci a jej\u00edch spolc\u00edch, o hornictv\u00ed, o ciheln\u011b Klein K\u00f6lziger a o m\u00edstn\u00edm \u0159emesln\u00edkovi (\u0159ezb\u00e1\u0159i Karlu Gierscherovi).<\/p>\n<p>Nab\u00eddka prob\u00edh\u00e1 v interi\u00e9ru a je ur\u010dena \u017e\u00e1k\u016fm 1. a\u017e 10. t\u0159\u00eddy.<br \/>\nTerm\u00edny: dle dohody<br \/>\nP\u0159edb\u011b\u017en\u00e1 registrace: nejpozd\u011bji 2 t\u00fddny p\u0159edem<\/p>\n<p><a href=\"http:\/\/www.ziegeleibahn-klein-koelzig.de\" target=\"_blank\">M\u00edstnost m\u00edstn\u00ed historie Klein K\u00f6lzig<\/a><\/p>","protected":false},"excerpt":{"rendered":"<p>V historick\u00e9 m\u00edstnosti jsou shrom\u00e1\u017ed\u011bny expon\u00e1ty, dokumenty a fotografie o historii obce, \u017eivot\u011b v obci a jej\u00edch spolc\u00edch, hornictv\u00ed, ciheln\u011b Klein K\u00f6lziger a m\u00edstn\u00edm \u0159emesln\u00edkovi (\u0159ezb\u00e1\u0159 Karl Gierscher). Program prob\u00edh\u00e1 v interi\u00e9ru a je ur\u010den pro \u017e\u00e1ky 1. a\u017e 10. t\u0159\u00eddy. Term\u00edny: dle dohody P\u0159edb\u011b\u017en\u00e1 registrace: alespo\u0148 2 t\u00fddny p\u0159edem M\u00edstn\u00ed historick\u00e1 kancel\u00e1\u0159<\/p>","protected":false},"author":13,"featured_media":0,"parent":380,"menu_order":0,"comment_status":"closed","ping_status":"closed","template":"","meta":[],"_links":{"self":[{"href":"https:\/\/www.lausitzer-museenland.de\/cs\/wp-json\/wp\/v2\/pages\/469"}],"collection":[{"href":"https:\/\/www.lausitzer-museenland.de\/cs\/wp-json\/wp\/v2\/pages"}],"about":[{"href":"https:\/\/www.lausitzer-museenland.de\/cs\/wp-json\/wp\/v2\/types\/page"}],"author":[{"embeddable":true,"href":"https:\/\/www.lausitzer-museenland.de\/cs\/wp-json\/wp\/v2\/users\/13"}],"replies":[{"embeddable":true,"href":"https:\/\/www.lausitzer-museenland.de\/cs\/wp-json\/wp\/v2\/comments?post=469"}],"version-history":[{"count":7,"href":"https:\/\/www.lausitzer-museenland.de\/cs\/wp-json\/wp\/v2\/pages\/469\/revisions"}],"predecessor-version":[{"id":13284,"href":"https:\/\/www.lausitzer-museenland.de\/cs\/wp-json\/wp\/v2\/pages\/469\/revisions\/13284"}],"up":[{"embeddable":true,"href":"https:\/\/www.lausitzer-museenland.de\/cs\/wp-json\/wp\/v2\/pages\/380"}],"wp:attachment":[{"href":"https:\/\/www.lausitzer-museenland.de\/cs\/wp-json\/wp\/v2\/media?parent=469"}],"curies":[{"name":"wp","href":"https:\/\/api.w.org\/{rel}","templated":true}]}}