{"id":471,"date":"2014-11-12T11:40:51","date_gmt":"2014-11-12T10:40:51","guid":{"rendered":"http:\/\/lausitzer-museenland.de\/?page_id=471"},"modified":"2020-02-06T14:35:47","modified_gmt":"2020-02-06T13:35:47","slug":"auf-den-spuren-lausitzer-ziegel-und-feldbahnen","status":"publish","type":"page","link":"https:\/\/www.lausitzer-museenland.de\/cs\/sluzba\/kobi\/na-kolejich-lausitzske-cihelni-a-polni-zeleznice\/","title":{"rendered":"Po stop\u00e1ch lu\u017eick\u00fdch cihel a lehk\u00e9 \u017eeleznice ve \"star\u00e9 ciheln\u011b\" Klein K\u00f6lzig"},"content":{"rendered":"<p>Tradice p\u00e1len\u00ed cihel v Klein K\u00f6lzigu sah\u00e1 hluboko do 19. stolet\u00ed. Pot\u00e9, co od roku 1840 vznikaly prvn\u00ed mal\u00e9 soukrom\u00e9 cihelny, postavila akciov\u00e1 spole\u010dnost Gro\u00dfer Kurf\u00fcrst Berlin v letech 1892\/94 v Klein K\u00f6lzigu cihelnu, jej\u00edm\u017e st\u0159edobodem byla kruhov\u00e1 pec s 18 vypalovac\u00edmi komorami. V roce 1920 byla zprovozn\u011bna lehk\u00e1 \u017eeleznice pro p\u0159epravu hl\u00edny o d\u00e9lce 4,5 km. N\u00e1v\u0161t\u011bvn\u00edci se mohou t\u011b\u0161it na jedinou cihelnu s kompletn\u011b zachovalou kruhovou pec\u00ed v regionu. B\u011bhem prohl\u00eddky objektu je mo\u017en\u00e9 nahl\u00e9dnout do v\u00fdrobn\u00edch proces\u016f poznamenan\u00fdch t\u011b\u017ekou ru\u010dn\u00ed prac\u00ed a mimo jin\u00e9 je odhaleno tajemstv\u00ed, pro\u010d budova p\u0159e\u017eila t\u011b\u017ek\u00e9 obdob\u00ed po ukon\u010den\u00ed v\u00fdroby. Na z\u00e1v\u011br se m\u016f\u017eete sv\u00e9zt lehkou \u017eeleznic\u00ed na okru\u017en\u00ed trase.<\/p>\n<p>Program prob\u00edh\u00e1 v interi\u00e9ru i exteri\u00e9ru a je ur\u010den pro \u017e\u00e1ky 4. a\u017e 12. t\u0159\u00edd.<br \/>\nTerm\u00edny: Od pond\u011bl\u00ed do ned\u011ble po dohod\u011b<br \/>\nP\u0159edb\u011b\u017en\u00e1 registrace: nejpozd\u011bji 1 t\u00fdden p\u0159edem<br \/>\nDoba trv\u00e1n\u00ed: p\u0159ibli\u017en\u011b 1,5 hodiny<br \/>\nVelikost skupiny: 10 a\u017e 25 osob<br \/>\nVstupn\u00e9 na osobu: 3,50 \u20ac<br \/>\nSkupinov\u00e9 ceny na individu\u00e1ln\u00ed \u017e\u00e1dost<br \/>\nJ\u00edzda po \u017eeleznici v ciheln\u011b:<br \/>\nza d\u00edt\u011b: 1,50 \u20ac, za dosp\u011bl\u00e9ho: 3,00 \u20ac<\/p>\n<p><a href=\"http:\/\/www.ziegeleibahn-klein-koelzig.de\" target=\"_blank\" rel=\"noopener noreferrer\">M\u00edstnost m\u00edstn\u00ed historie Klein K\u00f6lzig<\/a><\/p>","protected":false},"excerpt":{"rendered":"<p>Tradice p\u00e1len\u00ed cihel v Klein K\u00f6lzigu sah\u00e1 hluboko do 19. stolet\u00ed. Pot\u00e9, co od roku 1840 vznikaly prvn\u00ed mal\u00e9 soukrom\u00e9 cihelny, postavila akciov\u00e1 spole\u010dnost Gro\u00dfer Kurf\u00fcrst Berlin v letech 1892\/94 v Klein K\u00f6lzigu cihelnu, jej\u00edm\u017e st\u0159edobodem byla kruhov\u00e1 pec s 18 vypalovac\u00edmi komorami. V roce 1920 byla zprovozn\u011bna lehk\u00e1 \u017eeleznice pro p\u0159epravu hl\u00edny, kter\u00e1 byla<\/p>","protected":false},"author":13,"featured_media":0,"parent":380,"menu_order":0,"comment_status":"closed","ping_status":"closed","template":"","meta":[],"_links":{"self":[{"href":"https:\/\/www.lausitzer-museenland.de\/cs\/wp-json\/wp\/v2\/pages\/471"}],"collection":[{"href":"https:\/\/www.lausitzer-museenland.de\/cs\/wp-json\/wp\/v2\/pages"}],"about":[{"href":"https:\/\/www.lausitzer-museenland.de\/cs\/wp-json\/wp\/v2\/types\/page"}],"author":[{"embeddable":true,"href":"https:\/\/www.lausitzer-museenland.de\/cs\/wp-json\/wp\/v2\/users\/13"}],"replies":[{"embeddable":true,"href":"https:\/\/www.lausitzer-museenland.de\/cs\/wp-json\/wp\/v2\/comments?post=471"}],"version-history":[{"count":10,"href":"https:\/\/www.lausitzer-museenland.de\/cs\/wp-json\/wp\/v2\/pages\/471\/revisions"}],"predecessor-version":[{"id":52777,"href":"https:\/\/www.lausitzer-museenland.de\/cs\/wp-json\/wp\/v2\/pages\/471\/revisions\/52777"}],"up":[{"embeddable":true,"href":"https:\/\/www.lausitzer-museenland.de\/cs\/wp-json\/wp\/v2\/pages\/380"}],"wp:attachment":[{"href":"https:\/\/www.lausitzer-museenland.de\/cs\/wp-json\/wp\/v2\/media?parent=471"}],"curies":[{"name":"wp","href":"https:\/\/api.w.org\/{rel}","templated":true}]}}