{"id":481,"date":"2014-11-12T11:49:06","date_gmt":"2014-11-12T10:49:06","guid":{"rendered":"http:\/\/lausitzer-museenland.de\/?page_id=481"},"modified":"2018-08-16T09:21:17","modified_gmt":"2018-08-16T08:21:17","slug":"geschichten-um-den-suessen-brei","status":"publish","type":"page","link":"https:\/\/www.lausitzer-museenland.de\/cs\/sluzba\/kobi\/stories-about-suessen-brei\/","title":{"rendered":"P\u0159\u00edb\u011bhy kolem sladk\u00e9 ka\u0161e - Va\u0159en\u00ed a vypr\u00e1v\u011bn\u00ed poh\u00e1dek v Muzeu m\u00edstn\u00ed historie v Dissenu"},"content":{"rendered":"<p>\"Kdysi d\u00e1vno v Africe... Guenoni zasadili fazole a cht\u011bli je sklidit, aby si uva\u0159ili ka\u0161i. Ale...\" Cht\u011bli byste v\u011bd\u011bt, co bude n\u00e1sledovat? Pak n\u00e1s nav\u0161tivte v Muzeu m\u00edstn\u00ed historie v Dissenu a poj\u010fme se pono\u0159it do poh\u00e1dek z cel\u00e9ho sv\u011bta, kter\u00e9 se t\u00fdkaj\u00ed j\u00eddla. Spole\u010dn\u011b uva\u0159\u00edme sladkou ka\u0161i, a zat\u00edmco se proso bude va\u0159it na plotn\u011b, Bernd Pittkunings bude vypr\u00e1v\u011bt p\u0159\u00edb\u011bhy a poh\u00e1dky o j\u00eddle z minulosti i sou\u010dasnosti.<\/p>\n<p>Nab\u00eddka prob\u00edh\u00e1 v interi\u00e9ru a je ur\u010dena d\u011btem p\u0159ed\u0161koln\u00edho v\u011bku a\u017e do 7. t\u0159\u00eddy.<br \/>\nTerm\u00edny: po dohod\u011b od pond\u011bl\u00ed do p\u00e1tku<br \/>\nP\u0159edb\u011b\u017en\u00e1 registrace: nejpozd\u011bji 2 t\u00fddny p\u0159edem<br \/>\nDoba trv\u00e1n\u00ed: 1,5 a\u017e 2 hodiny<br \/>\nVelikost skupiny: 6 a\u017e 30 osob<\/p>\n<p>Po dohod\u011b lze r\u016fzn\u00e9 nab\u00eddky m\u00edstn\u00edho historick\u00e9ho muzea vz\u00e1jemn\u011b kombinovat.<\/p>\n<p><a title=\"Heimatmuseum Dissen \/ Domowniski muzej De\u0161no\" href=\"\/museen\/heimatmuseum-dissen\/\">Muzeum m\u00edstn\u00ed historie Dissen<\/a><\/p>","protected":false},"excerpt":{"rendered":"<p>\"Kdysi d\u00e1vno v Africe... Guenoni zasadili fazole a cht\u011bli je sklidit, aby si uva\u0159ili ka\u0161i. Ale...\" Cht\u011bli byste v\u011bd\u011bt, co bude n\u00e1sledovat? Pak n\u00e1s nav\u0161tivte v Muzeu m\u00edstn\u00ed historie v Dissenu a poj\u010fme se pono\u0159it do poh\u00e1dek z cel\u00e9ho sv\u011bta, kter\u00e9 se to\u010d\u00ed kolem j\u00eddla. Va\u0159\u00edme spole\u010dn\u011b<\/p>","protected":false},"author":13,"featured_media":0,"parent":380,"menu_order":0,"comment_status":"closed","ping_status":"closed","template":"","meta":[],"_links":{"self":[{"href":"https:\/\/www.lausitzer-museenland.de\/cs\/wp-json\/wp\/v2\/pages\/481"}],"collection":[{"href":"https:\/\/www.lausitzer-museenland.de\/cs\/wp-json\/wp\/v2\/pages"}],"about":[{"href":"https:\/\/www.lausitzer-museenland.de\/cs\/wp-json\/wp\/v2\/types\/page"}],"author":[{"embeddable":true,"href":"https:\/\/www.lausitzer-museenland.de\/cs\/wp-json\/wp\/v2\/users\/13"}],"replies":[{"embeddable":true,"href":"https:\/\/www.lausitzer-museenland.de\/cs\/wp-json\/wp\/v2\/comments?post=481"}],"version-history":[{"count":8,"href":"https:\/\/www.lausitzer-museenland.de\/cs\/wp-json\/wp\/v2\/pages\/481\/revisions"}],"predecessor-version":[{"id":24853,"href":"https:\/\/www.lausitzer-museenland.de\/cs\/wp-json\/wp\/v2\/pages\/481\/revisions\/24853"}],"up":[{"embeddable":true,"href":"https:\/\/www.lausitzer-museenland.de\/cs\/wp-json\/wp\/v2\/pages\/380"}],"wp:attachment":[{"href":"https:\/\/www.lausitzer-museenland.de\/cs\/wp-json\/wp\/v2\/media?parent=481"}],"curies":[{"name":"wp","href":"https:\/\/api.w.org\/{rel}","templated":true}]}}