{"id":488,"date":"2014-11-12T11:52:33","date_gmt":"2014-11-12T10:52:33","guid":{"rendered":"http:\/\/lausitzer-museenland.de\/?page_id=488"},"modified":"2018-08-16T09:23:15","modified_gmt":"2018-08-16T08:23:15","slug":"bratapfel-und-maerchen-im-museum","status":"publish","type":"page","link":"https:\/\/www.lausitzer-museenland.de\/cs\/sluzba\/kobi\/pecena-jablka-a-burcak-v-muzeu\/","title":{"rendered":"\u010cas pe\u010den\u00fdch jablek - Pe\u010den\u00e1 jablka a poh\u00e1dky v Muzeu m\u00edstn\u00ed historie v Dissenu"},"content":{"rendered":"<p>Podzimn\u00ed a v\u00e1no\u010dn\u00ed nab\u00eddka muzea: op\u011bt se ozve d\u011btsk\u00fd sm\u00edch, proto\u017ee je \u010das pe\u010den\u00fdch jablek. D\u011bti si napln\u00ed vlastn\u00ed jablko o\u0159echy, dom\u00e1c\u00edm d\u017eemem a sult\u00e1nkami. Zat\u00edmco se jablko 40 minut pe\u010de v troub\u011b, Bernd Pittkunings vypr\u00e1v\u00ed poh\u00e1dky a zp\u00edv\u00e1 p\u00edsni\u010dky o j\u00eddle. Pot\u00e9 mohou d\u011bti kone\u010dn\u011b ochutnat, jak chutn\u00e1 pe\u010den\u00e9 jablko.<\/p>\n<p>Nab\u00eddka prob\u00edh\u00e1 v interi\u00e9ru a je ur\u010dena d\u011btem p\u0159ed\u0161koln\u00edho v\u011bku a\u017e do 7. t\u0159\u00eddy.<br \/>\nTerm\u00edny: od \u0159\u00edjna do \u00fanora po dohod\u011b od pond\u011bl\u00ed do p\u00e1tku<br \/>\nP\u0159edb\u011b\u017en\u00e1 registrace: nejpozd\u011bji 2 t\u00fddny p\u0159edem<br \/>\nVelikost skupiny: 6 a\u017e 30 osob<\/p>\n<p>Po dohod\u011b lze r\u016fzn\u00e9 nab\u00eddky m\u00edstn\u00edho historick\u00e9ho muzea vz\u00e1jemn\u011b kombinovat.<\/p>\n<p><a title=\"Heimatmuseum Dissen \/ Domowniski muzej De\u0161no\" href=\"\/museen\/heimatmuseum-dissen\/\">Muzeum m\u00edstn\u00ed historie Dissen<\/a><\/p>","protected":false},"excerpt":{"rendered":"<p>Podzimn\u00ed a v\u00e1no\u010dn\u00ed nab\u00eddka muzea: op\u011bt se ozve d\u011btsk\u00fd sm\u00edch, proto\u017ee je \u010das pe\u010den\u00fdch jablek. D\u011bti si napln\u00ed vlastn\u00ed jablko o\u0159echy, dom\u00e1c\u00edm d\u017eemem a sult\u00e1nkami. Zat\u00edmco se jablko 40 minut pe\u010de v troub\u011b, Bernd Pittkunings vypr\u00e1v\u00ed poh\u00e1dky a zp\u00edv\u00e1 p\u00edsni\u010dky o j\u00eddle. Pot\u00e9 mohou d\u011bti kone\u010dn\u011b ochutnat, jak vypad\u00e1<\/p>","protected":false},"author":13,"featured_media":0,"parent":380,"menu_order":0,"comment_status":"closed","ping_status":"closed","template":"","meta":[],"_links":{"self":[{"href":"https:\/\/www.lausitzer-museenland.de\/cs\/wp-json\/wp\/v2\/pages\/488"}],"collection":[{"href":"https:\/\/www.lausitzer-museenland.de\/cs\/wp-json\/wp\/v2\/pages"}],"about":[{"href":"https:\/\/www.lausitzer-museenland.de\/cs\/wp-json\/wp\/v2\/types\/page"}],"author":[{"embeddable":true,"href":"https:\/\/www.lausitzer-museenland.de\/cs\/wp-json\/wp\/v2\/users\/13"}],"replies":[{"embeddable":true,"href":"https:\/\/www.lausitzer-museenland.de\/cs\/wp-json\/wp\/v2\/comments?post=488"}],"version-history":[{"count":7,"href":"https:\/\/www.lausitzer-museenland.de\/cs\/wp-json\/wp\/v2\/pages\/488\/revisions"}],"predecessor-version":[{"id":25187,"href":"https:\/\/www.lausitzer-museenland.de\/cs\/wp-json\/wp\/v2\/pages\/488\/revisions\/25187"}],"up":[{"embeddable":true,"href":"https:\/\/www.lausitzer-museenland.de\/cs\/wp-json\/wp\/v2\/pages\/380"}],"wp:attachment":[{"href":"https:\/\/www.lausitzer-museenland.de\/cs\/wp-json\/wp\/v2\/media?parent=488"}],"curies":[{"name":"wp","href":"https:\/\/api.w.org\/{rel}","templated":true}]}}