{"id":490,"date":"2014-11-12T11:53:03","date_gmt":"2014-11-12T10:53:03","guid":{"rendered":"http:\/\/lausitzer-museenland.de\/?page_id=490"},"modified":"2018-08-16T09:24:55","modified_gmt":"2018-08-16T08:24:55","slug":"sbasteln-und-maerchen-erzaehlen-im-museum","status":"publish","type":"page","link":"https:\/\/www.lausitzer-museenland.de\/cs\/sluzba\/kobi\/s-remeslo-a-vypraveni-v-muzeu\/","title":{"rendered":"Sn\u011bhov\u00e9 hv\u011bzdi\u010dky - Sn\u0115\u017eynka - \u0158emesla a poh\u00e1dky v M\u00edstn\u00edm historick\u00e9m muzeu Dissen"},"content":{"rendered":"<p>P\u0159edv\u00e1no\u010dn\u00ed obdob\u00ed je tak\u00e9 tajemn\u00e9 a mystick\u00e9. Proto\u017ee je sn\u011bhu m\u00e1lo, mohou si d\u011bti pomoc\u00ed n\u016f\u017eek a pap\u00edru vytvo\u0159it vlastn\u00ed kr\u00e1sn\u00e9 sn\u011bhov\u00e9 hv\u011bzdy na okno nebo na v\u00e1no\u010dn\u00ed p\u0159\u00e1n\u00ed. Po usilovn\u00e9m st\u0159\u00edh\u00e1n\u00ed a lepen\u00ed svede lu\u017eickosrbsk\u00e1 sn\u011bhov\u00e1 vlo\u010dka \"Sn\u011bhurka\", kterou hraje Bernd Pittkunings, v\u0161echny d\u011bti do sv\u011bta poh\u00e1dek a legend.<\/p>\n<p>Nab\u00eddka prob\u00edh\u00e1 v interi\u00e9ru a je ur\u010dena d\u011btem p\u0159ed\u0161koln\u00edho v\u011bku a\u017e do 7. t\u0159\u00eddy.<br \/>\nTerm\u00edny: od \u0159\u00edjna do ledna po dohod\u011b od pond\u011bl\u00ed do p\u00e1tku<br \/>\nP\u0159edb\u011b\u017en\u00e1 registrace: nejpozd\u011bji 2 t\u00fddny p\u0159edem<br \/>\nDoba trv\u00e1n\u00ed: p\u0159ibli\u017en\u011b 1,5 hodiny<br \/>\nVelikost skupiny: 6 a\u017e 30 osob<\/p>\n<p>Po dohod\u011b lze r\u016fzn\u00e9 nab\u00eddky m\u00edstn\u00edho historick\u00e9ho muzea vz\u00e1jemn\u011b kombinovat.<\/p>\n<p><a title=\"Heimatmuseum Dissen \/ Domowniski muzej De\u0161no\" href=\"\/museen\/heimatmuseum-dissen\/\">Muzeum m\u00edstn\u00ed historie Dissen<\/a><\/p>","protected":false},"excerpt":{"rendered":"<p>P\u0159edv\u00e1no\u010dn\u00ed obdob\u00ed je tak\u00e9 tajemn\u00e9 a mystick\u00e9. Proto\u017ee je sn\u011bhu m\u00e1lo, mohou si d\u011bti pomoc\u00ed n\u016f\u017eek a pap\u00edru vytvo\u0159it vlastn\u00ed kr\u00e1sn\u00e9 sn\u011bhov\u00e9 hv\u011bzdy na okno nebo na v\u00e1no\u010dn\u00ed p\u0159\u00e1n\u00ed. Po usilovn\u00e9m st\u0159\u00edh\u00e1n\u00ed a lepen\u00ed svede lu\u017eickosrbsk\u00e1 sn\u011bhov\u00e1 vlo\u010dka \"Sn\u011bhurka\", kterou hraje Bernd Pittkunings, v\u0161echny d\u011bti do sv\u011bta poh\u00e1dek a legend.<\/p>","protected":false},"author":13,"featured_media":0,"parent":380,"menu_order":0,"comment_status":"closed","ping_status":"closed","template":"","meta":[],"_links":{"self":[{"href":"https:\/\/www.lausitzer-museenland.de\/cs\/wp-json\/wp\/v2\/pages\/490"}],"collection":[{"href":"https:\/\/www.lausitzer-museenland.de\/cs\/wp-json\/wp\/v2\/pages"}],"about":[{"href":"https:\/\/www.lausitzer-museenland.de\/cs\/wp-json\/wp\/v2\/types\/page"}],"author":[{"embeddable":true,"href":"https:\/\/www.lausitzer-museenland.de\/cs\/wp-json\/wp\/v2\/users\/13"}],"replies":[{"embeddable":true,"href":"https:\/\/www.lausitzer-museenland.de\/cs\/wp-json\/wp\/v2\/comments?post=490"}],"version-history":[{"count":9,"href":"https:\/\/www.lausitzer-museenland.de\/cs\/wp-json\/wp\/v2\/pages\/490\/revisions"}],"predecessor-version":[{"id":25355,"href":"https:\/\/www.lausitzer-museenland.de\/cs\/wp-json\/wp\/v2\/pages\/490\/revisions\/25355"}],"up":[{"embeddable":true,"href":"https:\/\/www.lausitzer-museenland.de\/cs\/wp-json\/wp\/v2\/pages\/380"}],"wp:attachment":[{"href":"https:\/\/www.lausitzer-museenland.de\/cs\/wp-json\/wp\/v2\/media?parent=490"}],"curies":[{"name":"wp","href":"https:\/\/api.w.org\/{rel}","templated":true}]}}