{"id":495,"date":"2014-11-12T11:56:12","date_gmt":"2014-11-12T10:56:12","guid":{"rendered":"http:\/\/lausitzer-museenland.de\/?page_id=495"},"modified":"2020-07-17T10:55:10","modified_gmt":"2020-07-17T08:55:10","slug":"begegnung-mit-dem-alten-volk","status":"publish","type":"page","link":"https:\/\/www.lausitzer-museenland.de\/cs\/sluzba\/kobi\/setkani-se-starymi-lidmi\/","title":{"rendered":"\"Star\u00fd Lud - setk\u00e1n\u00ed s d\u00e1vn\u00fdmi lidmi\" - cesta do 10.\/11. stolet\u00ed v Muzeu m\u00edstn\u00ed historie v Dissenu."},"content":{"rendered":"<p>\" Star\u00fd lid - Setk\u00e1n\u00ed s d\u00e1vn\u00fdmi lidmi\" - slovansk\u00e1 cesta \u010dasem do 10.\/11. stolet\u00ed. Sezn\u00e1men\u00ed s ranou histori\u00ed os\u00eddlen\u00ed Lu\u017eick\u00fdch Srb\u016f\/Wend\u016f a jejich od\u011bvem v ran\u00e9m st\u0159edov\u011bku. V r\u00e1mci projekt\u016f mohou \u017e\u00e1ci sami pochopit, jak mohl vypadat \u017eivot v 10.\/11. stolet\u00ed.<br \/>\nStudenti si vyb\u00edraj\u00ed ze 3 projektov\u00fdch nab\u00eddek:<br \/>\n1. kovov\u00e9 \u0159emeslo a rozd\u011bl\u00e1v\u00e1n\u00ed ohn\u011b,<br \/>\n2. kuchyn\u011b a v\u00fd\u017eiva<br \/>\n3. od ovc\u00ed po oble\u010den\u00ed,<br \/>\nve kter\u00e9m budou pracovat.<\/p>\n<div>\nRealizace cel\u00e9ho projektu: 10 min. kr\u00e1tk\u00fd \u00favod do slovansk\u00fdch d\u011bjin (pro v\u0161echny \u017e\u00e1ky), 15 min. sezn\u00e1men\u00ed s od\u00edv\u00e1n\u00edm v ran\u00e9m st\u0159edov\u011bku (mal\u00e1 uk\u00e1zka pro v\u0161echny \u017e\u00e1ky), n\u00e1sleduje skupinov\u00e1 pr\u00e1ce ve 3 projektech, z\u00e1v\u011br spole\u010dn\u00e9 j\u00eddlo pro v\u0161echny \u017e\u00e1ky s ingrediencemi st\u0159edov\u011bku.<\/p>\n<p>Program prob\u00edh\u00e1 venku a je ur\u010den pro \u017e\u00e1ky 3. a\u017e 12. t\u0159\u00eddy.<br \/>\nNezapome\u0148te si vz\u00edt vhodn\u00e9 oble\u010den\u00ed!<br \/>\nTerm\u00edny: dle dohody<br \/>\nP\u0159edb\u011b\u017en\u00e1 registrace: alespo\u0148 3 t\u00fddny p\u0159edem<br \/>\nDoba trv\u00e1n\u00ed: 4 lekce + 30 minut sva\u010dina<br \/>\nVelikost skupiny: 6 a\u017e 20 osob<\/p>\n<p><a title=\"Heimatmuseum Dissen \/ Domowniski muzej De\u0161no\" href=\"\/museen\/heimatmuseum-dissen\/\">Muzeum m\u00edstn\u00ed historie Dissen<\/a><\/p>\n<\/div>","protected":false},"excerpt":{"rendered":"<p>\" Star\u00fd lid - Setk\u00e1n\u00ed s d\u00e1vn\u00fdmi lidmi\" - slovansk\u00e1 cesta \u010dasem do 10.\/11. stolet\u00ed. Sezn\u00e1men\u00ed s ranou histori\u00ed os\u00eddlen\u00ed Lu\u017eick\u00fdch Srb\u016f\/Wend\u016f a jejich od\u011bvem v ran\u00e9m st\u0159edov\u011bku. V r\u00e1mci projekt\u016f mohou \u017e\u00e1ci sami pochopit, jak mohl vypadat \u017eivot v 10.\/11. stolet\u00ed. \u017d\u00e1ci si vyb\u00edraj\u00ed ze 3 projektov\u00fdch nab\u00eddek: 1.<\/p>","protected":false},"author":13,"featured_media":0,"parent":380,"menu_order":0,"comment_status":"closed","ping_status":"closed","template":"","meta":[],"_links":{"self":[{"href":"https:\/\/www.lausitzer-museenland.de\/cs\/wp-json\/wp\/v2\/pages\/495"}],"collection":[{"href":"https:\/\/www.lausitzer-museenland.de\/cs\/wp-json\/wp\/v2\/pages"}],"about":[{"href":"https:\/\/www.lausitzer-museenland.de\/cs\/wp-json\/wp\/v2\/types\/page"}],"author":[{"embeddable":true,"href":"https:\/\/www.lausitzer-museenland.de\/cs\/wp-json\/wp\/v2\/users\/13"}],"replies":[{"embeddable":true,"href":"https:\/\/www.lausitzer-museenland.de\/cs\/wp-json\/wp\/v2\/comments?post=495"}],"version-history":[{"count":12,"href":"https:\/\/www.lausitzer-museenland.de\/cs\/wp-json\/wp\/v2\/pages\/495\/revisions"}],"predecessor-version":[{"id":52953,"href":"https:\/\/www.lausitzer-museenland.de\/cs\/wp-json\/wp\/v2\/pages\/495\/revisions\/52953"}],"up":[{"embeddable":true,"href":"https:\/\/www.lausitzer-museenland.de\/cs\/wp-json\/wp\/v2\/pages\/380"}],"wp:attachment":[{"href":"https:\/\/www.lausitzer-museenland.de\/cs\/wp-json\/wp\/v2\/media?parent=495"}],"curies":[{"name":"wp","href":"https:\/\/api.w.org\/{rel}","templated":true}]}}