{"id":500,"date":"2014-11-12T13:48:04","date_gmt":"2014-11-12T12:48:04","guid":{"rendered":"http:\/\/lausitzer-museenland.de\/?page_id=500"},"modified":"2014-12-17T18:24:59","modified_gmt":"2014-12-17T17:24:59","slug":"flachs-und-leinen","status":"publish","type":"page","link":"https:\/\/www.lausitzer-museenland.de\/cs\/sluzba\/kobi\/len-a-len\/","title":{"rendered":"Len a ln\u011bn\u00e9 pl\u00e1tno v muzeu \"K\u00f3lasko\" v Drachhausenu"},"content":{"rendered":"<p>V mal\u00e9m objektu jsou um\u00edst\u011bny expon\u00e1ty o \u017eivot\u011b venkovsk\u00e9ho obyvatelstva, zejm\u00e9na o tradici zpracov\u00e1n\u00ed lnu z oblasti kolem Drachhausenu. \"K\u00f3lasko\" znamen\u00e1 v n\u011bm\u010din\u011b \"kolovr\u00e1tek\". Jedn\u00e1 se o jeden z n\u00e1stroj\u016f pou\u017e\u00edvan\u00fdch p\u0159i v\u00fdrob\u011b lnu. Za star\u00fdch \u010das\u016f se \u017eeny z vesnice sch\u00e1zely ve \"spinte\", aby spole\u010dn\u011b pracovaly na kolovr\u00e1tku. B\u011bhem t\u011bchto zimn\u00edch ve\u010der\u016f se tak\u00e9 odehr\u00e1lo mnoho p\u0159\u00edb\u011bh\u016f.<\/p>\n<p>Nab\u00eddka prob\u00edh\u00e1 v interi\u00e9ru a je ur\u010dena \u017e\u00e1k\u016fm 1. a\u017e 10. t\u0159\u00eddy.<br \/>\nJmenov\u00e1n\u00ed: Pond\u011bl\u00ed a\u017e p\u00e1tek od 9:00 do 12:00 po dohod\u011b<br \/>\nP\u0159edb\u011b\u017en\u00e1 registrace: nejpozd\u011bji 1 t\u00fdden p\u0159edem<br \/>\nDoba trv\u00e1n\u00ed: p\u0159ibli\u017en\u011b 1 hodina<\/p>\n<p><a title=\"Muzeum m\u00edstn\u00ed historie &quot;K\u00f3lasko&quot; Drachhausen \/ Domowniski muzej &quot;K\u00f3lasko&quot; Hochoza\" href=\"\/museen\/heimatmuseum-kolasko-drachhausen\/\">Muzeum m\u00edstn\u00ed historie \"K\u00f3lasko\" Drachhausen<\/a><\/p>","protected":false},"excerpt":{"rendered":"<p>V mal\u00e9m objektu jsou um\u00edst\u011bny expon\u00e1ty o \u017eivot\u011b venkovsk\u00e9ho obyvatelstva, zejm\u00e9na o tradici zpracov\u00e1n\u00ed lnu z oblasti kolem Drachhausenu. \"K\u00f3lasko\" znamen\u00e1 v n\u011bm\u010din\u011b \"kolovr\u00e1tek\". Jedn\u00e1 se o jeden z n\u00e1stroj\u016f pou\u017e\u00edvan\u00fdch p\u0159i v\u00fdrob\u011b lnu. V d\u00e1vn\u00fdch dob\u00e1ch se \u017eeny z vesnice sch\u00e1zely ve \"spinte\", aby spole\u010dn\u011b pracovaly na kolovr\u00e1tku. Tedy<\/p>","protected":false},"author":13,"featured_media":0,"parent":380,"menu_order":0,"comment_status":"closed","ping_status":"closed","template":"","meta":[],"_links":{"self":[{"href":"https:\/\/www.lausitzer-museenland.de\/cs\/wp-json\/wp\/v2\/pages\/500"}],"collection":[{"href":"https:\/\/www.lausitzer-museenland.de\/cs\/wp-json\/wp\/v2\/pages"}],"about":[{"href":"https:\/\/www.lausitzer-museenland.de\/cs\/wp-json\/wp\/v2\/types\/page"}],"author":[{"embeddable":true,"href":"https:\/\/www.lausitzer-museenland.de\/cs\/wp-json\/wp\/v2\/users\/13"}],"replies":[{"embeddable":true,"href":"https:\/\/www.lausitzer-museenland.de\/cs\/wp-json\/wp\/v2\/comments?post=500"}],"version-history":[{"count":8,"href":"https:\/\/www.lausitzer-museenland.de\/cs\/wp-json\/wp\/v2\/pages\/500\/revisions"}],"predecessor-version":[{"id":3694,"href":"https:\/\/www.lausitzer-museenland.de\/cs\/wp-json\/wp\/v2\/pages\/500\/revisions\/3694"}],"up":[{"embeddable":true,"href":"https:\/\/www.lausitzer-museenland.de\/cs\/wp-json\/wp\/v2\/pages\/380"}],"wp:attachment":[{"href":"https:\/\/www.lausitzer-museenland.de\/cs\/wp-json\/wp\/v2\/media?parent=500"}],"curies":[{"name":"wp","href":"https:\/\/api.w.org\/{rel}","templated":true}]}}