{"id":53669,"date":"2022-01-28T15:47:21","date_gmt":"2022-01-28T14:47:21","guid":{"rendered":"https:\/\/www.lausitzer-museenland.de\/?page_id=53669"},"modified":"2022-02-03T11:49:06","modified_gmt":"2022-02-03T10:49:06","slug":"evangelische-kirche-st-martin-hornow-ewangelska-cerkwja-st-martin-lesce","status":"publish","type":"page","link":"https:\/\/www.lausitzer-museenland.de\/cs\/muzea\/evangelicky-kostel-st-martin-hornow-ewangelska-cerkwja-st-martin-lesce\/","title":{"rendered":"Evangelick\u00fd kostel svat\u00e9ho Martina Hornow \/ Ewangelska cerkwja St. Martin L\u011b\u0161\u0107e"},"content":{"rendered":"<p><a href=\"https:\/\/www.lausitzer-museenland.de\/wp-content\/uploads\/2022\/02\/kirche_hornow.png\"><img loading=\"lazy\" class=\"aligncenter size-full wp-image-53698\" src=\"https:\/\/www.lausitzer-museenland.de\/wp-content\/uploads\/2022\/02\/kirche_hornow.png\" alt=\"\" width=\"232\" height=\"350\" srcset=\"https:\/\/www.lausitzer-museenland.de\/wp-content\/uploads\/2022\/02\/kirche_hornow.png 232w, https:\/\/www.lausitzer-museenland.de\/wp-content\/uploads\/2022\/02\/kirche_hornow-199x300.png 199w\" sizes=\"(max-width: 232px) 100vw, 232px\" \/><\/a><br \/>\n<strong>Sborov\u00e9 okno ve vz\u00e1cn\u00e9 technice luce floreo<\/strong><\/p>\n<h3>Situace budovy \/ pozemku<\/h3>\n<p>Prvn\u00ed stavba kostela v Hornov\u011b je zm\u00edn\u011bna ji\u017e v artikul\u00edch m\u00ed\u0161e\u0148sk\u00e9ho biskupstv\u00ed z roku 1346. Sou\u010dasn\u00fd vesnick\u00fd kostel svat\u00e9ho Martina byl postaven na po\u010d\u00e1tku 15. stolet\u00ed jako obd\u00e9ln\u00edkov\u00e1 s\u00ed\u0148 se sm\u00ed\u0161en\u00fdm zdivem z poln\u00edch kamen\u016f a cihel. Obd\u00e9ln\u00edkov\u00e1 kosteln\u00ed v\u011b\u017e byla p\u0159istav\u011bna v roce 1902. Severn\u011b od budovy kostela se nach\u00e1z\u00ed sakristie s barokn\u00ed l\u00f3\u017e\u00ed.<br \/>\nDub na severn\u00ed stran\u011b kostela vedle poh\u0159ebn\u00edho domu b\u00fdval\u00e9 zemansk\u00e9 rodiny je star\u00fd asi 800 let. S obvodem kmene 7,50 m pat\u0159\u00ed nejen k nejstar\u0161\u00edm, ale tak\u00e9 k nejmohutn\u011bj\u0161\u00edm strom\u016fm v Doln\u00ed Lu\u017eici.<br \/>\nV are\u00e1lu se nach\u00e1z\u00ed tak\u00e9 zrekonstruovan\u00e1 pek\u00e1rna ze 17. stolet\u00ed a vojensk\u00fd h\u0159bitov.<\/p>\n<h3>Charakteristika<\/h3>\n<p>Obsah je zam\u011b\u0159en na historii kostela, kosteln\u00ed v\u011b\u017e a vybaven\u00ed kostela. Olt\u00e1\u0159 je architektonick\u00e1 stavba s kov\u00e1\u0159skou v\u00fdzdobou a bo\u010dn\u00edmi sloupy z roku 1588. Na olt\u00e1\u0159i jsou nad sebou um\u00edst\u011bny t\u0159i obrazy Posledn\u00ed ve\u010de\u0159e, uk\u0159i\u017eov\u00e1n\u00ed Je\u017e\u00ed\u0161e a jeho zmrtv\u00fdchvst\u00e1n\u00ed. V bo\u010dn\u00edch v\u00fdklenc\u00edch jsou obrazy Zv\u011bstov\u00e1n\u00ed a Narozen\u00ed P\u00e1n\u011b. P\u016flky orl\u016f slou\u017e\u00ed jako l\u00edce olt\u00e1\u0159e. Jsou podobn\u00e9 t\u011bm v kostele Kreuzkirche ve Sprembergu.<br \/>\nBarokn\u00ed d\u0159ev\u011bn\u00e1 k\u0159titelnice poch\u00e1z\u00ed z vesnick\u00e9ho kostela ve Wolkenbergu, kter\u00fd byl srovn\u00e1n se zem\u00ed. D\u0159ev\u011bn\u00fd k\u0159estn\u00ed and\u011bl z roku 1736 je pam\u00e1tkov\u011b chr\u00e1n\u011bn\u00fd. V roce 2007 byl p\u0159epracov\u00e1n.<br \/>\nNa severn\u00ed a ji\u017en\u00ed stran\u011b kostela se nach\u00e1z\u00ed galerie z 18. stolet\u00ed. Varhany zhotovil v roce 1883 varhan\u00e1\u0159 Wilhelm Sauer z Frankfurtu nad Odrou.<br \/>\nZvl\u00e1\u0161t\u011b d\u016fle\u017eit\u00e1 jsou ch\u00f3rov\u00e1 okna, kter\u00e1 byla zhotovena vz\u00e1cnou technikou luce floreo.<\/p>\n<h3>Galerie<\/h3>\n<div id=\"envira-gallery-wrap-53690\" class=\"envira-gallery-wrap envira-gallery-theme-base envira-lightbox-theme-base\" itemscope itemtype=\"https:\/\/schema.org\/ImageGallery\"><div data-row-height=\"150\" data-gallery-theme=\"normal\" id=\"envira-gallery-53690\" class=\"envira-gallery-public envira-gallery-justified-public envira-gallery-0-columns envira-clear enviratope envira-gallery-css-animations\" data-envira-columns=\"0\"><div id=\"envira-gallery-item-53691\" class=\"envira-gallery-item enviratope-item envira-gallery-item-1 envira-lazy-load\" style=\"padding-left: 5px; padding-bottom: 10px; padding-right: 5px;\"  itemscope itemtype=\"https:\/\/schema.org\/ImageObject\"><div class=\"envira-gallery-item-inner\"><div class=\"envira-gallery-position-overlay  envira-gallery-top-left\"><\/div><div class=\"envira-gallery-position-overlay  envira-gallery-top-right\"><\/div><div class=\"envira-gallery-position-overlay  envira-gallery-bottom-left\"><\/div><div class=\"envira-gallery-position-overlay  envira-gallery-bottom-right\"><\/div><a href=\"https:\/\/www.lausitzer-museenland.de\/wp-content\/uploads\/2022\/02\/0071.jpg\" class=\"envira-gallery-53690 envira-gallery-link\" rel=\"enviragallery53690\" title=\"Olt\u00e1\u0159 kostela Hornow\" data-envira-caption=\"Kirche Hornow Altar\" data-envira-retina=\"\" data-thumbnail=\"\"  itemprop=\"contentUrl\"><img id=\"envira-gallery-image-53691\" class=\"envira-gallery-image envira-gallery-image-1 envira-normal envira-lazy\" data-envira-index=\"1\" src=\"https:\/\/www.lausitzer-museenland.de\/wp-content\/uploads\/2022\/02\/0071-681x1024.jpg\" data-envira-src=\"https:\/\/www.lausitzer-museenland.de\/wp-content\/uploads\/2022\/02\/0071-681x1024.jpg\" data-envira-gallery-id=\"53690\" data-envira-item-id=\"53691\" data-envira-caption=\"Kirche Hornow Altar\" alt=\"\" title=\"Olt\u00e1\u0159 kostela Hornow\"  itemprop=\"thumbnailUrl\" data-envira-srcset=\"https:\/\/www.lausitzer-museenland.de\/wp-content\/uploads\/2022\/02\/0071-681x1024.jpg 400w,https:\/\/www.lausitzer-museenland.de\/wp-content\/uploads\/2022\/02\/0071-681x1024.jpg 2x\" data-envira-width=\"199\" data-envira-height=\"300\" srcset=\"data:image\/gif;base64,R0lGODlhAQABAIAAAP\/\/\/\/\/\/\/yH5BAEKAAEALAAAAAABAAEAAAICTAEAOw==\" data-safe-src=\"data:image\/gif;base64,R0lGODlhAQABAIAAAP\/\/\/\/\/\/\/yH5BAEKAAEALAAAAAABAAEAAAICTAEAOw==\" \/><\/a><\/div><\/div><div id=\"envira-gallery-item-53692\" class=\"envira-gallery-item enviratope-item envira-gallery-item-2 envira-lazy-load\" style=\"padding-left: 5px; padding-bottom: 10px; padding-right: 5px;\"  itemscope itemtype=\"https:\/\/schema.org\/ImageObject\"><div class=\"envira-gallery-item-inner\"><div class=\"envira-gallery-position-overlay  envira-gallery-top-left\"><\/div><div class=\"envira-gallery-position-overlay  envira-gallery-top-right\"><\/div><div class=\"envira-gallery-position-overlay  envira-gallery-bottom-left\"><\/div><div class=\"envira-gallery-position-overlay  envira-gallery-bottom-right\"><\/div><a href=\"https:\/\/www.lausitzer-museenland.de\/wp-content\/uploads\/2022\/02\/DSC00204.jpg\" class=\"envira-gallery-53690 envira-gallery-link\" rel=\"enviragallery53690\" title=\"Vchod do kostela Hornow\" data-envira-caption=\"Kirche Hornow Eingang\" data-envira-retina=\"\" data-thumbnail=\"\"  itemprop=\"contentUrl\"><img id=\"envira-gallery-image-53692\" class=\"envira-gallery-image envira-gallery-image-2 envira-normal envira-lazy\" data-envira-index=\"2\" src=\"https:\/\/www.lausitzer-museenland.de\/wp-content\/uploads\/2022\/02\/DSC00204-768x1024.jpg\" data-envira-src=\"https:\/\/www.lausitzer-museenland.de\/wp-content\/uploads\/2022\/02\/DSC00204-768x1024.jpg\" data-envira-gallery-id=\"53690\" data-envira-item-id=\"53692\" data-envira-caption=\"Kirche Hornow Eingang\" alt=\"\" title=\"Vchod do kostela Hornow\"  itemprop=\"thumbnailUrl\" data-envira-srcset=\"https:\/\/www.lausitzer-museenland.de\/wp-content\/uploads\/2022\/02\/DSC00204-768x1024.jpg 400w,https:\/\/www.lausitzer-museenland.de\/wp-content\/uploads\/2022\/02\/DSC00204-768x1024.jpg 2x\" data-envira-width=\"225\" data-envira-height=\"300\" srcset=\"data:image\/gif;base64,R0lGODlhAQABAIAAAP\/\/\/\/\/\/\/yH5BAEKAAEALAAAAAABAAEAAAICTAEAOw==\" data-safe-src=\"data:image\/gif;base64,R0lGODlhAQABAIAAAP\/\/\/\/\/\/\/yH5BAEKAAEALAAAAAABAAEAAAICTAEAOw==\" \/><\/a><\/div><\/div><div id=\"envira-gallery-item-53693\" class=\"envira-gallery-item enviratope-item envira-gallery-item-3 envira-lazy-load\" style=\"padding-left: 5px; padding-bottom: 10px; padding-right: 5px;\"  itemscope itemtype=\"https:\/\/schema.org\/ImageObject\"><div class=\"envira-gallery-item-inner\"><div class=\"envira-gallery-position-overlay  envira-gallery-top-left\"><\/div><div class=\"envira-gallery-position-overlay  envira-gallery-top-right\"><\/div><div class=\"envira-gallery-position-overlay  envira-gallery-bottom-left\"><\/div><div class=\"envira-gallery-position-overlay  envira-gallery-bottom-right\"><\/div><a href=\"https:\/\/www.lausitzer-museenland.de\/wp-content\/uploads\/2022\/02\/P1470933.jpg\" class=\"envira-gallery-53690 envira-gallery-link\" rel=\"enviragallery53690\" title=\"Kostel Hornow nov\u00fd zvon\" data-envira-caption=\"Kirche Hornow neue Glocke\" data-envira-retina=\"\" data-thumbnail=\"\"  itemprop=\"contentUrl\"><img id=\"envira-gallery-image-53693\" class=\"envira-gallery-image envira-gallery-image-3 envira-normal envira-lazy\" data-envira-index=\"3\" src=\"https:\/\/www.lausitzer-museenland.de\/wp-content\/uploads\/2022\/02\/P1470933-1024x768.jpg\" data-envira-src=\"https:\/\/www.lausitzer-museenland.de\/wp-content\/uploads\/2022\/02\/P1470933-1024x768.jpg\" data-envira-gallery-id=\"53690\" data-envira-item-id=\"53693\" data-envira-caption=\"Kirche Hornow neue Glocke\" alt=\"\" title=\"Kostel Hornow nov\u00fd zvon\"  itemprop=\"thumbnailUrl\" data-envira-srcset=\"https:\/\/www.lausitzer-museenland.de\/wp-content\/uploads\/2022\/02\/P1470933-1024x768.jpg 400w,https:\/\/www.lausitzer-museenland.de\/wp-content\/uploads\/2022\/02\/P1470933-1024x768.jpg 2x\" data-envira-width=\"300\" data-envira-height=\"225\" srcset=\"data:image\/gif;base64,R0lGODlhAQABAIAAAP\/\/\/\/\/\/\/yH5BAEKAAEALAAAAAABAAEAAAICTAEAOw==\" data-safe-src=\"data:image\/gif;base64,R0lGODlhAQABAIAAAP\/\/\/\/\/\/\/yH5BAEKAAEALAAAAAABAAEAAAICTAEAOw==\" \/><\/a><\/div><\/div><div id=\"envira-gallery-item-53694\" class=\"envira-gallery-item enviratope-item envira-gallery-item-4 envira-lazy-load\" style=\"padding-left: 5px; padding-bottom: 10px; padding-right: 5px;\"  itemscope itemtype=\"https:\/\/schema.org\/ImageObject\"><div class=\"envira-gallery-item-inner\"><div class=\"envira-gallery-position-overlay  envira-gallery-top-left\"><\/div><div class=\"envira-gallery-position-overlay  envira-gallery-top-right\"><\/div><div class=\"envira-gallery-position-overlay  envira-gallery-bottom-left\"><\/div><div class=\"envira-gallery-position-overlay  envira-gallery-bottom-right\"><\/div><a href=\"https:\/\/www.lausitzer-museenland.de\/wp-content\/uploads\/2022\/02\/P1470985.jpg\" class=\"envira-gallery-53690 envira-gallery-link\" rel=\"enviragallery53690\" title=\"Kostel Hornow\" data-envira-caption=\"Kirche Hornow\" data-envira-retina=\"\" data-thumbnail=\"\"  itemprop=\"contentUrl\"><img id=\"envira-gallery-image-53694\" class=\"envira-gallery-image envira-gallery-image-4 envira-normal envira-lazy\" data-envira-index=\"4\" src=\"https:\/\/www.lausitzer-museenland.de\/wp-content\/uploads\/2022\/02\/P1470985-1024x768.jpg\" data-envira-src=\"https:\/\/www.lausitzer-museenland.de\/wp-content\/uploads\/2022\/02\/P1470985-1024x768.jpg\" data-envira-gallery-id=\"53690\" data-envira-item-id=\"53694\" data-envira-caption=\"Kirche Hornow\" alt=\"\" title=\"Kostel Hornow\"  itemprop=\"thumbnailUrl\" data-envira-srcset=\"https:\/\/www.lausitzer-museenland.de\/wp-content\/uploads\/2022\/02\/P1470985-1024x768.jpg 400w,https:\/\/www.lausitzer-museenland.de\/wp-content\/uploads\/2022\/02\/P1470985-1024x768.jpg 2x\" data-envira-width=\"300\" data-envira-height=\"225\" srcset=\"data:image\/gif;base64,R0lGODlhAQABAIAAAP\/\/\/\/\/\/\/yH5BAEKAAEALAAAAAABAAEAAAICTAEAOw==\" data-safe-src=\"data:image\/gif;base64,R0lGODlhAQABAIAAAP\/\/\/\/\/\/\/yH5BAEKAAEALAAAAAABAAEAAAICTAEAOw==\" \/><\/a><\/div><\/div><\/div><\/div><noscript><img src=\"https:\/\/www.lausitzer-museenland.de\/wp-content\/uploads\/2022\/02\/0071.jpg\" alt=\"\" \/><img src=\"https:\/\/www.lausitzer-museenland.de\/wp-content\/uploads\/2022\/02\/DSC00204.jpg\" alt=\"\" \/><img src=\"https:\/\/www.lausitzer-museenland.de\/wp-content\/uploads\/2022\/02\/P1470933.jpg\" alt=\"\" \/><img src=\"https:\/\/www.lausitzer-museenland.de\/wp-content\/uploads\/2022\/02\/P1470985.jpg\" alt=\"\" \/><\/noscript>","protected":false},"excerpt":{"rendered":"<p>Okno k\u016fru ve vz\u00e1cn\u00e9 technice luce floreo Stavba \/ situace na m\u00edst\u011b Prvn\u00ed kosteln\u00ed stavba v Hornov\u011b je zmi\u0148ov\u00e1na ji\u017e v artikul\u00edch m\u00ed\u0161e\u0148sk\u00e9ho biskupstv\u00ed z roku 1346. Dne\u0161n\u00ed vesnick\u00fd kostel svat\u00e9ho Martina byl postaven na po\u010d\u00e1tku 15. stolet\u00ed jako obd\u00e9ln\u00edkov\u00e1 s\u00ed\u0148 se sm\u00ed\u0161en\u00fdm zdivem z poln\u00edch kamen\u016f a cihel. Obd\u00e9ln\u00edkov\u00e1 kosteln\u00ed v\u011b\u017e byla p\u0159istav\u011bna v roce 1902. Severn\u011b od budovy kostela<\/p>","protected":false},"author":13,"featured_media":0,"parent":113,"menu_order":0,"comment_status":"closed","ping_status":"closed","template":"","meta":[],"_links":{"self":[{"href":"https:\/\/www.lausitzer-museenland.de\/cs\/wp-json\/wp\/v2\/pages\/53669"}],"collection":[{"href":"https:\/\/www.lausitzer-museenland.de\/cs\/wp-json\/wp\/v2\/pages"}],"about":[{"href":"https:\/\/www.lausitzer-museenland.de\/cs\/wp-json\/wp\/v2\/types\/page"}],"author":[{"embeddable":true,"href":"https:\/\/www.lausitzer-museenland.de\/cs\/wp-json\/wp\/v2\/users\/13"}],"replies":[{"embeddable":true,"href":"https:\/\/www.lausitzer-museenland.de\/cs\/wp-json\/wp\/v2\/comments?post=53669"}],"version-history":[{"count":9,"href":"https:\/\/www.lausitzer-museenland.de\/cs\/wp-json\/wp\/v2\/pages\/53669\/revisions"}],"predecessor-version":[{"id":53709,"href":"https:\/\/www.lausitzer-museenland.de\/cs\/wp-json\/wp\/v2\/pages\/53669\/revisions\/53709"}],"up":[{"embeddable":true,"href":"https:\/\/www.lausitzer-museenland.de\/cs\/wp-json\/wp\/v2\/pages\/113"}],"wp:attachment":[{"href":"https:\/\/www.lausitzer-museenland.de\/cs\/wp-json\/wp\/v2\/media?parent=53669"}],"curies":[{"name":"wp","href":"https:\/\/api.w.org\/{rel}","templated":true}]}}