{"id":53819,"date":"2022-04-27T10:09:55","date_gmt":"2022-04-27T08:09:55","guid":{"rendered":"https:\/\/www.lausitzer-museenland.de\/?page_id=53819"},"modified":"2026-03-19T13:18:33","modified_gmt":"2026-03-19T12:18:33","slug":"ausleihbare-ausstellungen-im-lausitzer-museenland","status":"publish","type":"page","link":"https:\/\/www.lausitzer-museenland.de\/cs\/aktualni\/zapujcitelne-vystavy-v-lausitz-museenland\/","title":{"rendered":"Zap\u016fj\u010den\u00e9 v\u00fdstavy v Lu\u017eick\u00e9m muzeu"},"content":{"rendered":"<p>Z <strong>DOMOVSK\u00c9 MUZEUM DISSEN<\/strong> (telefonn\u00ed \u010d\u00edslo 035606-256) si lze vyp\u016fj\u010dit n\u00e1sleduj\u00edc\u00ed v\u00fdstavy:<\/p>\n<p>1. \"Dolnolu\u017eickosrbsk\u00e9\/vendsk\u00e9 zvyky v ro\u010dn\u00edm cyklu\" - 13 panel\u016f<br \/>\n2. <a href=\"https:\/\/www.lausitzer-museenland.de\/wp-content\/uploads\/2022\/06\/Tafeln_Blaudruckausstellung.pdf\" target=\"_blank\" rel=\"noopener\">\"Modr\u00e1 s b\u00edl\u00fdmi kv\u011bty - v\u00fdstava modrotisku\" - 6 panel\u016f a modrotiskov\u00e9 objekty<\/a><br \/>\n3.<a href=\"https:\/\/www.lausitzer-museenland.de\/wp-content\/uploads\/2022\/06\/Tafeln_Tiere.pdf\" target=\"_blank\" rel=\"noopener\"> \"Zv\u00ed\u0159ata v mystice, zvyc\u00edch a lidov\u00e9 v\u00ed\u0159e v lu\u017eick\u00e9 srb\u0161tin\u011b\".<\/a> - 7 panel\u016f<br \/>\n4. \"Reformace v Doln\u00ed Lu\u017eici\" - n\u011bkolik panel\u016f<br \/>\n5. \"Fotografick\u00e1 v\u00fdstava o lu\u017eickosrbsk\u00fdch\/vendsk\u00fdch zvyc\u00edch v Doln\u00ed Lu\u017eici od Bernda Choritze - 37 fotografi\u00ed, k zap\u016fj\u010den\u00ed s r\u00e1my a paspartami<br \/>\n6. <a href=\"https:\/\/www.lausitzer-museenland.de\/wp-content\/uploads\/2022\/06\/Tafeln_sorbische-Volkskunst-in-der-DDR.pdf\" target=\"_blank\" rel=\"noopener\">\"Lu\u017eickosrbsk\u00e9 lidov\u00e9 um\u011bn\u00ed v NDR\" - 13 desek<\/a><br \/>\n7. \"Co je na ned\u011bln\u00ed odpo\u010dinek ve Spreewaldu - k\u00e1va, pala\u010dinky a dort\"- 7 desek<\/p>\n<p><a href=\"https:\/\/www.lausitzer-museenland.de\/wp-content\/uploads\/2018\/04\/Ammenausstellung_skaliert.png\"><img loading=\"lazy\" class=\"aligncenter size-full wp-image-20080\" src=\"https:\/\/www.lausitzer-museenland.de\/wp-content\/uploads\/2018\/04\/Ammenausstellung_skaliert.png\" alt=\"\" width=\"570\" height=\"350\" srcset=\"https:\/\/www.lausitzer-museenland.de\/wp-content\/uploads\/2018\/04\/Ammenausstellung_skaliert.png 570w, https:\/\/www.lausitzer-museenland.de\/wp-content\/uploads\/2018\/04\/Ammenausstellung_skaliert-300x184.png 300w, https:\/\/www.lausitzer-museenland.de\/wp-content\/uploads\/2018\/04\/Ammenausstellung_skaliert-340x210.png 340w\" sizes=\"(max-width: 570px) 100vw, 570px\" \/><\/a><\/p>\n<p>Dal\u0161\u00ed instituce zap\u016fj\u010duj\u00ed velmi atraktivn\u00ed speci\u00e1ln\u00ed v\u00fdstavy:<br \/>\nNa str\u00e1nk\u00e1ch <strong>WENDISH MUSEUM Cottbus<\/strong> (telefonn\u00ed \u010d\u00edslo: 0355-4944359) nab\u00edz\u00ed n\u00e1sleduj\u00edc\u00ed v\u00fdstavy:<\/p>\n<p>1. \"Wendish wet nurses\" - 15 panel\u016f<br \/>\n2. V\u00fdstava \"Moje vendsk\u00e9 ko\u0159eny\" o emigraci - 12 panel\u016f<br \/>\n3. v\u00fdstava fotografi\u00ed \"Satkula\" o hn\u011bd\u00e9m uhl\u00ed a zm\u011bn\u00e1ch \u017eivotn\u00edho prost\u0159ed\u00ed<br \/>\n4. v\u00fdstava um\u011bn\u00ed Schieber a Fritz Lattke<br \/>\n5. v\u00fdstava fotografi\u00ed Ericha Rinky<br \/>\n6. v\u00fdstava fotografi\u00ed Ericha Schutta<br \/>\n7 \"O \u017eivot\u011b a d\u00edle Mato Kosyka\".<br \/>\n8. \"300 let Nov\u00e9ho z\u00e1kona v lu\u017eick\u00e9 srb\u0161tin\u011b\" - 12 panel\u016f<br \/>\n9. perem a me\u010dem - slovansk\u00fd\/vendsk\u00fd st\u0159edov\u011bk v zrcadle kronik\u00e1\u0159\u016f, literatury a um\u011bn\u00ed\" - 16 list\u016f ve form\u00e1tu 70 x 100 cm<br \/>\n10. historick\u00e1 v\u00fdstava \"Pr\u011bdnych 100 l\u011bt Domowiny\" \/ \"100 let Domowiny\" - 16 list\u016f ve form\u00e1tu 70 x 100 cm<\/p>\n<p>Z <strong>Lu\u017eickosrbsk\u00e9 kulturn\u00ed informace LODKA<\/strong>V\u00fdstavy si m\u016f\u017eete vyp\u016fj\u010dit v muzeu, telefon: 0355-48576468:<\/p>\n<p>1. <a href=\"https:\/\/info.sorben.com\/informationsausstellung-sorben-wenden-in-der-lausitz\/\" target=\"_blank\" rel=\"noopener noreferrer\">Lu\u017ei\u010dt\u00ed Srbov\u00e9\/Wendov\u00e9 v Lu\u017eici<\/a><br \/>\n2. <a href=\"https:\/\/info.sorben.com\/Osterausstellung\/\" target=\"_blank\" rel=\"noopener noreferrer\">Velikonoce s Lu\u017eick\u00fdmi Srby<\/a><br \/>\n3.<a href=\"https:\/\/info.sorben.com\/Wanderausstellung\/\" target=\"_blank\" rel=\"noopener noreferrer\"> V\u00fdstava o \u017eivot\u011b a d\u00edle Ernsta Muckeho<\/a><br \/>\n4. <a href=\"https:\/\/info.sorben.com\/ausstellung-das-wendische-leben-auf-dem-land-historische-fotos\/\" target=\"_blank\" rel=\"noopener noreferrer\">Vendsk\u00fd \u017eivot na venkov\u011b - v\u00fdstava historick\u00fdch fotografi\u00ed<\/a><br \/>\n5. <a href=\"https:\/\/info.sorben.com\/wendisches-haus-cottbus-chosebuz-sorbische-institutionen\/\" target=\"_blank\" rel=\"noopener noreferrer\">Vendsk\u00fd d\u016fm Chot\u011bbuz\/Ch\u00f3\u015bebuz- p\u0159edstaven\u00ed lu\u017eickosrbsk\u00fdch instituc\u00ed<\/a><\/p>\n<p>O spole\u010dnosti <strong>Domowina Niederlausitz Projekt gGmbh<\/strong>, kontakt@dompro-nl.de, tel.:0355-75218007 m\u016f\u017eete nav\u0161t\u00edvit v\u00fdstavu<a href=\"https:\/\/www.lausitzer-museenland.de\/wp-content\/uploads\/2022\/09\/Liuba-Ausstellungstext-LML.pdf\" target=\"_blank\" rel=\"noopener\"> \"Liuba\"<\/a> lze vyp\u016fj\u010dit. <a href=\"https:\/\/www.inwertsetzung-lausitz.de\/aktuelles\/liuba\/\" target=\"_blank\" rel=\"noopener\">12 obr\u00e1zk\u016f 60 x 40 cm<\/a>, hlin\u00edkov\u00fd kompozit bez r\u00e1mu, zav\u011b\u0161en\u00ed profilu<\/p>\n<p>&nbsp;<\/p>\n<p>Ka\u017ed\u00fd, kdo si chce v\u00fdstavu prohl\u00e9dnout <a href=\"https:\/\/www.lausitzer-museenland.de\/wp-content\/uploads\/2022\/09\/Museeumbroschuere-2022_web.pdf\" target=\"_blank\" rel=\"noopener\">\"Muzeum v\u00fdkladn\u00edch sk\u0159\u00edn\u00ed<\/a> si chcete vyp\u016fj\u010dit, kontaktujte pros\u00edm <strong>Sdru\u017een\u00ed M\u00edstn\u00ed ak\u010dn\u00ed skupina Spree-Nisa-Land e.V.<\/strong>,<br \/>\nTelefon: 03562 693318, E-Mail: info@spree-neisse-land.de<\/p>\n<p><img loading=\"lazy\" class=\"aligncenter wp-image-55065\" src=\"https:\/\/www.lausitzer-museenland.de\/wp-content\/uploads\/2020\/11\/Schaufenster-Museum-570x350-1.jpg\" alt=\"\" width=\"537\" height=\"330\" srcset=\"https:\/\/www.lausitzer-museenland.de\/wp-content\/uploads\/2020\/11\/Schaufenster-Museum-570x350-1.jpg 570w, https:\/\/www.lausitzer-museenland.de\/wp-content\/uploads\/2020\/11\/Schaufenster-Museum-570x350-1-300x184.jpg 300w, https:\/\/www.lausitzer-museenland.de\/wp-content\/uploads\/2020\/11\/Schaufenster-Museum-570x350-1-18x12.jpg 18w, https:\/\/www.lausitzer-museenland.de\/wp-content\/uploads\/2020\/11\/Schaufenster-Museum-570x350-1-340x210.jpg 340w\" sizes=\"(max-width: 537px) 100vw, 537px\" \/><\/p>\n<p><strong>Spolek p\u0159\u00e1tel M\u011bstsk\u00e9ho a region\u00e1ln\u00edho muzea L\u00fcbben (Spreewald) e.V.<\/strong> p\u0159edstavuje svou v\u00fdstavu <a href=\"https:\/\/www.lausitzer-museenland.de\/wp-content\/uploads\/2023\/03\/Infoblatt-zur-Ausleihe-der-Wanderausstellung-Mehr-als-eine-Tracht_W_cej-ako-drastwa-1.pdf\" target=\"_blank\" rel=\"noopener\">\"V\u00edce ne\u017e kost\u00fdm - W\u011bcej ako drastwa\"<\/a> Kniha je z\u00e1jemc\u016fm k dispozici k bezplatn\u00e9mu zap\u016fj\u010den\u00ed.<br \/>\nE-mail: museum@luebben.de<br \/>\nTelefon: 03546 187478<\/p>","protected":false},"excerpt":{"rendered":"<p>N\u00e1sleduj\u00edc\u00ed v\u00fdstavy si m\u016f\u017eete zap\u016fj\u010dit v HEIMATICK\u00c9M MUZEU DISSEN (telefonn\u00ed \u010d\u00edslo 035606-256): 1. \"Dolnolu\u017eickosrbsk\u00e9\/vendsk\u00e9 zvyky v kolob\u011bhu roku\" - 13 panel\u016f 2. \"Modr\u00e1 s b\u00edl\u00fdmi kv\u011bty- v\u00fdstava modrotisku\" - 6 panel\u016f a modrotiskov\u00e9 p\u0159edm\u011bty 3. \"Modr\u00e1 s b\u00edl\u00fdmi kv\u011bty- v\u00fdstava modrotisku\" - 6 panel\u016f a modrotiskov\u00e9 p\u0159edm\u011bty 4. \"Modr\u00e1 s b\u00edl\u00fdmi kv\u011bty- v\u00fdstava modrotisku\" - 6 panel\u016f. \"Zv\u00ed\u0159ata v mystice, zvyc\u00edch a lidov\u00e9 v\u00ed\u0159e v lu\u017eickosrbsk\u00e9\/vendsk\u00e9 Lu\u017eici\" - 7 panel\u016f 4. \"Reformace v Doln\u00ed Lu\u017eici\" - n\u011bkolik panel\u016f 5.<\/p>","protected":false},"author":13,"featured_media":52940,"parent":274,"menu_order":0,"comment_status":"closed","ping_status":"closed","template":"","meta":[],"_links":{"self":[{"href":"https:\/\/www.lausitzer-museenland.de\/cs\/wp-json\/wp\/v2\/pages\/53819"}],"collection":[{"href":"https:\/\/www.lausitzer-museenland.de\/cs\/wp-json\/wp\/v2\/pages"}],"about":[{"href":"https:\/\/www.lausitzer-museenland.de\/cs\/wp-json\/wp\/v2\/types\/page"}],"author":[{"embeddable":true,"href":"https:\/\/www.lausitzer-museenland.de\/cs\/wp-json\/wp\/v2\/users\/13"}],"replies":[{"embeddable":true,"href":"https:\/\/www.lausitzer-museenland.de\/cs\/wp-json\/wp\/v2\/comments?post=53819"}],"version-history":[{"count":29,"href":"https:\/\/www.lausitzer-museenland.de\/cs\/wp-json\/wp\/v2\/pages\/53819\/revisions"}],"predecessor-version":[{"id":55984,"href":"https:\/\/www.lausitzer-museenland.de\/cs\/wp-json\/wp\/v2\/pages\/53819\/revisions\/55984"}],"up":[{"embeddable":true,"href":"https:\/\/www.lausitzer-museenland.de\/cs\/wp-json\/wp\/v2\/pages\/274"}],"wp:featuredmedia":[{"embeddable":true,"href":"https:\/\/www.lausitzer-museenland.de\/cs\/wp-json\/wp\/v2\/media\/52940"}],"wp:attachment":[{"href":"https:\/\/www.lausitzer-museenland.de\/cs\/wp-json\/wp\/v2\/media?parent=53819"}],"curies":[{"name":"wp","href":"https:\/\/api.w.org\/{rel}","templated":true}]}}