{"id":53993,"date":"2022-06-01T12:18:53","date_gmt":"2022-06-01T10:18:53","guid":{"rendered":"https:\/\/www.lausitzer-museenland.de\/?page_id=53993"},"modified":"2023-11-14T11:44:30","modified_gmt":"2023-11-14T10:44:30","slug":"traditionelles-ostereierverzieren-im-dorfmuseum-bloischdorf","status":"publish","type":"page","link":"https:\/\/www.lausitzer-museenland.de\/cs\/sluzba\/kobi\/tradicni-velikonocni-zdobeni-vajec-ve-vesnickem-muzeu-v-bloischdorfu\/","title":{"rendered":"Tradi\u010dn\u00ed zdoben\u00ed velikono\u010dn\u00edch vaj\u00ed\u010dek v Muzeu vesnice Bloischdorf"},"content":{"rendered":"<p>V\u0161ichni jsou zv\u00e1ni, aby se sezn\u00e1mili se dv\u011bma tradi\u010dn\u00edmi lu\u017eickosrbsk\u00fdmi technikami zdoben\u00ed velikono\u010dn\u00edch vaj\u00ed\u010dek, vyzkou\u0161eli si je a pou\u017eili je.<br \/>\nTradi\u010dn\u00ed ornamenty a vzory se na vejce nan\u00e1\u0161ej\u00ed pomoc\u00ed \u0161pendl\u00edkov\u00fdch hlavi\u010dek a pe\u0159\u00ed\u010dek.<br \/>\nP\u0159i technice voskov\u00e1n\u00ed se na b\u00edl\u00e9, hn\u011bd\u00e9 nebo d\u0159\u00edve obarven\u00e9 vejce nan\u00e1\u0161\u00ed vosk r\u016fzn\u00fdch barev. Barevn\u00fd vosk z\u016fst\u00e1v\u00e1 na velikono\u010dn\u00edm vaj\u00ed\u010dku. Technika nan\u00e1\u0161en\u00ed vosku je \u010dasov\u011b n\u00e1ro\u010dn\u011bj\u0161\u00ed, proto\u017ee ornamenty se nan\u00e1\u0161ej\u00ed voskem v n\u011bkolika kroc\u00edch a mezi jednotliv\u00fdmi nan\u00e1\u0161en\u00edmi vosku se vejce opakovan\u011b pono\u0159uje do r\u016fzn\u00fdch barevn\u00fdch l\u00e1zn\u00ed. Nakonec se vosk z vejce op\u011bt odstran\u00ed.<\/p>\n<p>Program prob\u00edh\u00e1 v interi\u00e9ru a je ur\u010den pro \u0161kolky a \u0161kol\u00e1ky.<br \/>\nt\u0159\u00edd 1 a\u017e 10.<br \/>\nTerm\u00edny: 4 t\u00fddny p\u0159ed Velikonocemi<br \/>\nP\u0159edb\u011b\u017en\u00e1 registrace: alespo\u0148 3 t\u00fddny p\u0159edem<br \/>\nDoba trv\u00e1n\u00ed: p\u0159ibli\u017en\u011b 2 hodiny<br \/>\nVelikost skupiny: 10 a\u017e 30 osob<br \/>\nP\u0159\u00edsp\u011bvek na n\u00e1klady na osobu: 7,00 \u20ac<br \/>\n2 pe\u010dovatel\u00e9 skupiny maj\u00ed vstup zdarma<br \/>\n<a title=\"Muzeum dolnolu\u017eickosrbsk\u00e9 vesnice Bloischdorf\/ B\u0142obo\u0161ojce\" href=\"\/museen\/niederlausitzer-sorbisches-dorfmuseum-bloischdorf\/\">Stodola muzea Bloischdorf<\/a><\/p>","protected":false},"excerpt":{"rendered":"<p>V\u0161ichni jsou zv\u00e1ni, aby se sezn\u00e1mili se dv\u011bma tradi\u010dn\u00edmi lu\u017eickosrbsk\u00fdmi technikami zdoben\u00ed velikono\u010dn\u00edch vaj\u00ed\u010dek, vyzkou\u0161eli si je a pou\u017eili je. Tradi\u010dn\u00ed ornamenty a vzory se na vejce nan\u00e1\u0161ej\u00ed pomoc\u00ed \u0161pendl\u00edkov\u00fdch hlavi\u010dek a pe\u0159\u00ed\u010dek. P\u0159i technice voskov\u00e1n\u00ed se na b\u00edl\u00e9, hn\u011bd\u00e9 nebo d\u0159\u00edve obarven\u00e9 vejce nan\u00e1\u0161\u00ed vosk r\u016fzn\u00fdch barev. Barevn\u00fd vosk z\u016fst\u00e1v\u00e1 na velikono\u010dn\u00edm vaj\u00ed\u010dku. Technika voskov\u00e9 rezervy<\/p>","protected":false},"author":13,"featured_media":0,"parent":380,"menu_order":0,"comment_status":"closed","ping_status":"closed","template":"","meta":[],"_links":{"self":[{"href":"https:\/\/www.lausitzer-museenland.de\/cs\/wp-json\/wp\/v2\/pages\/53993"}],"collection":[{"href":"https:\/\/www.lausitzer-museenland.de\/cs\/wp-json\/wp\/v2\/pages"}],"about":[{"href":"https:\/\/www.lausitzer-museenland.de\/cs\/wp-json\/wp\/v2\/types\/page"}],"author":[{"embeddable":true,"href":"https:\/\/www.lausitzer-museenland.de\/cs\/wp-json\/wp\/v2\/users\/13"}],"replies":[{"embeddable":true,"href":"https:\/\/www.lausitzer-museenland.de\/cs\/wp-json\/wp\/v2\/comments?post=53993"}],"version-history":[{"count":5,"href":"https:\/\/www.lausitzer-museenland.de\/cs\/wp-json\/wp\/v2\/pages\/53993\/revisions"}],"predecessor-version":[{"id":54890,"href":"https:\/\/www.lausitzer-museenland.de\/cs\/wp-json\/wp\/v2\/pages\/53993\/revisions\/54890"}],"up":[{"embeddable":true,"href":"https:\/\/www.lausitzer-museenland.de\/cs\/wp-json\/wp\/v2\/pages\/380"}],"wp:attachment":[{"href":"https:\/\/www.lausitzer-museenland.de\/cs\/wp-json\/wp\/v2\/media?parent=53993"}],"curies":[{"name":"wp","href":"https:\/\/api.w.org\/{rel}","templated":true}]}}