{"id":544,"date":"2014-11-14T15:23:39","date_gmt":"2014-11-14T14:23:39","guid":{"rendered":"http:\/\/lausitzer-museenland.de\/?page_id=544"},"modified":"2020-09-09T13:27:44","modified_gmt":"2020-09-09T11:27:44","slug":"museumsrallye","status":"publish","type":"page","link":"https:\/\/www.lausitzer-museenland.de\/cs\/sluzba\/kobi\/muzejni-rallye\/","title":{"rendered":"Muzejn\u00ed rallye (pozn\u00e1v\u00e1n\u00ed muzea hravou formou) v M\u011bstsk\u00e9m a pr\u016fmyslov\u00e9m muzeu Guben"},"content":{"rendered":"<p>Muzejn\u00ed rallye je ur\u010dena k tomu, aby se n\u00e1v\u0161t\u011bva m\u011bstsk\u00e9ho a pr\u016fmyslov\u00e9ho muzea v Gubenu stala pro d\u011bti a ml\u00e1de\u017e mimo\u0159\u00e1dnou ud\u00e1lost\u00ed. Po sezn\u00e1men\u00ed s obsahem muzea \u017e\u00e1ci obdr\u017e\u00ed dotazn\u00edky a nyn\u00ed si mohou v\u00fdstavu prohl\u00e9dnout samostatn\u011b. D\u00edky pozorn\u00e9 n\u00e1v\u0161t\u011bv\u011b lze vy\u0159e\u0161it v\u0161echny ot\u00e1zky a podpo\u0159it udr\u017eitelnost n\u00e1v\u0161t\u011bvy.<\/p>\n<p>Pot\u00e9 budou dotazn\u00edky vyhodnoceny spole\u010dn\u011b s pracovn\u00edky muzea a n\u00e1sledovat bude mal\u00e9 \"slavnostn\u00ed p\u0159ed\u00e1n\u00ed cen\" (certifik\u00e1ty zajist\u00ed muzeum).<\/p>\n<p>Nab\u00eddka prob\u00edh\u00e1 v interi\u00e9ru a je ur\u010dena \u0161kol\u00e1k\u016fm.<br \/>\nt\u0159\u00edd 5 a\u017e 8.<br \/>\nTerm\u00edny: dle dohody<br \/>\nP\u0159edb\u011b\u017en\u00e1 registrace: alespo\u0148 2 dny p\u0159edem<br \/>\nDoba trv\u00e1n\u00ed: p\u0159ibli\u017en\u011b 1 hodina<br \/>\nVelikost skupiny: 5 a\u017e 30 osob<br \/>\nVstupn\u00e9 na osobu: 1,50 \u20ac (\u0161koly v Gubenu maj\u00ed vstup zdarma)<\/p>\n<p><a title=\"Gubensk\u00e9 m\u011bstsk\u00e9 a pr\u016fmyslov\u00e9 muzeum \/ M\u011bs\u0107a\u0144ski a industrijowy muzej Gubin\" href=\"\/museen\/stadt-und-industriemuseum-guben\/\">M\u011bstsk\u00e9 a pr\u016fmyslov\u00e9 muzeum Guben<\/a><\/p>","protected":false},"excerpt":{"rendered":"<p>Muzejn\u00ed rallye je ur\u010dena k tomu, aby se n\u00e1v\u0161t\u011bva m\u011bstsk\u00e9ho a pr\u016fmyslov\u00e9ho muzea v Gubenu stala pro d\u011bti a ml\u00e1de\u017e mimo\u0159\u00e1dnou ud\u00e1lost\u00ed. Po sezn\u00e1men\u00ed s obsahem muzea \u017e\u00e1ci obdr\u017e\u00ed dotazn\u00edky a nyn\u00ed si mohou v\u00fdstavu prohl\u00e9dnout samostatn\u011b. D\u00edky pozorn\u00e9 n\u00e1v\u0161t\u011bv\u011b lze vy\u0159e\u0161it v\u0161echny ot\u00e1zky a podpo\u0159it udr\u017eitelnost n\u00e1v\u0161t\u011bvy. Na adrese<\/p>","protected":false},"author":13,"featured_media":0,"parent":380,"menu_order":0,"comment_status":"closed","ping_status":"closed","template":"","meta":[],"_links":{"self":[{"href":"https:\/\/www.lausitzer-museenland.de\/cs\/wp-json\/wp\/v2\/pages\/544"}],"collection":[{"href":"https:\/\/www.lausitzer-museenland.de\/cs\/wp-json\/wp\/v2\/pages"}],"about":[{"href":"https:\/\/www.lausitzer-museenland.de\/cs\/wp-json\/wp\/v2\/types\/page"}],"author":[{"embeddable":true,"href":"https:\/\/www.lausitzer-museenland.de\/cs\/wp-json\/wp\/v2\/users\/13"}],"replies":[{"embeddable":true,"href":"https:\/\/www.lausitzer-museenland.de\/cs\/wp-json\/wp\/v2\/comments?post=544"}],"version-history":[{"count":5,"href":"https:\/\/www.lausitzer-museenland.de\/cs\/wp-json\/wp\/v2\/pages\/544\/revisions"}],"predecessor-version":[{"id":53057,"href":"https:\/\/www.lausitzer-museenland.de\/cs\/wp-json\/wp\/v2\/pages\/544\/revisions\/53057"}],"up":[{"embeddable":true,"href":"https:\/\/www.lausitzer-museenland.de\/cs\/wp-json\/wp\/v2\/pages\/380"}],"wp:attachment":[{"href":"https:\/\/www.lausitzer-museenland.de\/cs\/wp-json\/wp\/v2\/media?parent=544"}],"curies":[{"name":"wp","href":"https:\/\/api.w.org\/{rel}","templated":true}]}}