{"id":559,"date":"2014-11-14T16:32:05","date_gmt":"2014-11-14T15:32:05","guid":{"rendered":"http:\/\/lausitzer-museenland.de\/?page_id=559"},"modified":"2014-12-17T16:35:27","modified_gmt":"2014-12-17T15:35:27","slug":"osterbraeuche","status":"publish","type":"page","link":"https:\/\/www.lausitzer-museenland.de\/cs\/sluzba\/kobi\/velikonocni-zvyky\/","title":{"rendered":"Velikono\u010dn\u00ed tradice na \"Sprucker M\u00fchle\" v Gubenu"},"content":{"rendered":"<p>D\u011btem a \u017e\u00e1k\u016fm jsou vysv\u011btleny velikono\u010dn\u00ed zvyky z regionu (velikono\u010dn\u00ed voda, velikono\u010dn\u00ed chl\u00e9b, velikono\u010dn\u00ed ohn\u011b apod.).<\/p>\n<p>Woppeln a Waleien se p\u0159edstavuj\u00ed a hraj\u00ed spole\u010dn\u011b.<\/p>\n<p>Tyto pracovn\u00ed materi\u00e1ly je t\u0159eba si vz\u00edt s sebou:<br \/>\nna d\u00edt\u011b:<\/p>\n<ul>\n<li>p\u011bt kus\u016f po jednom centu<\/li>\n<li>dv\u011b natvrdo uva\u0159en\u00e1 velikono\u010dn\u00ed vejce<\/li>\n<\/ul>\n<p>Program prob\u00edh\u00e1 v interi\u00e9ru i exteri\u00e9ru a je ur\u010den pro p\u0159ed\u0161koln\u00ed d\u011bti a \u017e\u00e1ky 1. a\u017e 6. t\u0159\u00eddy.<br \/>\nTerm\u00edny: dle dohody<br \/>\nP\u0159edb\u011b\u017en\u00e1 registrace: alespo\u0148 2 t\u00fddny p\u0159edem<br \/>\nDoba trv\u00e1n\u00ed: p\u0159ibli\u017en\u011b 45 a\u017e 90 minut (v z\u00e1vislosti na v\u011bku a velikosti skupiny)<br \/>\nVelikost skupiny: 6 a\u017e 25 osob<br \/>\nVstupn\u00e9 na osobu: 1,00 a\u017e 2,00 \u20ac (\u0161kolky a \u0161koly v Gubenu maj\u00ed vstup zdarma).<\/p>\n<p><a title=\"&quot;Sprucker M\u00fchle&quot; Guben \/ &quot;Sprukojski m\u0142yn&quot; Gubin\" href=\"\/museen\/sprucker-muehle-guben\/\">Muzeum m\u00edstn\u00ed historie \"Sprucker M\u00fchle<\/a><\/p>","protected":false},"excerpt":{"rendered":"<p>D\u011btem a \u017e\u00e1k\u016fm jsou vysv\u011btleny velikono\u010dn\u00ed zvyky z regionu (velikono\u010dn\u00ed voda, velikono\u010dn\u00ed chl\u00e9b, velikono\u010dn\u00ed ohe\u0148 a podobn\u011b). Woppeln a Waleien jsou zavedeny a prov\u00e1d\u011bny spole\u010dn\u011b. S sebou je t\u0159eba si p\u0159in\u00e9st n\u00e1sleduj\u00edc\u00ed materi\u00e1l: na d\u00edt\u011b: p\u011bt jednotliv\u00fdch pen\u00edzk\u016f dv\u011b natvrdo uva\u0159en\u00e1 velikono\u010dn\u00ed vaj\u00ed\u010dka Aktivita prob\u00edh\u00e1 uvnit\u0159 i venku a je ur\u010dena pro p\u0159ed\u0161koln\u00ed d\u011bti a \u017e\u00e1ky 1. a 2. t\u0159\u00eddy.<\/p>","protected":false},"author":13,"featured_media":0,"parent":380,"menu_order":0,"comment_status":"closed","ping_status":"closed","template":"","meta":[],"_links":{"self":[{"href":"https:\/\/www.lausitzer-museenland.de\/cs\/wp-json\/wp\/v2\/pages\/559"}],"collection":[{"href":"https:\/\/www.lausitzer-museenland.de\/cs\/wp-json\/wp\/v2\/pages"}],"about":[{"href":"https:\/\/www.lausitzer-museenland.de\/cs\/wp-json\/wp\/v2\/types\/page"}],"author":[{"embeddable":true,"href":"https:\/\/www.lausitzer-museenland.de\/cs\/wp-json\/wp\/v2\/users\/13"}],"replies":[{"embeddable":true,"href":"https:\/\/www.lausitzer-museenland.de\/cs\/wp-json\/wp\/v2\/comments?post=559"}],"version-history":[{"count":3,"href":"https:\/\/www.lausitzer-museenland.de\/cs\/wp-json\/wp\/v2\/pages\/559\/revisions"}],"predecessor-version":[{"id":3585,"href":"https:\/\/www.lausitzer-museenland.de\/cs\/wp-json\/wp\/v2\/pages\/559\/revisions\/3585"}],"up":[{"embeddable":true,"href":"https:\/\/www.lausitzer-museenland.de\/cs\/wp-json\/wp\/v2\/pages\/380"}],"wp:attachment":[{"href":"https:\/\/www.lausitzer-museenland.de\/cs\/wp-json\/wp\/v2\/media?parent=559"}],"curies":[{"name":"wp","href":"https:\/\/api.w.org\/{rel}","templated":true}]}}