{"id":564,"date":"2014-11-14T16:36:39","date_gmt":"2014-11-14T15:36:39","guid":{"rendered":"http:\/\/lausitzer-museenland.de\/?page_id=564"},"modified":"2014-12-17T16:37:29","modified_gmt":"2014-12-17T15:37:29","slug":"tuche-und-chemiefasern","status":"publish","type":"page","link":"https:\/\/www.lausitzer-museenland.de\/cs\/sluzba\/kobi\/tkaniny-a-chemicka-vlakna\/","title":{"rendered":"Tkaniny a um\u011bl\u00e1 vl\u00e1kna ve sdru\u017een\u00ed \"Gubener Tuche und Chemiefasern e.V.\" (Sdru\u017een\u00ed tkanin a um\u011bl\u00fdch vl\u00e1ken Guben)"},"content":{"rendered":"<p>\u00da\u010dastn\u00edci projektu nav\u0161t\u00edv\u00ed v\u00fdstavy \"Historie b\u00fdval\u00e9 tov\u00e1rny na chemick\u00e1 vl\u00e1kna\" a \"Historie gubensk\u00fdch pl\u00e1ten\u00edk\u016f\". V obou expozic\u00edch se prom\u00edt\u00e1 film o historii Gubenu a \u017e\u00e1ci mohou prok\u00e1zat sv\u00e9 znalosti v kv\u00edzu. Nejlep\u0161\u00ed bude ocen\u011bn. Na p\u0159\u00e1n\u00ed bude pod\u00e1v\u00e1na grilovan\u00e1 klob\u00e1sa a n\u00e1poj za cenu 2,00 \u20ac.<\/p>\n<p><strong>Tyto pracovn\u00ed materi\u00e1ly je t\u0159eba si vz\u00edt s sebou:<\/strong><br \/>\nPsac\u00ed pot\u0159eby, nap\u0159. barevn\u00e9 nebo fixy.<\/p>\n<p>Nab\u00eddka prob\u00edh\u00e1 v interi\u00e9ru a je ur\u010dena \u0161kol\u00e1k\u016fm.<br \/>\nt\u0159\u00edd 3 a\u017e 10.<br \/>\nTerm\u00edny: dle dohody<br \/>\nP\u0159edb\u011b\u017en\u00e1 registrace: alespo\u0148 3 dny p\u0159edem<br \/>\nDoba trv\u00e1n\u00ed: p\u0159ibli\u017en\u011b 3,5 hodiny<br \/>\nVelikost skupiny: 8 a\u017e 25 osob<br \/>\nP\u0159\u00edsp\u011bvek na n\u00e1klady na osobu (na materi\u00e1l apod.): 2,00 \u20ac.<\/p>\n<p><strong>Dopl\u0148kov\u00e9 nab\u00eddky:<br \/>\n<\/strong>Na m\u00edst\u011b je mo\u017en\u00e9 nav\u0161t\u00edvit vzd\u011bl\u00e1vac\u00ed zahradu a jablo\u0148ovou galerii. Krom\u011b toho je mo\u017en\u00e9 fotografov\u00e1n\u00ed v historick\u00fdch kab\u00e1tech a\/nebo na elektrick\u00e9m traktoru.<\/p>\n<p>Samoz\u0159ejm\u011b je tu tak\u00e9 sout\u011b\u017e \"Kdo namaluje nejkr\u00e1sn\u011bj\u0161\u00edho Kobiho\"?<\/p>","protected":false},"excerpt":{"rendered":"<p>\u00da\u010dastn\u00edci projektu nav\u0161t\u00edv\u00ed v\u00fdstavy \"Historie b\u00fdval\u00e9 tov\u00e1rny na chemick\u00e1 vl\u00e1kna\" a \"Historie gubensk\u00fdch pl\u00e1ten\u00edk\u016f\". V obou expozic\u00edch se prom\u00edt\u00e1 film o historii Gubenu a \u017e\u00e1ci mohou prok\u00e1zat sv\u00e9 znalosti v kv\u00edzu. Nejlep\u0161\u00ed bude ocen\u011bn. V p\u0159\u00edpad\u011b z\u00e1jmu bude na po\u017e\u00e1d\u00e1n\u00ed zaji\u0161t\u011bn ob\u011bd za cenu 2,00 \u20ac.<\/p>","protected":false},"author":13,"featured_media":0,"parent":380,"menu_order":0,"comment_status":"closed","ping_status":"closed","template":"","meta":[],"_links":{"self":[{"href":"https:\/\/www.lausitzer-museenland.de\/cs\/wp-json\/wp\/v2\/pages\/564"}],"collection":[{"href":"https:\/\/www.lausitzer-museenland.de\/cs\/wp-json\/wp\/v2\/pages"}],"about":[{"href":"https:\/\/www.lausitzer-museenland.de\/cs\/wp-json\/wp\/v2\/types\/page"}],"author":[{"embeddable":true,"href":"https:\/\/www.lausitzer-museenland.de\/cs\/wp-json\/wp\/v2\/users\/13"}],"replies":[{"embeddable":true,"href":"https:\/\/www.lausitzer-museenland.de\/cs\/wp-json\/wp\/v2\/comments?post=564"}],"version-history":[{"count":5,"href":"https:\/\/www.lausitzer-museenland.de\/cs\/wp-json\/wp\/v2\/pages\/564\/revisions"}],"predecessor-version":[{"id":3587,"href":"https:\/\/www.lausitzer-museenland.de\/cs\/wp-json\/wp\/v2\/pages\/564\/revisions\/3587"}],"up":[{"embeddable":true,"href":"https:\/\/www.lausitzer-museenland.de\/cs\/wp-json\/wp\/v2\/pages\/380"}],"wp:attachment":[{"href":"https:\/\/www.lausitzer-museenland.de\/cs\/wp-json\/wp\/v2\/media?parent=564"}],"curies":[{"name":"wp","href":"https:\/\/api.w.org\/{rel}","templated":true}]}}