{"id":570,"date":"2014-11-14T16:41:44","date_gmt":"2014-11-14T15:41:44","guid":{"rendered":"http:\/\/lausitzer-museenland.de\/?page_id=570"},"modified":"2025-09-24T13:22:19","modified_gmt":"2025-09-24T11:22:19","slug":"heimatstube-burg-spreewald","status":"publish","type":"page","link":"https:\/\/www.lausitzer-museenland.de\/cs\/sluzba\/kobi\/heimatstube-burg-spreewald\/","title":{"rendered":"Legend\u00e1rn\u00ed objevitelsk\u00e1 cesta v muzeu m\u00edstn\u00ed historie Burg"},"content":{"rendered":"<p>B\u011bhem hry v kostky s legend\u00e1rn\u00edmi postavami jako hern\u00edmi figurkami se na\u0161i \"mlad\u00ed\" host\u00e9 dozv\u011bd\u00ed spoustu zaj\u00edmavost\u00ed o legend\u00e1rn\u00edch postav\u00e1ch. Jedn\u00e1 se o region\u00e1ln\u00ed t\u00faru z Vetschau p\u0159es Raddusch, Lehde, Straupitz, Cottbus, Briesen do Burgu. D\u00edky znalostem se m\u016f\u017eete ve h\u0159e rychleji prosadit. Krom\u011b toho je zde mnoho zaj\u00edmav\u00fdch informac\u00ed o na\u0161em regionu.<\/p>\n<p>Zpest\u0159en\u00edm hry jsou neobvykl\u00e1 pravidla a speci\u00e1ln\u00ed dopl\u0148ky. M\u016f\u017eete si nap\u0159\u00edklad vybrat mezi matematickou, sportovn\u00ed a zdravou variantou hry.<\/p>\n<p>Nab\u00eddka prob\u00edh\u00e1 v interi\u00e9ru a je ur\u010dena \u0161kol\u00e1k\u016fm.<br \/>\nder Klassen 1 bis 12, ist aber auch f\u00fcr Erwachsene geeignet.<br \/>\nTerm\u00edny: dle dohody<br \/>\nP\u0159edb\u011b\u017en\u00e1 registrace: alespo\u0148 1 t\u00fdden p\u0159edem<br \/>\nDoba trv\u00e1n\u00ed: p\u0159ibli\u017en\u011b 30 a\u017e 60 minut (v z\u00e1vislosti na po\u010dtu hr\u00e1\u010d\u016f)<br \/>\nVelikost skupiny: 2 a\u017e 10 osob<br \/>\nPreis: 40,00 \u20ac pro Gruppe<\/p>\n<p><a title=\"Heimatstube Burg \/ Domowniska \u015bpa B\u00f3rkowy\" href=\"\/museen\/heimatstube-burg\/\">M\u00edstnost m\u00edstn\u00ed historie Burg (Spreewald)<\/a><\/p>","protected":false},"excerpt":{"rendered":"<p>B\u011bhem hry v kostky s legend\u00e1rn\u00edmi postavami jako hern\u00edmi figurkami se na\u0161i \"mlad\u00ed\" host\u00e9 dozv\u011bd\u00ed spoustu zaj\u00edmavost\u00ed o legend\u00e1rn\u00edch postav\u00e1ch. Jedn\u00e1 se o region\u00e1ln\u00ed t\u00faru z Vetschau p\u0159es Raddusch, Lehde, Straupitz, Cottbus, Briesen do Burgu. D\u00edky znalostem se m\u016f\u017eete ve h\u0159e rychleji prosadit. Krom\u011b toho je zde mnoho zaj\u00edmav\u00fdch informac\u00ed o na\u0161em regionu. Neobvykl\u00e1 pravidla hry a design speci\u00e1ln\u00edch dopl\u0148k\u016f<\/p>","protected":false},"author":13,"featured_media":0,"parent":380,"menu_order":0,"comment_status":"closed","ping_status":"closed","template":"","meta":[],"_links":{"self":[{"href":"https:\/\/www.lausitzer-museenland.de\/cs\/wp-json\/wp\/v2\/pages\/570"}],"collection":[{"href":"https:\/\/www.lausitzer-museenland.de\/cs\/wp-json\/wp\/v2\/pages"}],"about":[{"href":"https:\/\/www.lausitzer-museenland.de\/cs\/wp-json\/wp\/v2\/types\/page"}],"author":[{"embeddable":true,"href":"https:\/\/www.lausitzer-museenland.de\/cs\/wp-json\/wp\/v2\/users\/13"}],"replies":[{"embeddable":true,"href":"https:\/\/www.lausitzer-museenland.de\/cs\/wp-json\/wp\/v2\/comments?post=570"}],"version-history":[{"count":7,"href":"https:\/\/www.lausitzer-museenland.de\/cs\/wp-json\/wp\/v2\/pages\/570\/revisions"}],"predecessor-version":[{"id":55789,"href":"https:\/\/www.lausitzer-museenland.de\/cs\/wp-json\/wp\/v2\/pages\/570\/revisions\/55789"}],"up":[{"embeddable":true,"href":"https:\/\/www.lausitzer-museenland.de\/cs\/wp-json\/wp\/v2\/pages\/380"}],"wp:attachment":[{"href":"https:\/\/www.lausitzer-museenland.de\/cs\/wp-json\/wp\/v2\/media?parent=570"}],"curies":[{"name":"wp","href":"https:\/\/api.w.org\/{rel}","templated":true}]}}