{"id":579,"date":"2014-11-14T16:50:54","date_gmt":"2014-11-14T15:50:54","guid":{"rendered":"http:\/\/lausitzer-museenland.de\/?page_id=579"},"modified":"2014-12-17T17:07:47","modified_gmt":"2014-12-17T16:07:47","slug":"basteln-in-der-vorweihnachtszeit","status":"publish","type":"page","link":"https:\/\/www.lausitzer-museenland.de\/cs\/sluzba\/kobi\/remesla-v-predvanocnim-obdobi\/","title":{"rendered":"\u0158emesla v p\u0159edv\u00e1no\u010dn\u00edm obdob\u00ed v lu\u017eickosrbsk\u00e9 tkalcovn\u011b Drebkau"},"content":{"rendered":"<p>O\u010dek\u00e1v\u00e1n\u00ed, nejkr\u00e1sn\u011bj\u0161\u00ed radost, radost v adventu... Lu\u017eickosrbsk\u00e1 tkalcovna Drebkau ka\u017edoro\u010dn\u011b v adventn\u00edm \u010dase nab\u00edz\u00ed r\u016fzn\u00e9 v\u00e1no\u010dn\u00ed v\u00fdrobky pro r\u016fzn\u00e9 v\u011bkov\u00e9 skupiny. Velmi osobn\u00ed d\u00e1rek - vlastnoru\u010dn\u011b vyroben\u00e9 adventn\u00ed dekorace. Sou\u010d\u00e1st\u00ed projektu je komentovan\u00e1 prohl\u00eddka muzea.<\/p>\n<p>Nab\u00eddka je ur\u010dena \u017e\u00e1k\u016fm 1. a\u017e 6. t\u0159\u00eddy.<br \/>\nTerm\u00edny: dle dohody<br \/>\nP\u0159edb\u011b\u017en\u00e1 registrace: alespo\u0148 2 t\u00fddny p\u0159edem<br \/>\nVelikost skupiny: 8 a\u017e 10 osob<br \/>\nP\u0159\u00edsp\u011bvek na n\u00e1klady na osobu: 2,50 \u20ac<\/p>\n<p><a title=\"Sorbische Webstube Drebkau \/ Serbska tkajarska \u0161pa Drjowk\" href=\"\/museen\/sorbische-webstube-drebkau\/\">Lu\u017eickosrbsk\u00e1 tkalcovna Drebkau<\/a><\/p>","protected":false},"excerpt":{"rendered":"<p>O\u010dek\u00e1v\u00e1n\u00ed, nejkr\u00e1sn\u011bj\u0161\u00ed radost, radost v adventu... Lu\u017eickosrbsk\u00e1 tkalcovna Drebkau ka\u017edoro\u010dn\u011b v adventn\u00edm \u010dase nab\u00edz\u00ed r\u016fzn\u00e9 v\u00e1no\u010dn\u00ed v\u00fdrobky pro r\u016fzn\u00e9 v\u011bkov\u00e9 skupiny. Velmi osobn\u00ed d\u00e1rek - vlastnoru\u010dn\u011b vyroben\u00e9 adventn\u00ed dekorace. Sou\u010d\u00e1st\u00ed projektu je komentovan\u00e1 prohl\u00eddka muzea. Nab\u00eddka je ur\u010dena \u017e\u00e1k\u016fm 1. a\u017e 6. t\u0159\u00edd. Term\u00edny: dle domluvy P\u0159edb\u011b\u017en\u00e1 registrace: alespo\u0148 2 t\u00fddny p\u0159edem Velikost skupiny: 8 osob<\/p>","protected":false},"author":13,"featured_media":0,"parent":380,"menu_order":0,"comment_status":"closed","ping_status":"closed","template":"","meta":[],"_links":{"self":[{"href":"https:\/\/www.lausitzer-museenland.de\/cs\/wp-json\/wp\/v2\/pages\/579"}],"collection":[{"href":"https:\/\/www.lausitzer-museenland.de\/cs\/wp-json\/wp\/v2\/pages"}],"about":[{"href":"https:\/\/www.lausitzer-museenland.de\/cs\/wp-json\/wp\/v2\/types\/page"}],"author":[{"embeddable":true,"href":"https:\/\/www.lausitzer-museenland.de\/cs\/wp-json\/wp\/v2\/users\/13"}],"replies":[{"embeddable":true,"href":"https:\/\/www.lausitzer-museenland.de\/cs\/wp-json\/wp\/v2\/comments?post=579"}],"version-history":[{"count":4,"href":"https:\/\/www.lausitzer-museenland.de\/cs\/wp-json\/wp\/v2\/pages\/579\/revisions"}],"predecessor-version":[{"id":3597,"href":"https:\/\/www.lausitzer-museenland.de\/cs\/wp-json\/wp\/v2\/pages\/579\/revisions\/3597"}],"up":[{"embeddable":true,"href":"https:\/\/www.lausitzer-museenland.de\/cs\/wp-json\/wp\/v2\/pages\/380"}],"wp:attachment":[{"href":"https:\/\/www.lausitzer-museenland.de\/cs\/wp-json\/wp\/v2\/media?parent=579"}],"curies":[{"name":"wp","href":"https:\/\/api.w.org\/{rel}","templated":true}]}}