{"id":585,"date":"2014-11-14T16:59:35","date_gmt":"2014-11-14T15:59:35","guid":{"rendered":"http:\/\/lausitzer-museenland.de\/?page_id=585"},"modified":"2014-12-17T17:09:38","modified_gmt":"2014-12-17T16:09:38","slug":"filzen","status":"publish","type":"page","link":"https:\/\/www.lausitzer-museenland.de\/cs\/sluzba\/kobi\/plsteni\/","title":{"rendered":"Plst\u011bn\u00ed v M\u011bstsk\u00e9m a pr\u016fmyslov\u00e9m muzeu Guben"},"content":{"rendered":"<p>S pomoc\u00ed vln\u011bn\u00e9 plsti, speci\u00e1ln\u00edch plst\u00edc\u00edch jehel, vykrajov\u00e1tek na su\u0161enky (p\u0159\u00edpadn\u011b vlastnoru\u010dn\u011b vyroben\u00fdch kartonov\u00fdch tvar\u016f), bublinkov\u00e9 f\u00f3lie a polystyrenu mohou \u017e\u00e1ci pod dohledem vyr\u00e1b\u011bt r\u016fzn\u00e9 plst\u011bn\u00e9 figurky. Hotov\u00e9 figurky jsou tak\u00e9 vhodn\u00e9 k dal\u0161\u00edmu zpracov\u00e1n\u00ed jako p\u0159\u00edv\u011bsky na kl\u00ed\u010de, v\u00e1no\u010dn\u00ed a\/nebo velikono\u010dn\u00ed ozdoby a k dekorativn\u00edmu zdoben\u00ed klobouk\u016f. Studenti by ji\u017e m\u011bli m\u00edt ur\u010dit\u00e9 zku\u0161enosti s jehlami.<\/p>\n<p>Nab\u00eddka prob\u00edh\u00e1 v interi\u00e9ru a je ur\u010dena \u0161kol\u00e1k\u016fm.<br \/>\nt\u0159\u00edd 1 a\u017e 7.<br \/>\nTerm\u00edny: dle dohody<br \/>\nP\u0159edb\u011b\u017en\u00e1 registrace: alespo\u0148 2 t\u00fddny p\u0159edem<br \/>\nDoba trv\u00e1n\u00ed: p\u0159ibli\u017en\u011b 1 hodina<br \/>\nVelikost skupiny: a\u017e 25 osob<br \/>\nVstupn\u00e9 na osobu: 1,50 \u20ac (\u0161koly v Gubenu maj\u00ed vstup zdarma)<br \/>\nP\u0159\u00edsp\u011bvek na materi\u00e1l na osobu: 1,00 a\u017e 2,00 \u20ac<\/p>\n<p>Dal\u0161\u00ed pozn\u00e1mky k nab\u00eddce:<br \/>\nNa pr\u00e1ci s ostr\u00fdmi jehlami by m\u011bli dohl\u00ed\u017eet o\u0161et\u0159ovatel\u00e9.<br \/>\nMateri\u00e1l m\u016f\u017ee poskytnout muzeum. V takov\u00e9m p\u0159\u00edpad\u011b je t\u0159eba uhradit p\u0159\u00edsp\u011bvek na v\u00fddaje.<\/p>\n<p><a title=\"Gubensk\u00e9 m\u011bstsk\u00e9 a pr\u016fmyslov\u00e9 muzeum \/ M\u011bs\u0107a\u0144ski a industrijowy muzej Gubin\" href=\"\/museen\/stadt-und-industriemuseum-guben\/\">M\u011bstsk\u00e9 a pr\u016fmyslov\u00e9 muzeum Guben<\/a><\/p>","protected":false},"excerpt":{"rendered":"<p>S pomoc\u00ed vln\u011bn\u00e9 plsti, speci\u00e1ln\u00edch plst\u00edc\u00edch jehel, vykrajov\u00e1tek na su\u0161enky (p\u0159\u00edpadn\u011b vlastnoru\u010dn\u011b vyroben\u00fdch kartonov\u00fdch tvar\u016f), bublinkov\u00e9 f\u00f3lie a polystyrenu mohou \u017e\u00e1ci pod dohledem vyr\u00e1b\u011bt nejr\u016fzn\u011bj\u0161\u00ed plst\u011bn\u00e9 figurky. Hotov\u00e9 figurky jsou tak\u00e9 vhodn\u00e9 k dal\u0161\u00edmu zpracov\u00e1n\u00ed jako p\u0159\u00edv\u011bsky na kl\u00ed\u010de, v\u00e1no\u010dn\u00ed a\/nebo velikono\u010dn\u00ed ozdoby a k dekorativn\u00edmu zdoben\u00ed klobouk\u016f. Studenti by ji\u017e m\u011bli m\u00edt ur\u010dit\u00e9 zku\u0161enosti s jehlami. Kurz prob\u00edh\u00e1 v interi\u00e9ru a<\/p>","protected":false},"author":13,"featured_media":0,"parent":380,"menu_order":0,"comment_status":"closed","ping_status":"closed","template":"","meta":[],"_links":{"self":[{"href":"https:\/\/www.lausitzer-museenland.de\/cs\/wp-json\/wp\/v2\/pages\/585"}],"collection":[{"href":"https:\/\/www.lausitzer-museenland.de\/cs\/wp-json\/wp\/v2\/pages"}],"about":[{"href":"https:\/\/www.lausitzer-museenland.de\/cs\/wp-json\/wp\/v2\/types\/page"}],"author":[{"embeddable":true,"href":"https:\/\/www.lausitzer-museenland.de\/cs\/wp-json\/wp\/v2\/users\/13"}],"replies":[{"embeddable":true,"href":"https:\/\/www.lausitzer-museenland.de\/cs\/wp-json\/wp\/v2\/comments?post=585"}],"version-history":[{"count":3,"href":"https:\/\/www.lausitzer-museenland.de\/cs\/wp-json\/wp\/v2\/pages\/585\/revisions"}],"predecessor-version":[{"id":3600,"href":"https:\/\/www.lausitzer-museenland.de\/cs\/wp-json\/wp\/v2\/pages\/585\/revisions\/3600"}],"up":[{"embeddable":true,"href":"https:\/\/www.lausitzer-museenland.de\/cs\/wp-json\/wp\/v2\/pages\/380"}],"wp:attachment":[{"href":"https:\/\/www.lausitzer-museenland.de\/cs\/wp-json\/wp\/v2\/media?parent=585"}],"curies":[{"name":"wp","href":"https:\/\/api.w.org\/{rel}","templated":true}]}}