{"id":589,"date":"2014-11-14T17:03:38","date_gmt":"2014-11-14T16:03:38","guid":{"rendered":"http:\/\/lausitzer-museenland.de\/?page_id=589"},"modified":"2014-12-17T17:10:31","modified_gmt":"2014-12-17T16:10:31","slug":"hutherstellung","status":"publish","type":"page","link":"https:\/\/www.lausitzer-museenland.de\/cs\/sluzba\/kobi\/vyroba-klobouku\/","title":{"rendered":"V\u00fdroba klobouk\u016f v M\u011bstsk\u00e9m a pr\u016fmyslov\u00e9m muzeu v Gubenu"},"content":{"rendered":"<p>S n\u016f\u017ekami, lepidlem, prav\u00edtkem, tu\u017ekou, kartonem a lepenkou na \u0161ablony se pod dohledem vyr\u00e1b\u011bj\u00ed klobouky. Pot\u0159ebn\u00e9 materi\u00e1ly si m\u016f\u017eete p\u0159in\u00e9st s sebou nebo je poskytne muzeum. \u017d\u00e1ci by m\u011bli um\u011bt zach\u00e1zet s n\u016f\u017ekami a lepidlem.<\/p>\n<p>Nab\u00eddka prob\u00edh\u00e1 v interi\u00e9ru a je ur\u010dena \u0161kol\u00e1k\u016fm.<br \/>\nt\u0159\u00edd 1 a\u017e 7.<br \/>\nTerm\u00edny: dle dohody<br \/>\nP\u0159edb\u011b\u017en\u00e1 registrace: alespo\u0148 2 t\u00fddny p\u0159edem<br \/>\nDoba trv\u00e1n\u00ed: p\u0159ibli\u017en\u011b 1 hodina<br \/>\nVelikost skupiny: a\u017e 25 osob<br \/>\nVstupn\u00e9 na osobu: 1,50 \u20ac (\u0161koly v Gubenu maj\u00ed vstup zdarma)<br \/>\nP\u0159\u00edsp\u011bvek na materi\u00e1l na osobu: 2,00 \u20ac<\/p>\n<p><em>Dal\u0161\u00ed pozn\u00e1mky k nab\u00eddce:<\/em><br \/>\nPodle sazebn\u00edku poplatk\u016f vyb\u00edr\u00e1me za prom\u00edt\u00e1n\u00ed filmu 15,00 \u20ac, \u0161koly v Gubenu maj\u00ed vstup zdarma. Po dohod\u011b m\u016f\u017ee muzeum poskytnout pot\u0159ebn\u00e9 pracovn\u00ed materi\u00e1ly, v takov\u00e9m p\u0159\u00edpad\u011b je cena 2,00 \u20ac na osobu.<\/p>\n<p><a title=\"Gubensk\u00e9 m\u011bstsk\u00e9 a pr\u016fmyslov\u00e9 muzeum \/ M\u011bs\u0107a\u0144ski a industrijowy muzej Gubin\" href=\"\/museen\/stadt-und-industriemuseum-guben\/\">M\u011bstsk\u00e9 a pr\u016fmyslov\u00e9 muzeum Guben<\/a><\/p>","protected":false},"excerpt":{"rendered":"<p>S n\u016f\u017ekami, lepidlem, prav\u00edtkem, tu\u017ekou, kartonem a lepenkou na \u0161ablony se pod dohledem vyr\u00e1b\u011bj\u00ed klobouky. Pot\u0159ebn\u00e9 materi\u00e1ly si m\u016f\u017eete p\u0159in\u00e9st s sebou nebo je poskytne muzeum. \u017d\u00e1ci by m\u011bli um\u011bt zach\u00e1zet se \u0161krabkou a lepidlem. Nab\u00eddka prob\u00edh\u00e1 v interi\u00e9ru a je ur\u010dena \u017e\u00e1k\u016fm 1., 2. a 3. t\u0159\u00eddy.<\/p>","protected":false},"author":13,"featured_media":0,"parent":380,"menu_order":0,"comment_status":"closed","ping_status":"closed","template":"","meta":[],"_links":{"self":[{"href":"https:\/\/www.lausitzer-museenland.de\/cs\/wp-json\/wp\/v2\/pages\/589"}],"collection":[{"href":"https:\/\/www.lausitzer-museenland.de\/cs\/wp-json\/wp\/v2\/pages"}],"about":[{"href":"https:\/\/www.lausitzer-museenland.de\/cs\/wp-json\/wp\/v2\/types\/page"}],"author":[{"embeddable":true,"href":"https:\/\/www.lausitzer-museenland.de\/cs\/wp-json\/wp\/v2\/users\/13"}],"replies":[{"embeddable":true,"href":"https:\/\/www.lausitzer-museenland.de\/cs\/wp-json\/wp\/v2\/comments?post=589"}],"version-history":[{"count":5,"href":"https:\/\/www.lausitzer-museenland.de\/cs\/wp-json\/wp\/v2\/pages\/589\/revisions"}],"predecessor-version":[{"id":3602,"href":"https:\/\/www.lausitzer-museenland.de\/cs\/wp-json\/wp\/v2\/pages\/589\/revisions\/3602"}],"up":[{"embeddable":true,"href":"https:\/\/www.lausitzer-museenland.de\/cs\/wp-json\/wp\/v2\/pages\/380"}],"wp:attachment":[{"href":"https:\/\/www.lausitzer-museenland.de\/cs\/wp-json\/wp\/v2\/media?parent=589"}],"curies":[{"name":"wp","href":"https:\/\/api.w.org\/{rel}","templated":true}]}}