{"id":596,"date":"2014-11-14T17:07:25","date_gmt":"2014-11-14T16:07:25","guid":{"rendered":"http:\/\/lausitzer-museenland.de\/?page_id=596"},"modified":"2014-12-17T17:10:54","modified_gmt":"2014-12-17T16:10:54","slug":"echte-hutprobierstation","status":"publish","type":"page","link":"https:\/\/www.lausitzer-museenland.de\/cs\/sluzba\/kobi\/real-hat-tasting-station\/","title":{"rendered":"Ochutn\u00e1vkov\u00e1 stanice prav\u00fdch klobouk\u016f v M\u011bstsk\u00e9m a pr\u016fmyslov\u00e9m muzeu v Gubenu"},"content":{"rendered":"<p>T\u0159\u00edda bude kr\u00e1tce pou\u010dena a pot\u00e9 si \u017e\u00e1ci mohou vybrat klobouky a pokr\u00fdvky hlavy z bohat\u00e9 nab\u00eddky na stanovi\u0161ti pro zkou\u0161en\u00ed klobouk\u016f. Fotografov\u00e1n\u00ed doprovodn\u00fdmi osobami je mo\u017en\u00e9.<\/p>\n<p>Nab\u00eddka prob\u00edh\u00e1 v interi\u00e9ru a je ur\u010dena d\u011btem p\u0159ed\u0161koln\u00edho v\u011bku a \u017e\u00e1k\u016fm do 10. t\u0159\u00eddy.<br \/>\nTerm\u00edny: dle dohody<br \/>\nP\u0159edb\u011b\u017en\u00e1 registrace: alespo\u0148 2 dny p\u0159edem<br \/>\nDoba trv\u00e1n\u00ed: 1 a\u017e 1,5 hodiny<br \/>\nVelikost skupiny: 5 a\u017e 30 osob<br \/>\nVstupn\u00e9 na osobu: 1,50 \u20ac (\u0161koly a \u0161kolky v Gubenu maj\u00ed vstup zdarma).<\/p>\n<p><a title=\"Gubensk\u00e9 m\u011bstsk\u00e9 a pr\u016fmyslov\u00e9 muzeum \/ M\u011bs\u0107a\u0144ski a industrijowy muzej Gubin\" href=\"\/museen\/stadt-und-industriemuseum-guben\/\">M\u011bstsk\u00e9 a pr\u016fmyslov\u00e9 muzeum Guben<\/a><\/p>","protected":false},"excerpt":{"rendered":"<p>T\u0159\u00edda bude kr\u00e1tce pou\u010dena a pot\u00e9 si \u017e\u00e1ci mohou vybrat klobouky a pokr\u00fdvky hlavy z bohat\u00e9 nab\u00eddky na stanovi\u0161ti pro zkou\u0161en\u00ed klobouk\u016f. Fotografie mohou po\u0159izovat doprov\u00e1zej\u00edc\u00ed osoby. Nab\u00eddka prob\u00edh\u00e1 v interi\u00e9ru a je ur\u010dena pro p\u0159ed\u0161koln\u00ed d\u011bti a \u017e\u00e1ky do 10. t\u0159\u00eddy. Term\u00edny: dle dohody P\u0159edb\u011b\u017en\u00e9 p\u0159ihl\u00e1\u0161en\u00ed: alespo\u0148 2 dny p\u0159edem Doba trv\u00e1n\u00ed: 1 a\u017e 1,5 hod.<\/p>","protected":false},"author":13,"featured_media":0,"parent":380,"menu_order":0,"comment_status":"closed","ping_status":"closed","template":"","meta":[],"_links":{"self":[{"href":"https:\/\/www.lausitzer-museenland.de\/cs\/wp-json\/wp\/v2\/pages\/596"}],"collection":[{"href":"https:\/\/www.lausitzer-museenland.de\/cs\/wp-json\/wp\/v2\/pages"}],"about":[{"href":"https:\/\/www.lausitzer-museenland.de\/cs\/wp-json\/wp\/v2\/types\/page"}],"author":[{"embeddable":true,"href":"https:\/\/www.lausitzer-museenland.de\/cs\/wp-json\/wp\/v2\/users\/13"}],"replies":[{"embeddable":true,"href":"https:\/\/www.lausitzer-museenland.de\/cs\/wp-json\/wp\/v2\/comments?post=596"}],"version-history":[{"count":3,"href":"https:\/\/www.lausitzer-museenland.de\/cs\/wp-json\/wp\/v2\/pages\/596\/revisions"}],"predecessor-version":[{"id":3603,"href":"https:\/\/www.lausitzer-museenland.de\/cs\/wp-json\/wp\/v2\/pages\/596\/revisions\/3603"}],"up":[{"embeddable":true,"href":"https:\/\/www.lausitzer-museenland.de\/cs\/wp-json\/wp\/v2\/pages\/380"}],"wp:attachment":[{"href":"https:\/\/www.lausitzer-museenland.de\/cs\/wp-json\/wp\/v2\/media?parent=596"}],"curies":[{"name":"wp","href":"https:\/\/api.w.org\/{rel}","templated":true}]}}