{"id":603,"date":"2014-11-14T17:10:15","date_gmt":"2014-11-14T16:10:15","guid":{"rendered":"http:\/\/lausitzer-museenland.de\/?page_id=603"},"modified":"2017-04-05T12:43:18","modified_gmt":"2017-04-05T11:43:18","slug":"stadtfuehrung-und-stadtrallye","status":"publish","type":"page","link":"https:\/\/www.lausitzer-museenland.de\/cs\/sluzba\/kobi\/prohlidka-mesta-a-mestska-rallye\/","title":{"rendered":"Prohl\u00eddka m\u011bsta a m\u011bstsk\u00e1 rallye v Braniborsk\u00e9m textiln\u00edm muzeu Forst"},"content":{"rendered":"<p>Pro jednou si d\u011bti velmi pozorn\u011b prohl\u00e9dnou na\u0161e rodn\u00e9 m\u011bsto Forst (Lu\u017eice), projdou se star\u00fdmi uli\u010dkami a dozv\u011bd\u00ed se mnoho zaj\u00edmav\u00e9ho o historii kdysi tak \u017eiv\u00e9ho textiln\u00edho m\u011bsta. Pro\u010d jsou v n\u011bkter\u00fdch ulic\u00edch dodnes mal\u00e9 \u017eelezni\u010dn\u00ed koleje? D\u011bti maj\u00ed mo\u017enost vydat se hledat stopy. Dost\u00e1vaj\u00ed zaj\u00edmav\u00e9 n\u00e1pov\u011bdy ke konkr\u00e9tn\u00edm budov\u00e1m nebo za\u0159\u00edzen\u00edm, kter\u00e9 hledaj\u00ed. Na z\u00e1klad\u011b t\u011bchto informac\u00ed mohou naj\u00edt hledanou budovu - a aby kone\u010dn\u011b vy\u0159e\u0161ili h\u00e1danku, vyfotografuj\u00ed ji.<\/p>\n<p>Krom\u011b toho v\u00e1m m\u016f\u017eeme zajistit prohl\u00eddku krypty (1,00 \u20ac) a\/nebo v\u00fdstup na v\u011b\u017e (2,50 \u20ac) v kostele Stadtkirche. Tyto n\u00e1klady se pak hrad\u00ed m\u011bstsk\u00e9mu kostelu.<\/p>\n<p>Nab\u00eddka prob\u00edh\u00e1 v interi\u00e9ru i exteri\u00e9ru a je ur\u010dena \u0161kol\u00e1k\u016fm.<br \/>\nt\u0159\u00edd 3 a\u017e 6.<br \/>\nTerm\u00edny: dle dohody<br \/>\nP\u0159edb\u011b\u017en\u00e1 rezervace: alespo\u0148 1 t\u00fdden p\u0159edem<br \/>\nDoba trv\u00e1n\u00ed: p\u0159ibli\u017en\u011b 2 a\u017e 2,5 hodiny<br \/>\nVelikost skupiny: 5 a\u017e 30 osob<br \/>\nVstupn\u00e9 na osobu: 3,50 \u20ac<\/p>\n<p><a title=\"Braniborsk\u00e9 textiln\u00ed muzeum Forst (Lu\u017eice) \/ Bramborski tekstilny muzej Bar\u0161\u0107 (\u0141u\u017eyca)\" href=\"\/museen\/brandenburgisches-textilmuseum-forst\/\">Braniborsk\u00e9 textiln\u00ed muzeum Forst<\/a><\/p>","protected":false},"excerpt":{"rendered":"<p>Pro jednou si d\u011bti velmi pozorn\u011b prohl\u00e9dnou na\u0161e rodn\u00e9 m\u011bsto Forst (Lu\u017eice), projdou se star\u00fdmi uli\u010dkami a dozv\u011bd\u00ed se mnoho zaj\u00edmav\u00e9ho o historii kdysi tak \u017eiv\u00e9ho textiln\u00edho m\u011bsta. Pro\u010d jsou v n\u011bkter\u00fdch ulic\u00edch dodnes mal\u00e9 \u017eelezni\u010dn\u00ed koleje? D\u011bti maj\u00ed mo\u017enost vydat se hledat stopy. Dost\u00e1vaj\u00ed zaj\u00edmav\u00e9 n\u00e1pov\u011bdy ke konkr\u00e9tn\u00edm budov\u00e1m nebo za\u0159\u00edzen\u00edm, kter\u00e9 hledaj\u00ed.<\/p>","protected":false},"author":13,"featured_media":0,"parent":380,"menu_order":0,"comment_status":"closed","ping_status":"closed","template":"","meta":[],"_links":{"self":[{"href":"https:\/\/www.lausitzer-museenland.de\/cs\/wp-json\/wp\/v2\/pages\/603"}],"collection":[{"href":"https:\/\/www.lausitzer-museenland.de\/cs\/wp-json\/wp\/v2\/pages"}],"about":[{"href":"https:\/\/www.lausitzer-museenland.de\/cs\/wp-json\/wp\/v2\/types\/page"}],"author":[{"embeddable":true,"href":"https:\/\/www.lausitzer-museenland.de\/cs\/wp-json\/wp\/v2\/users\/13"}],"replies":[{"embeddable":true,"href":"https:\/\/www.lausitzer-museenland.de\/cs\/wp-json\/wp\/v2\/comments?post=603"}],"version-history":[{"count":5,"href":"https:\/\/www.lausitzer-museenland.de\/cs\/wp-json\/wp\/v2\/pages\/603\/revisions"}],"predecessor-version":[{"id":8203,"href":"https:\/\/www.lausitzer-museenland.de\/cs\/wp-json\/wp\/v2\/pages\/603\/revisions\/8203"}],"up":[{"embeddable":true,"href":"https:\/\/www.lausitzer-museenland.de\/cs\/wp-json\/wp\/v2\/pages\/380"}],"wp:attachment":[{"href":"https:\/\/www.lausitzer-museenland.de\/cs\/wp-json\/wp\/v2\/media?parent=603"}],"curies":[{"name":"wp","href":"https:\/\/api.w.org\/{rel}","templated":true}]}}