{"id":613,"date":"2014-11-14T17:19:06","date_gmt":"2014-11-14T16:19:06","guid":{"rendered":"http:\/\/lausitzer-museenland.de\/?page_id=613"},"modified":"2017-04-05T12:53:16","modified_gmt":"2017-04-05T11:53:16","slug":"wir-stellen-selbst-papier-her","status":"publish","type":"page","link":"https:\/\/www.lausitzer-museenland.de\/cs\/sluzba\/kobi\/zamestnavame-sami-papir-jeji\/","title":{"rendered":"Vyr\u00e1b\u00edme pap\u00edr sami - v Braniborsk\u00e9m textiln\u00edm muzeu ve Forstu"},"content":{"rendered":"<p>Lid\u00e9 u\u017e dlouho zanech\u00e1vaj\u00ed vzkazy nebo po\u0159izuj\u00ed z\u00e1znamy. Prvn\u00ed lid\u00e9 malovali na st\u011bny sv\u00fdch jeskyn\u00ed, Egyp\u0165an\u00e9 psali sv\u00e9 hieroglyfy na papyrus, \u0158\u00edman\u00e9 na voskov\u00e9 tabulky a ve st\u0159edov\u011bku pou\u017e\u00edvali mni\u0161i pergamen ze zv\u00ed\u0159ec\u00ed k\u016f\u017ee. \u017d\u00e1ci se dozv\u011bd\u00ed spoustu zaj\u00edmavost\u00ed o historii a v\u00fdrob\u011b pap\u00edru a o tom, jak si ho mohou sami vyrobit.<\/p>\n<p>Akce: V\u00fdroba pap\u00edru<\/p>\n<p>Nab\u00eddka prob\u00edh\u00e1 v interi\u00e9ru a je ur\u010dena \u0161kol\u00e1k\u016fm.<br \/>\nt\u0159\u00edd 3 a\u017e 8.<br \/>\nTerm\u00edny: dle dohody<br \/>\nP\u0159edb\u011b\u017en\u00e1 registrace: alespo\u0148 1 t\u00fdden p\u0159edem<br \/>\nDoba trv\u00e1n\u00ed: p\u0159ibli\u017en\u011b 2 a\u017e 2,5 hodiny<br \/>\nVelikost skupiny: 10 a\u017e 30 osob<br \/>\nVstupn\u00e9 na osobu: 3,50 \u20ac<\/p>\n<p><a title=\"Braniborsk\u00e9 textiln\u00ed muzeum Forst (Lu\u017eice) \/ Bramborski tekstilny muzej Bar\u0161\u0107 (\u0141u\u017eyca)\" href=\"\/museen\/brandenburgisches-textilmuseum-forst\/\">Braniborsk\u00e9 textiln\u00ed muzeum Forst<\/a><\/p>","protected":false},"excerpt":{"rendered":"<p>Lid\u00e9 u\u017e dlouho zanech\u00e1vaj\u00ed vzkazy nebo po\u0159izuj\u00ed z\u00e1znamy. Prvn\u00ed lid\u00e9 malovali na st\u011bny sv\u00fdch jeskyn\u00ed, Egyp\u0165an\u00e9 psali sv\u00e9 hieroglyfy na papyrus, \u0158\u00edman\u00e9 na voskov\u00e9 tabulky a ve st\u0159edov\u011bku pou\u017e\u00edvali mni\u0161i pergamen ze zv\u00ed\u0159ec\u00ed k\u016f\u017ee. \u017d\u00e1ci se dozv\u011bd\u00ed spoustu zaj\u00edmavost\u00ed o historii a v\u00fdrob\u011b pap\u00edru a o tom, jak si ho mohou sami vyrobit.<\/p>","protected":false},"author":13,"featured_media":0,"parent":380,"menu_order":0,"comment_status":"closed","ping_status":"closed","template":"","meta":[],"_links":{"self":[{"href":"https:\/\/www.lausitzer-museenland.de\/cs\/wp-json\/wp\/v2\/pages\/613"}],"collection":[{"href":"https:\/\/www.lausitzer-museenland.de\/cs\/wp-json\/wp\/v2\/pages"}],"about":[{"href":"https:\/\/www.lausitzer-museenland.de\/cs\/wp-json\/wp\/v2\/types\/page"}],"author":[{"embeddable":true,"href":"https:\/\/www.lausitzer-museenland.de\/cs\/wp-json\/wp\/v2\/users\/13"}],"replies":[{"embeddable":true,"href":"https:\/\/www.lausitzer-museenland.de\/cs\/wp-json\/wp\/v2\/comments?post=613"}],"version-history":[{"count":4,"href":"https:\/\/www.lausitzer-museenland.de\/cs\/wp-json\/wp\/v2\/pages\/613\/revisions"}],"predecessor-version":[{"id":9192,"href":"https:\/\/www.lausitzer-museenland.de\/cs\/wp-json\/wp\/v2\/pages\/613\/revisions\/9192"}],"up":[{"embeddable":true,"href":"https:\/\/www.lausitzer-museenland.de\/cs\/wp-json\/wp\/v2\/pages\/380"}],"wp:attachment":[{"href":"https:\/\/www.lausitzer-museenland.de\/cs\/wp-json\/wp\/v2\/media?parent=613"}],"curies":[{"name":"wp","href":"https:\/\/api.w.org\/{rel}","templated":true}]}}