{"id":615,"date":"2014-11-14T17:20:14","date_gmt":"2014-11-14T16:20:14","guid":{"rendered":"http:\/\/lausitzer-museenland.de\/?page_id=615"},"modified":"2014-12-17T17:17:08","modified_gmt":"2014-12-17T16:17:08","slug":"auf-den-spuren","status":"publish","type":"page","link":"https:\/\/www.lausitzer-museenland.de\/cs\/sluzba\/kobi\/na-kolejich\/","title":{"rendered":"Po stop\u00e1ch lu\u017eickosrbsk\u00fdch\/vendsk\u00fdch zvyk\u016f v Muzeu vesnice Sacro"},"content":{"rendered":"<p>Vesnick\u00e9 muzeum shrom\u00e1\u017edilo sv\u011bdectv\u00ed o ka\u017edodenn\u00edm \u017eivot\u011b, kter\u00e9 dokumentuje zp\u016fsob \u017eivota na vesnici v obc\u00edch severn\u011b od Forstu a v\u00fdchodn\u011b od \u0159eky Nisy. Folkloristick\u00e1 sb\u00edrka m\u00e1 zvl\u00e1\u0161tn\u00ed v\u00fdznam pro lu\u017eickosrbsk\u00e9 a vendsk\u00e9 d\u011bjiny. Zaj\u00edmav\u00e1 je tak\u00e9 sb\u00edrka origin\u00e1ln\u00edch historick\u00fdch fotografi\u00ed z okoln\u00edch vesnic. V horn\u00edm pat\u0159e muzea, kter\u00e9 je hr\u00e1zd\u011bnou budovou, si m\u016f\u017eete prohl\u00e9dnout lo\u017enici z roku 1900 a sv\u00e1te\u010dn\u00ed kost\u00fdmy mu\u017e\u016f a \u017een z roku 1805. Prohl\u00eddka horn\u00edho patra, kde jsou vystaveny se\u0161ity z roku 1805, knihy z roku 1850 a historick\u00e1 \u0161koln\u00ed tabule, umo\u017e\u0148uje nahl\u00e9dnout do prusk\u00fdch z\u00e1kladn\u00edch \u0161kol.<\/p>\n<p>Nab\u00eddka prob\u00edh\u00e1 v interi\u00e9ru a je ur\u010dena \u0161kol\u00e1k\u016fm.<br \/>\nt\u0159\u00edd 1 a\u017e 10.<br \/>\nTerm\u00edny: dle dohody<br \/>\nP\u0159edb\u011b\u017en\u00e1 registrace: alespo\u0148 2 t\u00fddny p\u0159edem<\/p>\n<p><a title=\"Muzeum sakr\u00e1ln\u00ed vesnice \/ Wejsny muzej Zakrjow\" href=\"\/museen\/dorfmuseum-sacro\/\">Muzeum vesnice Sacro<\/a><\/p>","protected":false},"excerpt":{"rendered":"<p>Vesnick\u00e9 muzeum shrom\u00e1\u017edilo sv\u011bdectv\u00ed o ka\u017edodenn\u00edm \u017eivot\u011b, kter\u00e9 dokumentuje zp\u016fsob \u017eivota na vesnici v obc\u00edch severn\u011b od Forstu a v\u00fdchodn\u011b od \u0159eky Nisy. Folkloristick\u00e1 sb\u00edrka m\u00e1 zvl\u00e1\u0161tn\u00ed v\u00fdznam pro lu\u017eickosrbsk\u00e9 a vendsk\u00e9 d\u011bjiny. Zaj\u00edmav\u00e1 je tak\u00e9 sb\u00edrka origin\u00e1ln\u00edch historick\u00fdch fotografi\u00ed z okoln\u00edch vesnic. V horn\u00edm pat\u0159e muzea, kter\u00e9 je prezentov\u00e1no jako hr\u00e1zd\u011bn\u00e1 budova, si m\u016f\u017eete prohl\u00e9dnout<\/p>","protected":false},"author":13,"featured_media":0,"parent":380,"menu_order":0,"comment_status":"closed","ping_status":"closed","template":"","meta":[],"_links":{"self":[{"href":"https:\/\/www.lausitzer-museenland.de\/cs\/wp-json\/wp\/v2\/pages\/615"}],"collection":[{"href":"https:\/\/www.lausitzer-museenland.de\/cs\/wp-json\/wp\/v2\/pages"}],"about":[{"href":"https:\/\/www.lausitzer-museenland.de\/cs\/wp-json\/wp\/v2\/types\/page"}],"author":[{"embeddable":true,"href":"https:\/\/www.lausitzer-museenland.de\/cs\/wp-json\/wp\/v2\/users\/13"}],"replies":[{"embeddable":true,"href":"https:\/\/www.lausitzer-museenland.de\/cs\/wp-json\/wp\/v2\/comments?post=615"}],"version-history":[{"count":4,"href":"https:\/\/www.lausitzer-museenland.de\/cs\/wp-json\/wp\/v2\/pages\/615\/revisions"}],"predecessor-version":[{"id":3612,"href":"https:\/\/www.lausitzer-museenland.de\/cs\/wp-json\/wp\/v2\/pages\/615\/revisions\/3612"}],"up":[{"embeddable":true,"href":"https:\/\/www.lausitzer-museenland.de\/cs\/wp-json\/wp\/v2\/pages\/380"}],"wp:attachment":[{"href":"https:\/\/www.lausitzer-museenland.de\/cs\/wp-json\/wp\/v2\/media?parent=615"}],"curies":[{"name":"wp","href":"https:\/\/api.w.org\/{rel}","templated":true}]}}