{"id":636,"date":"2014-11-14T17:36:36","date_gmt":"2014-11-14T16:36:36","guid":{"rendered":"http:\/\/lausitzer-museenland.de\/?page_id=636"},"modified":"2017-04-05T12:55:07","modified_gmt":"2017-04-05T11:55:07","slug":"aus-duennen-faeden-wird-eine-feste-schnur","status":"publish","type":"page","link":"https:\/\/www.lausitzer-museenland.de\/cs\/sluzba\/kobi\/aus-duennen-faeden-wird-eine-feste-schnur\/","title":{"rendered":"V Braniborsk\u00e9m textiln\u00edm muzeu Forst se tenk\u00e9 nit\u011b m\u011bn\u00ed v pevnou \u0161\u0148\u016fru"},"content":{"rendered":"<p>\u017d\u00e1k\u016fm je p\u0159edvedena speci\u00e1ln\u00ed uk\u00e1zka na pletac\u00edm stroji v p\u0159edv\u00e1d\u011bc\u00ed d\u00edln\u011b souken\u00edka. Pozoruj\u00ed, jak tento stroj rychl\u00fdmi ot\u00e1\u010div\u00fdmi pohyby kolem vlastn\u00ed osy a napjat\u00fdmi tahov\u00fdmi pohyby vytv\u00e1\u0159\u00ed pevnou pletenou \u0161\u0148\u016fru. Z takto vyroben\u00fdch \u0161\u0148\u016frek mohou \u017e\u00e1ci vyr\u00e1b\u011bt jednoduch\u00e9 i slo\u017eit\u011bj\u0161\u00ed \u0161perky. Star\u00e9 \u0159emesln\u00e9 techniky, jako je spl\u00e9t\u00e1n\u00ed stuh nebo uzlov\u00e1n\u00ed v jednoduch\u00fdch kroc\u00edch, jsou nab\u00edzeny jako praktick\u00e1 pr\u00e1ce.<\/p>\n<p>Nab\u00eddka prob\u00edh\u00e1 v interi\u00e9ru a je ur\u010dena \u0161kol\u00e1k\u016fm.<br \/>\nt\u0159\u00edd 3 a\u017e 6.<br \/>\nTerm\u00edny: dle dohody<br \/>\nP\u0159edb\u011b\u017en\u00e1 registrace: alespo\u0148 1 t\u00fdden p\u0159edem<br \/>\nDoba trv\u00e1n\u00ed: p\u0159ibli\u017en\u011b 1-1,5 hodiny<br \/>\nVelikost skupiny: 5 a\u017e 30 osob<br \/>\nVstupn\u00e9 na osobu: 3,50 \u20ac<\/p>\n<p><a title=\"Braniborsk\u00e9 textiln\u00ed muzeum Forst (Lu\u017eice) \/ Bramborski tekstilny muzej Bar\u0161\u0107 (\u0141u\u017eyca)\" href=\"\/museen\/brandenburgisches-textilmuseum-forst\/\">Braniborsk\u00e9 textiln\u00ed muzeum Forst<\/a><\/p>","protected":false},"excerpt":{"rendered":"<p>\u017d\u00e1k\u016fm je p\u0159edvedena speci\u00e1ln\u00ed uk\u00e1zka na pletac\u00edm stroji v p\u0159edv\u00e1d\u011bc\u00ed d\u00edln\u011b souken\u00edka. Pozoruj\u00ed, jak tento stroj rychl\u00fdmi ot\u00e1\u010div\u00fdmi pohyby kolem vlastn\u00ed osy a napjat\u00fdmi tahov\u00fdmi pohyby vytv\u00e1\u0159\u00ed pevnou pletenou \u0161\u0148\u016fru. Z takto vyroben\u00fdch \u0161\u0148\u016frek si \u017e\u00e1ci mohou vyrobit jednoduch\u00e9 nebo slo\u017eit\u011bj\u0161\u00ed \u0161perky. Star\u00e9 \u0159emesln\u00e9 techniky, jako je pleten\u00ed stuh nebo uzlov\u00e1n\u00ed.<\/p>","protected":false},"author":13,"featured_media":0,"parent":380,"menu_order":0,"comment_status":"closed","ping_status":"closed","template":"","meta":[],"_links":{"self":[{"href":"https:\/\/www.lausitzer-museenland.de\/cs\/wp-json\/wp\/v2\/pages\/636"}],"collection":[{"href":"https:\/\/www.lausitzer-museenland.de\/cs\/wp-json\/wp\/v2\/pages"}],"about":[{"href":"https:\/\/www.lausitzer-museenland.de\/cs\/wp-json\/wp\/v2\/types\/page"}],"author":[{"embeddable":true,"href":"https:\/\/www.lausitzer-museenland.de\/cs\/wp-json\/wp\/v2\/users\/13"}],"replies":[{"embeddable":true,"href":"https:\/\/www.lausitzer-museenland.de\/cs\/wp-json\/wp\/v2\/comments?post=636"}],"version-history":[{"count":5,"href":"https:\/\/www.lausitzer-museenland.de\/cs\/wp-json\/wp\/v2\/pages\/636\/revisions"}],"predecessor-version":[{"id":9357,"href":"https:\/\/www.lausitzer-museenland.de\/cs\/wp-json\/wp\/v2\/pages\/636\/revisions\/9357"}],"up":[{"embeddable":true,"href":"https:\/\/www.lausitzer-museenland.de\/cs\/wp-json\/wp\/v2\/pages\/380"}],"wp:attachment":[{"href":"https:\/\/www.lausitzer-museenland.de\/cs\/wp-json\/wp\/v2\/media?parent=636"}],"curies":[{"name":"wp","href":"https:\/\/api.w.org\/{rel}","templated":true}]}}