{"id":638,"date":"2014-11-14T17:38:02","date_gmt":"2014-11-14T16:38:02","guid":{"rendered":"http:\/\/lausitzer-museenland.de\/?page_id=638"},"modified":"2017-04-05T12:56:57","modified_gmt":"2017-04-05T11:56:57","slug":"aus-einem-gewebten-tuch-wird-ein-deckchen","status":"publish","type":"page","link":"https:\/\/www.lausitzer-museenland.de\/cs\/sluzba\/kobi\/z-tkaniny-se-stane-deka\/","title":{"rendered":"Tkan\u00e1 l\u00e1tka se v Braniborsk\u00e9m textiln\u00edm muzeu Forst m\u011bn\u00ed v ubrousek"},"content":{"rendered":"<p>Historick\u00e1 expozice zahrnuje ru\u010dn\u00ed kolovr\u00e1tek, ru\u010dn\u00ed nav\u00edjec\u00ed kolo, osnovn\u00ed r\u00e1m a ru\u010dn\u00ed tkalcovsk\u00fd stav. \u017d\u00e1ci vid\u00ed a sly\u0161\u00ed, jak se pracovalo s historick\u00fdm ru\u010dn\u00edm n\u00e1\u0159ad\u00edm. V t\u00e9to oblasti mohou je\u0161t\u011b pouh\u00fdm okem pochopit v\u00fdrobu nit\u011b a tkan\u00ed l\u00e1tky. Ka\u017ed\u00fd \u017e\u00e1k dostane tkan\u00fd kus l\u00e1tky. Vytahov\u00e1n\u00edm jednotliv\u00fdch nit\u00ed z okraje l\u00e1tky vznikaj\u00ed t\u0159\u00e1sn\u011b, kter\u00e9 tvo\u0159\u00ed vn\u011bj\u0161\u00ed stranu ubrousku. Z vnit\u0159n\u00ed \u010d\u00e1sti ubrousku lze vyt\u00e1hnout dal\u0161\u00ed nit\u011b. T\u00edm se na ubrousku vytvo\u0159\u00ed ozdobn\u00fd vzor.<\/p>\n<p>Program prob\u00edh\u00e1 v interi\u00e9ru a je ur\u010den pro d\u011bti ve v\u011bku 5 a\u017e 7 let nebo \u017e\u00e1ky do 2. t\u0159\u00eddy.<br \/>\nTerm\u00edny: dle dohody<br \/>\nP\u0159edb\u011b\u017en\u00e1 registrace: alespo\u0148 1 t\u00fdden p\u0159edem<br \/>\nDoba trv\u00e1n\u00ed: p\u0159ibli\u017en\u011b 1 hodina<br \/>\nVelikost skupiny: 5 a\u017e 30 osob<br \/>\nVstupn\u00e9 na osobu: 3,50 \u20ac<\/p>\n<p><a title=\"Braniborsk\u00e9 textiln\u00ed muzeum Forst (Lu\u017eice) \/ Bramborski tekstilny muzej Bar\u0161\u0107 (\u0141u\u017eyca)\" href=\"\/museen\/brandenburgisches-textilmuseum-forst\/\">Braniborsk\u00e9 textiln\u00ed muzeum Forst<\/a><\/p>","protected":false},"excerpt":{"rendered":"<p>Historick\u00e1 expozice zahrnuje ru\u010dn\u00ed kolovr\u00e1tek, ru\u010dn\u00ed nav\u00edjec\u00ed kolo, osnovn\u00ed r\u00e1m a ru\u010dn\u00ed tkalcovsk\u00fd stav. \u017d\u00e1ci vid\u00ed a sly\u0161\u00ed, jak se pracovalo s historick\u00fdm ru\u010dn\u00edm n\u00e1\u0159ad\u00edm. V t\u00e9to oblasti mohou je\u0161t\u011b pouh\u00fdm okem pochopit v\u00fdrobu nit\u011b a tkan\u00ed l\u00e1tky. Ka\u017ed\u00fd \u017e\u00e1k dostane tkan\u00fd kus l\u00e1tky.<\/p>","protected":false},"author":13,"featured_media":0,"parent":380,"menu_order":0,"comment_status":"closed","ping_status":"closed","template":"","meta":[],"_links":{"self":[{"href":"https:\/\/www.lausitzer-museenland.de\/cs\/wp-json\/wp\/v2\/pages\/638"}],"collection":[{"href":"https:\/\/www.lausitzer-museenland.de\/cs\/wp-json\/wp\/v2\/pages"}],"about":[{"href":"https:\/\/www.lausitzer-museenland.de\/cs\/wp-json\/wp\/v2\/types\/page"}],"author":[{"embeddable":true,"href":"https:\/\/www.lausitzer-museenland.de\/cs\/wp-json\/wp\/v2\/users\/13"}],"replies":[{"embeddable":true,"href":"https:\/\/www.lausitzer-museenland.de\/cs\/wp-json\/wp\/v2\/comments?post=638"}],"version-history":[{"count":5,"href":"https:\/\/www.lausitzer-museenland.de\/cs\/wp-json\/wp\/v2\/pages\/638\/revisions"}],"predecessor-version":[{"id":9522,"href":"https:\/\/www.lausitzer-museenland.de\/cs\/wp-json\/wp\/v2\/pages\/638\/revisions\/9522"}],"up":[{"embeddable":true,"href":"https:\/\/www.lausitzer-museenland.de\/cs\/wp-json\/wp\/v2\/pages\/380"}],"wp:attachment":[{"href":"https:\/\/www.lausitzer-museenland.de\/cs\/wp-json\/wp\/v2\/media?parent=638"}],"curies":[{"name":"wp","href":"https:\/\/api.w.org\/{rel}","templated":true}]}}