{"id":647,"date":"2014-11-14T17:44:10","date_gmt":"2014-11-14T16:44:10","guid":{"rendered":"http:\/\/lausitzer-museenland.de\/?page_id=647"},"modified":"2017-04-05T12:58:58","modified_gmt":"2017-04-05T11:58:58","slug":"patchworkkissen-selbst-naehen","status":"publish","type":"page","link":"https:\/\/www.lausitzer-museenland.de\/cs\/sluzba\/kobi\/patchworkovy-polstar-samostatne-siti\/","title":{"rendered":"U\u0161ijte si sami \u00fatuln\u00fd patchworkov\u00fd pol\u0161t\u00e1\u0159 v Braniborsk\u00e9m textiln\u00edm muzeu ve Forstu."},"content":{"rendered":"<p>Patchwork - tato um\u011blecky p\u0159ita\u017eliv\u00e1 textiln\u00ed pr\u00e1ce znamen\u00e1 doslova \"patchwork\". Tato kreativn\u00ed technika byla poprv\u00e9 pou\u017eita ve star\u00e9m Egypt\u011b p\u0159ed v\u00edce ne\u017e 2000 lety. Po tis\u00edce let lid\u00e9 na cel\u00e9m sv\u011bt\u011b z nutnosti nebo pro z\u00e1bavu skl\u00e1dali kousky l\u00e1tek a pak je se\u0161\u00edvali, aby z nich op\u011bt vytvo\u0159ili \"novou l\u00e1tku\". Vynal\u00e9zavost, r\u016fzn\u00e9 materi\u00e1ly a kulturn\u00ed rozd\u00edly daly vzniknout mnoha r\u016fzn\u00fdm vzor\u016fm a technik\u00e1m patchworku.<\/p>\n<p>Akce: \u0160it\u00ed patchworkov\u00e9ho pol\u0161t\u00e1\u0159e<\/p>\n<p>Nab\u00eddka prob\u00edh\u00e1 v interi\u00e9ru a je ur\u010dena \u0161kol\u00e1k\u016fm.<br \/>\nt\u0159\u00edd 6 a\u017e 10.<br \/>\nTerm\u00edny: dle dohody<br \/>\nP\u0159edb\u011b\u017en\u00e1 registrace: alespo\u0148 1 t\u00fdden p\u0159edem<br \/>\nDoba trv\u00e1n\u00ed: p\u0159ibli\u017en\u011b 1 a\u017e 1,5 hodiny<br \/>\nVelikost skupiny: 5 a\u017e 30 osob<br \/>\nVstupn\u00e9 na osobu: 3,50 \u20ac<\/p>\n<p><a title=\"Braniborsk\u00e9 textiln\u00ed muzeum Forst (Lu\u017eice) \/ Bramborski tekstilny muzej Bar\u0161\u0107 (\u0141u\u017eyca)\" href=\"\/museen\/brandenburgisches-textilmuseum-forst\/\">Braniborsk\u00e9 textiln\u00ed muzeum Forst<\/a><\/p>","protected":false},"excerpt":{"rendered":"<p>Patchwork - tato um\u011blecky p\u0159ita\u017eliv\u00e1 textiln\u00ed pr\u00e1ce znamen\u00e1 doslova \"patchwork\". Tato kreativn\u00ed technika byla poprv\u00e9 pou\u017eita ve star\u00e9m Egypt\u011b p\u0159ed v\u00edce ne\u017e 2000 lety. Po tis\u00edce let lid\u00e9 na cel\u00e9m sv\u011bt\u011b z nutnosti nebo pro z\u00e1bavu skl\u00e1dali kousky l\u00e1tek a pak je se\u0161\u00edvali, aby z nich op\u011bt vytvo\u0159ili \"novou l\u00e1tku\". D\u00edky vynal\u00e9zavosti, r\u016fzn\u00fdm materi\u00e1l\u016fm a kulturn\u00edm rozd\u00edl\u016fm.<\/p>","protected":false},"author":13,"featured_media":0,"parent":380,"menu_order":0,"comment_status":"closed","ping_status":"closed","template":"","meta":[],"_links":{"self":[{"href":"https:\/\/www.lausitzer-museenland.de\/cs\/wp-json\/wp\/v2\/pages\/647"}],"collection":[{"href":"https:\/\/www.lausitzer-museenland.de\/cs\/wp-json\/wp\/v2\/pages"}],"about":[{"href":"https:\/\/www.lausitzer-museenland.de\/cs\/wp-json\/wp\/v2\/types\/page"}],"author":[{"embeddable":true,"href":"https:\/\/www.lausitzer-museenland.de\/cs\/wp-json\/wp\/v2\/users\/13"}],"replies":[{"embeddable":true,"href":"https:\/\/www.lausitzer-museenland.de\/cs\/wp-json\/wp\/v2\/comments?post=647"}],"version-history":[{"count":4,"href":"https:\/\/www.lausitzer-museenland.de\/cs\/wp-json\/wp\/v2\/pages\/647\/revisions"}],"predecessor-version":[{"id":9852,"href":"https:\/\/www.lausitzer-museenland.de\/cs\/wp-json\/wp\/v2\/pages\/647\/revisions\/9852"}],"up":[{"embeddable":true,"href":"https:\/\/www.lausitzer-museenland.de\/cs\/wp-json\/wp\/v2\/pages\/380"}],"wp:attachment":[{"href":"https:\/\/www.lausitzer-museenland.de\/cs\/wp-json\/wp\/v2\/media?parent=647"}],"curies":[{"name":"wp","href":"https:\/\/api.w.org\/{rel}","templated":true}]}}