{"id":654,"date":"2014-11-14T17:48:10","date_gmt":"2014-11-14T16:48:10","guid":{"rendered":"http:\/\/lausitzer-museenland.de\/?page_id=654"},"modified":"2017-04-05T13:13:27","modified_gmt":"2017-04-05T12:13:27","slug":"herzen-aus-stoff","status":"publish","type":"page","link":"https:\/\/www.lausitzer-museenland.de\/cs\/sluzba\/kobi\/srdce-z-latky\/","title":{"rendered":"Srdce z l\u00e1tky v Braniborsk\u00e9m textiln\u00edm muzeu ve Forstu"},"content":{"rendered":"<p>V soukenick\u00e9 d\u00edln\u011b se \u017e\u00e1ci sezn\u00e1m\u00ed s v\u00fdrobou l\u00e1tek. Uvid\u00ed a usly\u0161\u00ed, jak se pracovalo na historick\u00fdch ru\u010dn\u00edch n\u00e1stroj\u00edch a stroj\u00edch. Zejm\u00e9na mohou sledovat technick\u00fd v\u00fdvoj od ru\u010dn\u00edho tkalcovsk\u00e9ho stavu k mechanick\u00e9mu tkalcovsk\u00e9mu stavu. Krom\u011b toho se n\u00e1v\u0161t\u011bvn\u00edci v kr\u00e1tk\u00e9m \u00favodu dozv\u011bd\u00ed mnoho zaj\u00edmavost\u00ed o historick\u00e9m v\u00fdvoji \u0159emesln\u00e9 techniky \"patchwork\". Patchwork\" znamen\u00e1 v p\u0159ekladu \"z\u00e1plata\". \u017d\u00e1ci pracuj\u00ed jednoduchou technikou lepen\u00ed patchworku. Skl\u00e1daj\u00ed k sob\u011b r\u016fznobarevn\u00e9 vzorovan\u00e9 kousky l\u00e1tky a spojuj\u00ed je lepen\u00edm a \u0161it\u00edm.<\/p>\n<p>Nab\u00eddka prob\u00edh\u00e1 v interi\u00e9ru a je ur\u010dena \u0161kol\u00e1k\u016fm.<br \/>\nt\u0159\u00edd 3 a\u017e 6.<br \/>\nTerm\u00edny: dle dohody<br \/>\nP\u0159edb\u011b\u017en\u00e1 registrace: alespo\u0148 1 t\u00fdden p\u0159edem<br \/>\nDoba trv\u00e1n\u00ed: p\u0159ibli\u017en\u011b 2 hodiny<br \/>\nVelikost skupiny: 5 a\u017e 30 osob<br \/>\nVstupn\u00e9 na osobu: 3,50 \u20ac<\/p>\n<p><a title=\"Braniborsk\u00e9 textiln\u00ed muzeum Forst (Lu\u017eice) \/ Bramborski tekstilny muzej Bar\u0161\u0107 (\u0141u\u017eyca)\" href=\"\/museen\/brandenburgisches-textilmuseum-forst\/\">Braniborsk\u00e9 textiln\u00ed muzeum Forst<\/a><\/p>","protected":false},"excerpt":{"rendered":"<p>V soukenick\u00e9 d\u00edln\u011b se \u017e\u00e1ci sezn\u00e1m\u00ed s v\u00fdrobou l\u00e1tek. Uvid\u00ed a usly\u0161\u00ed, jak se pracovalo na historick\u00fdch ru\u010dn\u00edch n\u00e1stroj\u00edch a stroj\u00edch. Zejm\u00e9na mohou sledovat technick\u00fd v\u00fdvoj od ru\u010dn\u00edho tkalcovsk\u00e9ho stavu k mechanick\u00e9mu tkalcovsk\u00e9mu stavu. Krom\u011b toho se n\u00e1v\u0161t\u011bvn\u00edci v kr\u00e1tk\u00e9m \u00favodu dozv\u011bd\u00ed mnoho zaj\u00edmavost\u00ed o historick\u00e9m v\u00fdvoji \u0159emesln\u00e9 techniky \"patchwork\". \"Patchwork<\/p>","protected":false},"author":13,"featured_media":0,"parent":380,"menu_order":0,"comment_status":"closed","ping_status":"closed","template":"","meta":[],"_links":{"self":[{"href":"https:\/\/www.lausitzer-museenland.de\/cs\/wp-json\/wp\/v2\/pages\/654"}],"collection":[{"href":"https:\/\/www.lausitzer-museenland.de\/cs\/wp-json\/wp\/v2\/pages"}],"about":[{"href":"https:\/\/www.lausitzer-museenland.de\/cs\/wp-json\/wp\/v2\/types\/page"}],"author":[{"embeddable":true,"href":"https:\/\/www.lausitzer-museenland.de\/cs\/wp-json\/wp\/v2\/users\/13"}],"replies":[{"embeddable":true,"href":"https:\/\/www.lausitzer-museenland.de\/cs\/wp-json\/wp\/v2\/comments?post=654"}],"version-history":[{"count":4,"href":"https:\/\/www.lausitzer-museenland.de\/cs\/wp-json\/wp\/v2\/pages\/654\/revisions"}],"predecessor-version":[{"id":11337,"href":"https:\/\/www.lausitzer-museenland.de\/cs\/wp-json\/wp\/v2\/pages\/654\/revisions\/11337"}],"up":[{"embeddable":true,"href":"https:\/\/www.lausitzer-museenland.de\/cs\/wp-json\/wp\/v2\/pages\/380"}],"wp:attachment":[{"href":"https:\/\/www.lausitzer-museenland.de\/cs\/wp-json\/wp\/v2\/media?parent=654"}],"curies":[{"name":"wp","href":"https:\/\/api.w.org\/{rel}","templated":true}]}}