{"id":678,"date":"2014-11-14T17:58:19","date_gmt":"2014-11-14T16:58:19","guid":{"rendered":"http:\/\/lausitzer-museenland.de\/?page_id=678"},"modified":"2014-12-17T17:53:02","modified_gmt":"2014-12-17T16:53:02","slug":"ausgraben-wie-die-archaeologen","status":"publish","type":"page","link":"https:\/\/www.lausitzer-museenland.de\/cs\/sluzba\/kobi\/vykopavkam-podobni-archeologove\/","title":{"rendered":"Vykop\u00e1vejte jednou jako archeologov\u00e9 v Archeotechnick\u00e9m centru Welzow"},"content":{"rendered":"<p>N\u00e1v\u0161t\u011bvn\u00edci se sezn\u00e1m\u00ed s vykop\u00e1vkami: co je to archeologick\u00fd n\u00e1lez a jak se postupuje p\u0159i odhalov\u00e1n\u00ed v\u0161eho kr\u00e1sn\u00e9ho, co v sob\u011b skr\u00fdv\u00e1? Lopatka, lopatka a \u0161krabka, ale tak\u00e9 pap\u00edr a tu\u017eka jsou pot\u0159eba k tomu, aby se archeolog vydal po stop\u00e1ch, a\u017e kone\u010dn\u011b vyt\u00e1hne ze zem\u011b n\u00e1dobu z doby kamenn\u00e9, bronzov\u00e9 nebo \u017eelezn\u00e9 a v\u0161ichni ji budou moci obdivovat.<\/p>\n<p>Archeotechnick\u00e9 centrum pracuje s replikami. To znamen\u00e1, \u017ee pokud se n\u00e1doba p\u0159i vykop\u00e1vk\u00e1ch po\u0161kod\u00ed - nevad\u00ed, pracovn\u00ed skupina pro archeologickou keramiku vyrob\u00ed novou. K\u0159emeny nalezen\u00e9 v n\u00e1lezech z doby kamenn\u00e9 jsou \u010derstv\u011b brou\u0161en\u00e9, a proto ostr\u00e9!<\/p>\n<p>Nab\u00eddka se kon\u00e1 venku a je ur\u010dena student\u016fm oboru<br \/>\nT\u0159\u00eddy 1 a\u017e 10.<br \/>\nTerm\u00edny: dle dohody<br \/>\nNutn\u00e1 rezervace p\u0159edem: alespo\u0148 2 t\u00fddny p\u0159edem<br \/>\nDoba trv\u00e1n\u00ed: nejm\u00e9n\u011b 4 hodiny (i d\u00e9le)<br \/>\nVelikost skupiny: 10 a\u017e 25 osob<br \/>\nVstupn\u00e9 na osobu: 8,00 \u20ac<br \/>\nPro dokumentaci si m\u016f\u017eete vz\u00edt fotoapar\u00e1ty nebo telefony s kamerou.<\/p>\n<p><a title=\"Archeotechnick\u00e9 centrum Welzow\" href=\"\/museen\/archaeotechnisches-zentrum-welzow\/\">Archeotechnick\u00e9 centrum Welzow<\/a><\/p>","protected":false},"excerpt":{"rendered":"<p>N\u00e1v\u0161t\u011bvn\u00edci se sezn\u00e1m\u00ed s vykop\u00e1vkami: co je to archeologick\u00fd n\u00e1lez a jak se postupuje p\u0159i odhalov\u00e1n\u00ed v\u0161ech kr\u00e1sn\u00fdch v\u011bc\u00ed, kter\u00e9 v sob\u011b skr\u00fdv\u00e1? Lopatka, lopatka a \u0161krabka, ale tak\u00e9 pap\u00edr a tu\u017eka jsou pot\u0159eba k tomu, aby archeolog sledoval sv\u00e9 kroky, dokud nakonec nevykope n\u00e1dobu z doby kamenn\u00e9, bronzov\u00e9 nebo \u017eelezn\u00e9.<\/p>","protected":false},"author":13,"featured_media":0,"parent":380,"menu_order":0,"comment_status":"closed","ping_status":"closed","template":"","meta":[],"_links":{"self":[{"href":"https:\/\/www.lausitzer-museenland.de\/cs\/wp-json\/wp\/v2\/pages\/678"}],"collection":[{"href":"https:\/\/www.lausitzer-museenland.de\/cs\/wp-json\/wp\/v2\/pages"}],"about":[{"href":"https:\/\/www.lausitzer-museenland.de\/cs\/wp-json\/wp\/v2\/types\/page"}],"author":[{"embeddable":true,"href":"https:\/\/www.lausitzer-museenland.de\/cs\/wp-json\/wp\/v2\/users\/13"}],"replies":[{"embeddable":true,"href":"https:\/\/www.lausitzer-museenland.de\/cs\/wp-json\/wp\/v2\/comments?post=678"}],"version-history":[{"count":5,"href":"https:\/\/www.lausitzer-museenland.de\/cs\/wp-json\/wp\/v2\/pages\/678\/revisions"}],"predecessor-version":[{"id":3658,"href":"https:\/\/www.lausitzer-museenland.de\/cs\/wp-json\/wp\/v2\/pages\/678\/revisions\/3658"}],"up":[{"embeddable":true,"href":"https:\/\/www.lausitzer-museenland.de\/cs\/wp-json\/wp\/v2\/pages\/380"}],"wp:attachment":[{"href":"https:\/\/www.lausitzer-museenland.de\/cs\/wp-json\/wp\/v2\/media?parent=678"}],"curies":[{"name":"wp","href":"https:\/\/api.w.org\/{rel}","templated":true}]}}