{"id":115,"date":"2014-11-05T16:22:21","date_gmt":"2014-11-05T15:22:21","guid":{"rendered":"http:\/\/lausitzer-museenland.de\/?page_id=115"},"modified":"2023-11-23T13:42:36","modified_gmt":"2023-11-23T12:42:36","slug":"alte-muehle-proschim","status":"publish","type":"page","link":"https:\/\/www.lausitzer-museenland.de\/dsb\/museen\/alte-muehle-proschim\/","title":{"rendered":"Stary m\u0142yn Pro\u017eym"},"content":{"rendered":"<p><a href=\"#galerie_am_proschim\">Galeria<\/a> |\u00a0<a href=\"#austellungen_am_proschim\">Ausstellungen<\/a>\u00a0| \u00a0<a href=\"#kinderangebot_am_proschim\">Oferty dla dzieci<\/a><br \/>\n<img loading=\"lazy\" class=\"enigma_img_responsive alignnone wp-image-1208\" src=\"https:\/\/www.lausitzer-museenland.de\/wp-content\/uploads\/2014\/11\/alte_muehle_proschim6.jpg\" alt=\"alte_muehle_proschim\" width=\"800\" height=\"398\" srcset=\"https:\/\/www.lausitzer-museenland.de\/wp-content\/uploads\/2014\/11\/alte_muehle_proschim6.jpg 402w, https:\/\/www.lausitzer-museenland.de\/wp-content\/uploads\/2014\/11\/alte_muehle_proschim6-300x149.jpg 300w, https:\/\/www.lausitzer-museenland.de\/wp-content\/uploads\/2014\/11\/alte_muehle_proschim6-100x49.jpg 100w, https:\/\/www.lausitzer-museenland.de\/wp-content\/uploads\/2014\/11\/alte_muehle_proschim6-150x74.jpg 150w, https:\/\/www.lausitzer-museenland.de\/wp-content\/uploads\/2014\/11\/alte_muehle_proschim6-200x99.jpg 200w\" sizes=\"(max-width: 800px) 100vw, 800px\" \/><\/p>\n<p><strong>Rolnika\u0155ska technika a burska \u017eywje\u0144ska wa\u0161nja<\/strong><\/p>\n<br \/>\nWustaje\u0144ca dajo se w rumnos\u0107ach na zachopje\u0144ku 20. stol\u011b\u015ba natwarjonego m\u0142y\u0144skego twarjenja do\u017eywi\u015b, elektriski g\u00f3njony sl\u011bdownik tegdej\u0161ego drjewjanego w\u011bt\u0161nika na samskem m\u011bstnje.<br \/>\nKompleks twarjenjow, ken\u017e jo se z cerwjenymi cyglami natwari\u0142, jo se r\u011bdowa\u0142 ako styrib\u00f3cny dw\u00f3r, jo se wenkownje (k\u0161ywo\/fasada\/wokno) w sl\u011bdnych l\u011btach kompletnje san\u011browa\u0142.<br \/>\nAktiwity wustaje\u0144ce towaristwa \u201cTradicionelna rolnika\u0155ska technika a burska \u017eywje\u0144ska wa\u0161nja Pro\u017eym z. t.\u201d se p\u00f3\u015b\u011bguju na regionalnu ludow\u011bdu. We wustaje\u0144skich rumnos\u0107ach m\u0142yna docakujo wogl\u011bdowarjow wustaje\u0144cu burskego mobiliara, domacnych r\u011bdow, ma\u0142oburskeje agrarneje techniki a wejsnego rucnika\u0155stwa. Zb\u011brka historiskeje rolnika\u0155skeje techniki ma w\u00f3sebny wuznam teke za granicami regiona. W ekspoziciji se pokazujo na serbske k\u00f3rjenje p\u015bez dw\u00f3jor\u011bcne wopisowanje. Stara m\u0142y\u0144ska technika, ken\u017e jo se \u017a\u011blnje na tom m\u011bstnje se zd\u017aar\u017ea\u0142a, jo do wustaje\u0144ce zap\u015b\u011bgnjona.<br \/>\n\n<h3>-<\/h3>\n<p>Wustaje\u0144ca dajo se w rumnos\u0107ach na zachopje\u0144ku 20. stol\u011b\u015ba natwarjonego m\u0142y\u0144skego twarjenja do\u017eywi\u015b, elektriski g\u00f3njony sl\u011bdownik tegdej\u0161ego drjewjanego w\u011bt\u0161nika na samskem m\u011bstnje.\nKompleks twarjenjow, ken\u017e jo se z cerwjenymi cyglami natwari\u0142, jo se r\u011bdowa\u0142 ako styrib\u00f3cny dw\u00f3r, jo se wenkownje (k\u0161ywo\/fasada\/wokno) w sl\u011bdnych l\u011btach kompletnje san\u011browa\u0142.\nAktiwity wustaje\u0144ce towaristwa \u201cTradicionelna rolnika\u0155ska technika a burska \u017eywje\u0144ska wa\u0161nja Pro\u017eym z. t.\u201d se p\u00f3\u015b\u011bguju na regionalnu ludow\u011bdu. We wustaje\u0144skich rumnos\u0107ach m\u0142yna docakujo wogl\u011bdowarjow wustaje\u0144cu burskego mobiliara, domacnych r\u011bdow, ma\u0142oburskeje agrarneje techniki a wejsnego rucnika\u0155stwa. Zb\u011brka historiskeje rolnika\u0155skeje techniki ma w\u00f3sebny wuznam teke za granicami regiona. W ekspoziciji se pokazujo na serbske k\u00f3rjenje p\u015bez dw\u00f3jor\u011bcne wopisowanje. Stara m\u0142y\u0144ska technika, ken\u017e jo se \u017a\u011blnje na tom m\u011bstnje se zd\u017aar\u017ea\u0142a, jo do wustaje\u0144ce zap\u015b\u011bgnjona.<\/p>\n<h3>-<\/h3>\n<p>Dzia\u0142alno\u015b\u0107 wystawiennicza stowarzyszenia \"Traditionelle Landtechnik und b\u00e4uerliche Lebensart Proschim e.V.\" (Tradycyjna Technika Rolnicza i Wiejski Spos\u00f3b \u017bycia Proschim) koncentruje si\u0119 na regionalnym folklorze. W salach wystawowych m\u0142yna zwiedzaj\u0105cy mog\u0105 obejrze\u0107 wystaw\u0119 mebli wiejskich, narz\u0119dzi domowych, drobnej techniki rolniczej i rzemios\u0142a wiejskiego. Kolekcja historycznej techniki rolniczej ma szczeg\u00f3lne znaczenie poza regionem. Na wystawie nawi\u0105zuje si\u0119 do serbo\u0142u\u017cyckich \/ wendyjskich korzeni poprzez dwuj\u0119zyczne oznakowanie. Technologia m\u0142yna, kt\u00f3ra jest nadal cz\u0119\u015bciowo zachowana na miejscu, jest w\u0142\u0105czona do prezentacji.<\/p>\n<h3>-<a id=\"austellungen_am_proschim\"><\/a><\/h3>\n<p>-<br \/>\n-<\/p>\n<ul>\n<li>Aktionstage mit Vorf\u00fchrungen der Landtechnik, von historischen Haushaltsger\u00e4ten, der Lebensmittelverarbeitung u.v.m.<\/li>\n<li>Zum Ausstellungs- und Veranstaltungskonzept des Vereins geh\u00f6rt auch die Einbeziehung besonders original erhaltener Grundst\u00fccke; bei besonderen Anl\u00e4ssen, wie der &#8222;Landpartie&#8220;, dem &#8222;Deutschen M\u00fchlentag&#8220;, Dorffesten und anderen Festtagen sind die Objekte ge\u00f6ffnet, und die privaten Grundst\u00fccke nebst Sammlungsst\u00fccken werden als &#8222;offener Hof&#8220; vorgestellt.<\/li>\n<li>\u00a0Auf Anfrage finden museumsp\u00e4dagogische Angebote und Vortr\u00e4ge in gro\u00dfer Themenvielfalt f\u00fcr Sch\u00fcler sowie im Rahmen der l\u00e4ndlichen Erwachsenenbildung statt.<\/li>\n<\/ul>\n<h3>Angebote f\u00fcr Kinder &#8211; Mit Kobi ins Museum<a id=\"kinderangebot_am_proschim\"><\/a><\/h3>\n<p>Kobi &#8211; der kleine Hausgeist &#8211; ist im Museum zu Hause.\u00a0Dort wohnt er im Pantoffel unterm Ofen. Um Mitternacht belauscht er die alten Museumsst\u00fccke, wenn sie von fr\u00fcher erz\u00e4hlen. Diese spannenden Geschichten plaudert er an die Museumsmitarbeiter aus, und diese erz\u00e4hlen sie den Kindern weiter &#8211; Begebenheiten aus alter, alter Zeit.<\/p>\n<p class=\"entry-title post-title\">Kobiangebote:<\/p>\n<h5 class=\"entry-title post-title\">Ausstellung von Landtechnik und b\u00e4uerliche Lebensweise:<\/h5>\n<div data-post-id='ausstellung-in-der-alten-muehle' class='insert-page insert-page-ausstellung-in-der-alten-muehle'>\t\t\t\t\t<p>Eine Exkursion in die regionale Volkskunde mittels kleinb\u00e4uerlicher Agrartechnik sowie d\u00f6rflichen Lebens und Handwerks.<\/p>\n<p>EG: Geschichte der M\u00fchle und des Dorfes Proschim sowie Ausstellung M\u00fchlenmodelle und Schrotm\u00fchlen<\/p>\n<p>1. OG: Strohverarbeitung, Buttern, Backen, Getreidesorten, Konservierung von Erntegut, W\u00e4schepflege, Wohnr\u00e4ume, K\u00fcche, Kinderbetreuung, Textilien, Sattlermaschine<\/p>\n<p>2. OG: Kartoffelanbau, Bodenbearbeitung, Gartenger\u00e4te, Schuhmacherei, Weben, Spinnen, Imkerei, Aufzug und Transmission<\/p>\n<p>Hof: Kleintierhaltung, Hausschlachtung, Backstube, W\u00e4schereinigung, Fahrradausstellung<\/p>\n<p>Das Angebot findet in der &#8222;Alten M\u00fchle&#8220; und auf dem M\u00fchlenhof statt. Es richtet sich an Sch\u00fcler der Klassen 1 bis 12.<br \/>\nVoranmeldung: eine Woche vorher<br \/>\nDauer: ca. 2 Std.<br \/>\nGruppengr\u00f6\u00dfe: 10 bis 40 Personen<br \/>\nEintritt pro Person: 1,50 \u20ac<\/p>\n<p><a title=\"Stary m\u0142yn Pro\u017eym\" href=\"\/museen\/alte-muehle-proschim\/\">&#8222;Alte M\u00fchle&#8220; Proschim<\/a><\/p>\n\t\t\t\t\t<\/div>\n<h3><\/h3>\n<h3>Galeria<a id=\"galerie_am_proschim\"><\/a><\/h3>\n<div id=\"envira-gallery-wrap-53086\" class=\"envira-gallery-wrap envira-gallery-theme-base envira-lightbox-theme-base\" itemscope itemtype=\"https:\/\/schema.org\/ImageGallery\"><div data-row-height=\"150\" data-gallery-theme=\"normal\" id=\"envira-gallery-53086\" class=\"envira-gallery-public envira-gallery-justified-public envira-gallery-0-columns envira-clear enviratope envira-gallery-css-animations\" data-envira-columns=\"0\"><div id=\"envira-gallery-item-53090\" class=\"envira-gallery-item enviratope-item envira-gallery-item-1 envira-lazy-load\" style=\"padding-left: 5px; padding-bottom: 10px; padding-right: 5px;\"  itemscope itemtype=\"https:\/\/schema.org\/ImageObject\"><div class=\"envira-gallery-item-inner\"><div class=\"envira-gallery-position-overlay  envira-gallery-top-left\"><\/div><div class=\"envira-gallery-position-overlay  envira-gallery-top-right\"><\/div><div class=\"envira-gallery-position-overlay  envira-gallery-bottom-left\"><\/div><div class=\"envira-gallery-position-overlay  envira-gallery-bottom-right\"><\/div><a href=\"https:\/\/www.lausitzer-museenland.de\/wp-content\/uploads\/2020\/09\/Alte-M\u00fchle-Proschim-2020-8.jpg\" class=\"envira-gallery-53086 envira-gallery-link\" rel=\"enviragallery53086\" title=\"&amp;quot;Alte M&uuml;hle&amp;quot; Proschim Foto: Bernd Choritz\" data-envira-caption=\"&amp;quot;Alte M&uuml;hle&amp;quot; Proschim Foto: Bernd Choritz\" data-envira-retina=\"\" data-thumbnail=\"\"  itemprop=\"contentUrl\"><img id=\"envira-gallery-image-53090\" class=\"envira-gallery-image envira-gallery-image-1 envira-normal envira-lazy\" data-envira-index=\"1\" src=\"https:\/\/www.lausitzer-museenland.de\/wp-content\/uploads\/2020\/09\/Alte-M\u00fchle-Proschim-2020-8-1024x683.jpg\" data-envira-src=\"https:\/\/www.lausitzer-museenland.de\/wp-content\/uploads\/2020\/09\/Alte-M\u00fchle-Proschim-2020-8-1024x683.jpg\" data-envira-gallery-id=\"53086\" data-envira-item-id=\"53090\" data-envira-caption=\"&amp;quot;Alte M&uuml;hle&amp;quot; Proschim Foto: Bernd Choritz\" alt=\"\" title=\"&quot;Alte M\u00fchle&quot; Proschim Foto: Bernd Choritz\"  itemprop=\"thumbnailUrl\" data-envira-srcset=\"https:\/\/www.lausitzer-museenland.de\/wp-content\/uploads\/2020\/09\/Alte-M\u00fchle-Proschim-2020-8-1024x683.jpg 400w,https:\/\/www.lausitzer-museenland.de\/wp-content\/uploads\/2020\/09\/Alte-M\u00fchle-Proschim-2020-8-1024x683.jpg 2x\" data-envira-width=\"300\" data-envira-height=\"200\" srcset=\"data:image\/gif;base64,R0lGODlhAQABAIAAAP\/\/\/\/\/\/\/yH5BAEKAAEALAAAAAABAAEAAAICTAEAOw==\" data-safe-src=\"data:image\/gif;base64,R0lGODlhAQABAIAAAP\/\/\/\/\/\/\/yH5BAEKAAEALAAAAAABAAEAAAICTAEAOw==\" \/><\/a><\/div><\/div><div id=\"envira-gallery-item-53087\" class=\"envira-gallery-item enviratope-item envira-gallery-item-2 envira-lazy-load\" style=\"padding-left: 5px; padding-bottom: 10px; padding-right: 5px;\"  itemscope itemtype=\"https:\/\/schema.org\/ImageObject\"><div class=\"envira-gallery-item-inner\"><div class=\"envira-gallery-position-overlay  envira-gallery-top-left\"><\/div><div class=\"envira-gallery-position-overlay  envira-gallery-top-right\"><\/div><div class=\"envira-gallery-position-overlay  envira-gallery-bottom-left\"><\/div><div class=\"envira-gallery-position-overlay  envira-gallery-bottom-right\"><\/div><a href=\"https:\/\/www.lausitzer-museenland.de\/wp-content\/uploads\/2020\/09\/Alte-M\u00fchle-Proschim-2020-24.jpg\" class=\"envira-gallery-53086 envira-gallery-link\" rel=\"enviragallery53086\" title=\"Schlafstube Foto: Bernd Choritz\" data-envira-caption=\"Schlafstube Foto: Bernd Choritz\" data-envira-retina=\"\" data-thumbnail=\"\"  itemprop=\"contentUrl\"><img id=\"envira-gallery-image-53087\" class=\"envira-gallery-image envira-gallery-image-2 envira-normal envira-lazy\" data-envira-index=\"2\" src=\"https:\/\/www.lausitzer-museenland.de\/wp-content\/uploads\/2020\/09\/Alte-M\u00fchle-Proschim-2020-24-1024x683.jpg\" data-envira-src=\"https:\/\/www.lausitzer-museenland.de\/wp-content\/uploads\/2020\/09\/Alte-M\u00fchle-Proschim-2020-24-1024x683.jpg\" data-envira-gallery-id=\"53086\" data-envira-item-id=\"53087\" data-envira-caption=\"Schlafstube Foto: Bernd Choritz\" alt=\"\" title=\"Schlafstube Foto: Bernd Choritz\"  itemprop=\"thumbnailUrl\" data-envira-srcset=\"https:\/\/www.lausitzer-museenland.de\/wp-content\/uploads\/2020\/09\/Alte-M\u00fchle-Proschim-2020-24-1024x683.jpg 400w,https:\/\/www.lausitzer-museenland.de\/wp-content\/uploads\/2020\/09\/Alte-M\u00fchle-Proschim-2020-24-1024x683.jpg 2x\" data-envira-width=\"300\" data-envira-height=\"200\" srcset=\"data:image\/gif;base64,R0lGODlhAQABAIAAAP\/\/\/\/\/\/\/yH5BAEKAAEALAAAAAABAAEAAAICTAEAOw==\" data-safe-src=\"data:image\/gif;base64,R0lGODlhAQABAIAAAP\/\/\/\/\/\/\/yH5BAEKAAEALAAAAAABAAEAAAICTAEAOw==\" \/><\/a><\/div><\/div><div id=\"envira-gallery-item-53088\" class=\"envira-gallery-item enviratope-item envira-gallery-item-3 envira-lazy-load\" style=\"padding-left: 5px; padding-bottom: 10px; padding-right: 5px;\"  itemscope itemtype=\"https:\/\/schema.org\/ImageObject\"><div class=\"envira-gallery-item-inner\"><div class=\"envira-gallery-position-overlay  envira-gallery-top-left\"><\/div><div class=\"envira-gallery-position-overlay  envira-gallery-top-right\"><\/div><div class=\"envira-gallery-position-overlay  envira-gallery-bottom-left\"><\/div><div class=\"envira-gallery-position-overlay  envira-gallery-bottom-right\"><\/div><a href=\"https:\/\/www.lausitzer-museenland.de\/wp-content\/uploads\/2020\/09\/Alte-M\u00fchle-Proschim-2020-28.jpg\" class=\"envira-gallery-53086 envira-gallery-link\" rel=\"enviragallery53086\" title=\"Kummet Foto: Bernd Choritz\" data-envira-caption=\"Kummet Foto: Bernd Choritz\" data-envira-retina=\"\" data-thumbnail=\"\"  itemprop=\"contentUrl\"><img id=\"envira-gallery-image-53088\" class=\"envira-gallery-image envira-gallery-image-3 envira-normal envira-lazy\" data-envira-index=\"3\" src=\"https:\/\/www.lausitzer-museenland.de\/wp-content\/uploads\/2020\/09\/Alte-M\u00fchle-Proschim-2020-28-1024x683.jpg\" data-envira-src=\"https:\/\/www.lausitzer-museenland.de\/wp-content\/uploads\/2020\/09\/Alte-M\u00fchle-Proschim-2020-28-1024x683.jpg\" data-envira-gallery-id=\"53086\" data-envira-item-id=\"53088\" data-envira-caption=\"Kummet Foto: Bernd Choritz\" alt=\"\" title=\"Kummet Foto: Bernd Choritz\"  itemprop=\"thumbnailUrl\" data-envira-srcset=\"https:\/\/www.lausitzer-museenland.de\/wp-content\/uploads\/2020\/09\/Alte-M\u00fchle-Proschim-2020-28-1024x683.jpg 400w,https:\/\/www.lausitzer-museenland.de\/wp-content\/uploads\/2020\/09\/Alte-M\u00fchle-Proschim-2020-28-1024x683.jpg 2x\" data-envira-width=\"300\" data-envira-height=\"200\" srcset=\"data:image\/gif;base64,R0lGODlhAQABAIAAAP\/\/\/\/\/\/\/yH5BAEKAAEALAAAAAABAAEAAAICTAEAOw==\" data-safe-src=\"data:image\/gif;base64,R0lGODlhAQABAIAAAP\/\/\/\/\/\/\/yH5BAEKAAEALAAAAAABAAEAAAICTAEAOw==\" \/><\/a><\/div><\/div><div id=\"envira-gallery-item-53089\" class=\"envira-gallery-item enviratope-item envira-gallery-item-4 envira-lazy-load\" style=\"padding-left: 5px; padding-bottom: 10px; padding-right: 5px;\"  itemscope itemtype=\"https:\/\/schema.org\/ImageObject\"><div class=\"envira-gallery-item-inner\"><div class=\"envira-gallery-position-overlay  envira-gallery-top-left\"><\/div><div class=\"envira-gallery-position-overlay  envira-gallery-top-right\"><\/div><div class=\"envira-gallery-position-overlay  envira-gallery-bottom-left\"><\/div><div class=\"envira-gallery-position-overlay  envira-gallery-bottom-right\"><\/div><a href=\"https:\/\/www.lausitzer-museenland.de\/wp-content\/uploads\/2020\/09\/Alte-M\u00fchle-Proschim-2020-33.jpg\" class=\"envira-gallery-53086 envira-gallery-link\" rel=\"enviragallery53086\" title=\"Milchverarbeitungsger&auml;te Foto: Bernd Choritz\" data-envira-caption=\"Milchverarbeitungsger&auml;te Foto: Bernd Choritz\" data-envira-retina=\"\" data-thumbnail=\"\"  itemprop=\"contentUrl\"><img id=\"envira-gallery-image-53089\" class=\"envira-gallery-image envira-gallery-image-4 envira-normal envira-lazy\" data-envira-index=\"4\" src=\"https:\/\/www.lausitzer-museenland.de\/wp-content\/uploads\/2020\/09\/Alte-M\u00fchle-Proschim-2020-33-1024x683.jpg\" data-envira-src=\"https:\/\/www.lausitzer-museenland.de\/wp-content\/uploads\/2020\/09\/Alte-M\u00fchle-Proschim-2020-33-1024x683.jpg\" data-envira-gallery-id=\"53086\" data-envira-item-id=\"53089\" data-envira-caption=\"Milchverarbeitungsger&auml;te Foto: Bernd Choritz\" alt=\"\" title=\"Milchverarbeitungsger\u00e4te Foto: Bernd Choritz\"  itemprop=\"thumbnailUrl\" data-envira-srcset=\"https:\/\/www.lausitzer-museenland.de\/wp-content\/uploads\/2020\/09\/Alte-M\u00fchle-Proschim-2020-33-1024x683.jpg 400w,https:\/\/www.lausitzer-museenland.de\/wp-content\/uploads\/2020\/09\/Alte-M\u00fchle-Proschim-2020-33-1024x683.jpg 2x\" data-envira-width=\"300\" data-envira-height=\"200\" srcset=\"data:image\/gif;base64,R0lGODlhAQABAIAAAP\/\/\/\/\/\/\/yH5BAEKAAEALAAAAAABAAEAAAICTAEAOw==\" data-safe-src=\"data:image\/gif;base64,R0lGODlhAQABAIAAAP\/\/\/\/\/\/\/yH5BAEKAAEALAAAAAABAAEAAAICTAEAOw==\" \/><\/a><\/div><\/div><\/div><\/div><noscript><img src=\"https:\/\/www.lausitzer-museenland.de\/wp-content\/uploads\/2020\/09\/Alte-M\u00fchle-Proschim-2020-8.jpg\" alt=\"\" \/><img src=\"https:\/\/www.lausitzer-museenland.de\/wp-content\/uploads\/2020\/09\/Alte-M\u00fchle-Proschim-2020-24.jpg\" alt=\"\" \/><img src=\"https:\/\/www.lausitzer-museenland.de\/wp-content\/uploads\/2020\/09\/Alte-M\u00fchle-Proschim-2020-28.jpg\" alt=\"\" \/><img src=\"https:\/\/www.lausitzer-museenland.de\/wp-content\/uploads\/2020\/09\/Alte-M\u00fchle-Proschim-2020-33.jpg\" alt=\"\" \/><\/noscript>","protected":false},"excerpt":{"rendered":"<p>Galerie |\u00a0Ausstellungen\u00a0| \u00a0Angebote f\u00fcr Kinder Landtechnik und b\u00e4uerliche Lebensart Geb\u00e4ude- \/ Grundst\u00fcckssituation Die Ausstellung ist in den R\u00e4umen eines Anfang des 20. Jahrhunderts errichteten M\u00fchlengeb\u00e4udes zu erleben, dem elektrisch betriebenen Nachfolger der einstigen Bockwindm\u00fchle am selben Standort. Der in rotem Backstein gehaltene Geb\u00e4udekomplex &#8211; in der Anordnung ein geschlossener Vier-Seiten-Hof &#8211; wurde in den letzten<\/p>","protected":false},"author":13,"featured_media":0,"parent":113,"menu_order":0,"comment_status":"closed","ping_status":"closed","template":"","meta":[],"_links":{"self":[{"href":"https:\/\/www.lausitzer-museenland.de\/dsb\/wp-json\/wp\/v2\/pages\/115"}],"collection":[{"href":"https:\/\/www.lausitzer-museenland.de\/dsb\/wp-json\/wp\/v2\/pages"}],"about":[{"href":"https:\/\/www.lausitzer-museenland.de\/dsb\/wp-json\/wp\/v2\/types\/page"}],"author":[{"embeddable":true,"href":"https:\/\/www.lausitzer-museenland.de\/dsb\/wp-json\/wp\/v2\/users\/13"}],"replies":[{"embeddable":true,"href":"https:\/\/www.lausitzer-museenland.de\/dsb\/wp-json\/wp\/v2\/comments?post=115"}],"version-history":[{"count":81,"href":"https:\/\/www.lausitzer-museenland.de\/dsb\/wp-json\/wp\/v2\/pages\/115\/revisions"}],"predecessor-version":[{"id":53884,"href":"https:\/\/www.lausitzer-museenland.de\/dsb\/wp-json\/wp\/v2\/pages\/115\/revisions\/53884"}],"up":[{"embeddable":true,"href":"https:\/\/www.lausitzer-museenland.de\/dsb\/wp-json\/wp\/v2\/pages\/113"}],"wp:attachment":[{"href":"https:\/\/www.lausitzer-museenland.de\/dsb\/wp-json\/wp\/v2\/media?parent=115"}],"curies":[{"name":"wp","href":"https:\/\/api.w.org\/{rel}","templated":true}]}}