{"id":122,"date":"2014-11-05T16:35:26","date_gmt":"2014-11-05T15:35:26","guid":{"rendered":"http:\/\/lausitzer-museenland.de\/?page_id=122"},"modified":"2022-05-31T07:27:13","modified_gmt":"2022-05-31T05:27:13","slug":"alte-schule-graustein","status":"publish","type":"page","link":"https:\/\/www.lausitzer-museenland.de\/dsb\/museen\/alte-schule-graustein\/","title":{"rendered":"\u201eAlte Schule&#8220; Graustein \/ \u201eStara \u0161ula\u201c Syjk"},"content":{"rendered":"<p><a href=\"#galerie_graustein\">Galeria<\/a> |\u00a0<a href=\"#graustein_ausstellung\">Ausstellungen<\/a>\u00a0| \u00a0<a href=\"#kinderangebot_graustein\">Oferty dla dzieci\u00a0<\/a><br \/>\n<img loading=\"lazy\" class=\"alignnone wp-image-1130\" src=\"https:\/\/www.lausitzer-museenland.de\/wp-content\/uploads\/2014\/11\/alte_schule.jpg\" alt=\"alte_schule\" width=\"800\" height=\"398\" srcset=\"https:\/\/www.lausitzer-museenland.de\/wp-content\/uploads\/2014\/11\/alte_schule.jpg 402w, https:\/\/www.lausitzer-museenland.de\/wp-content\/uploads\/2014\/11\/alte_schule-300x149.jpg 300w, https:\/\/www.lausitzer-museenland.de\/wp-content\/uploads\/2014\/11\/alte_schule-100x49.jpg 100w, https:\/\/www.lausitzer-museenland.de\/wp-content\/uploads\/2014\/11\/alte_schule-150x74.jpg 150w, https:\/\/www.lausitzer-museenland.de\/wp-content\/uploads\/2014\/11\/alte_schule-200x99.jpg 200w\" sizes=\"(max-width: 800px) 100vw, 800px\" \/><\/p>\n<\/p>\n<p>Tam, \u017ao\u017e Strittmatter jo do \u0161ule ch\u00f3j\u017ai\u0142<\/p>\n<p>Cerkwja, srjej\u017a najsy ze sw\u00f3jim ze \u015biberom k\u0161ytym tormom a p\u00f3z\u0142o\u015baneju w\u011bt\u0161ownicu z kokotom, jo sp\u00f3znawa\u0144ski symbol Syjka. Ned blisko stoj \u201cStara \u0161ula\u201d, k\u00f3tara\u017e jo teke gmejnski centrum. Do teje \u0161ule jo se 1919 Erwin Strittmatter, nejwuznamnjej\u0161y syn Grodka, za\u0161ulowa\u0142. Teke kamje\u0144, ken\u017e jo jsy nimske m\u011b \u201cGraustein\u201d da\u0142a, jo ned p\u015bi cerkwi.<\/p>\n<p>&nbsp;<\/p>\n<p>N\u011bgaj\u0161na r\u011bdowniska rumnos\u0107 jo m\u011bstno za dw\u011b wustaje\u0144cy \u201cStrittmatter a Syjk\u201d a \u201c\u0160ula w casu Strittmattera\u201d.<\/p>\n<p>\n<p><strong>Wo Strittmatter die Schulbank dr\u00fcckte<\/strong><\/p>\n<h3>-<\/h3>\n<div>Die Kirche, inmitten der Dorfaue mit ihrem schiefergedeckten Turm und der vergoldeten Wetterfahne mit dem Hahn, ist das Wahrzeichen des Ortes. In ihrer unmittelbaren N\u00e4he steht die \u201eAlte Schule\u201c, die gleichzeitig das Gemeindezentrum ist. In diese Schule wurde 1919 Erwin Strittmatter, Sprembergs ber\u00fchmtester Sohn, eingeschult. Auch der Stein, der dem Ort den Namen gab, befindet sich gleich neben der Kirche.<\/div>\n<h3>-<\/h3>\n<div>Der ehemalige Klassenraum beherbergt zwei Ausstellungen \u201eStrittmatter und Graustein&#8220; und \u201eSchule zu Strittmatters Zeit&#8220;.<\/div>\n<h3>-<a id=\"graustein_ausstellung\"><\/a><\/h3>\n<div>\n<ul>\n<li>Dorflehrpfad mit 14 Stationen \/ f\u00fcr Sch\u00fclergruppen Bilderrallye &#8222;Auf den Spuren Strittmatters in Graustein&#8220;<\/li>\n<li>Sportlerklause<\/li>\n<li>Anbindung zum Radwanderweg<\/li>\n<\/ul>\n<\/div>\n<h3>Angebote f\u00fcr Kinder &#8211; Mit Kobi ins Museum<a id=\"kinderangebot_graustein\"><\/a><\/h3>\n<p>Kobi \u2013 der kleine Hausgeist \u2013 ist im Museum zu Hause.\u00a0Dort wohnt er im Pantoffel unterm Ofen. Um Mitternacht belauscht er die alten Museumsst\u00fccke, wenn sie von fr\u00fcher erz\u00e4hlen. Diese spannenden Geschichten plaudert er an die Museumsmitarbeiter aus, und diese erz\u00e4hlen sie den Kindern weiter \u2013 Begebenheiten aus alter, alter Zeit.<\/p>\n<p>Kobi-Angebot:<\/p>\n<h5>Auf den Spuren Erwin Strittmatters in Graustein<\/h5>\n<div data-post-id='erwin-strittmatters-in-graustein' class='insert-page insert-page-erwin-strittmatters-in-graustein'><\/div>\n<h3><\/h3>\n<div><\/div>\n<div><\/div>\n<h3>Galeria<a id=\"galerie_graustein\"><\/a><\/h3>\n<div id=\"envira-gallery-wrap-122\" class=\"envira-gallery-wrap envira-gallery-theme-base envira-lightbox-theme-base\" itemscope itemtype=\"https:\/\/schema.org\/ImageGallery\"><div data-row-height=\"\" data-gallery-theme=\"\" id=\"envira-gallery-122\" class=\"envira-gallery-public  envira-gallery-3-columns envira-clear enviratope envira-gallery-css-animations\" data-envira-columns=\"3\"><div id=\"envira-gallery-item-1227\" class=\"envira-gallery-item enviratope-item envira-gallery-item-1\" style=\"padding-left: 5px; padding-bottom: 10px; padding-right: 5px;\"  itemscope itemtype=\"https:\/\/schema.org\/ImageObject\"><div class=\"envira-gallery-item-inner\"><div class=\"envira-gallery-position-overlay  envira-gallery-top-left\"><\/div><div class=\"envira-gallery-position-overlay  envira-gallery-top-right\"><\/div><div class=\"envira-gallery-position-overlay  envira-gallery-bottom-left\"><\/div><div class=\"envira-gallery-position-overlay  envira-gallery-bottom-right\"><\/div><a href=\"https:\/\/www.lausitzer-museenland.de\/wp-content\/uploads\/2014\/11\/graustein1.jpg\" class=\"envira-gallery-122 envira-gallery-link\" rel=\"enviragallery122\" title=\"Alte Schule Graustein \/ Foto: B. D&auml;hne\" data-envira-caption=\"Alte Schule Graustein \/ Foto: B. D&auml;hne\" data-envira-retina=\"\" data-thumbnail=\"\"  itemprop=\"contentUrl\"><div class=\"envira-lazy\" data-test-width=\"960\" data-test-height=\"300\" style=\"padding-bottom:31.25%;\"><img id=\"envira-gallery-image-1227\" class=\"envira-gallery-image envira-gallery-image-1\" data-envira-index=\"1\" src=\"https:\/\/www.lausitzer-museenland.de\/wp-content\/uploads\/2014\/11\/graustein1.jpg\" data-envira-src=\"https:\/\/www.lausitzer-museenland.de\/wp-content\/uploads\/2014\/11\/graustein1.jpg\" data-envira-gallery-id=\"122\" data-envira-item-id=\"1227\" data-envira-caption=\"Alte Schule Graustein \/ Foto: B. D&auml;hne\" alt=\"\" title=\"Alte Schule Graustein \/ Foto: B. D&amp;auml;hne\"  itemprop=\"thumbnailUrl\" data-envira-srcset=\"https:\/\/www.lausitzer-museenland.de\/wp-content\/uploads\/2014\/11\/graustein1.jpg 400w,https:\/\/www.lausitzer-museenland.de\/wp-content\/uploads\/2014\/11\/graustein1.jpg 2x\" srcset=\"data:image\/gif;base64,R0lGODlhAQABAIAAAP\/\/\/\/\/\/\/yH5BAEKAAEALAAAAAABAAEAAAICTAEAOw==\" \/><\/div><\/a><\/div><\/div><div id=\"envira-gallery-item-1228\" class=\"envira-gallery-item enviratope-item envira-gallery-item-2\" style=\"padding-left: 5px; padding-bottom: 10px; padding-right: 5px;\"  itemscope itemtype=\"https:\/\/schema.org\/ImageObject\"><div class=\"envira-gallery-item-inner\"><div class=\"envira-gallery-position-overlay  envira-gallery-top-left\"><\/div><div class=\"envira-gallery-position-overlay  envira-gallery-top-right\"><\/div><div class=\"envira-gallery-position-overlay  envira-gallery-bottom-left\"><\/div><div class=\"envira-gallery-position-overlay  envira-gallery-bottom-right\"><\/div><a href=\"https:\/\/www.lausitzer-museenland.de\/wp-content\/uploads\/2014\/11\/graustein2.jpg\" class=\"envira-gallery-122 envira-gallery-link\" rel=\"enviragallery122\" title=\"Ausstellung \/ Foto: B. D&auml;hne\" data-envira-caption=\"Ausstellung \/ Foto: B. D&auml;hne\" data-envira-retina=\"\" data-thumbnail=\"\"  itemprop=\"contentUrl\"><div class=\"envira-lazy\" data-test-width=\"960\" data-test-height=\"300\" style=\"padding-bottom:31.25%;\"><img id=\"envira-gallery-image-1228\" class=\"envira-gallery-image envira-gallery-image-2\" data-envira-index=\"2\" src=\"https:\/\/www.lausitzer-museenland.de\/wp-content\/uploads\/2014\/11\/graustein2.jpg\" data-envira-src=\"https:\/\/www.lausitzer-museenland.de\/wp-content\/uploads\/2014\/11\/graustein2.jpg\" data-envira-gallery-id=\"122\" data-envira-item-id=\"1228\" data-envira-caption=\"Ausstellung \/ Foto: B. D&auml;hne\" alt=\"\" title=\"Ausstellung \/ Foto: B. D&amp;auml;hne\"  itemprop=\"thumbnailUrl\" data-envira-srcset=\"https:\/\/www.lausitzer-museenland.de\/wp-content\/uploads\/2014\/11\/graustein2.jpg 400w,https:\/\/www.lausitzer-museenland.de\/wp-content\/uploads\/2014\/11\/graustein2.jpg 2x\" srcset=\"data:image\/gif;base64,R0lGODlhAQABAIAAAP\/\/\/\/\/\/\/yH5BAEKAAEALAAAAAABAAEAAAICTAEAOw==\" \/><\/div><\/a><\/div><\/div><div id=\"envira-gallery-item-1229\" class=\"envira-gallery-item enviratope-item envira-gallery-item-3\" style=\"padding-left: 5px; padding-bottom: 10px; padding-right: 5px;\"  itemscope itemtype=\"https:\/\/schema.org\/ImageObject\"><div class=\"envira-gallery-item-inner\"><div class=\"envira-gallery-position-overlay  envira-gallery-top-left\"><\/div><div class=\"envira-gallery-position-overlay  envira-gallery-top-right\"><\/div><div class=\"envira-gallery-position-overlay  envira-gallery-bottom-left\"><\/div><div class=\"envira-gallery-position-overlay  envira-gallery-bottom-right\"><\/div><a href=\"https:\/\/www.lausitzer-museenland.de\/wp-content\/uploads\/2014\/11\/graustein3.jpg\" class=\"envira-gallery-122 envira-gallery-link\" rel=\"enviragallery122\" title=\"Ausstellung \/ Foto: B. D&auml;hne\" data-envira-caption=\"Ausstellung \/ Foto: B. D&auml;hne\" data-envira-retina=\"\" data-thumbnail=\"\"  itemprop=\"contentUrl\"><div class=\"envira-lazy\" data-test-width=\"960\" data-test-height=\"300\" style=\"padding-bottom:31.25%;\"><img id=\"envira-gallery-image-1229\" class=\"envira-gallery-image envira-gallery-image-3\" data-envira-index=\"3\" src=\"https:\/\/www.lausitzer-museenland.de\/wp-content\/uploads\/2014\/11\/graustein3.jpg\" data-envira-src=\"https:\/\/www.lausitzer-museenland.de\/wp-content\/uploads\/2014\/11\/graustein3.jpg\" data-envira-gallery-id=\"122\" data-envira-item-id=\"1229\" data-envira-caption=\"Ausstellung \/ Foto: B. D&auml;hne\" alt=\"\" title=\"Ausstellung \/ Foto: B. D&amp;auml;hne\"  itemprop=\"thumbnailUrl\" data-envira-srcset=\"https:\/\/www.lausitzer-museenland.de\/wp-content\/uploads\/2014\/11\/graustein3.jpg 400w,https:\/\/www.lausitzer-museenland.de\/wp-content\/uploads\/2014\/11\/graustein3.jpg 2x\" srcset=\"data:image\/gif;base64,R0lGODlhAQABAIAAAP\/\/\/\/\/\/\/yH5BAEKAAEALAAAAAABAAEAAAICTAEAOw==\" \/><\/div><\/a><\/div><\/div><div id=\"envira-gallery-item-1230\" class=\"envira-gallery-item enviratope-item envira-gallery-item-4\" style=\"padding-left: 5px; padding-bottom: 10px; padding-right: 5px;\"  itemscope itemtype=\"https:\/\/schema.org\/ImageObject\"><div class=\"envira-gallery-item-inner\"><div class=\"envira-gallery-position-overlay  envira-gallery-top-left\"><\/div><div class=\"envira-gallery-position-overlay  envira-gallery-top-right\"><\/div><div class=\"envira-gallery-position-overlay  envira-gallery-bottom-left\"><\/div><div class=\"envira-gallery-position-overlay  envira-gallery-bottom-right\"><\/div><a href=\"https:\/\/www.lausitzer-museenland.de\/wp-content\/uploads\/2014\/11\/graustein4.jpg\" class=\"envira-gallery-122 envira-gallery-link\" rel=\"enviragallery122\" title=\"Der graue Stein \/ Foto: B. D&auml;hne\" data-envira-caption=\"Der graue Stein \/ Foto: B. D&auml;hne\" data-envira-retina=\"\" data-thumbnail=\"\"  itemprop=\"contentUrl\"><div class=\"envira-lazy\" data-test-width=\"960\" data-test-height=\"300\" style=\"padding-bottom:31.25%;\"><img id=\"envira-gallery-image-1230\" class=\"envira-gallery-image envira-gallery-image-4\" data-envira-index=\"4\" src=\"https:\/\/www.lausitzer-museenland.de\/wp-content\/uploads\/2014\/11\/graustein4.jpg\" data-envira-src=\"https:\/\/www.lausitzer-museenland.de\/wp-content\/uploads\/2014\/11\/graustein4.jpg\" data-envira-gallery-id=\"122\" data-envira-item-id=\"1230\" data-envira-caption=\"Der graue Stein \/ Foto: B. D&auml;hne\" alt=\"\" title=\"Der graue Stein \/ Foto: B. D&amp;auml;hne\"  itemprop=\"thumbnailUrl\" data-envira-srcset=\"https:\/\/www.lausitzer-museenland.de\/wp-content\/uploads\/2014\/11\/graustein4.jpg 400w,https:\/\/www.lausitzer-museenland.de\/wp-content\/uploads\/2014\/11\/graustein4.jpg 2x\" srcset=\"data:image\/gif;base64,R0lGODlhAQABAIAAAP\/\/\/\/\/\/\/yH5BAEKAAEALAAAAAABAAEAAAICTAEAOw==\" \/><\/div><\/a><\/div><\/div><div id=\"envira-gallery-item-1231\" class=\"envira-gallery-item enviratope-item envira-gallery-item-5\" style=\"padding-left: 5px; padding-bottom: 10px; padding-right: 5px;\"  itemscope itemtype=\"https:\/\/schema.org\/ImageObject\"><div class=\"envira-gallery-item-inner\"><div class=\"envira-gallery-position-overlay  envira-gallery-top-left\"><\/div><div class=\"envira-gallery-position-overlay  envira-gallery-top-right\"><\/div><div class=\"envira-gallery-position-overlay  envira-gallery-bottom-left\"><\/div><div class=\"envira-gallery-position-overlay  envira-gallery-bottom-right\"><\/div><a href=\"https:\/\/www.lausitzer-museenland.de\/wp-content\/uploads\/2014\/11\/graustein5.jpg\" class=\"envira-gallery-122 envira-gallery-link\" rel=\"enviragallery122\" title=\"Schild am Eingang zur &amp;quot;Alten Dorfschule&amp;quot; \/ Foto: B. D&auml;hne\" data-envira-caption=\"Schild am Eingang zur &amp;quot;Alten Dorfschule&amp;quot; \/ Foto: B. D&auml;hne\" data-envira-retina=\"\" data-thumbnail=\"\"  itemprop=\"contentUrl\"><div class=\"envira-lazy\" data-test-width=\"960\" data-test-height=\"300\" style=\"padding-bottom:31.25%;\"><img id=\"envira-gallery-image-1231\" class=\"envira-gallery-image envira-gallery-image-5\" data-envira-index=\"5\" src=\"https:\/\/www.lausitzer-museenland.de\/wp-content\/uploads\/2014\/11\/graustein5.jpg\" data-envira-src=\"https:\/\/www.lausitzer-museenland.de\/wp-content\/uploads\/2014\/11\/graustein5.jpg\" data-envira-gallery-id=\"122\" data-envira-item-id=\"1231\" data-envira-caption=\"Schild am Eingang zur &amp;quot;Alten Dorfschule&amp;quot; \/ Foto: B. D&auml;hne\" alt=\"\" title=\"Schild am Eingang zur &amp;amp;quot;Alten Dorfschule&amp;amp;quot; \/ Foto: B. D&amp;auml;hne\"  itemprop=\"thumbnailUrl\" data-envira-srcset=\"https:\/\/www.lausitzer-museenland.de\/wp-content\/uploads\/2014\/11\/graustein5.jpg 400w,https:\/\/www.lausitzer-museenland.de\/wp-content\/uploads\/2014\/11\/graustein5.jpg 2x\" srcset=\"data:image\/gif;base64,R0lGODlhAQABAIAAAP\/\/\/\/\/\/\/yH5BAEKAAEALAAAAAABAAEAAAICTAEAOw==\" \/><\/div><\/a><\/div><\/div><div id=\"envira-gallery-item-1232\" class=\"envira-gallery-item enviratope-item envira-gallery-item-6\" style=\"padding-left: 5px; padding-bottom: 10px; padding-right: 5px;\"  itemscope itemtype=\"https:\/\/schema.org\/ImageObject\"><div class=\"envira-gallery-item-inner\"><div class=\"envira-gallery-position-overlay  envira-gallery-top-left\"><\/div><div class=\"envira-gallery-position-overlay  envira-gallery-top-right\"><\/div><div class=\"envira-gallery-position-overlay  envira-gallery-bottom-left\"><\/div><div class=\"envira-gallery-position-overlay  envira-gallery-bottom-right\"><\/div><a href=\"https:\/\/www.lausitzer-museenland.de\/wp-content\/uploads\/2014\/11\/graustein6.jpg\" class=\"envira-gallery-122 envira-gallery-link\" rel=\"enviragallery122\" title=\"Hier stand die 1. Schulbank von E. Strittmatter. \/ Foto: B. D&auml;hne\" data-envira-caption=\"Hier stand die 1. Schulbank von E. Strittmatter. \/ Foto: B. D&auml;hne\" data-envira-retina=\"\" data-thumbnail=\"\"  itemprop=\"contentUrl\"><div class=\"envira-lazy\" data-test-width=\"960\" data-test-height=\"300\" style=\"padding-bottom:31.25%;\"><img id=\"envira-gallery-image-1232\" class=\"envira-gallery-image envira-gallery-image-6\" data-envira-index=\"6\" src=\"https:\/\/www.lausitzer-museenland.de\/wp-content\/uploads\/2014\/11\/graustein6.jpg\" data-envira-src=\"https:\/\/www.lausitzer-museenland.de\/wp-content\/uploads\/2014\/11\/graustein6.jpg\" data-envira-gallery-id=\"122\" data-envira-item-id=\"1232\" data-envira-caption=\"Hier stand die 1. Schulbank von E. Strittmatter. \/ Foto: B. D&auml;hne\" alt=\"\" title=\"Hier stand die 1. Schulbank von E. Strittmatter. \/ Foto: B. D&amp;auml;hne\"  itemprop=\"thumbnailUrl\" data-envira-srcset=\"https:\/\/www.lausitzer-museenland.de\/wp-content\/uploads\/2014\/11\/graustein6.jpg 400w,https:\/\/www.lausitzer-museenland.de\/wp-content\/uploads\/2014\/11\/graustein6.jpg 2x\" srcset=\"data:image\/gif;base64,R0lGODlhAQABAIAAAP\/\/\/\/\/\/\/yH5BAEKAAEALAAAAAABAAEAAAICTAEAOw==\" \/><\/div><\/a><\/div><\/div><div id=\"envira-gallery-item-1233\" class=\"envira-gallery-item enviratope-item envira-gallery-item-7\" style=\"padding-left: 5px; padding-bottom: 10px; padding-right: 5px;\"  itemscope itemtype=\"https:\/\/schema.org\/ImageObject\"><div class=\"envira-gallery-item-inner\"><div class=\"envira-gallery-position-overlay  envira-gallery-top-left\"><\/div><div class=\"envira-gallery-position-overlay  envira-gallery-top-right\"><\/div><div class=\"envira-gallery-position-overlay  envira-gallery-bottom-left\"><\/div><div class=\"envira-gallery-position-overlay  envira-gallery-bottom-right\"><\/div><a href=\"https:\/\/www.lausitzer-museenland.de\/wp-content\/uploads\/2014\/11\/graustein7.jpg\" class=\"envira-gallery-122 envira-gallery-link\" rel=\"enviragallery122\" title=\"Werke von E. Strittmatter \/ Foto: B. D&auml;hne\" data-envira-caption=\"Werke von E. Strittmatter \/ Foto: B. D&auml;hne\" data-envira-retina=\"\" data-thumbnail=\"\"  itemprop=\"contentUrl\"><div class=\"envira-lazy\" data-test-width=\"960\" data-test-height=\"300\" style=\"padding-bottom:31.25%;\"><img id=\"envira-gallery-image-1233\" class=\"envira-gallery-image envira-gallery-image-7\" data-envira-index=\"7\" src=\"https:\/\/www.lausitzer-museenland.de\/wp-content\/uploads\/2014\/11\/graustein7.jpg\" data-envira-src=\"https:\/\/www.lausitzer-museenland.de\/wp-content\/uploads\/2014\/11\/graustein7.jpg\" data-envira-gallery-id=\"122\" data-envira-item-id=\"1233\" data-envira-caption=\"Werke von E. Strittmatter \/ Foto: B. D&auml;hne\" alt=\"\" title=\"Werke von E. Strittmatter \/ Foto: B. D&amp;auml;hne\"  itemprop=\"thumbnailUrl\" data-envira-srcset=\"https:\/\/www.lausitzer-museenland.de\/wp-content\/uploads\/2014\/11\/graustein7.jpg 400w,https:\/\/www.lausitzer-museenland.de\/wp-content\/uploads\/2014\/11\/graustein7.jpg 2x\" srcset=\"data:image\/gif;base64,R0lGODlhAQABAIAAAP\/\/\/\/\/\/\/yH5BAEKAAEALAAAAAABAAEAAAICTAEAOw==\" \/><\/div><\/a><\/div><\/div><div id=\"envira-gallery-item-1234\" class=\"envira-gallery-item enviratope-item envira-gallery-item-8\" style=\"padding-left: 5px; padding-bottom: 10px; padding-right: 5px;\"  itemscope itemtype=\"https:\/\/schema.org\/ImageObject\"><div class=\"envira-gallery-item-inner\"><div class=\"envira-gallery-position-overlay  envira-gallery-top-left\"><\/div><div class=\"envira-gallery-position-overlay  envira-gallery-top-right\"><\/div><div class=\"envira-gallery-position-overlay  envira-gallery-bottom-left\"><\/div><div class=\"envira-gallery-position-overlay  envira-gallery-bottom-right\"><\/div><a href=\"https:\/\/www.lausitzer-museenland.de\/wp-content\/uploads\/2014\/11\/graustein8.jpg\" class=\"envira-gallery-122 envira-gallery-link\" rel=\"enviragallery122\" title=\"Foto: B. D&auml;hne\" data-envira-caption=\"Foto: B. D&auml;hne\" data-envira-retina=\"\" data-thumbnail=\"\"  itemprop=\"contentUrl\"><div class=\"envira-lazy\" data-test-width=\"960\" data-test-height=\"300\" style=\"padding-bottom:31.25%;\"><img id=\"envira-gallery-image-1234\" class=\"envira-gallery-image envira-gallery-image-8\" data-envira-index=\"8\" src=\"https:\/\/www.lausitzer-museenland.de\/wp-content\/uploads\/2014\/11\/graustein8.jpg\" data-envira-src=\"https:\/\/www.lausitzer-museenland.de\/wp-content\/uploads\/2014\/11\/graustein8.jpg\" data-envira-gallery-id=\"122\" data-envira-item-id=\"1234\" data-envira-caption=\"Foto: B. D&auml;hne\" alt=\"\" title=\"Foto: B. D&amp;auml;hne\"  itemprop=\"thumbnailUrl\" data-envira-srcset=\"https:\/\/www.lausitzer-museenland.de\/wp-content\/uploads\/2014\/11\/graustein8.jpg 400w,https:\/\/www.lausitzer-museenland.de\/wp-content\/uploads\/2014\/11\/graustein8.jpg 2x\" srcset=\"data:image\/gif;base64,R0lGODlhAQABAIAAAP\/\/\/\/\/\/\/yH5BAEKAAEALAAAAAABAAEAAAICTAEAOw==\" \/><\/div><\/a><\/div><\/div><\/div><\/div><noscript><img src=\"https:\/\/www.lausitzer-museenland.de\/wp-content\/uploads\/2014\/11\/graustein1.jpg\" alt=\"\" \/><img src=\"https:\/\/www.lausitzer-museenland.de\/wp-content\/uploads\/2014\/11\/graustein2.jpg\" alt=\"\" \/><img src=\"https:\/\/www.lausitzer-museenland.de\/wp-content\/uploads\/2014\/11\/graustein3.jpg\" alt=\"\" \/><img src=\"https:\/\/www.lausitzer-museenland.de\/wp-content\/uploads\/2014\/11\/graustein4.jpg\" alt=\"\" \/><img src=\"https:\/\/www.lausitzer-museenland.de\/wp-content\/uploads\/2014\/11\/graustein5.jpg\" alt=\"\" \/><img src=\"https:\/\/www.lausitzer-museenland.de\/wp-content\/uploads\/2014\/11\/graustein6.jpg\" alt=\"\" \/><img src=\"https:\/\/www.lausitzer-museenland.de\/wp-content\/uploads\/2014\/11\/graustein7.jpg\" alt=\"\" \/><img src=\"https:\/\/www.lausitzer-museenland.de\/wp-content\/uploads\/2014\/11\/graustein8.jpg\" alt=\"\" \/><\/noscript>","protected":false},"excerpt":{"rendered":"<p>Galerie |\u00a0Ausstellungen\u00a0| \u00a0Angebote f\u00fcr Kinder\u00a0 Wo Strittmatter die Schulbank dr\u00fcckte Geb\u00e4ude- \/ Grundst\u00fcckssituation Die Kirche, inmitten der Dorfaue mit ihrem schiefergedeckten Turm und der vergoldeten Wetterfahne mit dem Hahn, ist das Wahrzeichen des Ortes. In ihrer unmittelbaren N\u00e4he steht die \u201eAlte Schule\u201c, die gleichzeitig das Gemeindezentrum ist. In diese Schule wurde 1919 Erwin Strittmatter, Sprembergs<\/p>","protected":false},"author":13,"featured_media":0,"parent":113,"menu_order":0,"comment_status":"closed","ping_status":"closed","template":"","meta":[],"_links":{"self":[{"href":"https:\/\/www.lausitzer-museenland.de\/dsb\/wp-json\/wp\/v2\/pages\/122"}],"collection":[{"href":"https:\/\/www.lausitzer-museenland.de\/dsb\/wp-json\/wp\/v2\/pages"}],"about":[{"href":"https:\/\/www.lausitzer-museenland.de\/dsb\/wp-json\/wp\/v2\/types\/page"}],"author":[{"embeddable":true,"href":"https:\/\/www.lausitzer-museenland.de\/dsb\/wp-json\/wp\/v2\/users\/13"}],"replies":[{"embeddable":true,"href":"https:\/\/www.lausitzer-museenland.de\/dsb\/wp-json\/wp\/v2\/comments?post=122"}],"version-history":[{"count":18,"href":"https:\/\/www.lausitzer-museenland.de\/dsb\/wp-json\/wp\/v2\/pages\/122\/revisions"}],"predecessor-version":[{"id":53886,"href":"https:\/\/www.lausitzer-museenland.de\/dsb\/wp-json\/wp\/v2\/pages\/122\/revisions\/53886"}],"up":[{"embeddable":true,"href":"https:\/\/www.lausitzer-museenland.de\/dsb\/wp-json\/wp\/v2\/pages\/113"}],"wp:attachment":[{"href":"https:\/\/www.lausitzer-museenland.de\/dsb\/wp-json\/wp\/v2\/media?parent=122"}],"curies":[{"name":"wp","href":"https:\/\/api.w.org\/{rel}","templated":true}]}}