{"id":150,"date":"2014-11-05T17:11:32","date_gmt":"2014-11-05T16:11:32","guid":{"rendered":"http:\/\/lausitzer-museenland.de\/?page_id=150"},"modified":"2023-11-30T13:12:38","modified_gmt":"2023-11-30T12:12:38","slug":"feuerwehrmuseum-welzow","status":"publish","type":"page","link":"https:\/\/www.lausitzer-museenland.de\/dsb\/museen\/feuerwehrmuseum-welzow\/","title":{"rendered":"Feuerwehrmuseum Welzow (ehem. Haidem\u00fchl) \/ Muzej wognjoweje wobory Wjelcej (n\u011bga G\u00f3zd\u017a)"},"content":{"rendered":"<p><a href=\"#galerie_feuerwehr_welzow\">Galeria<\/a> |\u00a0<a href=\"#austellungen_feuerwehr_welzow\">Ausstellungen<\/a>\u00a0| \u00a0<a href=\"#kinderangebot_feuerwehr_welzow\">Oferty dla dzieci<\/a><a href=\"https:\/\/www.lausitzer-museenland.de\/wp-content\/uploads\/2014\/11\/FwMuseum_Welzow_01_skaliert.png\"><img loading=\"lazy\" class=\"aligncenter size-full wp-image-18535\" src=\"https:\/\/www.lausitzer-museenland.de\/wp-content\/uploads\/2014\/11\/FwMuseum_Welzow_01_skaliert.png\" alt=\"FwMuseum_Welzow_01_skaliert\" width=\"800\" height=\"408\" srcset=\"https:\/\/www.lausitzer-museenland.de\/wp-content\/uploads\/2014\/11\/FwMuseum_Welzow_01_skaliert.png 800w, https:\/\/www.lausitzer-museenland.de\/wp-content\/uploads\/2014\/11\/FwMuseum_Welzow_01_skaliert-300x153.png 300w\" sizes=\"(max-width: 800px) 100vw, 800px\" \/><\/a><\/p>\n<\/p>\n<p>Specialny muzej za wognjowu woboru<\/p>\n<p>&nbsp;<\/p>\n<p>Wustaje\u0144ca jo by\u0142a a\u017e do p\u015besedlenja jsy G\u00f3zd\u017aa dla g\u00f3rnistwa w halach mechaniskeje \u017a\u011b\u0142a\u0155nje n\u011bgaj\u0161neje briketoweje fabriki w G\u00f3zd\u017au.<\/p>\n<p>P\u00f3 w\u00f3tterganju jsy jo p\u015be\u015b\u011bgnu\u0142a wustaje\u0144ca do noweju halowu w \u017a\u011b\u0142a\u0155stwowem wobce\u0155ku we Wjelceji. Wogl\u011bdanja na nowem m\u011bstnje su z p\u015bizjawjenim m\u00f3\u017eno.<\/p>\n<p>Ma\u0161inowy park wognjoweje wobory Wjelcej wop\u015bimjejo jadnu tych nejw\u011bt\u0161ych zb\u011brkow w Nimskej na p\u00f3lu stawiznow wognjoweje wobory, stakim jo idealny cil wul\u011btow za techniku zag\u00f3rjonych. P\u00f3dla j\u011bzd\u017aid\u0142ow wognjoweje wobory, motorskich sykawow, p\u015bip\u00f3w\u011bsakow, w\u0161akego p\u015bis\u0142u\u0161ka, ramjenickow, cesnych znamu\u0161kow a wobr\u011bdow su how w\u0161akorake jadnorazne r\u011bdy wob\u017aiwowa\u015b, mjazy drugim samo gase\u0144ski pancer. W Muzeju wognjoweje wobory Wjelcej m\u00f3\u017eo\u015bo se na casowe drogowanje p\u015bez stawizny wognjoweje wobory wup\u00f3ra\u015b. Nejstar\u0161y objekt zb\u011brki, rukot\u0142oce\u0144ska sykawa z 20ych l\u011bt p\u00f3chada hy\u0161\u0107i z casa, w k\u00f3tarem\u017e su wognjowe woborniki p\u00f3 k\u00f3lasu abo p\u011b\u0161y k zasaj\u017ae\u0144skim m\u011bstnam chwatali. P\u015bidatnje se zar\u011bduju w bogatej licbje w Nimskej jadnorazne raritety a a specialne j\u011bzd\u017aid\u0142a z ludowych zawodow DDR, k\u00f3tare\u017e su se we wjelich g\u00f3\u017ainach restawr\u011browali a dalej se restawr\u011bruju a to do detaila se makajucy.<\/p>\n<p>\n<p><strong>Spezialmuseum f\u00fcr Feuerwehrtechnik<\/strong><\/p>\n<h3>-<\/h3>\n<p>Die Ausstellung befand sich bis zur bergbaubedingten Umsiedlung des Ortes Haidem\u00fchl in den Hallen der mechanischen Werkstatt der ehemaligen Brikettfabrik Haidem\u00fchl.<br \/>\nNach dem Ortsabbruch\u00a0 ist der Umzug in zwei neue Hallen im Gewerbegebiet Welzow erfolgt. Besichtigungen am neuen Standort sind nach vorheriger Anmeldung m\u00f6glich.<\/p>\n<h3>-<\/h3>\n<div>\n<p>Der Feuerwehrpark Welzow beherbergt eine der gr\u00f6\u00dften feuerwehrhistorischen Sammlungen Deutschlands und ist damit das ideale Ausflugsziel f\u00fcr Technikbegeisterte. Neben insgesamt 42 Feuerwehrfahrzeugen, 20 Motorspritzen, 12 Anh\u00e4ngefahrzeugen, diversem L\u00f6schzubeh\u00f6r, Schulterst\u00fccken, Ehrenzeichen und Ausr\u00fcstungen sind hier allerlei einzigartige Ger\u00e4tschaften zu bewundern, darunter sogar ein Feuerwehrl\u00f6schpanzer. Im Feuerwehrmuseum Welzow k\u00f6nnen Sie auf eine Zeitreise durch die Feuerwehrgeschichte gehen. Das \u00e4lteste St\u00fcck der Sammlung, eine Handdruckspritze aus den 20er Jahren stammt noch aus der Zeit, in der per Rad und zu Fu\u00df zu den Einsatzorten geeilt wurde. Daneben reihen sich zahlreiche, in Deutschland einmalige Rarit\u00e4ten und Spezialfahrzeuge von volkseigenen Betrieben der DDR ein, welche in vielen Stunden detailgetreu wieder restauriert wurden und werden.<\/p>\n<\/div>\n<div><\/div>\n<h3>-<a id=\"austellungen_feuerwehr_welzow\"><\/a><\/h3>\n<div>\n<ul>\n<li>Sonder\u00f6ffnungszeiten zur \u201eMuseumsnacht im Landkreis Spree-Nei\u00dfe\u201c<\/li>\n<li>Ausleihe von Fahrzeugen und Technik.<\/li>\n<\/ul>\n<\/div>","protected":false},"excerpt":{"rendered":"<p>Galerie |\u00a0Ausstellungen\u00a0| \u00a0Angebote f\u00fcr Kinder Spezialmuseum f\u00fcr Feuerwehrtechnik Geb\u00e4ude- \/ Grundst\u00fcckssituation Die Ausstellung befand sich bis zur bergbaubedingten Umsiedlung des Ortes Haidem\u00fchl in den Hallen der mechanischen Werkstatt der ehemaligen Brikettfabrik Haidem\u00fchl. Nach dem Ortsabbruch\u00a0 ist der Umzug in zwei neue Hallen im Gewerbegebiet Welzow erfolgt. Besichtigungen am neuen Standort sind nach vorheriger Anmeldung m\u00f6glich.<\/p>","protected":false},"author":13,"featured_media":0,"parent":113,"menu_order":0,"comment_status":"closed","ping_status":"closed","template":"","meta":[],"_links":{"self":[{"href":"https:\/\/www.lausitzer-museenland.de\/dsb\/wp-json\/wp\/v2\/pages\/150"}],"collection":[{"href":"https:\/\/www.lausitzer-museenland.de\/dsb\/wp-json\/wp\/v2\/pages"}],"about":[{"href":"https:\/\/www.lausitzer-museenland.de\/dsb\/wp-json\/wp\/v2\/types\/page"}],"author":[{"embeddable":true,"href":"https:\/\/www.lausitzer-museenland.de\/dsb\/wp-json\/wp\/v2\/users\/13"}],"replies":[{"embeddable":true,"href":"https:\/\/www.lausitzer-museenland.de\/dsb\/wp-json\/wp\/v2\/comments?post=150"}],"version-history":[{"count":19,"href":"https:\/\/www.lausitzer-museenland.de\/dsb\/wp-json\/wp\/v2\/pages\/150\/revisions"}],"predecessor-version":[{"id":53899,"href":"https:\/\/www.lausitzer-museenland.de\/dsb\/wp-json\/wp\/v2\/pages\/150\/revisions\/53899"}],"up":[{"embeddable":true,"href":"https:\/\/www.lausitzer-museenland.de\/dsb\/wp-json\/wp\/v2\/pages\/113"}],"wp:attachment":[{"href":"https:\/\/www.lausitzer-museenland.de\/dsb\/wp-json\/wp\/v2\/media?parent=150"}],"curies":[{"name":"wp","href":"https:\/\/api.w.org\/{rel}","templated":true}]}}