{"id":154,"date":"2014-11-05T17:14:20","date_gmt":"2014-11-05T16:14:20","guid":{"rendered":"http:\/\/lausitzer-museenland.de\/?page_id=154"},"modified":"2024-10-17T13:05:34","modified_gmt":"2024-10-17T11:05:34","slug":"flugplatzmuseum-cottbus","status":"publish","type":"page","link":"https:\/\/www.lausitzer-museenland.de\/dsb\/museen\/flugplatzmuseum-cottbus\/","title":{"rendered":"Flugplatzmuseum Cottbus \/ L\u011btani\u0161\u0107owy muzej Ch\u00f3\u015bebuz"},"content":{"rendered":"<p><a href=\"#galerie_flugplatz_drewitz\">Galeria<\/a> |\u00a0<a href=\"#austellungen_flugplatz_drewitz\">Ausstellungen<\/a>\u00a0| <a href=\"#kinderangebot_flugplatz_drewitz\">Oferty dla dzieci<\/a><a href=\"https:\/\/www.lausitzer-museenland.de\/wp-content\/uploads\/2014\/11\/Luftbild_FPM_Cottbus.png\"><img loading=\"lazy\" class=\"aligncenter size-full wp-image-6332\" src=\"https:\/\/www.lausitzer-museenland.de\/wp-content\/uploads\/2014\/11\/Luftbild_FPM_Cottbus.png\" alt=\"Luftbild_FPM_Cottbus\" width=\"750\" height=\"502\" srcset=\"https:\/\/www.lausitzer-museenland.de\/wp-content\/uploads\/2014\/11\/Luftbild_FPM_Cottbus.png 750w, https:\/\/www.lausitzer-museenland.de\/wp-content\/uploads\/2014\/11\/Luftbild_FPM_Cottbus-300x201.png 300w\" sizes=\"(max-width: 750px) 100vw, 750px\" \/><\/a><\/p>\n<\/p>\n<p>Wustaje\u0144ca k stawiznam m\u011bstna \u2013 muzej mjazy l\u011bta\u0144skim wobchadom a l\u011btani\u0161\u0107om<\/p>\n<p>&nbsp;<\/p>\n<p>Muzej jo na po\u0142udnjowem \u017a\u011blu n\u011bgaj\u0161nego l\u011btani\u0161\u0107a a se wobg\u00f3spodarijo w\u00f3t \u201cTowaristwa L\u011btani\u0161\u0107owy muzej Ch\u00f3\u015bebuz z. t.\u201d.<\/p>\n<p>Na n\u011bkak 40000 qm licheje p\u0142oni se wustajaju casowe znanki militarnych l\u011bta\u0144skich stawiznow. Za zajmowanych wogl\u011bdarjow se p\u00f3rucyjo ma\u0142a wustaje\u0144ca w\u00f3 stawiznach l\u011btani\u0161\u0107ow w p\u00f3dpo\u0142nocy m\u011bsta Ch\u00f3\u015bebuza. Dal\u0161na wustaje\u0144ca pokazujo stawizny NVA a jeje kasernow w m\u011bs\u0107e Ch\u00f3\u015bebuzu. Z uniformami, wug\u00f3towa\u0144skimi wobr\u011bdami a modelami se pokazujo to\u015b ten \u017a\u011bl nimskich militarnych stawiznow.<\/p>\n<p>Dalej zg\u00f3nijo wogl\u011bda\u0155 g\u00f3dnu w\u011bdu w\u00f3 stawiznach l\u011bta\u0155stwa \u0141u\u017eyce.<\/p>\n<p>\n<p><strong>Ausstellung zur Standortgeschichte &#8211; Museen zwischen Luftverkehr und Flugplatz<\/strong><\/p>\n<h3>-<\/h3>\n<div>Das Museum befindet sich im S\u00fcdteil des ehemaligen Flugplatzes Cottbus und wird vom Verein <a title=\"Hier geht es zum Flugplatzmuseum Cottbus\" href=\"http:\/\/www.flugplatzmuseumcottbus.de\/\" target=\"_blank\" rel=\"noopener\">Flugplatzmuseum Cottbus e. V. <\/a>betrieben.<\/div>\n<div><\/div>\n<h3>-<\/h3>\n<div>Auf ca. 40.000 qm Freifl\u00e4che sind Zeitzeugen der milit\u00e4rischen Fluggeschichte ausgestellt.<\/div>\n<div>F\u00fcr interessierte Besucher wird\u00a0 eine kleine Ausstellung zur Geschichte\u00a0 der Flugpl\u00e4tze im Norden der Stadt Cottbus angeboten. Eine extra Ausstellung zeigt die Geschichte der NVA und Ihrer Kasernen in der Stadt Cottbus. Durch Uniformen, Ausr\u00fcstungsgegenst\u00e4nde und Modelle wird dieser Teil deutscher Milit\u00e4rgeschichte dargestellt.<\/div>\n<div>Dar\u00fcber hinaus erf\u00e4hrt der Besucher Wissenswertes \u00fcber die Luftfahrtgeschichte der Lausitz.<\/div>\n<h3>-<a id=\"austellungen_flugplatz_drewitz\"><\/a><\/h3>\n<div>\n<ul>\n<li>Nutz- und Milit\u00e4rfahrzeugtreffen<\/li>\n<li>RC-Modellflugtreffen<\/li>\n<li>Plastmodellbauausstellung<\/li>\n<li>Besichtigung des Restaurationsbereiches<\/li>\n<\/ul>\n<p>Angebote nach Anfrage und Vereinbarung<\/p>\n<\/div>\n<h3>Angebote f\u00fcr Kinder &#8211; Mit Kobi ins Museum<a id=\"kinderangebot_flugplatz_drewitz\"><\/a><\/h3>\n<div>\n<p>Kobi \u2013 der kleine Hausgeist \u2013 ist im Museum zu Hause.\u00a0Dort wohnt er im Pantoffel unterm Ofen. Um Mitternacht belauscht er die alten Museumsst\u00fccke, wenn sie von fr\u00fcher erz\u00e4hlen.Diese spannenden Geschichten plaudert er an die Museumsmitarbeiter aus, und diese erz\u00e4hlen sie den Kindern weiter \u2013 Begebenheiten aus alter, alter Zeit.<\/p>\n<p class=\"entry-title post-title\">Kobiangebote:<\/p>\n<h5>Luftfahrtgeschichte des Flugplatzes Cottbus<\/h5>\n<div data-post-id='luftfahrtgeschichte-des-flugplatzes' class='insert-page insert-page-luftfahrtgeschichte-des-flugplatzes'>\t\t\t\t\t<p>Die Ausstellung zur Geschichte des Flugplatzes Cottbus ist in drei zeitlich abgesteckte Bereiche gegliedert (die Jahre 1916 bis 1945, 1945 bis 1990 und von 1990 bis zur Gegenwart). Der Flugplatz wurde von 1933 bis 1990 f\u00fcr milit\u00e4rische Zwecke genutzt. Dar\u00fcber hinaus erfahren die Sch\u00fcler Wissenswertes \u00fcber die Luftfahrtgeschichte der Lausitz.<\/p>\n<p>Das Angebot findet indoor und outdoor statt und richtet sich an Sch\u00fcler<br \/>\nder Klassen 1 bis 10.<br \/>\nTermine: nach Absprache<br \/>\nVoranmeldung: mindestens 2 Wochen vorher<\/p>\n<p><a title=\"Flugplatzmuseum Cottbus \/ L\u011btani\u0161\u0107owy muzej Ch\u00f3\u015bebuz\" href=\"\/museen\/flugplatzmuseum-Cottbus\/\">Flugplatzmuseum Cottbus<\/a><\/p>\n\t\t\t\t\t<\/div>\n<h3><\/h3>\n<p>&nbsp;<\/p>\n<h3>Galeria<a id=\"galerie_flugplatzmuseum_cottbus\"><\/a><\/h3>\n<div id=\"envira-gallery-wrap-154\" class=\"envira-gallery-wrap envira-gallery-theme-base envira-lightbox-theme-base\" itemscope itemtype=\"https:\/\/schema.org\/ImageGallery\"><div data-row-height=\"\" data-gallery-theme=\"\" id=\"envira-gallery-154\" class=\"envira-gallery-public  envira-gallery-3-columns envira-clear enviratope envira-gallery-css-animations\" data-envira-columns=\"3\"><div id=\"envira-gallery-item-6334\" class=\"envira-gallery-item enviratope-item envira-gallery-item-1\" style=\"padding-left: 5px; padding-bottom: 10px; padding-right: 5px;\"  itemscope itemtype=\"https:\/\/schema.org\/ImageObject\"><div class=\"envira-gallery-item-inner\"><div class=\"envira-gallery-position-overlay  envira-gallery-top-left\"><\/div><div class=\"envira-gallery-position-overlay  envira-gallery-top-right\"><\/div><div class=\"envira-gallery-position-overlay  envira-gallery-bottom-left\"><\/div><div class=\"envira-gallery-position-overlay  envira-gallery-bottom-right\"><\/div><a href=\"https:\/\/www.lausitzer-museenland.de\/wp-content\/uploads\/2014\/11\/FPMC-9.png\" class=\"envira-gallery-154 envira-gallery-link\" rel=\"enviragallery154\" title=\"FPMC (9)\" data-envira-caption=\"FPMC (9)\" data-envira-retina=\"\" data-thumbnail=\"\"  itemprop=\"contentUrl\"><div class=\"envira-lazy\" data-test-width=\"960\" data-test-height=\"300\" style=\"padding-bottom:31.25%;\"><img id=\"envira-gallery-image-6334\" class=\"envira-gallery-image envira-gallery-image-1\" data-envira-index=\"1\" src=\"https:\/\/www.lausitzer-museenland.de\/wp-content\/uploads\/2014\/11\/FPMC-9.png\" data-envira-src=\"https:\/\/www.lausitzer-museenland.de\/wp-content\/uploads\/2014\/11\/FPMC-9.png\" data-envira-gallery-id=\"154\" data-envira-item-id=\"6334\" data-envira-caption=\"FPMC (9)\" alt=\"\" title=\"FPMC (9)\"  itemprop=\"thumbnailUrl\" data-envira-srcset=\"https:\/\/www.lausitzer-museenland.de\/wp-content\/uploads\/2014\/11\/FPMC-9.png 400w,https:\/\/www.lausitzer-museenland.de\/wp-content\/uploads\/2014\/11\/FPMC-9.png 2x\" srcset=\"data:image\/gif;base64,R0lGODlhAQABAIAAAP\/\/\/\/\/\/\/yH5BAEKAAEALAAAAAABAAEAAAICTAEAOw==\" \/><\/div><\/a><\/div><\/div><div id=\"envira-gallery-item-6335\" class=\"envira-gallery-item enviratope-item envira-gallery-item-2\" style=\"padding-left: 5px; padding-bottom: 10px; padding-right: 5px;\"  itemscope itemtype=\"https:\/\/schema.org\/ImageObject\"><div class=\"envira-gallery-item-inner\"><div class=\"envira-gallery-position-overlay  envira-gallery-top-left\"><\/div><div class=\"envira-gallery-position-overlay  envira-gallery-top-right\"><\/div><div class=\"envira-gallery-position-overlay  envira-gallery-bottom-left\"><\/div><div class=\"envira-gallery-position-overlay  envira-gallery-bottom-right\"><\/div><a href=\"https:\/\/www.lausitzer-museenland.de\/wp-content\/uploads\/2014\/11\/FPMC-48.png\" class=\"envira-gallery-154 envira-gallery-link\" rel=\"enviragallery154\" title=\"FPMC (48)\" data-envira-caption=\"FPMC (48)\" data-envira-retina=\"\" data-thumbnail=\"\"  itemprop=\"contentUrl\"><div class=\"envira-lazy\" data-test-width=\"960\" data-test-height=\"300\" style=\"padding-bottom:31.25%;\"><img id=\"envira-gallery-image-6335\" class=\"envira-gallery-image envira-gallery-image-2\" data-envira-index=\"2\" src=\"https:\/\/www.lausitzer-museenland.de\/wp-content\/uploads\/2014\/11\/FPMC-48.png\" data-envira-src=\"https:\/\/www.lausitzer-museenland.de\/wp-content\/uploads\/2014\/11\/FPMC-48.png\" data-envira-gallery-id=\"154\" data-envira-item-id=\"6335\" data-envira-caption=\"FPMC (48)\" alt=\"\" title=\"FPMC (48)\"  itemprop=\"thumbnailUrl\" data-envira-srcset=\"https:\/\/www.lausitzer-museenland.de\/wp-content\/uploads\/2014\/11\/FPMC-48.png 400w,https:\/\/www.lausitzer-museenland.de\/wp-content\/uploads\/2014\/11\/FPMC-48.png 2x\" srcset=\"data:image\/gif;base64,R0lGODlhAQABAIAAAP\/\/\/\/\/\/\/yH5BAEKAAEALAAAAAABAAEAAAICTAEAOw==\" \/><\/div><\/a><\/div><\/div><\/div><\/div><noscript><img src=\"https:\/\/www.lausitzer-museenland.de\/wp-content\/uploads\/2014\/11\/FPMC-9.png\" alt=\"\" \/><img src=\"https:\/\/www.lausitzer-museenland.de\/wp-content\/uploads\/2014\/11\/FPMC-48.png\" alt=\"\" \/><\/noscript>\n<\/div>","protected":false},"excerpt":{"rendered":"<p>Galerie |\u00a0Ausstellungen\u00a0| Angebote f\u00fcr Kinder Ausstellung zur Standortgeschichte &#8211; Museen zwischen Luftverkehr und Flugplatz Geb\u00e4ude- \/ Grundst\u00fcckssituation Das Museum befindet sich im S\u00fcdteil des ehemaligen Flugplatzes Cottbus und wird vom Verein Flugplatzmuseum Cottbus e. V. betrieben. Charakteristik Auf ca. 40.000 qm Freifl\u00e4che sind Zeitzeugen der milit\u00e4rischen Fluggeschichte ausgestellt. F\u00fcr interessierte Besucher wird\u00a0 eine kleine Ausstellung<\/p>","protected":false},"author":13,"featured_media":0,"parent":113,"menu_order":0,"comment_status":"closed","ping_status":"closed","template":"","meta":[],"_links":{"self":[{"href":"https:\/\/www.lausitzer-museenland.de\/dsb\/wp-json\/wp\/v2\/pages\/154"}],"collection":[{"href":"https:\/\/www.lausitzer-museenland.de\/dsb\/wp-json\/wp\/v2\/pages"}],"about":[{"href":"https:\/\/www.lausitzer-museenland.de\/dsb\/wp-json\/wp\/v2\/types\/page"}],"author":[{"embeddable":true,"href":"https:\/\/www.lausitzer-museenland.de\/dsb\/wp-json\/wp\/v2\/users\/13"}],"replies":[{"embeddable":true,"href":"https:\/\/www.lausitzer-museenland.de\/dsb\/wp-json\/wp\/v2\/comments?post=154"}],"version-history":[{"count":21,"href":"https:\/\/www.lausitzer-museenland.de\/dsb\/wp-json\/wp\/v2\/pages\/154\/revisions"}],"predecessor-version":[{"id":55371,"href":"https:\/\/www.lausitzer-museenland.de\/dsb\/wp-json\/wp\/v2\/pages\/154\/revisions\/55371"}],"up":[{"embeddable":true,"href":"https:\/\/www.lausitzer-museenland.de\/dsb\/wp-json\/wp\/v2\/pages\/113"}],"wp:attachment":[{"href":"https:\/\/www.lausitzer-museenland.de\/dsb\/wp-json\/wp\/v2\/media?parent=154"}],"curies":[{"name":"wp","href":"https:\/\/api.w.org\/{rel}","templated":true}]}}