{"id":177,"date":"2014-11-05T17:31:11","date_gmt":"2014-11-05T16:31:11","guid":{"rendered":"http:\/\/lausitzer-museenland.de\/?page_id=177"},"modified":"2022-05-31T07:37:32","modified_gmt":"2022-05-31T05:37:32","slug":"heimatmuseum-kolasko-drachhausen","status":"publish","type":"page","link":"https:\/\/www.lausitzer-museenland.de\/dsb\/museen\/heimatmuseum-kolasko-drachhausen\/","title":{"rendered":"Heimatmuseum \u201eK\u00f3lasko\u201c Drachhausen \/ Domowniski muzej \u201eK\u00f3lasko\u201c Hochoza"},"content":{"rendered":"<p><a href=\"#galerie_kolasko\">Galeria<\/a> |\u00a0<a href=\"#austellungen_kolasko\">Ausstellungen<\/a>\u00a0| \u00a0<a href=\"#kinderangebot_kolasko\">Oferty dla dzieci<\/a><a href=\"#kinderangebot_atz\"><img loading=\"lazy\" class=\"enigma_img_responsive alignnone wp-image-1257\" src=\"https:\/\/www.lausitzer-museenland.de\/wp-content\/uploads\/2014\/11\/113.jpg\" alt=\"1\" width=\"800\" height=\"398\" srcset=\"https:\/\/www.lausitzer-museenland.de\/wp-content\/uploads\/2014\/11\/113.jpg 402w, https:\/\/www.lausitzer-museenland.de\/wp-content\/uploads\/2014\/11\/113-300x149.jpg 300w, https:\/\/www.lausitzer-museenland.de\/wp-content\/uploads\/2014\/11\/113-100x49.jpg 100w, https:\/\/www.lausitzer-museenland.de\/wp-content\/uploads\/2014\/11\/113-150x74.jpg 150w, https:\/\/www.lausitzer-museenland.de\/wp-content\/uploads\/2014\/11\/113-200x99.jpg 200w\" sizes=\"(max-width: 800px) 100vw, 800px\" \/><\/a><\/p>\n<\/p>\n<p>Domowniska \u015bpa \u2013 w\u00f3t pow\u011bs\u0107i plona a\u017e do p\u015b\u011bze<\/p>\n<p>T\u015bi z lubos\u0107u zar\u011bdowane wustaje\u0144ske rumnos\u0107i su w kulturnem centrumje gmejny Hochoza, w n\u011bgaj\u0161nem g\u00f3s\u0107e\u0144cu.<\/p>\n<p>Ma\u0142e zar\u011bdowanje wop\u015bimjejo eksponaty z wokoliny Hochoze ze \u017eywjenja wejsneje ludnos\u0107i, w\u00f3sebnje w\u00f3 tradiciji p\u015be\u017a\u011b\u0142owanja lana.<\/p>\n<p>K\u00f3lasko jo by\u0142 wa\u017eny \u017a\u011b\u0142owy r\u011bd, ken\u017e jo s\u0142u\u017ey\u0142 zg\u00f3towanju p\u0142ata. W starem casu su se \u017ee\u0144ske jsy p\u015bi \u201cp\u015b\u011bzy\u201d zmakali, aby zgromadnje na k\u00f3laskach \u017a\u011b\u0142ali. M\u0142oga pow\u011bs\u0107 abo wulicowanko jo se teke na takich zymnych wjacorach \u201cp\u015b\u011bd\u0142a\u201d. Pow\u011bs\u0107 w\u00f3 plonje, ken\u017e jo w Hochoskich stronach \u017eywy by\u0142, jo stoja\u0142a p\u015becej srjej\u017a wejsnych stawiznow.<\/p>\n<p>\n<p><strong>Heimatstube &#8211; von der Drachensage zur Spinnstube<\/strong><\/p>\n<h3>-<\/h3>\n<div>Die drei liebevoll eingerichteten Ausstellungsr\u00e4ume befinden sich im Gemeindekulturzentrum der Gemeinde Drachhausen, einer ehemaligen Gastwirtschaft.<\/div>\n<h3>-<\/h3>\n<div>Die kleine Einrichtung beherbergt Ausstellungsgegenst\u00e4nde zum Leben der l\u00e4ndlichen Bev\u00f6lkerung, insbesondere zur Tradition der Flachsverarbeitung aus der Gegend um Drachhausen.<\/div>\n<div>\u201eK\u00f3lasko&#8220; bedeutet im Deutschen \u201eSpinnrad&#8220;. Dieses ist eines der Arbeitsmittel, die zur Herstellung von Leinenstoffen dienten. In alter Zeit trafen sich die Frauen des Dorfes in der \u201eSpinte&#8220;, um gemeinsam am Spinnrad zu arbeiten. So manche Geschichte wurde aber auch an diesen winterlichen Abenden &#8222;gesponnen&#8220;. Die Sage um den Drachen, der hier in der Gegend hauste, stand immer im Mittelpunkt der Dorfgeschichte.<\/div>\n<h3>-<a id=\"austellungen_kolasko\"><\/a><\/h3>\n<div>Sind derzeit nicht geplant.<\/div>\n<div>\n<ul>\n<li>J\u00e4hrliche Teilnahme an der Museumsnacht des Landkreises Spree-Nei\u00dfe<\/li>\n<\/ul>\n<\/div>\n<h3>Angebote f\u00fcr Kinder &#8211; Mit Kobi ins Museum<a id=\"kinderangebot_kolasko\"><\/a><\/h3>\n<p>Kobi \u2013 der kleine Hausgeist \u2013 ist im Museum zu Hause.\u00a0Dort wohnt er im Pantoffel unterm Ofen. Um Mitternacht belauscht er die alten Museumsst\u00fccke, wenn sie von fr\u00fcher erz\u00e4hlen.Diese spannenden Geschichten plaudert er an die Museumsmitarbeiter aus, und diese erz\u00e4hlen sie den Kindern weiter \u2013 Begebenheiten aus alter, alter Zeit.<\/p>\n<p>Kobi-Angebote:<\/p>\n<div>\n<h5>Flachs und Leinen<\/h5>\n<div data-post-id='flachs-und-leinen' class='insert-page insert-page-flachs-und-leinen'>\t\t\t\t\t<p>Die kleine Einrichtung beherbergt Ausstellungsgegenst\u00e4nde zum Leben der l\u00e4ndlichen Bev\u00f6lkerung, insbesondere zur Tradition der Flachsverarbeitung aus der Gegend um Drachhausen. \u201eK\u00f3lasko\u201c bedeutet im Deutschen \u201eSpinnrad\u201c. Dieses ist eines der Arbeitsmittel, die zur Herstellung von Leinenstoffen dienten. In alter Zeit trafen sich die Frauen des Dorfes in der \u201eSpinte\u201c, um gemeinsam am Spinnrad zu arbeiten. So manche Geschichte wurde aber auch an diesen winterlichen Abenden \u201egesponnen\u201c.<\/p>\n<p>Das Angebot findet indoor statt und richtet sich an Sch\u00fcler der Klassen 1 bis 10.<br \/>\nTermine: Montag bis Freitag in der Zeit von 9 bis 12 Uhr nach Absprache<br \/>\nVoranmeldung: sp\u00e4testens 1 Woche vorher<br \/>\nDauer: ca. 1 Stunde<\/p>\n<p><a title=\"Heimatmuseum \u201eK\u00f3lasko\u201c Drachhausen \/ Domowniski muzej \u201eK\u00f3lasko\u201c Hochoza\" href=\"\/museen\/heimatmuseum-kolasko-drachhausen\/\">Heimatmuseum \u201eK\u00f3lasko\u201c Drachhausen<\/a><\/p>\n\t\t\t\t\t<\/div>\n<h3><\/h3>\n<p>&nbsp;<\/p>\n<h3>Galeria<a id=\"galerie_kolasko\"><\/a><\/h3>\n<div id=\"envira-gallery-wrap-177\" class=\"envira-gallery-wrap envira-gallery-theme-base envira-lightbox-theme-base\" itemscope itemtype=\"https:\/\/schema.org\/ImageGallery\"><div data-row-height=\"\" data-gallery-theme=\"\" id=\"envira-gallery-177\" class=\"envira-gallery-public  envira-gallery-3-columns envira-clear enviratope envira-gallery-css-animations\" data-envira-columns=\"3\"><div id=\"envira-gallery-item-2649\" class=\"envira-gallery-item enviratope-item envira-gallery-item-1\" style=\"padding-left: 5px; padding-bottom: 10px; padding-right: 5px;\"  itemscope itemtype=\"https:\/\/schema.org\/ImageObject\"><div class=\"envira-gallery-item-inner\"><div class=\"envira-gallery-position-overlay  envira-gallery-top-left\"><\/div><div class=\"envira-gallery-position-overlay  envira-gallery-top-right\"><\/div><div class=\"envira-gallery-position-overlay  envira-gallery-bottom-left\"><\/div><div class=\"envira-gallery-position-overlay  envira-gallery-bottom-right\"><\/div><a href=\"https:\/\/www.lausitzer-museenland.de\/wp-content\/uploads\/2014\/11\/144.jpg\" class=\"envira-gallery-177 envira-gallery-link\" rel=\"enviragallery177\" title=\"Heimatmuseum &bdquo;K&oacute;lasko&ldquo; Drachhausen\" data-envira-caption=\"Heimatmuseum &bdquo;K&oacute;lasko&ldquo; Drachhausen\" data-envira-retina=\"\" data-thumbnail=\"\"  itemprop=\"contentUrl\"><div class=\"envira-lazy\" data-test-width=\"960\" data-test-height=\"300\" style=\"padding-bottom:31.25%;\"><img id=\"envira-gallery-image-2649\" class=\"envira-gallery-image envira-gallery-image-1\" data-envira-index=\"1\" src=\"https:\/\/www.lausitzer-museenland.de\/wp-content\/uploads\/2014\/11\/144.jpg\" data-envira-src=\"https:\/\/www.lausitzer-museenland.de\/wp-content\/uploads\/2014\/11\/144.jpg\" data-envira-gallery-id=\"177\" data-envira-item-id=\"2649\" data-envira-caption=\"Heimatmuseum &bdquo;K&oacute;lasko&ldquo; Drachhausen\" alt=\"\" title=\"Heimatmuseum &amp;bdquo;K&amp;oacute;lasko&amp;ldquo; Drachhausen\"  itemprop=\"thumbnailUrl\" data-envira-srcset=\"https:\/\/www.lausitzer-museenland.de\/wp-content\/uploads\/2014\/11\/144.jpg 400w,https:\/\/www.lausitzer-museenland.de\/wp-content\/uploads\/2014\/11\/144.jpg 2x\" srcset=\"data:image\/gif;base64,R0lGODlhAQABAIAAAP\/\/\/\/\/\/\/yH5BAEKAAEALAAAAAABAAEAAAICTAEAOw==\" \/><\/div><\/a><\/div><\/div><div id=\"envira-gallery-item-2650\" class=\"envira-gallery-item enviratope-item envira-gallery-item-2\" style=\"padding-left: 5px; padding-bottom: 10px; padding-right: 5px;\"  itemscope itemtype=\"https:\/\/schema.org\/ImageObject\"><div class=\"envira-gallery-item-inner\"><div class=\"envira-gallery-position-overlay  envira-gallery-top-left\"><\/div><div class=\"envira-gallery-position-overlay  envira-gallery-top-right\"><\/div><div class=\"envira-gallery-position-overlay  envira-gallery-bottom-left\"><\/div><div class=\"envira-gallery-position-overlay  envira-gallery-bottom-right\"><\/div><a href=\"https:\/\/www.lausitzer-museenland.de\/wp-content\/uploads\/2014\/11\/211.jpg\" class=\"envira-gallery-177 envira-gallery-link\" rel=\"enviragallery177\" title=\"Heimatmuseum &bdquo;K&oacute;lasko&ldquo; Drachhausen\" data-envira-caption=\"Heimatmuseum &bdquo;K&oacute;lasko&ldquo; Drachhausen\" data-envira-retina=\"\" data-thumbnail=\"\"  itemprop=\"contentUrl\"><div class=\"envira-lazy\" data-test-width=\"960\" data-test-height=\"300\" style=\"padding-bottom:31.25%;\"><img id=\"envira-gallery-image-2650\" class=\"envira-gallery-image envira-gallery-image-2\" data-envira-index=\"2\" src=\"https:\/\/www.lausitzer-museenland.de\/wp-content\/uploads\/2014\/11\/211.jpg\" data-envira-src=\"https:\/\/www.lausitzer-museenland.de\/wp-content\/uploads\/2014\/11\/211.jpg\" data-envira-gallery-id=\"177\" data-envira-item-id=\"2650\" data-envira-caption=\"Heimatmuseum &bdquo;K&oacute;lasko&ldquo; Drachhausen\" alt=\"\" title=\"Heimatmuseum &amp;bdquo;K&amp;oacute;lasko&amp;ldquo; Drachhausen\"  itemprop=\"thumbnailUrl\" data-envira-srcset=\"https:\/\/www.lausitzer-museenland.de\/wp-content\/uploads\/2014\/11\/211.jpg 400w,https:\/\/www.lausitzer-museenland.de\/wp-content\/uploads\/2014\/11\/211.jpg 2x\" srcset=\"data:image\/gif;base64,R0lGODlhAQABAIAAAP\/\/\/\/\/\/\/yH5BAEKAAEALAAAAAABAAEAAAICTAEAOw==\" \/><\/div><\/a><\/div><\/div><div id=\"envira-gallery-item-2651\" class=\"envira-gallery-item enviratope-item envira-gallery-item-3\" style=\"padding-left: 5px; padding-bottom: 10px; padding-right: 5px;\"  itemscope itemtype=\"https:\/\/schema.org\/ImageObject\"><div class=\"envira-gallery-item-inner\"><div class=\"envira-gallery-position-overlay  envira-gallery-top-left\"><\/div><div class=\"envira-gallery-position-overlay  envira-gallery-top-right\"><\/div><div class=\"envira-gallery-position-overlay  envira-gallery-bottom-left\"><\/div><div class=\"envira-gallery-position-overlay  envira-gallery-bottom-right\"><\/div><a href=\"https:\/\/www.lausitzer-museenland.de\/wp-content\/uploads\/2014\/11\/37.jpg\" class=\"envira-gallery-177 envira-gallery-link\" rel=\"enviragallery177\" title=\"Heimatmuseum &bdquo;K&oacute;lasko&ldquo; Drachhausen\" data-envira-caption=\"Heimatmuseum &bdquo;K&oacute;lasko&ldquo; Drachhausen\" data-envira-retina=\"\" data-thumbnail=\"\"  itemprop=\"contentUrl\"><div class=\"envira-lazy\" data-test-width=\"960\" data-test-height=\"300\" style=\"padding-bottom:31.25%;\"><img id=\"envira-gallery-image-2651\" class=\"envira-gallery-image envira-gallery-image-3\" data-envira-index=\"3\" src=\"https:\/\/www.lausitzer-museenland.de\/wp-content\/uploads\/2014\/11\/37.jpg\" data-envira-src=\"https:\/\/www.lausitzer-museenland.de\/wp-content\/uploads\/2014\/11\/37.jpg\" data-envira-gallery-id=\"177\" data-envira-item-id=\"2651\" data-envira-caption=\"Heimatmuseum &bdquo;K&oacute;lasko&ldquo; Drachhausen\" alt=\"\" title=\"Heimatmuseum &amp;bdquo;K&amp;oacute;lasko&amp;ldquo; Drachhausen\"  itemprop=\"thumbnailUrl\" data-envira-srcset=\"https:\/\/www.lausitzer-museenland.de\/wp-content\/uploads\/2014\/11\/37.jpg 400w,https:\/\/www.lausitzer-museenland.de\/wp-content\/uploads\/2014\/11\/37.jpg 2x\" srcset=\"data:image\/gif;base64,R0lGODlhAQABAIAAAP\/\/\/\/\/\/\/yH5BAEKAAEALAAAAAABAAEAAAICTAEAOw==\" \/><\/div><\/a><\/div><\/div><div id=\"envira-gallery-item-2652\" class=\"envira-gallery-item enviratope-item envira-gallery-item-4\" style=\"padding-left: 5px; padding-bottom: 10px; padding-right: 5px;\"  itemscope itemtype=\"https:\/\/schema.org\/ImageObject\"><div class=\"envira-gallery-item-inner\"><div class=\"envira-gallery-position-overlay  envira-gallery-top-left\"><\/div><div class=\"envira-gallery-position-overlay  envira-gallery-top-right\"><\/div><div class=\"envira-gallery-position-overlay  envira-gallery-bottom-left\"><\/div><div class=\"envira-gallery-position-overlay  envira-gallery-bottom-right\"><\/div><a href=\"https:\/\/www.lausitzer-museenland.de\/wp-content\/uploads\/2014\/11\/46.jpg\" class=\"envira-gallery-177 envira-gallery-link\" rel=\"enviragallery177\" title=\"Heimatmuseum &bdquo;K&oacute;lasko&ldquo; Drachhausen\" data-envira-caption=\"Heimatmuseum &bdquo;K&oacute;lasko&ldquo; Drachhausen\" data-envira-retina=\"\" data-thumbnail=\"\"  itemprop=\"contentUrl\"><div class=\"envira-lazy\" data-test-width=\"960\" data-test-height=\"300\" style=\"padding-bottom:31.25%;\"><img id=\"envira-gallery-image-2652\" class=\"envira-gallery-image envira-gallery-image-4\" data-envira-index=\"4\" src=\"https:\/\/www.lausitzer-museenland.de\/wp-content\/uploads\/2014\/11\/46.jpg\" data-envira-src=\"https:\/\/www.lausitzer-museenland.de\/wp-content\/uploads\/2014\/11\/46.jpg\" data-envira-gallery-id=\"177\" data-envira-item-id=\"2652\" data-envira-caption=\"Heimatmuseum &bdquo;K&oacute;lasko&ldquo; Drachhausen\" alt=\"\" title=\"Heimatmuseum &amp;bdquo;K&amp;oacute;lasko&amp;ldquo; Drachhausen\"  itemprop=\"thumbnailUrl\" data-envira-srcset=\"https:\/\/www.lausitzer-museenland.de\/wp-content\/uploads\/2014\/11\/46.jpg 400w,https:\/\/www.lausitzer-museenland.de\/wp-content\/uploads\/2014\/11\/46.jpg 2x\" srcset=\"data:image\/gif;base64,R0lGODlhAQABAIAAAP\/\/\/\/\/\/\/yH5BAEKAAEALAAAAAABAAEAAAICTAEAOw==\" \/><\/div><\/a><\/div><\/div><div id=\"envira-gallery-item-2653\" class=\"envira-gallery-item enviratope-item envira-gallery-item-5\" style=\"padding-left: 5px; padding-bottom: 10px; padding-right: 5px;\"  itemscope itemtype=\"https:\/\/schema.org\/ImageObject\"><div class=\"envira-gallery-item-inner\"><div class=\"envira-gallery-position-overlay  envira-gallery-top-left\"><\/div><div class=\"envira-gallery-position-overlay  envira-gallery-top-right\"><\/div><div class=\"envira-gallery-position-overlay  envira-gallery-bottom-left\"><\/div><div class=\"envira-gallery-position-overlay  envira-gallery-bottom-right\"><\/div><a href=\"https:\/\/www.lausitzer-museenland.de\/wp-content\/uploads\/2014\/11\/55.jpg\" class=\"envira-gallery-177 envira-gallery-link\" rel=\"enviragallery177\" title=\"Heimatmuseum &bdquo;K&oacute;lasko&ldquo; Drachhausen\" data-envira-caption=\"Heimatmuseum &bdquo;K&oacute;lasko&ldquo; Drachhausen\" data-envira-retina=\"\" data-thumbnail=\"\"  itemprop=\"contentUrl\"><div class=\"envira-lazy\" data-test-width=\"960\" data-test-height=\"300\" style=\"padding-bottom:31.25%;\"><img id=\"envira-gallery-image-2653\" class=\"envira-gallery-image envira-gallery-image-5\" data-envira-index=\"5\" src=\"https:\/\/www.lausitzer-museenland.de\/wp-content\/uploads\/2014\/11\/55.jpg\" data-envira-src=\"https:\/\/www.lausitzer-museenland.de\/wp-content\/uploads\/2014\/11\/55.jpg\" data-envira-gallery-id=\"177\" data-envira-item-id=\"2653\" data-envira-caption=\"Heimatmuseum &bdquo;K&oacute;lasko&ldquo; Drachhausen\" alt=\"\" title=\"Heimatmuseum &amp;bdquo;K&amp;oacute;lasko&amp;ldquo; Drachhausen\"  itemprop=\"thumbnailUrl\" data-envira-srcset=\"https:\/\/www.lausitzer-museenland.de\/wp-content\/uploads\/2014\/11\/55.jpg 400w,https:\/\/www.lausitzer-museenland.de\/wp-content\/uploads\/2014\/11\/55.jpg 2x\" srcset=\"data:image\/gif;base64,R0lGODlhAQABAIAAAP\/\/\/\/\/\/\/yH5BAEKAAEALAAAAAABAAEAAAICTAEAOw==\" \/><\/div><\/a><\/div><\/div><\/div><\/div><noscript><img src=\"https:\/\/www.lausitzer-museenland.de\/wp-content\/uploads\/2014\/11\/144.jpg\" alt=\"\" \/><img src=\"https:\/\/www.lausitzer-museenland.de\/wp-content\/uploads\/2014\/11\/211.jpg\" alt=\"\" \/><img src=\"https:\/\/www.lausitzer-museenland.de\/wp-content\/uploads\/2014\/11\/37.jpg\" alt=\"\" \/><img src=\"https:\/\/www.lausitzer-museenland.de\/wp-content\/uploads\/2014\/11\/46.jpg\" alt=\"\" \/><img src=\"https:\/\/www.lausitzer-museenland.de\/wp-content\/uploads\/2014\/11\/55.jpg\" alt=\"\" \/><\/noscript>\n<\/div>","protected":false},"excerpt":{"rendered":"<p>Galerie |\u00a0Ausstellungen\u00a0| \u00a0Angebote f\u00fcr Kinder Heimatstube &#8211; von der Drachensage zur Spinnstube Geb\u00e4ude- \/ Grundst\u00fcckssituation Die drei liebevoll eingerichteten Ausstellungsr\u00e4ume befinden sich im Gemeindekulturzentrum der Gemeinde Drachhausen, einer ehemaligen Gastwirtschaft. Charakteristik Die kleine Einrichtung beherbergt Ausstellungsgegenst\u00e4nde zum Leben der l\u00e4ndlichen Bev\u00f6lkerung, insbesondere zur Tradition der Flachsverarbeitung aus der Gegend um Drachhausen. \u201eK\u00f3lasko&#8220; bedeutet im Deutschen<\/p>","protected":false},"author":13,"featured_media":0,"parent":113,"menu_order":0,"comment_status":"closed","ping_status":"closed","template":"","meta":[],"_links":{"self":[{"href":"https:\/\/www.lausitzer-museenland.de\/dsb\/wp-json\/wp\/v2\/pages\/177"}],"collection":[{"href":"https:\/\/www.lausitzer-museenland.de\/dsb\/wp-json\/wp\/v2\/pages"}],"about":[{"href":"https:\/\/www.lausitzer-museenland.de\/dsb\/wp-json\/wp\/v2\/types\/page"}],"author":[{"embeddable":true,"href":"https:\/\/www.lausitzer-museenland.de\/dsb\/wp-json\/wp\/v2\/users\/13"}],"replies":[{"embeddable":true,"href":"https:\/\/www.lausitzer-museenland.de\/dsb\/wp-json\/wp\/v2\/comments?post=177"}],"version-history":[{"count":17,"href":"https:\/\/www.lausitzer-museenland.de\/dsb\/wp-json\/wp\/v2\/pages\/177\/revisions"}],"predecessor-version":[{"id":53911,"href":"https:\/\/www.lausitzer-museenland.de\/dsb\/wp-json\/wp\/v2\/pages\/177\/revisions\/53911"}],"up":[{"embeddable":true,"href":"https:\/\/www.lausitzer-museenland.de\/dsb\/wp-json\/wp\/v2\/pages\/113"}],"wp:attachment":[{"href":"https:\/\/www.lausitzer-museenland.de\/dsb\/wp-json\/wp\/v2\/media?parent=177"}],"curies":[{"name":"wp","href":"https:\/\/api.w.org\/{rel}","templated":true}]}}