{"id":182,"date":"2014-11-05T17:33:13","date_gmt":"2014-11-05T16:33:13","guid":{"rendered":"http:\/\/lausitzer-museenland.de\/?page_id=182"},"modified":"2022-05-31T07:38:03","modified_gmt":"2022-05-31T05:38:03","slug":"heimatmuseum-tauer","status":"publish","type":"page","link":"https:\/\/www.lausitzer-museenland.de\/dsb\/museen\/heimatmuseum-tauer\/","title":{"rendered":"Heimatmuseum Tauer \/ Domowniski muzej Turjej"},"content":{"rendered":"<p><a href=\"#galerie_tauer\">Galeria<\/a> |\u00a0<a href=\"#austellungen_tauer\">Ausstellungen<\/a>\u00a0| <a href=\"#kinderangebot_tauer\">Oferty dla dzieci<\/a><br \/>\n<a href=\"https:\/\/www.lausitzer-museenland.de\/wp-content\/uploads\/2014\/11\/114.jpg\"><img loading=\"lazy\" class=\"enigma_img_responsive alignnone wp-image-1258\" src=\"https:\/\/www.lausitzer-museenland.de\/wp-content\/uploads\/2014\/11\/114.jpg\" alt=\"1\" width=\"800\" height=\"398\" srcset=\"https:\/\/www.lausitzer-museenland.de\/wp-content\/uploads\/2014\/11\/114.jpg 402w, https:\/\/www.lausitzer-museenland.de\/wp-content\/uploads\/2014\/11\/114-300x149.jpg 300w, https:\/\/www.lausitzer-museenland.de\/wp-content\/uploads\/2014\/11\/114-100x49.jpg 100w, https:\/\/www.lausitzer-museenland.de\/wp-content\/uploads\/2014\/11\/114-150x74.jpg 150w, https:\/\/www.lausitzer-museenland.de\/wp-content\/uploads\/2014\/11\/114-200x99.jpg 200w\" sizes=\"(max-width: 800px) 100vw, 800px\" \/><\/a><\/p>\n<\/p>\n<p>Domowniski muzej muzej w starej wejsnej pjaka\u0155ni<\/p>\n<p>Z lubos\u0107u zar\u011bdowany muzej jo w n\u011bgaj\u0161nej wejsnej pjaka\u0155ni. Twa\u0155ska struktura burskego doma, ken\u017e jo se masiwnje w traditionalnej twa\u0155skej wa\u0161ni w p\u00f3znem 19. stol\u011b\u015bu natwari\u0142, jo n\u011bco w\u00f3sebnego. Na naj\u015bpje jo se p\u00f3k\u00f3\u0144c pjerwjej\u0161nego twarjenja zd\u017aar\u017ea\u0142. Do \u017a\u011b\u0142a g\u00f3towy stary pjac jo nejwa\u017enjej\u0161y objekt muzeja. Na muzejowych sw\u011b\u017aenjach m\u00f3\u017eo se wogl\u011bda\u0155 w\u00f3t kwality pjace\u0144skich produktow p\u015beznani\u015b.<\/p>\n<p>Domowniski muzej jo se na 12. nowemberje 2005 w\u00f3tw\u00f3ri\u0142. Zap\u015bimjejo eksponaty a inscenacije w\u00f3 \u017eywjenju wejsneje ludnos\u0107i, w\u00f3 serbskich na\u0142ogach a teke detaile ze \u017eywjenja w\u00f3t 18. stol\u011b\u015ba w sp\u00f3cetnej atmosferje. Stawna wustaje\u0144ca w\u00f3 serbskich stawiznach jsy m\u00f3\u017eo se wogl\u011bda\u015b. W\u00f3sebne p\u015biwabni\u0161\u0107o su dolnoserbske drastwy, w\u00f3t burskeje w\u0161edneje a\u017e k wum\u011b\u0142ski wu\u0161ywanej wub\u011brnej sw\u011b\u017ae\u0144skej drastwje. Kabinet Fryca Rochy z historiskeju r\u011bdowniskeju rumnos\u0107u pow\u011bda w\u00f3 tom we wejsnem \u017a\u011blu \u0160ejnej\u017ae naro\u017aonem serbskem ceptarju, spisowa\u015belu a ludowem basnikarju. Wustaje\u0144ca se p\u00f3\u015b\u011bgujo na statkowanje Fryca Rochy ako cepta\u0155 w Turjeju w l\u011btach 1891-1915. Njegl\u011bdajucy na zakaz jo w dolnoserbskej r\u011bcy wucy\u0142. Za \u017a\u011b\u0142o we wucbje jo pisa\u0142 n\u011bkak 300 dolnoserbskich wulicowankow a p\u011bsnjow. Dla togo p\u0142a\u015bi ako pr\u011bdny dolnoserbski basnika\u0155 za \u017ai\u015bi.<\/p>\n<p>Idyliski wugl\u011bdajotej awtentiski statkujucy dw\u00f3r z g\u00f3spoda\u0155skimi twarjenjami a traditionalna burska a zelowa zagroda.<\/p>\n<p>\n<p><strong>Heimatmuseum in der alten Dorfb\u00e4ckerei<\/strong><\/p>\n<h3>-<\/h3>\n<p>Das liebevoll eingerichtete Museum befindet sich in einer ehemaligen Dorfb\u00e4ckerei. Die Baustruktur des Bauernhauses, das massiv in traditioneller Bauweise im sp\u00e4ten 19. Jahrhundert erbaut wurde, ist bemerkenswert. Auf dem Boden ist der Giebel des Vorg\u00e4ngergeb\u00e4udes erhalten. Der funktionst\u00fcchtige alte Backofen ist das bedeutendste Objekt des Museums. Bei Museumsfesten kann sich der Besucher von der Qualit\u00e4t der Backerzeugnisse \u00fcberzeugen.<\/p>\n<h3>-<\/h3>\n<p>Das Heimatmuseum wurde am 12. November 2005 er\u00f6ffnet. Es beherbergt Ausstellungsgegenst\u00e4nde und Inszenierungen zum Leben der l\u00e4ndlichen Bev\u00f6lkerung, zum sorbischen\/ wendischen Brauchtum und Details aus dem Leben ab dem 18. Jahrhundert in urspr\u00fcnglicher Atmosph\u00e4re. Zu besichtigen ist eine Dauerausstellung zur sorbischen\/wendischen Geschichte des Dorfes. Besonderer Anziehungspunkt sind die niedersorbischen Trachten, von der b\u00e4uerlichen Arbeitstracht bis zur kunstvoll bestickten edlen Festtagstracht. Das Fryco-Rocha-Kabinett mit historischem Klassenzimmer berichtet \u00fcber den im Ortsteil Sch\u00f6nh\u00f6he geborenen wendischen Lehrer, Schriftsteller und Volksdichter. Die Ausstellung nimmt Bezug auf Fryco Rochas Arbeit als Lehrer in Tauer in den Jahren 1891 bis 1915, die er trotz Verbotes in niedersorbischer Sprache verrichtete. F\u00fcr den Einsatz im Unterricht schrieb er etwa 300 niedersorbische Geschichten und Lieder. Er gilt deshalb als der erste niedersorbische Kinderdichter.<\/p>\n<p>Idyllisch wirkt der unverf\u00e4lschte Hof mit den Wirtschaftsgeb\u00e4uden sowie ein traditioneller Bauern- und Kr\u00e4utergarten.<\/p>\n<h3>-<a id=\"austellungen_tauer\"><\/a><\/h3>\n<ul>\n<li>Die Hofanlage ist direkt neben dem Radwanderweg zum Gro\u00dfsee &#8211; Richtung Pinnower See &#8211; Schlaubetal gelegen.<\/li>\n<li>Neben dem Hof wurde ein landestypischer Bauerngarten mit Insektenhotel angelegt.<\/li>\n<\/ul>\n<h3>Angebote f\u00fcr Kinder &#8211; Mit Kobi ins Museum<a id=\"kinderangebot_tauer\"><\/a><\/h3>\n<p align=\"left\">Kobi \u2013 der kleine Hausgeist \u2013 ist im Museum zu Hause.\u00a0Dort wohnt er im Pantoffel unterm Ofen. Um Mitternacht belauscht er die alten Museumsst\u00fccke, wenn sie von fr\u00fcher erz\u00e4hlen. Diese spannenden Geschichten plaudert er an die Museumsmitarbeiter aus, und diese erz\u00e4hlen sie den Kindern weiter \u2013 Begebenheiten aus alter, alter Zeit.<\/p>\n<p class=\"entry-title post-title\">Kobiangebote:<\/p>\n<div>\n<h5>\u00a0Backofen, Brauchtum und landestypischer Bauerngarten<\/h5>\n<div data-post-id='backofen-brauchtum-und-landestypischer-bauerngarten' class='insert-page insert-page-backofen-brauchtum-und-landestypischer-bauerngarten'>\t\t\t\t\t<p>Das liebevoll eingerichtete Museum befindet sich in einer ehemaligen Dorfb\u00e4ckerei. Es beherbergt Ausstellungsgegenst\u00e4nde und Inszenierungen zum Leben der l\u00e4ndlichen Bev\u00f6lkerung, zum sorbischen\/ wendischen Brauchtum und Details aus dem Leben ab dem 18. Jahrhundert in urspr\u00fcnglicher Atmosph\u00e4re. Besonderer Anziehungspunkt sind die niedersorbischen Trachten, von der b\u00e4uerlichen Arbeitstracht bis zur kunstvoll bestickten edlen Festtagstracht. Idyllisch wirkt der unverf\u00e4lschte Hof mit den Wirtschaftsgeb\u00e4uden sowie ein traditioneller Bauern- und Kr\u00e4utergarten.<\/p>\n<p>Das Angebot findet indoor statt und richtet sich an Sch\u00fcler der Klassen 1 bis 10.<br \/>\nTermine: nach Absprache<br \/>\nVoranmeldung: sp\u00e4testens 2 Wochen vorher<br \/>\nEintritt pro Person: 0,50 \u20ac<\/p>\n<p><a title=\"Heimatmuseum Tauer \/ Domowniski muzej Turjej\" href=\"\/museen\/heimatmuseum-tauer\/\">Heimatmuseum Tauer<\/a><\/p>\n\t\t\t\t\t<\/div>\n<h3><\/h3>\n<p>&nbsp;<\/p>\n<h3>Galeria<a id=\"galerie_tauer\"><\/a><\/h3>\n<div id=\"envira-gallery-wrap-182\" class=\"envira-gallery-wrap envira-gallery-theme-base envira-lightbox-theme-base\" itemscope itemtype=\"https:\/\/schema.org\/ImageGallery\"><div data-row-height=\"\" data-gallery-theme=\"\" id=\"envira-gallery-182\" class=\"envira-gallery-public  envira-gallery-3-columns envira-clear enviratope envira-gallery-css-animations\" data-envira-columns=\"3\"><div id=\"envira-gallery-item-3230\" class=\"envira-gallery-item enviratope-item envira-gallery-item-1\" style=\"padding-left: 5px; padding-bottom: 10px; padding-right: 5px;\"  itemscope itemtype=\"https:\/\/schema.org\/ImageObject\"><div class=\"envira-gallery-item-inner\"><div class=\"envira-gallery-position-overlay  envira-gallery-top-left\"><\/div><div class=\"envira-gallery-position-overlay  envira-gallery-top-right\"><\/div><div class=\"envira-gallery-position-overlay  envira-gallery-bottom-left\"><\/div><div class=\"envira-gallery-position-overlay  envira-gallery-bottom-right\"><\/div><a href=\"https:\/\/www.lausitzer-museenland.de\/wp-content\/uploads\/2014\/11\/146.jpg\" class=\"envira-gallery-182 envira-gallery-link\" rel=\"enviragallery182\" title=\"Heimatmuseum Tauer\" data-envira-caption=\"Heimatmuseum Tauer\" data-envira-retina=\"\" data-thumbnail=\"\"  itemprop=\"contentUrl\"><div class=\"envira-lazy\" data-test-width=\"960\" data-test-height=\"300\" style=\"padding-bottom:31.25%;\"><img id=\"envira-gallery-image-3230\" class=\"envira-gallery-image envira-gallery-image-1\" data-envira-index=\"1\" src=\"https:\/\/www.lausitzer-museenland.de\/wp-content\/uploads\/2014\/11\/146.jpg\" data-envira-src=\"https:\/\/www.lausitzer-museenland.de\/wp-content\/uploads\/2014\/11\/146.jpg\" data-envira-gallery-id=\"182\" data-envira-item-id=\"3230\" data-envira-caption=\"Heimatmuseum Tauer\" alt=\"\" title=\"Heimatmuseum Tauer\"  itemprop=\"thumbnailUrl\" data-envira-srcset=\"https:\/\/www.lausitzer-museenland.de\/wp-content\/uploads\/2014\/11\/146.jpg 400w,https:\/\/www.lausitzer-museenland.de\/wp-content\/uploads\/2014\/11\/146.jpg 2x\" srcset=\"data:image\/gif;base64,R0lGODlhAQABAIAAAP\/\/\/\/\/\/\/yH5BAEKAAEALAAAAAABAAEAAAICTAEAOw==\" \/><\/div><\/a><\/div><\/div><div id=\"envira-gallery-item-3231\" class=\"envira-gallery-item enviratope-item envira-gallery-item-2\" style=\"padding-left: 5px; padding-bottom: 10px; padding-right: 5px;\"  itemscope itemtype=\"https:\/\/schema.org\/ImageObject\"><div class=\"envira-gallery-item-inner\"><div class=\"envira-gallery-position-overlay  envira-gallery-top-left\"><\/div><div class=\"envira-gallery-position-overlay  envira-gallery-top-right\"><\/div><div class=\"envira-gallery-position-overlay  envira-gallery-bottom-left\"><\/div><div class=\"envira-gallery-position-overlay  envira-gallery-bottom-right\"><\/div><a href=\"https:\/\/www.lausitzer-museenland.de\/wp-content\/uploads\/2014\/11\/213.jpg\" class=\"envira-gallery-182 envira-gallery-link\" rel=\"enviragallery182\" title=\"Heimatmuseum Tauer\" data-envira-caption=\"Heimatmuseum Tauer\" data-envira-retina=\"\" data-thumbnail=\"\"  itemprop=\"contentUrl\"><div class=\"envira-lazy\" data-test-width=\"960\" data-test-height=\"300\" style=\"padding-bottom:31.25%;\"><img id=\"envira-gallery-image-3231\" class=\"envira-gallery-image envira-gallery-image-2\" data-envira-index=\"2\" src=\"https:\/\/www.lausitzer-museenland.de\/wp-content\/uploads\/2014\/11\/213.jpg\" data-envira-src=\"https:\/\/www.lausitzer-museenland.de\/wp-content\/uploads\/2014\/11\/213.jpg\" data-envira-gallery-id=\"182\" data-envira-item-id=\"3231\" data-envira-caption=\"Heimatmuseum Tauer\" alt=\"\" title=\"Heimatmuseum Tauer\"  itemprop=\"thumbnailUrl\" data-envira-srcset=\"https:\/\/www.lausitzer-museenland.de\/wp-content\/uploads\/2014\/11\/213.jpg 400w,https:\/\/www.lausitzer-museenland.de\/wp-content\/uploads\/2014\/11\/213.jpg 2x\" srcset=\"data:image\/gif;base64,R0lGODlhAQABAIAAAP\/\/\/\/\/\/\/yH5BAEKAAEALAAAAAABAAEAAAICTAEAOw==\" \/><\/div><\/a><\/div><\/div><div id=\"envira-gallery-item-3232\" class=\"envira-gallery-item enviratope-item envira-gallery-item-3\" style=\"padding-left: 5px; padding-bottom: 10px; padding-right: 5px;\"  itemscope itemtype=\"https:\/\/schema.org\/ImageObject\"><div class=\"envira-gallery-item-inner\"><div class=\"envira-gallery-position-overlay  envira-gallery-top-left\"><\/div><div class=\"envira-gallery-position-overlay  envira-gallery-top-right\"><\/div><div class=\"envira-gallery-position-overlay  envira-gallery-bottom-left\"><\/div><div class=\"envira-gallery-position-overlay  envira-gallery-bottom-right\"><\/div><a href=\"https:\/\/www.lausitzer-museenland.de\/wp-content\/uploads\/2014\/11\/38.jpg\" class=\"envira-gallery-182 envira-gallery-link\" rel=\"enviragallery182\" title=\"Heimatmuseum Tauer\" data-envira-caption=\"Heimatmuseum Tauer\" data-envira-retina=\"\" data-thumbnail=\"\"  itemprop=\"contentUrl\"><div class=\"envira-lazy\" data-test-width=\"960\" data-test-height=\"300\" style=\"padding-bottom:31.25%;\"><img id=\"envira-gallery-image-3232\" class=\"envira-gallery-image envira-gallery-image-3\" data-envira-index=\"3\" src=\"https:\/\/www.lausitzer-museenland.de\/wp-content\/uploads\/2014\/11\/38.jpg\" data-envira-src=\"https:\/\/www.lausitzer-museenland.de\/wp-content\/uploads\/2014\/11\/38.jpg\" data-envira-gallery-id=\"182\" data-envira-item-id=\"3232\" data-envira-caption=\"Heimatmuseum Tauer\" alt=\"\" title=\"Heimatmuseum Tauer\"  itemprop=\"thumbnailUrl\" data-envira-srcset=\"https:\/\/www.lausitzer-museenland.de\/wp-content\/uploads\/2014\/11\/38.jpg 400w,https:\/\/www.lausitzer-museenland.de\/wp-content\/uploads\/2014\/11\/38.jpg 2x\" srcset=\"data:image\/gif;base64,R0lGODlhAQABAIAAAP\/\/\/\/\/\/\/yH5BAEKAAEALAAAAAABAAEAAAICTAEAOw==\" \/><\/div><\/a><\/div><\/div><div id=\"envira-gallery-item-3233\" class=\"envira-gallery-item enviratope-item envira-gallery-item-4\" style=\"padding-left: 5px; padding-bottom: 10px; padding-right: 5px;\"  itemscope itemtype=\"https:\/\/schema.org\/ImageObject\"><div class=\"envira-gallery-item-inner\"><div class=\"envira-gallery-position-overlay  envira-gallery-top-left\"><\/div><div class=\"envira-gallery-position-overlay  envira-gallery-top-right\"><\/div><div class=\"envira-gallery-position-overlay  envira-gallery-bottom-left\"><\/div><div class=\"envira-gallery-position-overlay  envira-gallery-bottom-right\"><\/div><a href=\"https:\/\/www.lausitzer-museenland.de\/wp-content\/uploads\/2014\/11\/47.jpg\" class=\"envira-gallery-182 envira-gallery-link\" rel=\"enviragallery182\" title=\"Heimatmuseum Tauer\" data-envira-caption=\"Heimatmuseum Tauer\" data-envira-retina=\"\" data-thumbnail=\"\"  itemprop=\"contentUrl\"><div class=\"envira-lazy\" data-test-width=\"960\" data-test-height=\"300\" style=\"padding-bottom:31.25%;\"><img id=\"envira-gallery-image-3233\" class=\"envira-gallery-image envira-gallery-image-4\" data-envira-index=\"4\" src=\"https:\/\/www.lausitzer-museenland.de\/wp-content\/uploads\/2014\/11\/47.jpg\" data-envira-src=\"https:\/\/www.lausitzer-museenland.de\/wp-content\/uploads\/2014\/11\/47.jpg\" data-envira-gallery-id=\"182\" data-envira-item-id=\"3233\" data-envira-caption=\"Heimatmuseum Tauer\" alt=\"\" title=\"Heimatmuseum Tauer\"  itemprop=\"thumbnailUrl\" data-envira-srcset=\"https:\/\/www.lausitzer-museenland.de\/wp-content\/uploads\/2014\/11\/47.jpg 400w,https:\/\/www.lausitzer-museenland.de\/wp-content\/uploads\/2014\/11\/47.jpg 2x\" srcset=\"data:image\/gif;base64,R0lGODlhAQABAIAAAP\/\/\/\/\/\/\/yH5BAEKAAEALAAAAAABAAEAAAICTAEAOw==\" \/><\/div><\/a><\/div><\/div><\/div><\/div><noscript><img src=\"https:\/\/www.lausitzer-museenland.de\/wp-content\/uploads\/2014\/11\/146.jpg\" alt=\"\" \/><img src=\"https:\/\/www.lausitzer-museenland.de\/wp-content\/uploads\/2014\/11\/213.jpg\" alt=\"\" \/><img src=\"https:\/\/www.lausitzer-museenland.de\/wp-content\/uploads\/2014\/11\/38.jpg\" alt=\"\" \/><img src=\"https:\/\/www.lausitzer-museenland.de\/wp-content\/uploads\/2014\/11\/47.jpg\" alt=\"\" \/><\/noscript>\n<\/div>","protected":false},"excerpt":{"rendered":"<p>Galerie |\u00a0Ausstellungen\u00a0| Angebote f\u00fcr Kinder Heimatmuseum in der alten Dorfb\u00e4ckerei Geb\u00e4ude- \/ Grundst\u00fcckssituation Das liebevoll eingerichtete Museum befindet sich in einer ehemaligen Dorfb\u00e4ckerei. Die Baustruktur des Bauernhauses, das massiv in traditioneller Bauweise im sp\u00e4ten 19. Jahrhundert erbaut wurde, ist bemerkenswert. Auf dem Boden ist der Giebel des Vorg\u00e4ngergeb\u00e4udes erhalten. Der funktionst\u00fcchtige alte Backofen ist das<\/p>","protected":false},"author":13,"featured_media":0,"parent":113,"menu_order":0,"comment_status":"closed","ping_status":"closed","template":"","meta":[],"_links":{"self":[{"href":"https:\/\/www.lausitzer-museenland.de\/dsb\/wp-json\/wp\/v2\/pages\/182"}],"collection":[{"href":"https:\/\/www.lausitzer-museenland.de\/dsb\/wp-json\/wp\/v2\/pages"}],"about":[{"href":"https:\/\/www.lausitzer-museenland.de\/dsb\/wp-json\/wp\/v2\/types\/page"}],"author":[{"embeddable":true,"href":"https:\/\/www.lausitzer-museenland.de\/dsb\/wp-json\/wp\/v2\/users\/13"}],"replies":[{"embeddable":true,"href":"https:\/\/www.lausitzer-museenland.de\/dsb\/wp-json\/wp\/v2\/comments?post=182"}],"version-history":[{"count":17,"href":"https:\/\/www.lausitzer-museenland.de\/dsb\/wp-json\/wp\/v2\/pages\/182\/revisions"}],"predecessor-version":[{"id":53913,"href":"https:\/\/www.lausitzer-museenland.de\/dsb\/wp-json\/wp\/v2\/pages\/182\/revisions\/53913"}],"up":[{"embeddable":true,"href":"https:\/\/www.lausitzer-museenland.de\/dsb\/wp-json\/wp\/v2\/pages\/113"}],"wp:attachment":[{"href":"https:\/\/www.lausitzer-museenland.de\/dsb\/wp-json\/wp\/v2\/media?parent=182"}],"curies":[{"name":"wp","href":"https:\/\/api.w.org\/{rel}","templated":true}]}}