{"id":198,"date":"2014-11-05T17:43:48","date_gmt":"2014-11-05T16:43:48","guid":{"rendered":"http:\/\/lausitzer-museenland.de\/?page_id=198"},"modified":"2023-11-30T13:21:46","modified_gmt":"2023-11-30T12:21:46","slug":"heimatstube-gross-koelzig","status":"publish","type":"page","link":"https:\/\/www.lausitzer-museenland.de\/dsb\/museen\/heimatstube-gross-koelzig\/","title":{"rendered":"Heimatstube Gro\u00df K\u00f6lzig \/ Domowniska \u015bpa Wjeliki K\u00f3lsk"},"content":{"rendered":"<\/p>\n<p>Domowniske stawizny daju se do\u017eywi\u015b w originalnem j\u011bdrje jsy \u2013 stare g\u00f3rnistwo w Mu\u017eakojskem ropatem wok\u0142onje.<\/p>\n<p>\u201c\u0179\u011b\u0142owa kupka domowniske sl\u011b\u017aenje\u201d prezent\u011brujo sw\u00f3je eksponaty w dw\u011bma twarjenjoma. Ako pr\u011bdne docakujotej wustaje\u0144skej wobce\u0155ka \u0161ulskich stawiznow a industrielnych stawiznow sw\u00f3jich g\u00f3s\u0107i srjej\u017a najsy blisko cerkwje w twarjenju a na gruntach historiskeje \u0161ule, chyt\u0161ej klinkarjowej twari z 19. stol\u011b\u015ba. Ako druge dajo wustaje\u0144ski wobce\u0155k rolnika\u0155stwa w starem g\u00f3s\u0107e\u0144cu Hayasche, na Mu\u017eakojskej droze.<\/p>\n<p>Cil wustaje\u0144ce jo, wuwi\u015be jsy w\u00f3t serbskeje jsy a\u017e k industrijowej gmejnje pokaza\u015b. P\u015bi tom se wogl\u011bdujo w\u00f3sebnje \u201cDomowniska krajina\u201d z gl\u011bdani\u0161\u0107om na lodowu dobu a geologiju (strony Mu\u017eakojskego ropatego wok\u0142ona). To se zwuraznjo w pokazowanjach ku geologiji, geomorfologiji a p\u015bem\u011bnjenju krajiny p\u015bez lu\u017ai; a how stoje stawizny brunicowego g\u00f3rnistwa (stare g\u00f3rnistwo) jamy \u201cConrad\u201d w srjej\u017ai\u0161\u0107u. P\u015bed krotkim jo se prezentacija p\u015bez dokumentaciju w\u00f3 w\u00f3jowanjach we jsy a w regionje w casu II. sw\u011btoweje w\u00f3jny a jich rezultatach roz\u0161yri\u0142a.<\/p>\n<p>\n<p>Erlebbare Heimatgeschichte im urspr\u00fcnglichen Ortskern &#8211; Altbergbau im Muskauer Faltenbogen<strong>\u00a0<\/strong><\/p>\n<h3>-<\/h3>\n<p>Die Arbeitsgruppe Heimatforschung pr\u00e4sentiert ihre Exponate in zwei Geb\u00e4uden. Zum einen erwarten die Ausstellungsbereiche Schulgeschichte und Industriegeschichte ihre G\u00e4ste mitten auf dem Dorfanger in N\u00e4he der Kirche im Geb\u00e4ude und auf dem Grundst\u00fcck der historischen Schule, einem stattlichen Klinkerbau aus dem 19. Jahrhundert. Zum anderen ist der Ausstellungsbereich Landwirtschaft in der alten Gastst\u00e4tte Hayasche, in der Muskauer Stra\u00dfe, untergebracht.<\/p>\n<h3>-<\/h3>\n<p>Ziel der Ausstellung ist, die Entwicklung des Ortes vom sorbisch \/ wendischen Dorf zur Industriegemeinde nachzuzeichnen. Dabei wird besonders die \u201eHeimatliche Landschaft\u201c unter einem eiszeitlich-geologischem Blickwinkel (Gebiet des \u201eMuskauer Faltenbogens\u201c) betrachtet. Das findet seinen Ausdruck in Darstellungen zu Geologie, Geomorphologie und der Ver\u00e4nderung der Landschaft durch den Menschen; und hier steht die Geschichte des Braunkohlenbergbaus (Altbergbau) der Grube \u201eConrad\u201c im Mittelpunkt. Unl\u00e4ngst wurde die Pr\u00e4sentation durch eine Dokumentation zu den Kampfhandlungen im Ort und der Region w\u00e4hrend des Zweiten Weltkrieges sowie deren Ergebnisse erweitert.<\/p>\n<h3>-<\/h3>\n<p>Die Pr\u00e4sentation wird in Abst\u00e4nden durch Sonderausstellungen erweitert.<\/p>\n<ul>\n<li>Au\u00dferhalb der \u00d6ffnungszeiten sind spezielle F\u00fchrungen zur Bergbaugeschichte und Kirche, auch f\u00fcr Schulklassen m\u00f6glich.<\/li>\n<li>Gef\u00fchrte Fahrradexkursionen durch die Umgebung, beginnend in der Heimatstube und im Weiteren die Themen Bergbaugeschichte, Landschaft, Geschichte und Fr\u00fchgeschichte (H\u00fcgelgr\u00e4ber in der Flur) behandelnd<\/li>\n<li>Aktionen zum \u201eTag des offenen Denkmals\u201c<\/li>\n<\/ul>\n<h3>Angebote f\u00fcr Kinder &#8211; Mit Kobi ins Museum<\/h3>\n<div>\n<h5>1. Aus dem Tagebuch der Erde &#8211; Erdgeschichtliche Entwicklung unserer Heimatlandschaft<\/h5>\n<div data-post-id='aus-dem-tagebuch-der-erde' class='insert-page insert-page-aus-dem-tagebuch-der-erde'>\t\t\t\t\t<p>Auf der Altbergbautour erfahren die Sch\u00fcler, wie die Kohle entstanden ist, unter welchen Umst\u00e4nden sie fr\u00fcher abgebaut und dann zu den Industrieanlagen bef\u00f6rdert wurde. Das Projekt wird als Wanderung oder Fahrradexkursion angeboten.<\/p>\n<p>Das Angebot findet outdoor statt und richtet sich an Sch\u00fcler der Klassen 7 bis 10.<br \/>\nTermine: nach Absprache<br \/>\nVoranmeldung: sp\u00e4testens 5 Tage vorher<br \/>\nEintritt pro Person: nach Absprache<\/p>\n<p><a title=\"Heimatstube Gro\u00df K\u00f6lzig \/ Domowniska \u015bpa Wjeliki K\u00f3lsk\" href=\"\/museen\/heimatstube-gross-koelzig\/\">Heimatstube Gro\u00df K\u00f6lzig<\/a><\/p>\n\t\t\t\t\t<\/div>\n<h5>2. Woher wir wissen, was fr\u00fcher geschah<\/h5>\n<div data-post-id='woher-wir-wissen-was-frueher-geschah' class='insert-page insert-page-woher-wir-wissen-was-frueher-geschah'>\t\t\t\t\t<p>Die Zeugnisse der Vergangenheit zeigen in Schrift, Bild und Gegenstand, wie die Menschen fr\u00fcher gelebt und gearbeitet haben.<\/p>\n<p>Das Angebot findet indoor und outdoor statt und richtet sich an Sch\u00fcler der Klassen 4 bis 6.<br \/>\nTermine: nach Absprache<br \/>\nVoranmeldung: sp\u00e4testens 5 Tage vorher<br \/>\nGruppengr\u00f6\u00dfe: 5 bis 30 Personen<br \/>\nEintritt pro Person: nach Absprache<\/p>\n<p><a title=\"Heimatstube Gro\u00df K\u00f6lzig \/ Domowniska \u015bpa Wjeliki K\u00f3lsk\" href=\"\/museen\/heimatstube-gross-koelzig\/\">Heimatstube Gro\u00df K\u00f6lzig<\/a><\/p>\n\t\t\t\t\t<\/div>\n<h5>3. Aus alter Zeit &#8211; Heimatsagen und Spukgeschichten<\/h5>\n<div data-post-id='aus-alter-zeit-heimatsagen-und-spukgeschichten' class='insert-page insert-page-aus-alter-zeit-heimatsagen-und-spukgeschichten'>\t\t\t\t\t<p>Rund um Gro\u00df K\u00f6lzig wurden, wie in der gesamten Niederlausitz, schon immer Sagen und Geschichten erz\u00e4hlt. Einige Orte zeugen noch heute davon und k\u00f6nnen von den Sch\u00fclern erkundet werden.<\/p>\n<p>Das Angebot findet indoor und outdoor statt und richtet sich an Sch\u00fcler der Klassen 1 bis 7.<br \/>\nTermine: nach Absprache<br \/>\nVoranmeldung: sp\u00e4testens 5 Tage vorher<br \/>\nGruppengr\u00f6\u00dfe: 5 bis 30 Personen<br \/>\nEintritt pro Person: nach Absprache<\/p>\n<p><a title=\"Heimatstube Gro\u00df K\u00f6lzig \/ Domowniska \u015bpa Wjeliki K\u00f3lsk\" href=\"\/museen\/heimatstube-gross-koelzig\/\">Heimatstube Gro\u00df K\u00f6lzig<\/a><\/p>\n\t\t\t\t\t<\/div>\n<h5>4. Unsere Prangerlinde erz\u00e4hlt &#8211; die Dorfgerichtsbarkeit , Siedlungsgeschichte alter Kirchenorte und Versailleng\u00fcter<\/h5>\n<div data-post-id='unsere-prangerlinde-erzaehlt' class='insert-page insert-page-unsere-prangerlinde-erzaehlt'>\t\t\t\t\t<p>Den Schulklassen wird die Dorfgerichtsbarkeit erl\u00e4utert, und die Sch\u00fcler erfahren, welche Rolle dabei die Prangerlinde gespielt hat. Anhand der Kirchengeschichte kann die Siedlungsgeschichte rund um Gro\u00df K\u00f6lzig nachvollzogen werden.<\/p>\n<p>Das Angebot findet indoor und outdoor statt und richtet sich an Sch\u00fclerder Klassen 4 bis 7.<br \/>\nTermine: nach Absprache<br \/>\nVoranmeldung: sp\u00e4testens 5 Tage vorher<br \/>\nGruppengr\u00f6\u00dfe: 5 bis 30 Personen<br \/>\nEintritt pro Person: nach Absprache<\/p>\n<p><a title=\"Heimatstube Gro\u00df K\u00f6lzig \/ Domowniska \u015bpa Wjeliki K\u00f3lsk\" href=\"\/museen\/heimatstube-gross-koelzig\/\">Heimatstube Gro\u00df K\u00f6lzig<\/a><\/p>\n\t\t\t\t\t<\/div>\n<h5>5. Wie die Menschen fr\u00fcher lebten und arbeiteten &#8211; Landwirtschaft und Bergbau<\/h5>\n<div data-post-id='wie-die-menschen-frueher-lebten' class='insert-page insert-page-wie-die-menschen-frueher-lebten'>\t\t\t\t\t<p>In der Heimatstube werden hauswirtschaftliche, landwirtschaftliche und bergbauliche Gegenst\u00e4nde bzw. Ger\u00e4te der Glasherstellung ausgestellt. Sie dokumentieren das Leben und die schwere Arbeit fr\u00fcherer Zeiten.<\/p>\n<p>Das Angebot findet indoor und outdoor statt und richtet sich an Sch\u00fcler der Klassen 4 bis 7.<br \/>\nTermine: nach Absprache<br \/>\nVoranmeldung: sp\u00e4testens 5 Tage vorher<br \/>\nGruppengr\u00f6\u00dfe: 5 bis 30 Personen<br \/>\nEintritt pro Person: nach Absprache<\/p>\n<p><a title=\"Heimatstube Gro\u00df K\u00f6lzig \/ Domowniska \u015bpa Wjeliki K\u00f3lsk\" href=\"\/museen\/heimatstube-gross-koelzig\/\">Heimatstube Gro\u00df K\u00f6lzig<\/a><\/p>\n\t\t\t\t\t<\/div>\n<h5>6. Wie Schule fr\u00fcher war<\/h5>\n<div data-post-id='wie-schule-frueher-war-in-koelzig' class='insert-page insert-page-wie-schule-frueher-war-in-koelzig'>\t\t\t\t\t<p>Die Kinder erleben eine Schulstunde wie zu Omas und Opas Zeiten und erfahren, welche Rolle dabei ein Rohrstock gespielt hat.<\/p>\n<p>Das Angebot findet indoor statt und richtet sich an Sch\u00fcler der Klassen 1 bis 7.<br \/>\nTermine: nach Absprache<br \/>\nVoranmeldung: sp\u00e4testens 5 Tage vorher<br \/>\nGruppengr\u00f6\u00dfe: 5 bis 30 Personen<br \/>\nEintritt pro Person: nach Absprache<\/p>\n<p><a title=\"Heimatstube Gro\u00df K\u00f6lzig \/ Domowniska \u015bpa Wjeliki K\u00f3lsk\" href=\"\/museen\/heimatstube-gross-koelzig\/\">Heimatstube Gro\u00df K\u00f6lzig<\/a><\/p>\n\t\t\t\t\t<\/div>\n<h5>7. Erinnerungen an eine schreckliche Zeit<\/h5>\n<div data-post-id='erinnerungen-an-eine-schreckliche-zeit' class='insert-page insert-page-erinnerungen-an-eine-schreckliche-zeit'>\t\t\t\t\t<p>Zeitzeugen erz\u00e4hlen aus den Kriegs- und Nachkriegszeiten.<\/p>\n<p>Das Angebot findet indoor und outdoor statt und richtet sich an Sch\u00fcler der Klassen 7 bis 10.<br \/>\nTermine: nach Absprache<br \/>\nVoranmeldung: sp\u00e4testens 5 Tage vorher<br \/>\nGruppengr\u00f6\u00dfe: 5 bis 30 Personen<br \/>\nEintritt pro Person: nach Absprache<\/p>\n<p><a title=\"Heimatstube Gro\u00df K\u00f6lzig \/ Domowniska \u015bpa Wjeliki K\u00f3lsk\" href=\"\/museen\/heimatstube-gross-koelzig\/\">Heimatstube Gro\u00df K\u00f6lzig<\/a><\/p>\n\t\t\t\t\t<\/div>\n<\/div>","protected":false},"excerpt":{"rendered":"<p>Erlebbare Heimatgeschichte im urspr\u00fcnglichen Ortskern &#8211; Altbergbau im Muskauer Faltenbogen\u00a0 Geb\u00e4ude- \/ Grundst\u00fcckssituation Die Arbeitsgruppe Heimatforschung pr\u00e4sentiert ihre Exponate in zwei Geb\u00e4uden. Zum einen erwarten die Ausstellungsbereiche Schulgeschichte und Industriegeschichte ihre G\u00e4ste mitten auf dem Dorfanger in N\u00e4he der Kirche im Geb\u00e4ude und auf dem Grundst\u00fcck der historischen Schule, einem stattlichen Klinkerbau aus dem 19.<\/p>","protected":false},"author":13,"featured_media":4175,"parent":113,"menu_order":0,"comment_status":"closed","ping_status":"closed","template":"","meta":[],"_links":{"self":[{"href":"https:\/\/www.lausitzer-museenland.de\/dsb\/wp-json\/wp\/v2\/pages\/198"}],"collection":[{"href":"https:\/\/www.lausitzer-museenland.de\/dsb\/wp-json\/wp\/v2\/pages"}],"about":[{"href":"https:\/\/www.lausitzer-museenland.de\/dsb\/wp-json\/wp\/v2\/types\/page"}],"author":[{"embeddable":true,"href":"https:\/\/www.lausitzer-museenland.de\/dsb\/wp-json\/wp\/v2\/users\/13"}],"replies":[{"embeddable":true,"href":"https:\/\/www.lausitzer-museenland.de\/dsb\/wp-json\/wp\/v2\/comments?post=198"}],"version-history":[{"count":24,"href":"https:\/\/www.lausitzer-museenland.de\/dsb\/wp-json\/wp\/v2\/pages\/198\/revisions"}],"predecessor-version":[{"id":53920,"href":"https:\/\/www.lausitzer-museenland.de\/dsb\/wp-json\/wp\/v2\/pages\/198\/revisions\/53920"}],"up":[{"embeddable":true,"href":"https:\/\/www.lausitzer-museenland.de\/dsb\/wp-json\/wp\/v2\/pages\/113"}],"wp:featuredmedia":[{"embeddable":true,"href":"https:\/\/www.lausitzer-museenland.de\/dsb\/wp-json\/wp\/v2\/media\/4175"}],"wp:attachment":[{"href":"https:\/\/www.lausitzer-museenland.de\/dsb\/wp-json\/wp\/v2\/media?parent=198"}],"curies":[{"name":"wp","href":"https:\/\/api.w.org\/{rel}","templated":true}]}}