{"id":202,"date":"2014-11-05T17:45:40","date_gmt":"2014-11-05T16:45:40","guid":{"rendered":"http:\/\/lausitzer-museenland.de\/?page_id=202"},"modified":"2024-02-08T12:35:37","modified_gmt":"2024-02-08T11:35:37","slug":"heimatstube-klein-koelzig","status":"publish","type":"page","link":"https:\/\/www.lausitzer-museenland.de\/dsb\/museen\/heimatstube-klein-koelzig\/","title":{"rendered":"Heimatstube Klein K\u00f6lzig \/ Domowniska \u015bpa Ma\u0142y K\u00f3lsk"},"content":{"rendered":"<p><a href=\"#galerie_klein_koelzig\">Galeria<\/a> |\u00a0<a href=\"#austellungen_klein_koelzig\">Ausstellungen<\/a>\u00a0| <a href=\"#kinderangebot_klein_koelzig\">Oferty dla dzieci<\/a><br \/>\n<img loading=\"lazy\" class=\"enigma_img_responsive alignnone wp-image-1264\" src=\"https:\/\/www.lausitzer-museenland.de\/wp-content\/uploads\/2014\/11\/118.jpg\" alt=\"1\" width=\"800\" height=\"398\" srcset=\"https:\/\/www.lausitzer-museenland.de\/wp-content\/uploads\/2014\/11\/118.jpg 402w, https:\/\/www.lausitzer-museenland.de\/wp-content\/uploads\/2014\/11\/118-300x149.jpg 300w, https:\/\/www.lausitzer-museenland.de\/wp-content\/uploads\/2014\/11\/118-100x49.jpg 100w, https:\/\/www.lausitzer-museenland.de\/wp-content\/uploads\/2014\/11\/118-150x74.jpg 150w, https:\/\/www.lausitzer-museenland.de\/wp-content\/uploads\/2014\/11\/118-200x99.jpg 200w\" sizes=\"(max-width: 800px) 100vw, 800px\" \/><br \/>\nKunsthandwerk und Dorfgeschichte &#8211; Sammlung in der &#8222;Alten Ziegelei&#8220;<\/p>\n<\/p>\n<p>Wum\u011b\u0142ske rucnika\u0155stwo a wejsne stawizny \u2013 zb\u011brka w \u201cStarej cyglowni\u201d<\/p>\n<p>P\u00f3 rekonstrukciji w l\u011b\u015be 2005 w\u00f3cakujo jadnu\u010dka cyglownja z dospo\u0142nje zd\u017aar\u017eanym kulowatym pjacom za cygle sw\u00f3jich wogl\u011bdarjow. Domowniska \u015bpa jo se zam\u011bstni\u0142a w \u201cStarej cyglowni\u201d. Na w\u0161ych t\u015bich rowninach se wopisuju do\u017eywjenja a stawizniske sl\u011bzyny, k\u00f3tare\u017e znanje w\u00f3 wu\u017eywanju twarjenja cyglownje.<\/p>\n<p>W domowniskej \u015bp\u011b su se zb\u011brali eksponaty, dokumenty a fota w\u00f3 wejsnych stawiznach, wejsnem \u017eywjenju z jogo towaristwami, w\u00f3 g\u00f3rnistwje a teke wum\u011b\u0142skem rucnikarju ze jsy, w\u00f3 drjewor\u011bzbarju Karlu Gierscheru. Ako w\u00f3sebne do\u017eywjenje caka wustaje\u0144ca geologiskich namakankow z wokolnych wuglowych jamow na wogl\u011bdarjow.<\/p>\n<p>Mjaztym a\u017e c\u0142onki towaristwa cyglownjoweje zeleznicki wjedu p\u015bez objekt, dostanu g\u00f3s\u0107i p\u00f3gl\u011bdy do produkciskich w\u00f3tb\u011bgow, k\u00f3tare\u017e su wop\u015bimjeli \u015b\u011b\u017eke rucne \u017a\u011b\u0142o a se wop\u00f3znaju z p\u00f3tajmnos\u0107u, cogodla twarjenje jo \u015b\u011b\u017eki cas p\u00f3 zak\u00f3\u0144cenju produkcije p\u015be\u017eywi\u0142o.<\/p>\n<p>&nbsp;<\/p>\n<p>Towaristwo \u201cMa\u0142ok\u00f3lskowa cyglownjowa zeleznicka z. t.\u201d jo zachopi\u0142o w l\u011b\u015be 2008 z nowym natwarjenim tegdej\u0161eje p\u00f3lneje zeleznicki. Jo se do gruntow cyglownje zasaj\u017ai\u0142a. Stawizny p\u00f3lneje zeleznicki w Ma\u0142em K\u00f3lsku se nagl\u011bdniwje pokazuju \u0161yrokej zjawnos\u0107i p\u015bez wu\u017eywanje zeleznickowych cerow.<\/p>\n<p>\n<h3><strong>Alte Ziegelei und Heimatstube Klein K\u00f6lzig \/ Stara cyglownja a Domowniska \u015bpa Ma\u0142y K\u00f3lsk<\/strong><\/h3>\n<h3>-<\/h3>\n<p>Seit der Rekonstruktion im Jahr 2005 erwartet die Besucher die einzige Ziegelei mit vollst\u00e4ndig erhaltenem Ringbrandofen in der Region. Die Heimatstube ist seit 2013 in der \u201eAlten Ziegelei\u201c untergebracht. Auf allen drei Ebenen werden Erlebnisse und geschichtliche Hintergr\u00fcnde geschildert, die von der Nutzung des Ziegeleigeb\u00e4udes zeugen.<\/p>\n<h3>-<\/h3>\n<p>In der Heimatstube sind Exponate, Dokumente und Fotos zur Ortsgeschichte, dem d\u00f6rflichen Leben mit seinen Vereinen, zum Bergbau sowie zum Kunsthandwerker des Ortes, dem Holzschnitzer Karl Gierscher, ausgestellt. Eine besondere Attraktion f\u00fcr Besucher ist die Ausstellung geologischer Funde aus den umliegenden Tagebauen.<\/p>\n<p>W\u00e4hrend Mitglieder des Ziegeleibahnvereins das Objekt vorstellen, erh\u00e4lt man Einblicke in die Produktionsabl\u00e4ufe, die durch schwere Handarbeit gekennzeichnet sind. Au\u00dferdem wird man in das Geheimnis eingeweiht, warum das Geb\u00e4ude die schwierige Zeit nach Einstellung der Produktion \u00fcberlebt hat.<\/p>\n<p>Der Verein \u201eKlein K\u00f6lziger Ziegeleibahn e.V.\u201c hat im Jahr 2008 mit dem Wiederaufbau der einstigen Feldbahn begonnen. Diese wurde in das Gel\u00e4nde der Ziegelei eingebettet. Die Geschichte der Feldbahn in Klein K\u00f6lzig wird durch den Betrieb historischer Fahrzeuge auf den Bahnstrecken anschaulich dargestellt.<\/p>\n<h3>-<a id=\"austellungen_klein_koelzig\"><\/a><\/h3>\n<p>Im April bzw. Mai wird die Saison mit der Feldbahn und dem Tag der offenen T\u00fcr in der Ziegelei er\u00f6ffnet.<\/p>\n<p>Im Mai bzw. Juni findet am Wochenende nach Himmelfahrt eine gemeinsame Veranstaltung mit der Waldeisenbahn Bad Muskau und dem F\u00f6rderverein Geopark Muskauer Faltenbogen statt. Ebenfalls im Mai bzw. Juni erleben die Besucher mit dem Fahrrad und der Bahn das Geoparkwochenende im Geopark.<\/p>\n<p>Am dritten Advent stimmt der Weihnachtsmarkt an der \u201eAlten Ziegelei\u201c die G\u00e4ste auf die Weihnachtszeit ein.<\/p>\n<h3>Angebote f\u00fcr Kinder &#8211; Mit Kobi ins Museum<a id=\"kinderangebot_klein_koelzig\"><\/a><\/h3>\n<p align=\"left\">Kobi \u2013 der kleine Hausgeist \u2013 ist im Museum zu Hause.\u00a0Dort wohnt er im Pantoffel unterm Ofen. Um Mitternacht belauscht er die alten Museumsst\u00fccke, wenn sie von fr\u00fcher erz\u00e4hlen.Diese spannenden Geschichten plaudert er an die Museumsmitarbeiter aus, und diese erz\u00e4hlen sie den Kindern weiter \u2013 Begebenheiten aus alter, alter Zeit.<\/p>\n<p class=\"entry-title post-title\">Kobiangebote:<\/p>\n<div>\n<h5>1. Kunsthandwerk und Dorfgeschichte<\/h5>\n<div data-post-id='kunsthandwerk-und-dorfgeschichte' class='insert-page insert-page-kunsthandwerk-und-dorfgeschichte'>\t\t\t\t\t<p>In der Heimatstube wurden Exponate, Dokumente und Fotos zur Ortsgeschichte, zum d\u00f6rflichen Leben mit seinen Vereinen, zum Bergbau, zur Klein K\u00f6lziger Ziegelei und zum Kunsthandwerker des Ortes (Holzschnitzer Karl Gierscher) zusammengetragen.<\/p>\n<p>Das Angebot findet indoor statt und richtet sich an Sch\u00fcler der Klassen 1 bis 10.<br \/>\nTermine: nach Absprache<br \/>\nVoranmeldung: sp\u00e4testens 2 Wochen vorher<\/p>\n<p><a href=\"http:\/\/www.ziegeleibahn-klein-koelzig.de\" target=\"_blank\">Heimatstube Klein K\u00f6lzig<\/a><\/p>\n\t\t\t\t\t<\/div>\n<h5>2. Auf den Spuren Lausitzer Ziegel und Feldbahnen<\/h5>\n<div data-post-id='auf-den-spuren-lausitzer-ziegel-und-feldbahnen' class='insert-page insert-page-auf-den-spuren-lausitzer-ziegel-und-feldbahnen'>\t\t\t\t\t<p>Die Tradition des Ziegelbrennens in Klein K\u00f6lzig reicht weit in das 19. Jahrhundert zur\u00fcck. Nachdem seit 1840 die ersten kleinen privaten Ziegeleien entstanden, errichtete 1892\/94 die Aktiengesellschaft Gro\u00dfer Kurf\u00fcrst Berlin eine Ziegelei in Klein K\u00f6lzig, dessen Kernst\u00fcck ein Ringofen mit 18 Brennkammern ist. 1920 wird f\u00fcr den Tontransport eine Feldbahn in Betrieb genommen, welche eine L\u00e4nge von 4,5 km hatte. Die Besucher erwartet die einzige Ziegelei mit vollst\u00e4ndig erhaltenem Ringbrandofen in der Region. W\u00e4hrend der F\u00fchrung durch das Objekt werden Einblicke in die durch schwere Handarbeit gezeichneten Produktionsabl\u00e4ufe gegeben und unter anderem das Geheimnis gel\u00fcftet, warum das Geb\u00e4ude die schwierige Zeit nach der Einstellung der Produktion \u00fcberlebt hat. Abschlie\u00dfend erfolgt eine Fahrt mit der Feldbahn auf dem Rundkurs.<\/p>\n<p>Das Angebot findet indoor und outdoor statt und richtet sich an Sch\u00fcler der Klassen 4 bis 12.<br \/>\nTermine: Montag bis Sonntag nach Absprache<br \/>\nVoranmeldung: sp\u00e4testens 1 Woche vorher<br \/>\nDauer: ca. 1,5 Stunden<br \/>\nGruppengr\u00f6\u00dfe: 10 bis 25 Personen<br \/>\nEintritt pro Person: 3,50 \u20ac<br \/>\nGruppenpreise auf individuelle Anfrage<br \/>\nFahrt mit der Ziegeleibahn:<br \/>\npro Kind: 1,50 \u20ac, pro Erwachsener: 3,00 \u20ac<\/p>\n<p><a href=\"http:\/\/www.ziegeleibahn-klein-koelzig.de\" target=\"_blank\" rel=\"noopener noreferrer\">Heimatstube Klein K\u00f6lzig<\/a><\/p>\n\t\t\t\t\t<\/div>\n<h3><\/h3>\n<p>&nbsp;<\/p>\n<h3>Galeria<a id=\"galerie_klein_koelzig\"><\/a><\/h3>\n<div id=\"envira-gallery-wrap-202\" class=\"envira-gallery-wrap envira-gallery-theme-base envira-lightbox-theme-base\" itemscope itemtype=\"https:\/\/schema.org\/ImageGallery\"><div data-row-height=\"\" data-gallery-theme=\"\" id=\"envira-gallery-202\" class=\"envira-gallery-public  envira-gallery-3-columns envira-clear enviratope envira-gallery-css-animations\" data-envira-columns=\"3\"><div id=\"envira-gallery-item-44954\" class=\"envira-gallery-item enviratope-item envira-gallery-item-1\" style=\"padding-left: 5px; padding-bottom: 10px; padding-right: 5px;\"  itemscope itemtype=\"https:\/\/schema.org\/ImageObject\"><div class=\"envira-gallery-item-inner\"><div class=\"envira-gallery-position-overlay  envira-gallery-top-left\"><\/div><div class=\"envira-gallery-position-overlay  envira-gallery-top-right\"><\/div><div class=\"envira-gallery-position-overlay  envira-gallery-bottom-left\"><\/div><div class=\"envira-gallery-position-overlay  envira-gallery-bottom-right\"><\/div><a href=\"https:\/\/www.lausitzer-museenland.de\/wp-content\/uploads\/2014\/11\/Ziegelei-Au\u00dfenansicht_web1.jpg\" class=\"envira-gallery-202 envira-gallery-link\" rel=\"enviragallery202\" title=\"Ziegelei-Au&szlig;enansicht_web\" data-envira-caption=\"Ziegelei-Au&szlig;enansicht_web\" data-envira-retina=\"\" data-thumbnail=\"\"  itemprop=\"contentUrl\"><div class=\"envira-lazy\" data-test-width=\"960\" data-test-height=\"300\" style=\"padding-bottom:31.25%;\"><img id=\"envira-gallery-image-44954\" class=\"envira-gallery-image envira-gallery-image-1\" data-envira-index=\"1\" src=\"https:\/\/www.lausitzer-museenland.de\/wp-content\/uploads\/2014\/11\/Ziegelei-Au\u00dfenansicht_web1.jpg\" data-envira-src=\"https:\/\/www.lausitzer-museenland.de\/wp-content\/uploads\/2014\/11\/Ziegelei-Au\u00dfenansicht_web1.jpg\" data-envira-gallery-id=\"202\" data-envira-item-id=\"44954\" data-envira-caption=\"Ziegelei-Au&szlig;enansicht_web\" alt=\"\" title=\"Ziegelei-Au&amp;szlig;enansicht_web\"  itemprop=\"thumbnailUrl\" data-envira-srcset=\"https:\/\/www.lausitzer-museenland.de\/wp-content\/uploads\/2014\/11\/Ziegelei-Au\u00dfenansicht_web1.jpg 400w,https:\/\/www.lausitzer-museenland.de\/wp-content\/uploads\/2014\/11\/Ziegelei-Au\u00dfenansicht_web1.jpg 2x\" srcset=\"data:image\/gif;base64,R0lGODlhAQABAIAAAP\/\/\/\/\/\/\/yH5BAEKAAEALAAAAAABAAEAAAICTAEAOw==\" \/><\/div><\/a><\/div><\/div><div id=\"envira-gallery-item-3438\" class=\"envira-gallery-item enviratope-item envira-gallery-item-2\" style=\"padding-left: 5px; padding-bottom: 10px; padding-right: 5px;\"  itemscope itemtype=\"https:\/\/schema.org\/ImageObject\"><div class=\"envira-gallery-item-inner\"><div class=\"envira-gallery-position-overlay  envira-gallery-top-left\"><\/div><div class=\"envira-gallery-position-overlay  envira-gallery-top-right\"><\/div><div class=\"envira-gallery-position-overlay  envira-gallery-bottom-left\"><\/div><div class=\"envira-gallery-position-overlay  envira-gallery-bottom-right\"><\/div><a href=\"https:\/\/www.lausitzer-museenland.de\/wp-content\/uploads\/2014\/11\/216.jpg\" class=\"envira-gallery-202 envira-gallery-link\" rel=\"enviragallery202\" title=\"Heimatstube seit 2013 in der &amp;quot;Alten Ziegelei&amp;quot; \/ Foto: B. D&auml;hne\" data-envira-caption=\"Heimatstube seit 2013 in der &amp;quot;Alten Ziegelei&amp;quot; \/ Foto: B. D&auml;hne\" data-envira-retina=\"\" data-thumbnail=\"\"  itemprop=\"contentUrl\"><div class=\"envira-lazy\" data-test-width=\"960\" data-test-height=\"300\" style=\"padding-bottom:31.25%;\"><img id=\"envira-gallery-image-3438\" class=\"envira-gallery-image envira-gallery-image-2\" data-envira-index=\"2\" src=\"https:\/\/www.lausitzer-museenland.de\/wp-content\/uploads\/2014\/11\/216.jpg\" data-envira-src=\"https:\/\/www.lausitzer-museenland.de\/wp-content\/uploads\/2014\/11\/216.jpg\" data-envira-gallery-id=\"202\" data-envira-item-id=\"3438\" data-envira-caption=\"Heimatstube seit 2013 in der &amp;quot;Alten Ziegelei&amp;quot; \/ Foto: B. D&auml;hne\" alt=\"\" title=\"Heimatstube seit 2013 in der &amp;amp;quot;Alten Ziegelei&amp;amp;quot; \/ Foto: B. D&amp;auml;hne\"  itemprop=\"thumbnailUrl\" data-envira-srcset=\"https:\/\/www.lausitzer-museenland.de\/wp-content\/uploads\/2014\/11\/216.jpg 400w,https:\/\/www.lausitzer-museenland.de\/wp-content\/uploads\/2014\/11\/216.jpg 2x\" srcset=\"data:image\/gif;base64,R0lGODlhAQABAIAAAP\/\/\/\/\/\/\/yH5BAEKAAEALAAAAAABAAEAAAICTAEAOw==\" \/><\/div><\/a><\/div><\/div><div id=\"envira-gallery-item-44952\" class=\"envira-gallery-item enviratope-item envira-gallery-item-3\" style=\"padding-left: 5px; padding-bottom: 10px; padding-right: 5px;\"  itemscope itemtype=\"https:\/\/schema.org\/ImageObject\"><div class=\"envira-gallery-item-inner\"><div class=\"envira-gallery-position-overlay  envira-gallery-top-left\"><\/div><div class=\"envira-gallery-position-overlay  envira-gallery-top-right\"><\/div><div class=\"envira-gallery-position-overlay  envira-gallery-bottom-left\"><\/div><div class=\"envira-gallery-position-overlay  envira-gallery-bottom-right\"><\/div><a href=\"https:\/\/www.lausitzer-museenland.de\/wp-content\/uploads\/2014\/11\/Ziegelei_Besucher.png\" class=\"envira-gallery-202 envira-gallery-link\" rel=\"enviragallery202\" title=\"Ziegelei_Besucher\" data-envira-caption=\"Ziegelei_Besucher\" data-envira-retina=\"\" data-thumbnail=\"\"  itemprop=\"contentUrl\"><div class=\"envira-lazy\" data-test-width=\"960\" data-test-height=\"300\" style=\"padding-bottom:31.25%;\"><img id=\"envira-gallery-image-44952\" class=\"envira-gallery-image envira-gallery-image-3\" data-envira-index=\"3\" src=\"https:\/\/www.lausitzer-museenland.de\/wp-content\/uploads\/2014\/11\/Ziegelei_Besucher.png\" data-envira-src=\"https:\/\/www.lausitzer-museenland.de\/wp-content\/uploads\/2014\/11\/Ziegelei_Besucher.png\" data-envira-gallery-id=\"202\" data-envira-item-id=\"44952\" data-envira-caption=\"Ziegelei_Besucher\" alt=\"\" title=\"Ziegelei_Besucher\"  itemprop=\"thumbnailUrl\" data-envira-srcset=\"https:\/\/www.lausitzer-museenland.de\/wp-content\/uploads\/2014\/11\/Ziegelei_Besucher.png 400w,https:\/\/www.lausitzer-museenland.de\/wp-content\/uploads\/2014\/11\/Ziegelei_Besucher.png 2x\" srcset=\"data:image\/gif;base64,R0lGODlhAQABAIAAAP\/\/\/\/\/\/\/yH5BAEKAAEALAAAAAABAAEAAAICTAEAOw==\" \/><\/div><\/a><\/div><\/div><div id=\"envira-gallery-item-44955\" class=\"envira-gallery-item enviratope-item envira-gallery-item-4\" style=\"padding-left: 5px; padding-bottom: 10px; padding-right: 5px;\"  itemscope itemtype=\"https:\/\/schema.org\/ImageObject\"><div class=\"envira-gallery-item-inner\"><div class=\"envira-gallery-position-overlay  envira-gallery-top-left\"><\/div><div class=\"envira-gallery-position-overlay  envira-gallery-top-right\"><\/div><div class=\"envira-gallery-position-overlay  envira-gallery-bottom-left\"><\/div><div class=\"envira-gallery-position-overlay  envira-gallery-bottom-right\"><\/div><a href=\"https:\/\/www.lausitzer-museenland.de\/wp-content\/uploads\/2014\/11\/Ziegelei_Bahn.jpg\" class=\"envira-gallery-202 envira-gallery-link\" rel=\"enviragallery202\" title=\"Ziegelei_Bahn\" data-envira-caption=\"Ziegelei_Bahn\" data-envira-retina=\"\" data-thumbnail=\"\"  itemprop=\"contentUrl\"><div class=\"envira-lazy\" data-test-width=\"960\" data-test-height=\"300\" style=\"padding-bottom:31.25%;\"><img id=\"envira-gallery-image-44955\" class=\"envira-gallery-image envira-gallery-image-4\" data-envira-index=\"4\" src=\"https:\/\/www.lausitzer-museenland.de\/wp-content\/uploads\/2014\/11\/Ziegelei_Bahn.jpg\" data-envira-src=\"https:\/\/www.lausitzer-museenland.de\/wp-content\/uploads\/2014\/11\/Ziegelei_Bahn.jpg\" data-envira-gallery-id=\"202\" data-envira-item-id=\"44955\" data-envira-caption=\"Ziegelei_Bahn\" alt=\"\" title=\"Ziegelei_Bahn\"  itemprop=\"thumbnailUrl\" data-envira-srcset=\"https:\/\/www.lausitzer-museenland.de\/wp-content\/uploads\/2014\/11\/Ziegelei_Bahn.jpg 400w,https:\/\/www.lausitzer-museenland.de\/wp-content\/uploads\/2014\/11\/Ziegelei_Bahn.jpg 2x\" srcset=\"data:image\/gif;base64,R0lGODlhAQABAIAAAP\/\/\/\/\/\/\/yH5BAEKAAEALAAAAAABAAEAAAICTAEAOw==\" \/><\/div><\/a><\/div><\/div><\/div><\/div><noscript><img src=\"https:\/\/www.lausitzer-museenland.de\/wp-content\/uploads\/2014\/11\/Ziegelei-Au\u00dfenansicht_web1.jpg\" alt=\"\" \/><img src=\"https:\/\/www.lausitzer-museenland.de\/wp-content\/uploads\/2014\/11\/216.jpg\" alt=\"\" \/><img src=\"https:\/\/www.lausitzer-museenland.de\/wp-content\/uploads\/2014\/11\/Ziegelei_Besucher.png\" alt=\"\" \/><img src=\"https:\/\/www.lausitzer-museenland.de\/wp-content\/uploads\/2014\/11\/Ziegelei_Bahn.jpg\" alt=\"\" \/><\/noscript>\n<\/div>\n<div><\/div>","protected":false},"excerpt":{"rendered":"<p>Galerie |\u00a0Ausstellungen\u00a0| Angebote f\u00fcr Kinder Kunsthandwerk und Dorfgeschichte &#8211; Sammlung in der &#8222;Alten Ziegelei&#8220; Alte Ziegelei und Heimatstube Klein K\u00f6lzig \/ Stara cyglownja a Domowniska \u015bpa Ma\u0142y K\u00f3lsk Geb\u00e4ude- \/ Grundst\u00fcckssituation Seit der Rekonstruktion im Jahr 2005 erwartet die Besucher die einzige Ziegelei mit vollst\u00e4ndig erhaltenem Ringbrandofen in der Region. Die Heimatstube ist seit 2013<\/p>","protected":false},"author":13,"featured_media":0,"parent":113,"menu_order":0,"comment_status":"closed","ping_status":"closed","template":"","meta":[],"_links":{"self":[{"href":"https:\/\/www.lausitzer-museenland.de\/dsb\/wp-json\/wp\/v2\/pages\/202"}],"collection":[{"href":"https:\/\/www.lausitzer-museenland.de\/dsb\/wp-json\/wp\/v2\/pages"}],"about":[{"href":"https:\/\/www.lausitzer-museenland.de\/dsb\/wp-json\/wp\/v2\/types\/page"}],"author":[{"embeddable":true,"href":"https:\/\/www.lausitzer-museenland.de\/dsb\/wp-json\/wp\/v2\/users\/13"}],"replies":[{"embeddable":true,"href":"https:\/\/www.lausitzer-museenland.de\/dsb\/wp-json\/wp\/v2\/comments?post=202"}],"version-history":[{"count":17,"href":"https:\/\/www.lausitzer-museenland.de\/dsb\/wp-json\/wp\/v2\/pages\/202\/revisions"}],"predecessor-version":[{"id":55003,"href":"https:\/\/www.lausitzer-museenland.de\/dsb\/wp-json\/wp\/v2\/pages\/202\/revisions\/55003"}],"up":[{"embeddable":true,"href":"https:\/\/www.lausitzer-museenland.de\/dsb\/wp-json\/wp\/v2\/pages\/113"}],"wp:attachment":[{"href":"https:\/\/www.lausitzer-museenland.de\/dsb\/wp-json\/wp\/v2\/media?parent=202"}],"curies":[{"name":"wp","href":"https:\/\/api.w.org\/{rel}","templated":true}]}}