{"id":210,"date":"2014-11-05T17:48:48","date_gmt":"2014-11-05T16:48:48","guid":{"rendered":"http:\/\/lausitzer-museenland.de\/?page_id=210"},"modified":"2022-05-31T07:42:02","modified_gmt":"2022-05-31T05:42:02","slug":"heimatstube-tschernitz","status":"publish","type":"page","link":"https:\/\/www.lausitzer-museenland.de\/dsb\/museen\/heimatstube-tschernitz\/","title":{"rendered":"Heimatstube Tschernitz \/ Domowniska \u015bpa Cersk"},"content":{"rendered":"<h3><a href=\"https:\/\/www.lausitzer-museenland.de\/wp-content\/uploads\/2016\/01\/SchuleTschernitz.jpg\"><img loading=\"lazy\" class=\"aligncenter size-full wp-image-4187\" src=\"https:\/\/www.lausitzer-museenland.de\/wp-content\/uploads\/2016\/01\/SchuleTschernitz.jpg\" alt=\"SchuleTschernitz\" width=\"250\" height=\"403\" srcset=\"https:\/\/www.lausitzer-museenland.de\/wp-content\/uploads\/2016\/01\/SchuleTschernitz.jpg 250w, https:\/\/www.lausitzer-museenland.de\/wp-content\/uploads\/2016\/01\/SchuleTschernitz-186x300.jpg 186w\" sizes=\"(max-width: 250px) 100vw, 250px\" \/><\/a><\/h3>\n<\/p>\n<p>Cerskojska domowniska \u015bpa jo jadna nejm\u0142od\u0161ych muzealnych institucijow wokrejsa. Ma domicil w rumnos\u0107ach stol\u011btnego \u0161ulskego twarjenja \u2013 teje tak gronjoneje \u201cCerwjeneje \u0161ule\u201d. Domowniska \u015bpa jo sed\u0142o domowniskego towaristwa \u201cF\u00f6hrenflie\u00df e. V.\u201d.<\/p>\n<p>We wustaje\u0144cy se koncentr\u011brujo domowniska \u015bpa na stawizny g\u0142a\u017ekoweje industrije w Cersku. W\u00f3t 1819 a\u017e do 1984 jo se produc\u011browa\u0142 w drugi nejstar\u0161ej g\u0142a\u017eka\u0155ni regiona proznje\u0144cowy g\u0142a\u017ek. P\u00f3tom jo se zachopi\u0142a produkcija wobrazkow, k\u00f3tara\u017e jo se b\u00f3\u017eko w l\u011b\u015be 2007 sk\u00f3\u0144cy\u0142a. Eksponaty pokazuju zw\u011bt\u0161ego produkty z l\u011btow a\u017e 1984.<\/p>\n<p>Dal\u0161ne \u015b\u011b\u017ey\u0161\u0107o su \u0161ulske stawizny jsy, k\u00f3tare\u017e su se 1870 zachopili a w l\u011b\u015be 2003 b\u00f3\u017eko sk\u00f3\u0144cyli.<\/p>\n<p>W domowniskej \u015bp\u011b jo teke m\u00f3\u017eno, historiske w\u011bcy w\u0161ednego wu\u017eywanja z domacnos\u0107i a \u017a\u011b\u0142a\u0155stwa se wogl\u011bda\u015b.<\/p>\n<p>\n<h3>-<\/h3>\n<p>Die Tschernitzer Heimatstube wurde in R\u00e4umen des \u00fcber hundertj\u00e4hrigen Schulgeb\u00e4udes, der so genannten \u201eRoten Schule&#8220;, untergebracht. Die Schule wurde am 4. Juli 1907 eingeweiht und ist das markanteste Geb\u00e4ude im Ort. Das Geb\u00e4ude bietet ausgezeichnete Bedingungen f\u00fcr ein breit angelegtes Vereinsleben. So hat auch der Heimatverein \u201eF\u00f6hrenflie\u00df e.V.\u201c hier mit seiner Sammlung ein Domizil gefunden. Besuchern wird eine Ausstellung historischer Gegenst\u00e4nde, Dokumentationen und Fotos aus l\u00e4ngst vergessenen Tschernitzer Zeiten angemessen pr\u00e4sentiert.<\/p>\n<h3>-<\/h3>\n<p>In der Ausstellung konzentriert sich die Heimatstube auf die Geschichte der Glasindustrie im Ort. Von 1829 bis 1984 wurde in der zweit\u00e4ltesten Glash\u00fctte in der Region Hohlglas hergestellt. Im Anschluss daran begann die Bildschirmproduktion, die im Jahr 2007 eingestellt wurde. Die Exponate zeigen \u00fcberwiegend Produkte aus den Jahren bis 1984.<\/p>\n<p>Ein weiterer Schwerpunkt ist die Schulgeschichte des Ortes, die 1870 begann und im Jahre 2003 endete.<\/p>\n<p>In der Heimatstube kann man weiterhin historische Gebrauchsgegenst\u00e4nde aus Haushalt und Gewerbe betrachten.<\/p>\n<h3>-<\/h3>\n<ul>\n<li>Herausgabe von Publikationen (u.a. zur Schulgeschichte)<\/li>\n<li>Soziokulturelles Zentrum in Ort in Zusammenarbeit mit Heimatstube<\/li>\n<\/ul>\n<h3>Angebote f\u00fcr Kinder &#8211; Mit Kobi ins Museum<\/h3>\n<p align=\"left\">Kobi \u2013 der kleine Hausgeist \u2013 ist im Museum zu Hause.\u00a0Dort wohnt er im Pantoffel unterm Ofen. Um Mitternacht belauscht er die alten Museumsst\u00fccke, wenn sie von fr\u00fcher erz\u00e4hlen.Diese spannenden Geschichten plaudert er an die Museumsmitarbeiter aus, und diese erz\u00e4hlen sie den Kindern weiter \u2013 Begebenheiten aus alter, alter Zeit.<\/p>\n<p>Kobiangebote:<\/p>\n<div>\n<h5>Rote Schule und buntes Glas<\/h5>\n<div data-post-id='rote-schule-und-buntes-glas' class='insert-page insert-page-rote-schule-und-buntes-glas'><\/div>\n<\/div>\n<div><\/div>","protected":false},"excerpt":{"rendered":"<p>Geb\u00e4ude- \/ Grundst\u00fcckssituation Die Tschernitzer Heimatstube wurde in R\u00e4umen des \u00fcber hundertj\u00e4hrigen Schulgeb\u00e4udes, der so genannten \u201eRoten Schule&#8220;, untergebracht. Die Schule wurde am 4. Juli 1907 eingeweiht und ist das markanteste Geb\u00e4ude im Ort. Das Geb\u00e4ude bietet ausgezeichnete Bedingungen f\u00fcr ein breit angelegtes Vereinsleben. So hat auch der Heimatverein \u201eF\u00f6hrenflie\u00df e.V.\u201c hier mit seiner Sammlung<\/p>","protected":false},"author":13,"featured_media":0,"parent":113,"menu_order":0,"comment_status":"closed","ping_status":"closed","template":"","meta":[],"_links":{"self":[{"href":"https:\/\/www.lausitzer-museenland.de\/dsb\/wp-json\/wp\/v2\/pages\/210"}],"collection":[{"href":"https:\/\/www.lausitzer-museenland.de\/dsb\/wp-json\/wp\/v2\/pages"}],"about":[{"href":"https:\/\/www.lausitzer-museenland.de\/dsb\/wp-json\/wp\/v2\/types\/page"}],"author":[{"embeddable":true,"href":"https:\/\/www.lausitzer-museenland.de\/dsb\/wp-json\/wp\/v2\/users\/13"}],"replies":[{"embeddable":true,"href":"https:\/\/www.lausitzer-museenland.de\/dsb\/wp-json\/wp\/v2\/comments?post=210"}],"version-history":[{"count":12,"href":"https:\/\/www.lausitzer-museenland.de\/dsb\/wp-json\/wp\/v2\/pages\/210\/revisions"}],"predecessor-version":[{"id":53925,"href":"https:\/\/www.lausitzer-museenland.de\/dsb\/wp-json\/wp\/v2\/pages\/210\/revisions\/53925"}],"up":[{"embeddable":true,"href":"https:\/\/www.lausitzer-museenland.de\/dsb\/wp-json\/wp\/v2\/pages\/113"}],"wp:attachment":[{"href":"https:\/\/www.lausitzer-museenland.de\/dsb\/wp-json\/wp\/v2\/media?parent=210"}],"curies":[{"name":"wp","href":"https:\/\/api.w.org\/{rel}","templated":true}]}}