{"id":213,"date":"2014-11-05T17:50:02","date_gmt":"2014-11-05T16:50:02","guid":{"rendered":"http:\/\/lausitzer-museenland.de\/?page_id=213"},"modified":"2022-05-31T07:42:26","modified_gmt":"2022-05-31T05:42:26","slug":"spielzeugmuseum-kackrow","status":"publish","type":"page","link":"https:\/\/www.lausitzer-museenland.de\/dsb\/museen\/spielzeugmuseum-kackrow\/","title":{"rendered":"Spielzeugmuseum Kackrow \/ Muzej grajkow Kokrjow"},"content":{"rendered":"<p><a href=\"#galerie_kackrow\">Galeria <\/a>|\u00a0<a href=\"#austellung_kackrow\">Ausstellungen<\/a>\u00a0| <a href=\"#kinderangebot_kackrow\">Oferty dla dzieci<\/a><br \/>\n<img loading=\"lazy\" class=\"enigma_img_responsive alignnone wp-image-1266\" src=\"https:\/\/www.lausitzer-museenland.de\/wp-content\/uploads\/2014\/11\/120.jpg\" alt=\"1\" width=\"800\" height=\"398\" srcset=\"https:\/\/www.lausitzer-museenland.de\/wp-content\/uploads\/2014\/11\/120.jpg 402w, https:\/\/www.lausitzer-museenland.de\/wp-content\/uploads\/2014\/11\/120-300x149.jpg 300w, https:\/\/www.lausitzer-museenland.de\/wp-content\/uploads\/2014\/11\/120-100x49.jpg 100w, https:\/\/www.lausitzer-museenland.de\/wp-content\/uploads\/2014\/11\/120-150x74.jpg 150w, https:\/\/www.lausitzer-museenland.de\/wp-content\/uploads\/2014\/11\/120-200x99.jpg 200w\" sizes=\"(max-width: 800px) 100vw, 800px\" \/><\/p>\n<\/p>\n<p>Lubos\u0107 k detailoju a zb\u011bra\u0144ska zag\u00f3ritos\u0107<\/p>\n<p>Wustaje\u0144ca jo se w p\u00f3dla\u0144skem \u017a\u011blu bydle\u0144skego domu familije Knabe zam\u011bstni\u0142a. Tych wjele witrinow jo kn\u011bz Knabe sam twari\u0142 a wobsw\u011btlenje zatwari\u0142. Dom jo direktnje na Wejsnem nam\u011bstnje w go\u0142kojskem wejsnem \u017a\u011blu Kokrjow, ken\u017e dajo se z Glinska derje doj\u015bpi\u015b. Ned blisko ka\u017eo znaty a woblubnjony wul\u011btowy lokal \u201cK\u00f3zlowy m\u0142yn\u201d na wogl\u011bd.<\/p>\n<p>Wustaje\u0144ca wje\u017ao wogl\u011bdarjow do \u017ai\u015becego sw\u011bta mjazy 1880 a 1980. Pupki a tedije, p\u015bekupcowe lody a pupcyne w\u00f3zyki, grajki a \u017ai\u015bece knig\u0142y a wjele, co\u017e dajo \u017ai\u015becym wut\u0161obam m\u00f3cnjej dybota\u015b, how se prezent\u011bruju.<\/p>\n<p>Na zachopje\u0144ku jo Christin Knabe grajki sw\u00f3jich \u017ai\u015bi a sw\u00f3jske grajki zb\u011bra\u0142a. Ako jeje syny su doros\u0107one byli a su wu\u015b\u011bgnuli, jo Knabojc man\u017aelstwo rumnos\u0107i w sw\u00f3jom bydle\u0144skem domje za wustaje\u0144cu p\u015betw\u00f3ri\u0142o. Mjaztym se pokazuju teke w p\u00f3dla\u0144skej gara\u017ey pupcyne w\u00f3zyki. Wogl\u011bdarje m\u00f3gu pupki z porclinowymi g\u0142owami a w\u00f3t firmy Schildkr\u00f6t wob\u017aiwowa\u015b. Samo pupki z filmowego studija Babelsberg su how wustajone. W\u00f3sebny p\u00f3k\u0142ad su pupcyne domki a lody, k\u00f3tare\u017e Christin Knabe z wjele lubos\u0107u k detailoju wudospo\u0142nijo.<\/p>\n<p>\n<p>Liebe zum Detail und Sammelleidenschaft<\/p>\n<h3>-<\/h3>\n<p>Die Ausstellung ist in einem Seitenfl\u00fcgel des Wohnhauses der Familie Knabe untergebracht. Die zahlreichen Vitrinen hat Herr Knabe selbst gebaut und mit einer Beleuchtung versehen. Das Haus befindet sich direkt am Dorfplatz im Kolkwitzer Ortsteil Kackrow, der von Glinzig aus gut zu erreichen ist. In unmittelbarer N\u00e4he l\u00e4dt das bekannte und beliebte Ausflugslokal \u201eKoselm\u00fchle\u201c zur Einkehr ein.<\/p>\n<h3>-<\/h3>\n<p>Die Ausstellung entf\u00fchrt den Besucher in die Kinderwelt zwischen 1880 und 1980. Puppen und Teddyb\u00e4ren, Kaufmannsl\u00e4den und Puppenwagen, Spiele und Kinderb\u00fccher und vieles, was Kinderherzen h\u00f6her schlagen l\u00e4sst, werden hier pr\u00e4sentiert. Zu Beginn hat Christine Knabe das Spielzeug ihrer Kinder und ihr eigenes Spielzeug gesammelt. Als ihre S\u00f6hne erwachsen wurden und ausgezogen sind, haben die Eheleute Knabe die R\u00e4ume im Wohnhaus f\u00fcr die Ausstellung umgestaltet. Mittlerweile werden auch in der benachbarten Garage Puppenwagen gezeigt. Besucher k\u00f6nnen Porzellankopf- und Schildkr\u00f6t-Puppen bestaunen. Sogar Puppen aus dem Filmstudio Babelsberg sind hier ausgestellt. Einen ganz besonderen Schatz stellen die vielen Puppenh\u00e4user und Kaufmannsl\u00e4den dar, die Christine Knabe mit viel Liebe zum Detail und passend zum Jahrgang erg\u00e4nzt.<\/p>\n<h3>-<a id=\"austellung_kackrow\"><\/a><\/h3>\n<p>Der Grundstock der Ausstellung bleibt das ganze Jahr \u00fcber bestehen. Die Schau wird zu Weihnachten und Ostern mit historischen Dekorationselementen passend zum Anlass ausgestattet. Zus\u00e4tzlich bev\u00f6lkern zahlreiche Kinderwagenmodelle der letzten 100 Jahre, vor allem ZEKIWA-Wagen, den Hof der Knabes.<br \/>\nZu Weihnachten und zu Ostern erwarten den Besucher kleine Festangebote.<\/p>\n<h3>Angebote f\u00fcr Kinder &#8211; Mit Kobi ins Museum<a id=\"kinderangebot_kackrow\"><\/a><\/h3>\n<p>Kobi \u2013 der kleine Hausgeist \u2013 ist im Museum zu Hause.\u00a0Dort wohnt er im Pantoffel unterm Ofen. Um Mitternacht belauscht er die alten Museumsst\u00fccke, wenn sie von fr\u00fcher erz\u00e4hlen.Diese spannenden Geschichten plaudert er an die Museumsmitarbeiter aus, und diese erz\u00e4hlen sie den Kindern weiter \u2013 Begebenheiten aus alter, alter Zeit.<\/p>\n<p>Kobiangebote:<\/p>\n<h5>Historische Puppen und Spielzeuge<\/h5>\n<div data-post-id='historische-puppen-und-spielzeuge' class='insert-page insert-page-historische-puppen-und-spielzeuge'>\t\t\t\t\t<p>Puppenwagen und Puppenstuben, K\u00fcchen, Kaufl\u00e4den, Puppen und Spielzeug &#8211; im Wesentlichen aus einem Zeitraum von etwa 1880 bis 1960 &#8211; sind in der Ausstellung zu sehen. Pr\u00e4sentiert werden Schildkr\u00f6t-Puppen, K\u00e4the-Kruse-Puppen, Porzellankopf- und Massepuppen, Teddys und auch Schaufensterpuppen. Zeit und Ruhe sollten die Besucher allerdings mitbringen, denn viele Dinge in den Vitrinen sieht man erst beim zweiten Rundgang.<\/p>\n<p>Das Angebot findet indoor statt und richtet sich an Vorschulkinder und Erstkl\u00e4ssler.<br \/>\nTermine: nach Absprache<br \/>\nVoranmeldung: sp\u00e4testens 2 Wochen vorher<br \/>\nGruppengr\u00f6\u00dfe: 10 Personen<br \/>\nEintritt pro Person: 1,00 \u20ac<\/p>\n<p><a title=\"Spielzeugmuseum Kackrow \/ Muzej grajkow Kokrjow\" href=\"\/museen\/spielzeugmuseum-kackrow\/\">Spielzeugmuseum Kackrow<\/a><\/p>\n\t\t\t\t\t<\/div>\n<h3><\/h3>\n<p>&nbsp;<\/p>\n<h3>Galeria<a id=\"galerie_kackrow\"><\/a><\/h3>\n<div id=\"envira-gallery-wrap-213\" class=\"envira-gallery-wrap envira-gallery-theme-base envira-lightbox-theme-base\" itemscope itemtype=\"https:\/\/schema.org\/ImageGallery\"><div data-row-height=\"\" data-gallery-theme=\"\" id=\"envira-gallery-213\" class=\"envira-gallery-public  envira-gallery-3-columns envira-clear enviratope envira-gallery-css-animations\" data-envira-columns=\"3\"><div id=\"envira-gallery-item-3461\" class=\"envira-gallery-item enviratope-item envira-gallery-item-1\" style=\"padding-left: 5px; padding-bottom: 10px; padding-right: 5px;\"  itemscope itemtype=\"https:\/\/schema.org\/ImageObject\"><div class=\"envira-gallery-item-inner\"><div class=\"envira-gallery-position-overlay  envira-gallery-top-left\"><\/div><div class=\"envira-gallery-position-overlay  envira-gallery-top-right\"><\/div><div class=\"envira-gallery-position-overlay  envira-gallery-bottom-left\"><\/div><div class=\"envira-gallery-position-overlay  envira-gallery-bottom-right\"><\/div><a href=\"https:\/\/www.lausitzer-museenland.de\/wp-content\/uploads\/2014\/11\/151.jpg\" class=\"envira-gallery-213 envira-gallery-link\" rel=\"enviragallery213\" title=\"Spielzeugmuseum Kackrow\" data-envira-caption=\"Spielzeugmuseum Kackrow\" data-envira-retina=\"\" data-thumbnail=\"\"  itemprop=\"contentUrl\"><div class=\"envira-lazy\" data-test-width=\"960\" data-test-height=\"300\" style=\"padding-bottom:31.25%;\"><img id=\"envira-gallery-image-3461\" class=\"envira-gallery-image envira-gallery-image-1\" data-envira-index=\"1\" src=\"https:\/\/www.lausitzer-museenland.de\/wp-content\/uploads\/2014\/11\/151.jpg\" data-envira-src=\"https:\/\/www.lausitzer-museenland.de\/wp-content\/uploads\/2014\/11\/151.jpg\" data-envira-gallery-id=\"213\" data-envira-item-id=\"3461\" data-envira-caption=\"Spielzeugmuseum Kackrow\" alt=\"\" title=\"Spielzeugmuseum Kackrow\"  itemprop=\"thumbnailUrl\" data-envira-srcset=\"https:\/\/www.lausitzer-museenland.de\/wp-content\/uploads\/2014\/11\/151.jpg 400w,https:\/\/www.lausitzer-museenland.de\/wp-content\/uploads\/2014\/11\/151.jpg 2x\" srcset=\"data:image\/gif;base64,R0lGODlhAQABAIAAAP\/\/\/\/\/\/\/yH5BAEKAAEALAAAAAABAAEAAAICTAEAOw==\" \/><\/div><\/a><\/div><\/div><div id=\"envira-gallery-item-3462\" class=\"envira-gallery-item enviratope-item envira-gallery-item-2\" style=\"padding-left: 5px; padding-bottom: 10px; padding-right: 5px;\"  itemscope itemtype=\"https:\/\/schema.org\/ImageObject\"><div class=\"envira-gallery-item-inner\"><div class=\"envira-gallery-position-overlay  envira-gallery-top-left\"><\/div><div class=\"envira-gallery-position-overlay  envira-gallery-top-right\"><\/div><div class=\"envira-gallery-position-overlay  envira-gallery-bottom-left\"><\/div><div class=\"envira-gallery-position-overlay  envira-gallery-bottom-right\"><\/div><a href=\"https:\/\/www.lausitzer-museenland.de\/wp-content\/uploads\/2014\/11\/218.jpg\" class=\"envira-gallery-213 envira-gallery-link\" rel=\"enviragallery213\" title=\"Spielzeugmuseum Kackrow\" data-envira-caption=\"Spielzeugmuseum Kackrow\" data-envira-retina=\"\" data-thumbnail=\"\"  itemprop=\"contentUrl\"><div class=\"envira-lazy\" data-test-width=\"960\" data-test-height=\"300\" style=\"padding-bottom:31.25%;\"><img id=\"envira-gallery-image-3462\" class=\"envira-gallery-image envira-gallery-image-2\" data-envira-index=\"2\" src=\"https:\/\/www.lausitzer-museenland.de\/wp-content\/uploads\/2014\/11\/218.jpg\" data-envira-src=\"https:\/\/www.lausitzer-museenland.de\/wp-content\/uploads\/2014\/11\/218.jpg\" data-envira-gallery-id=\"213\" data-envira-item-id=\"3462\" data-envira-caption=\"Spielzeugmuseum Kackrow\" alt=\"\" title=\"Spielzeugmuseum Kackrow\"  itemprop=\"thumbnailUrl\" data-envira-srcset=\"https:\/\/www.lausitzer-museenland.de\/wp-content\/uploads\/2014\/11\/218.jpg 400w,https:\/\/www.lausitzer-museenland.de\/wp-content\/uploads\/2014\/11\/218.jpg 2x\" srcset=\"data:image\/gif;base64,R0lGODlhAQABAIAAAP\/\/\/\/\/\/\/yH5BAEKAAEALAAAAAABAAEAAAICTAEAOw==\" \/><\/div><\/a><\/div><\/div><div id=\"envira-gallery-item-3463\" class=\"envira-gallery-item enviratope-item envira-gallery-item-3\" style=\"padding-left: 5px; padding-bottom: 10px; padding-right: 5px;\"  itemscope itemtype=\"https:\/\/schema.org\/ImageObject\"><div class=\"envira-gallery-item-inner\"><div class=\"envira-gallery-position-overlay  envira-gallery-top-left\"><\/div><div class=\"envira-gallery-position-overlay  envira-gallery-top-right\"><\/div><div class=\"envira-gallery-position-overlay  envira-gallery-bottom-left\"><\/div><div class=\"envira-gallery-position-overlay  envira-gallery-bottom-right\"><\/div><a href=\"https:\/\/www.lausitzer-museenland.de\/wp-content\/uploads\/2014\/11\/310.jpg\" class=\"envira-gallery-213 envira-gallery-link\" rel=\"enviragallery213\" title=\"Spielzeugmuseum Kackrow\" data-envira-caption=\"Spielzeugmuseum Kackrow\" data-envira-retina=\"\" data-thumbnail=\"\"  itemprop=\"contentUrl\"><div class=\"envira-lazy\" data-test-width=\"960\" data-test-height=\"300\" style=\"padding-bottom:31.25%;\"><img id=\"envira-gallery-image-3463\" class=\"envira-gallery-image envira-gallery-image-3\" data-envira-index=\"3\" src=\"https:\/\/www.lausitzer-museenland.de\/wp-content\/uploads\/2014\/11\/310.jpg\" data-envira-src=\"https:\/\/www.lausitzer-museenland.de\/wp-content\/uploads\/2014\/11\/310.jpg\" data-envira-gallery-id=\"213\" data-envira-item-id=\"3463\" data-envira-caption=\"Spielzeugmuseum Kackrow\" alt=\"\" title=\"Spielzeugmuseum Kackrow\"  itemprop=\"thumbnailUrl\" data-envira-srcset=\"https:\/\/www.lausitzer-museenland.de\/wp-content\/uploads\/2014\/11\/310.jpg 400w,https:\/\/www.lausitzer-museenland.de\/wp-content\/uploads\/2014\/11\/310.jpg 2x\" srcset=\"data:image\/gif;base64,R0lGODlhAQABAIAAAP\/\/\/\/\/\/\/yH5BAEKAAEALAAAAAABAAEAAAICTAEAOw==\" \/><\/div><\/a><\/div><\/div><\/div><\/div><noscript><img src=\"https:\/\/www.lausitzer-museenland.de\/wp-content\/uploads\/2014\/11\/151.jpg\" alt=\"\" \/><img src=\"https:\/\/www.lausitzer-museenland.de\/wp-content\/uploads\/2014\/11\/218.jpg\" alt=\"\" \/><img src=\"https:\/\/www.lausitzer-museenland.de\/wp-content\/uploads\/2014\/11\/310.jpg\" alt=\"\" \/><\/noscript>","protected":false},"excerpt":{"rendered":"<p>Galerie |\u00a0Ausstellungen\u00a0| Angebote f\u00fcr Kinder Liebe zum Detail und Sammelleidenschaft Geb\u00e4ude- \/ Grundst\u00fcckssituation Die Ausstellung ist in einem Seitenfl\u00fcgel des Wohnhauses der Familie Knabe untergebracht. Die zahlreichen Vitrinen hat Herr Knabe selbst gebaut und mit einer Beleuchtung versehen. Das Haus befindet sich direkt am Dorfplatz im Kolkwitzer Ortsteil Kackrow, der von Glinzig aus gut zu<\/p>","protected":false},"author":13,"featured_media":0,"parent":113,"menu_order":0,"comment_status":"closed","ping_status":"closed","template":"","meta":[],"_links":{"self":[{"href":"https:\/\/www.lausitzer-museenland.de\/dsb\/wp-json\/wp\/v2\/pages\/213"}],"collection":[{"href":"https:\/\/www.lausitzer-museenland.de\/dsb\/wp-json\/wp\/v2\/pages"}],"about":[{"href":"https:\/\/www.lausitzer-museenland.de\/dsb\/wp-json\/wp\/v2\/types\/page"}],"author":[{"embeddable":true,"href":"https:\/\/www.lausitzer-museenland.de\/dsb\/wp-json\/wp\/v2\/users\/13"}],"replies":[{"embeddable":true,"href":"https:\/\/www.lausitzer-museenland.de\/dsb\/wp-json\/wp\/v2\/comments?post=213"}],"version-history":[{"count":16,"href":"https:\/\/www.lausitzer-museenland.de\/dsb\/wp-json\/wp\/v2\/pages\/213\/revisions"}],"predecessor-version":[{"id":53927,"href":"https:\/\/www.lausitzer-museenland.de\/dsb\/wp-json\/wp\/v2\/pages\/213\/revisions\/53927"}],"up":[{"embeddable":true,"href":"https:\/\/www.lausitzer-museenland.de\/dsb\/wp-json\/wp\/v2\/pages\/113"}],"wp:attachment":[{"href":"https:\/\/www.lausitzer-museenland.de\/dsb\/wp-json\/wp\/v2\/media?parent=213"}],"curies":[{"name":"wp","href":"https:\/\/api.w.org\/{rel}","templated":true}]}}