{"id":221,"date":"2014-11-05T17:53:35","date_gmt":"2014-11-05T16:53:35","guid":{"rendered":"http:\/\/lausitzer-museenland.de\/?page_id=221"},"modified":"2022-05-31T07:43:01","modified_gmt":"2022-05-31T05:43:01","slug":"kirchliches-informations-und-begegnungszentrum-horno","status":"publish","type":"page","link":"https:\/\/www.lausitzer-museenland.de\/dsb\/museen\/kirchliches-informations-und-begegnungszentrum-horno\/","title":{"rendered":"Kirchliches Informations- und Begegnungszentrum Horno \/ Cerkwiny informaciski a zmaka\u0144ski centrum Rogow"},"content":{"rendered":"<p><a href=\"#austellung_horno\">Ausstellungen<\/a>\u00a0| <a href=\"#kinderangebot_horno\">Oferty dla dzieci<\/a><br \/>\n<img loading=\"lazy\" class=\"enigma_img_responsive alignnone wp-image-1268\" src=\"https:\/\/www.lausitzer-museenland.de\/wp-content\/uploads\/2014\/11\/122.jpg\" alt=\"1\" width=\"800\" height=\"398\" srcset=\"https:\/\/www.lausitzer-museenland.de\/wp-content\/uploads\/2014\/11\/122.jpg 402w, https:\/\/www.lausitzer-museenland.de\/wp-content\/uploads\/2014\/11\/122-300x149.jpg 300w, https:\/\/www.lausitzer-museenland.de\/wp-content\/uploads\/2014\/11\/122-100x49.jpg 100w, https:\/\/www.lausitzer-museenland.de\/wp-content\/uploads\/2014\/11\/122-150x74.jpg 150w, https:\/\/www.lausitzer-museenland.de\/wp-content\/uploads\/2014\/11\/122-200x99.jpg 200w\" sizes=\"(max-width: 800px) 100vw, 800px\" \/><\/p>\n<\/p>\n<p>Zmaka\u0144ski centrum jo dosta\u0142 na m\u011bstnje p\u015besedlenja Bar\u0161\u0107-Wulow sw\u00f3j domicil w nowo abo zasej natwarjonej cerkwi w nowem m\u011bs\u0107a\u0144skem \u017a\u011blu Rogow. Jo se na 14.10. 2006 w\u00f3tw\u00f3ri\u0142. W cerkwinych rumnos\u0107ach na g\u00f3rnem nastwa\u0155ku jo se wustaje\u0144ca zam\u011bstni\u0142a. Nosy m\u011b: \u201cZgubjona domownja. G\u00f3rnistwo a sw\u00f3je wustatkowanja na cerkwje a w\u00f3sady G\u00f3rneje a Dolneje \u0141u\u017eycy\u201d<\/p>\n<p>Prezentacija dajo p\u00f3gl\u011bd do t\u0161ojenjow dla g\u00f3rnistwa w Dolnej a G\u00f3rnej \u0141u\u017eycy mjazy 1924 \u2013 zachopje\u0144k pr\u011bdnego wob\u0161yrnego p\u015besedlenja jsy \u2013 a \u017ainsa z gl\u011bdani\u0161\u0107a zgubjonych cerkwjow a jich w\u00f3sadow. W pjerwjej\u0161nych l\u011bt\u017aasetkach ta p\u015biduca krajina njejo stoja\u0142a p\u015bi wudobywanju brunice w fokusu, jano wudobywa\u0144ske t\u0161ochy su p\u0142a\u015beli, na p\u0161a\u0161anja wobsw\u011bta njejo se gl\u011bda\u0142o. P\u015bisud wobydlarjow abo w\u00f3sadow jo se pregowa\u0142 w\u00f3t g\u00f3spoda\u0155skich nuznos\u0107ow a njedosegajucych w\u00f3tnamakanjow. Tema se nagl\u011bdnje p\u015bedstajijo z 27 modelami w\u00f3tbagrowanych cerkwjow, 4 filmowymi stacijami z krotkofilmami w\u00f3 w\u00f3sadach, w k\u00f3tarych\u017e p\u00f3trjefjone sl\u011bzyny a p\u015bisudy wulicuju (temy: Historiske, sl\u011bdne nam\u0161e, p\u015be\u0142o\u017eenja do nowych rowow, w\u00f3sta\u015be cerkwinego wobsej\u017ae\u0144stwa, wa\u0161nja p\u015besedlenja, twa\u0155ske narownanje zniconych cerkwjow, p\u015besaj\u017aenja cerkwjow, wum\u00f3\u017eone jsy, wobgrozone jsy), 18 geografiskimi k\u00f3rtami w\u00f3t stron, k\u00f3tare\u017e \u017ainsa w\u011bcej njeeksist\u011bruju a z originalnymi eksponatami zniconych cerkwjow.<\/p>\n<p>\n<h3>-<\/h3>\n<p>Das Begegnungszentrum fand am Umsiedlungsstandort Forst-Eulo sein Domizil in der neu bzw. wiedererrichteten Kirche im neuen Ortsteil Horno. Es wurde am 14.10.2006 er\u00f6ffnet. In den Kirchenr\u00e4umen im Obergescho\u00df ist die Ausstellung untergebracht. Sie tr\u00e4gt den Namen: &#8222;Verlorene Heimat. Der Bergbau und seine Auswirkungen auf Kirchen und Kirchengemeinden der Ober- und Niederlausitz &#8222;.<\/p>\n<h3>-<\/h3>\n<p>Die Pr\u00e4sentation gibt Einblick in das bergbaubedingte Siedlungsgeschehen in der Nieder- und Oberlausitz zwischen 1924 &#8211; dem Beginn der ersten umfassenden Ortsumlagerung &#8211; und heute aus dem Blickwinkel der verschwundenen Kirchen und ihrer Gemeinden. In fr\u00fcheren Jahrzehnten hatte man beim Abbau der Kohle nicht die k\u00fcnftige Landschaft im Blick, F\u00f6rdermengen z\u00e4hlten und Umweltfragen wurden kaum ber\u00fccksichtigt. Das Schicksal der Bewohner bzw. der Kirchengemeinden war von wirtschaftlichen Zw\u00e4ngen und unzureichenden Entsch\u00e4digungen gepr\u00e4gt.\u00a0 Das Thema wird veranschaulicht mit 27 Modellen abgebaggerter Kirchen, 4 Filmstationen mit Kurzfilmen zu den Gemeinden, in denen Betroffene Hintergr\u00fcnde und Schicksale schildern (Themen: Historisches, letzte Gottesdienste, Umbettungen, Verbleib von Kirchengut, Umsiedlungspraxis, Kirchenersatzbau, Kirchenumsetzungen, gerettete Gemeinden, bedrohte Orte), 18 Landkarten von Gebieten, die heute nicht mehr existieren sowie mit Originalexponaten von zerst\u00f6rten Kirchen.<\/p>\n<h3>Sonderausstellungen\/ Begleitangebote<a id=\"austellung_horno\"><\/a><\/h3>\n<ul>\n<li>2 Recherchestationen erm\u00f6glichen die detailreiche Besch\u00e4ftigung mit den Begleitumst\u00e4nden der Umsiedlungen anhand von Dokumenten, Fotos, Chroniken und Filmen, die in Archiven gesammelt oder von Zeitzeugen zur Verf\u00fcgung gestellt wurden.<\/li>\n<li>40 Schubladen bergen Pl\u00e4ne und Fotomaterial zu den Kirchen und dem\u00a0 Kirchengut<\/li>\n<li>20 Lesestationen mit Bildmaterial und Dokumenten zu den Kirchen und historischen Funden<\/li>\n<\/ul>\n<h3>Angebote f\u00fcr Kinder &#8211; Mit Kobi ins Museum<a id=\"kinderangebot_horno\"><\/a><\/h3>\n<p align=\"left\">Kobi \u2013 der kleine Hausgeist \u2013 ist im Museum zu Hause.\u00a0Dort wohnt er im Pantoffel unterm Ofen. Um Mitternacht belauscht er die alten Museumsst\u00fccke, wenn sie von fr\u00fcher erz\u00e4hlen.Diese spannenden Geschichten plaudert er an die Museumsmitarbeiter aus, und diese erz\u00e4hlen sie den Kindern weiter \u2013 Begebenheiten aus alter, alter Zeit.<\/p>\n<p>Kobiangebote:<\/p>\n<h5>&#8222;Verlorene Heimat &#8220; im Dachstuhl der Kirche &#8211; Erinnerungen an zerst\u00f6rte Kirchen<\/h5>\n<div data-post-id='verlorene-heimat-im-dachstuhl-der-kirche' class='insert-page insert-page-verlorene-heimat-im-dachstuhl-der-kirche'>\t\t\t\t\t<p>In fr\u00fcheren Jahrzehnten hatte man beim Abbau der Kohle nicht die k\u00fcnftige Landschaft im Blick. F\u00f6rdermengen z\u00e4hlten und Umweltfragen wurden kaum ber\u00fccksichtigt. Das Schicksal der Bewohner bzw. der Kirchengemeinden war von wirtschaftlichen Zw\u00e4ngen und unzureichenden Entsch\u00e4digungen gepr\u00e4gt. Das Thema wird veranschaulicht mit 27 Modellen abgebaggerter Kirchen, 4 Filmstationen mit Kurzfilmen zu den Gemeinden, in denen Betroffene Hintergr\u00fcnde und Schicksale schildern , 18 Landkarten von Gebieten, die heute nicht mehr existieren, sowie mit Originalexponaten von zerst\u00f6rten Kirchen. Historisches, letzte Gottesdienste, Umbettungen, Verbleib von Kirchengut, Umsiedlungspraxis, Kirchenersatzbau, Kirchenumsetzungen, gerettete Gemeinden, bedrohte Orte sind f\u00fcr die Nachwelt dokumentiert.<\/p>\n<p>Das Angebot findet indoor und outdoor statt und richtet sich an<br \/>\nSch\u00fcler der Klassen 6 bis 12.<br \/>\nTermine: nach Absprache<br \/>\nVoranmeldung: sp\u00e4testens 2 Wochen vorher<br \/>\nEintritt frei\/ Spenden sind willkommen<\/p>\n<p><a title=\"Kirchliches Informations- und Begegnungszentrum Horno \/ Cerkwiny informaciski a zmaka\u0144ski centrum\" href=\"\/museen\/kirchliches-informations-und-begegnungszentrum-horno\/\">Kirchliches Informations- und Begegnungszentrum Horno<\/a><\/p>\n\t\t\t\t\t<\/div>\n<h3><\/h3>\n<p>&nbsp;<\/p>","protected":false},"excerpt":{"rendered":"<p>Ausstellungen\u00a0| Angebote f\u00fcr Kinder Geb\u00e4ude- \/ Grundst\u00fcckssituation Das Begegnungszentrum fand am Umsiedlungsstandort Forst-Eulo sein Domizil in der neu bzw. wiedererrichteten Kirche im neuen Ortsteil Horno. Es wurde am 14.10.2006 er\u00f6ffnet. In den Kirchenr\u00e4umen im Obergescho\u00df ist die Ausstellung untergebracht. Sie tr\u00e4gt den Namen: &#8222;Verlorene Heimat. Der Bergbau und seine Auswirkungen auf Kirchen und Kirchengemeinden der<\/p>","protected":false},"author":13,"featured_media":0,"parent":113,"menu_order":0,"comment_status":"closed","ping_status":"closed","template":"","meta":[],"_links":{"self":[{"href":"https:\/\/www.lausitzer-museenland.de\/dsb\/wp-json\/wp\/v2\/pages\/221"}],"collection":[{"href":"https:\/\/www.lausitzer-museenland.de\/dsb\/wp-json\/wp\/v2\/pages"}],"about":[{"href":"https:\/\/www.lausitzer-museenland.de\/dsb\/wp-json\/wp\/v2\/types\/page"}],"author":[{"embeddable":true,"href":"https:\/\/www.lausitzer-museenland.de\/dsb\/wp-json\/wp\/v2\/users\/13"}],"replies":[{"embeddable":true,"href":"https:\/\/www.lausitzer-museenland.de\/dsb\/wp-json\/wp\/v2\/comments?post=221"}],"version-history":[{"count":13,"href":"https:\/\/www.lausitzer-museenland.de\/dsb\/wp-json\/wp\/v2\/pages\/221\/revisions"}],"predecessor-version":[{"id":53930,"href":"https:\/\/www.lausitzer-museenland.de\/dsb\/wp-json\/wp\/v2\/pages\/221\/revisions\/53930"}],"up":[{"embeddable":true,"href":"https:\/\/www.lausitzer-museenland.de\/dsb\/wp-json\/wp\/v2\/pages\/113"}],"wp:attachment":[{"href":"https:\/\/www.lausitzer-museenland.de\/dsb\/wp-json\/wp\/v2\/media?parent=221"}],"curies":[{"name":"wp","href":"https:\/\/api.w.org\/{rel}","templated":true}]}}